{"id":240,"date":"2024-04-29T10:20:20","date_gmt":"2024-04-29T08:20:20","guid":{"rendered":"https:\/\/www.hsu-hh.de\/studiengaenge\/?page_id=240"},"modified":"2024-12-09T10:57:51","modified_gmt":"2024-12-09T09:57:51","slug":"psychologie","status":"publish","type":"page","link":"https:\/\/www.hsu-hh.de\/studium\/psychologie\/","title":{"rendered":"Psychologie (B.Sc.\/M.Sc.)"},"content":{"rendered":"\n<p><strong>Fakult\u00e4t:<\/strong> Geistes- und Sozialwissenschaften<\/p>\n\n\n\n<p><strong>Abschl\u00fcsse:<\/strong>&nbsp;Bachelor of Science \/ Master of Science<\/p>\n\n\n\n<p><strong>Studiendauer:<\/strong> 7 Trimester f\u00fcr Bachelor + 5 Trimester f\u00fcr Master<\/p>\n\n\n\n<p><strong>Studienvoraussetzungen:<\/strong><\/p>\n\n\n\n<ol class=\"wp-block-list\">\n<li>die Allgemeine Hochschulreife (Abitur),<\/li>\n\n\n\n<li>die bestandene Of\ufb01zierpr\u00fcfung,<\/li>\n\n\n\n<li>die Verp\ufb02ichtung als Soldat\/Soldatin auf Zeit f\u00fcr 13 Jahre in der Laufbahn der Of\ufb01ziere des Truppendienstes.<\/li>\n<\/ol>\n\n\n\n<p><strong>Studiensprache:<\/strong>&nbsp;Deutsch<br><strong>Studienbeginn:<\/strong>&nbsp;Anfang Oktober<\/p>\n\n\n\n<h2 class=\"wp-block-heading\">Beschreibung<\/h2>\n\n\n\n<p>Die Psychologie als empirische Wissenschaft erforscht menschliches Erleben und Verhalten, mit dem Ziel, dieses systematisch und umfassend zu beschreiben, zu erkl\u00e4ren und vorherzusagen. Studierende der Psychologie durchlaufen einen modular aufgebauten Bachelor-Studiengang sowie einen darauf aufbauenden konsekutiven Master-Studiengang. Beide Studieng\u00e4nge sind als Intensivstudieng\u00e4nge angelegt, die nach maximal drei Jahren mit einem \u201eBachelor of Science\u201c <abbr title=\"beziehungsweise\">bzw.<\/abbr> nach vier Jahren mit einem \u201eMaster of Science\u201c abgeschlossen werden. Der Aufbau der Studieng\u00e4nge orientiert sich an den Empfehlungen der Deutschen Gesellschaft f\u00fcr Psychologie und bietet neben einer breiten inhaltlichen und methodischen Grundlagenausbildung im Fach Psychologie auch M\u00f6glichkeiten f\u00fcr inhaltliche und methodische Vertiefungen und Schwerpunktsetzungen. Im Bachelorstudiengang kann die Grundlage f\u00fcr die Approbation als Psychotherapeut*in gelegt werden.<\/p>\n\n\n\n<h2 class=\"wp-block-heading\">Studienaufbau<\/h2>\n\n\n\n<p>Der Bachelorstudiengang setzt sich aus insgesamt 24 Modulen im Fach Psychologie zusammen. Hierzu z\u00e4hlen einf\u00fchrende und vertiefende Vorlesungen, Seminare und \u00dcbungen aus den Bereichen Allgemeine Psychologie, Arbeits\u2011, Organisations- und Wirtschaftspsychologie, Biologische Psychologie und Kognitive Neurowissenschaften, Differentielle Psychologie und Pers\u00f6nlichkeitspsychologie, Entwicklungspsychologie, Klinische Psychologie und Psychotherapie, P\u00e4dagogische Psychologie, Sozialpsychologie, Psychologische Diagnostik, Statistik und allgemeine und spezielle Methodenlehre.<\/p>\n\n\n\n<p>Zus\u00e4tzlich sind drei Module aus dem Bereich Interdisziplin\u00e4rer Studienanteile, ein Modul eines selbst gew\u00e4hlten Nebenfachs sowie ein mehrw\u00f6chiges Praktikum oder zwei mehrw\u00f6chige Praktika und eine erg\u00e4nzende Sprachausbildung zu absolvieren. Am Ende des Bachelorstudiums wird eine Bachelor-Abschlussarbeit zu einem wissenschaftlichen Thema der Psychologie angefertigt.<\/p>\n\n\n\n<p>Der Master-Studiengang setzt sich aus 14 Modulen im Fach Psychologie zusammen. Hierzu z\u00e4hlen Vorlesungen und fortgeschrittene Seminare zu methodischen Themen wie Individual- und Organisationsdiagnostik, Testen und Evaluation, Multivariate Verfahren sowie verschiedene schwerpunktbegleitende forschungsunterst\u00fctzende Seminare. Als zentraler Bestandteil des Master-Studiengangs w\u00e4hlen die Studierenden zwei von drei m\u00f6glichen berufsfeldorientierten Schwerpunktf\u00e4chern 1.) Leadership and Human Factors, 2.) Beratung und Intervention oder 3.) Urteilen und Entscheiden, die sich jeweils aus drei aufeinander aufbauenden Modulen zusammensetzen.<\/p>\n\n\n\n<h2 class=\"wp-block-heading\">Bewerbung<\/h2>\n\n\n\n<p>Bewerbungsunterlagen erhalten Sie bei dem f\u00fcr Ihren Wohnort zust\u00e4ndigen Karriereberatungsb\u00fcro. Als Soldatin oder Soldat tragen Sie gro\u00dfe Verantwortung. Darum steht zu Beginn des Bewerbungsprozesses ein ausf\u00fchrliches Beratungsgespr\u00e4ch. Kontaktdaten der Karrriereberater finden Sie im Internet unter <a href=\"http:\/\/www.bundeswehrkarriere.de\" target=\"_blank\" rel=\"noreferrer noopener\">www.bundeswehrkarriere.de<\/a>. Kostenlose Telefonhotline: 0800 9800880.<\/p>\n\n\n\n<h2 class=\"wp-block-heading\">Studienberatung\/Kontakt<\/h2>\n\n\n\n<p>Die Studienberatung wird unter der Verantwortung der Fakult\u00e4ten von den Mitgliedern des akademischen Bereichs durchgef\u00fchrt.<\/p>\n\n\n\n<p><strong>Studiendekan Psychologie<\/strong><br><abbr title=\"Universit\u00e4tsprofessor\">Univ.-Prof.<\/abbr> <abbr title=\"Doktor\">Dr.<\/abbr> Philipp Y. Herzberg<br>Telefon: 040 6541\u20132845<br>E-Mail: <a href=\"mailto:herzberg@hsu-hh.de\" rel='nofollow'>herzberg@hsu-hh.de<\/a><\/p>\n\n\n\n<p>Studierende, die im Rahmen des BFD ein Studium an der <abbr title=\"Helmut Schmidt Universit\u00e4t\">HSU<\/abbr>\/UniBw H aufnehmen m\u00f6chten, wenden sich bitte an das <strong>Hochschulmarketing<\/strong> unter Telefon: 040 6541\u20133855 oder per E-Mail an: <a href=\"mailto:hsm@hsu-hh.de\" rel='nofollow'>hsm@hsu-hh.de<\/a><\/p>\n\n\n\n<hr class=\"wp-block-separator has-alpha-channel-opacity\" \/>\n\n\n\n<div class=\"wp-block-hsu-downloadblock\"><div class=\"thumbnail-area\"><img decoding=\"async\" src=\"\/wp-content\/themes\/hsu\/img\/dummy\/downloads_dummy.png\" alt=\"Download Symbol-Icon\" \/><\/div><div class=\"text-area\"><strong>Studiengangsinformationen Psychologie (B.Sc\/<abbr title=\"Master of Science\">M.Sc.<\/abbr>)<\/strong><\/div><div class=\"download-area\"><a class=\"download-link\" href=\"https:\/\/www.hsu-hh.de\/studium\/wp-content\/uploads\/sites\/923\/2024\/05\/Psychologie_Bachelor-u-Master_Stand-202207.pdf\"><span class=\"download-name\">pdf laden<\/span><span class=\"download-icon\"><img decoding=\"async\" class=\"download-icon\" alt=\"download icon\" src=\"\/wp-content\/themes\/hsu\/img\/icons\/download_icon.png\" \/><\/span><span class=\"download-size\">108 kB<\/span><\/a><\/div><\/div>\n","protected":false},"excerpt":{"rendered":"<p>Fakult\u00e4t: Geistes- und Sozialwissenschaften Abschl\u00fcsse:&nbsp;Bachelor of Science \/ Master of Science Studiendauer: 7 Trimester f\u00fcr Bachelor + 5 Trimester f\u00fcr Master Studienvoraussetzungen: Studiensprache:&nbsp;DeutschStudienbeginn:&nbsp;Anfang Oktober Beschreibung Die Psychologie als empirische Wissenschaft [&hellip;]<\/p>\n","protected":false},"author":3885,"featured_media":0,"parent":0,"menu_order":0,"comment_status":"closed","ping_status":"closed","template":"","meta":{"footnotes":""},"categories":[4],"tags":[],"class_list":["post-240","page","type-page","status-publish","hentry","category-forschung"],"_links":{"self":[{"href":"https:\/\/www.hsu-hh.de\/studium\/wp-json\/wp\/v2\/pages\/240","targetHints":{"allow":["GET"]}}],"collection":[{"href":"https:\/\/www.hsu-hh.de\/studium\/wp-json\/wp\/v2\/pages"}],"about":[{"href":"https:\/\/www.hsu-hh.de\/studium\/wp-json\/wp\/v2\/types\/page"}],"author":[{"embeddable":true,"href":"https:\/\/www.hsu-hh.de\/studium\/wp-json\/wp\/v2\/users\/3885"}],"replies":[{"embeddable":true,"href":"https:\/\/www.hsu-hh.de\/studium\/wp-json\/wp\/v2\/comments?post=240"}],"version-history":[{"count":9,"href":"https:\/\/www.hsu-hh.de\/studium\/wp-json\/wp\/v2\/pages\/240\/revisions"}],"predecessor-version":[{"id":750,"href":"https:\/\/www.hsu-hh.de\/studium\/wp-json\/wp\/v2\/pages\/240\/revisions\/750"}],"wp:attachment":[{"href":"https:\/\/www.hsu-hh.de\/studium\/wp-json\/wp\/v2\/media?parent=240"}],"wp:term":[{"taxonomy":"category","embeddable":true,"href":"https:\/\/www.hsu-hh.de\/studium\/wp-json\/wp\/v2\/categories?post=240"},{"taxonomy":"post_tag","embeddable":true,"href":"https:\/\/www.hsu-hh.de\/studium\/wp-json\/wp\/v2\/tags?post=240"}],"curies":[{"name":"wp","href":"https:\/\/api.w.org\/{rel}","templated":true}]}}