{"id":238,"date":"2026-04-15T07:45:48","date_gmt":"2026-04-15T05:45:48","guid":{"rendered":"https:\/\/www.hsu-hh.de\/studiengaenge\/?page_id=238"},"modified":"2026-04-15T07:45:49","modified_gmt":"2026-04-15T05:45:49","slug":"politikwissenschaft_ba","status":"publish","type":"page","link":"https:\/\/www.hsu-hh.de\/studium\/politikwissenschaft_ba\/","title":{"rendered":"Politikwissenschaft (B.A.)"},"content":{"rendered":"\n<p><strong>Fakult\u00e4t:<\/strong> Wirtschafts- und Sozialwissenschaften<br><strong>Abschl\u00fcsse:<\/strong>&nbsp;Bachelor of Arts<br><strong>Studiendauer:<\/strong> 7 Trimester<br><strong>Studienvoraussetzungen:<\/strong><\/p>\n\n\n\n<ol class=\"wp-block-list\">\n<li>die Allgemeine Hochschulreife (Abitur),<\/li>\n\n\n\n<li>die bestandene Of\ufb01zierpr\u00fcfung,<\/li>\n\n\n\n<li>die Verp\ufb02ichtung als Soldat\/Soldatin auf Zeit f\u00fcr 13 Jahre in der Laufbahn der Of\ufb01ziere des Truppendienstes.<\/li>\n<\/ol>\n\n\n\n<p><strong>Studiensprache:<\/strong>&nbsp;Deutsch<br><strong>Studienbeginn:<\/strong>&nbsp;Anfang Oktober<\/p>\n\n\n\n<h2 class=\"wp-block-heading\">Beschreibung<\/h2>\n\n\n\n<p>Das Studium der Politikwissenschaft an der <abbr title=\"Helmut Schmidt Universit\u00e4t\">HSU<\/abbr> vermittelt systematische Kenntnisse \u00fcber die normativen Grundlagen des politischen Denkens sowie die empirischen Strukturen, Prozesse und Inhalte \u00f6ffentlichen Handelns auf unterschiedlichen Ebenen und in unterschiedlichen Bereichen. Im Rahmen des Bachelorstudiums sollen die Studierenden die grundlegende F\u00e4higkeit erlangen, den politischen Kern innergesellschaftlicher und internationaler Prozesse, Probleme und Konflikte zu erkennen und \u2013 sowohl theoriegeleitet als auch methodisch fundiert \u2013 zu analysieren.<\/p>\n\n\n\n<p>Sie sollen zudem die F\u00e4higkeit entwickeln, ein wissenschaftlich angeleitetes und realit\u00e4tsbezogenes, praxisad\u00e4quates eigenes Urteil zu bilden und dies unter Abw\u00e4gung m\u00f6glicher Optionen zu begr\u00fcnden. Das Studium soll die Absolventinnen und Absolventen in die Lage versetzen, die wachsenden Anforderungen der beruflichen Praxis eines Offiziers der Bundeswehr zu reflektieren und mit fundiertem Urteilsverm\u00f6gen zu bew\u00e4ltigen. Gerade die Tendenz zu internationalen Eins\u00e4tzen in politisch, gesellschaftlich und kulturell verschiedenen L\u00e4ndern, aber auch die im europ\u00e4ischen Raum sich verdichtende sicherheitspolitische Kooperation und Vernetzung verlangt umfassendes Wissen \u00fcber systemspezifische politische Zusammenh\u00e4nge und Kontexte, die im Rahmen der Master-Studieng\u00e4nge \u201eVergleichende Demokratieforschung\u201c und \u201eInternationale Beziehungen\u201c vermittelt werden. Neben diesen Kenntnissen \u2013 soll im Laufe des Studiums auch die F\u00e4higkeit erworben werden, die fachspezifischen Kenntnisse und F\u00e4higkeiten bei der Beratung und Information nichtfachlicher Zielgruppen und Organisationen anzuwenden. Durch Kenntnisse der Herangehensweisen der Rechtswissenschaft, Soziologie und Verwaltungswissenschaft sollen die Studierenden schlie\u00dflich in die Lage versetzt werden, die Denkweise der Handelnden in Verwaltungen, Unternehmen und Non-Profit-Organisationen zu verstehen und dort erfolgreich zu kommunizieren.<\/p>\n\n\n\n<h2 class=\"wp-block-heading\">Studienaufbau<\/h2>\n\n\n\n<p>Der Bachelorstudiengang Politikwissenschaft dauert in der Regel sieben Trimester und besteht aus Pflichtmodulen und Wahlpflichtmodulen. In einem Abschlussmodul wird die Bachelor-Arbeit verfasst. In den Modulen des Basisstudiums werden die Grundlagen f\u00fcr die Aufbaumodule des zweiten Studienabschnitts des BA-Studiums vermittelt. Die Module bauen aufeinander auf und sind zeitlich synchronisiert.<\/p>\n\n\n\n<p>Studierende, die noch nicht alle Leistungen erbracht haben, k\u00f6nnen vorl\u00e4ufig in das Master-Studium aufgenommen werden. Studierende, die bis zum Ende des achten Studientrimester 180 Leistungspunkte mit der Note 3,0 erworben haben, k\u00f6nnen das Master-Studium fortsetzen.<br>Studierende, die diese Bedingungen nicht erf\u00fcllen, k\u00f6nnen die fehlenden Leistungspunkte im neunten Trimester erwerben, um ihr Bachelor-Studium erfolgreich abzuschlie\u00dfen.<\/p>\n\n\n\n<h2 class=\"wp-block-heading\">Bewerbung<\/h2>\n\n\n\n<p>Bewerbungsunterlagen erhalten Sie bei dem f\u00fcr Ihren Wohnort zust\u00e4ndigen Karriereberatungsb\u00fcro. Als Soldatin oder Soldat tragen Sie gro\u00dfe Verantwortung. Darum steht zu Beginn des Bewerbungsprozesses ein ausf\u00fchrliches Beratungsgespr\u00e4ch. Kontaktdaten der Karrriereberater finden Sie im Internet unter <a href=\"http:\/\/www.bundeswehrkarriere.de\" target=\"_blank\" rel=\"noreferrer noopener\">www.bundeswehrkarriere.de<\/a>. Kostenlose Telefonhotline: 0800 9800880.<\/p>\n\n\n\n<h2 class=\"wp-block-heading\">Studienberatung\/Kontakt<\/h2>\n\n\n\n<p>Die Studienberatung wird unter der Verantwortung der Fakult\u00e4ten von den Mitgliedern des akademischen&nbsp;Bereichs durchgef\u00fchrt.<\/p>\n\n\n\n<p><strong>Studiendekan<\/strong><br><abbr title=\"Professor\">Prof.<\/abbr> <abbr title=\"Doktor\">Dr.<\/abbr> Matthew D. Stephen<br>Telefon: 040 6541-3399<br>E-Mail: <a href=\"mailto:studiendekanatpol@hsu-hh.de\" rel='nofollow'>studiendekanatpol@hsu-hh.de<\/a><\/p>\n\n\n\n<p>Studierende, die im Rahmen des BFD ein Studium an der <abbr title=\"Helmut Schmidt Universit\u00e4t\">HSU<\/abbr>\/UniBw H aufnehmen m\u00f6chten, wenden sich bitte an das <strong>Hochschulmarketing<\/strong> unter Telefon: 040 6541\u20133855 oder per E-Mail an: <a href=\"mailto:hsm@hsu-hh.de\" rel='nofollow'>hsm@hsu-hh.de<\/a><\/p>\n\n\n\n<hr class=\"wp-block-separator has-alpha-channel-opacity\" \/>\n\n\n\n<div class=\"wp-block-hsu-downloadblock\"><div class=\"thumbnail-area\"><img decoding=\"async\" src=\"\/wp-content\/themes\/hsu\/img\/dummy\/downloads_dummy.png\" alt=\"Download Symbol-Icon\" \/><\/div><div class=\"text-area\"><strong>Studiengangsinformationen Politikwissenschaft (B.A.), Internationale Beziehungen (M.A.), Vergleichende Demokratieforschung (M.A.)<\/strong><\/div><div class=\"download-area\"><a class=\"download-link\" href=\"https:\/\/www.hsu-hh.de\/studium\/wp-content\/uploads\/sites\/923\/2024\/05\/Powi_Bachelor-u-Masterstudiengaenge_Stand-202302.pdf\"><span class=\"download-name\">pdf laden<\/span><span class=\"download-icon\"><img decoding=\"async\" class=\"download-icon\" alt=\"download icon\" src=\"\/wp-content\/themes\/hsu\/img\/icons\/download_icon.png\" \/><\/span><span class=\"download-size\">2 MB<\/span><\/a><\/div><\/div>\n\n\n\n<div class=\"wp-block-hsu-downloadblock\"><div class=\"thumbnail-area\"><img decoding=\"async\" src=\"\/wp-content\/themes\/hsu\/img\/dummy\/downloads_dummy.png\" alt=\"Download Symbol-Icon\" \/><\/div><div class=\"text-area\"><strong>Leitlinien zu den politikwissenschaftlichen Studieng\u00e4ngen (Stand: Mai 2021)<\/strong><\/div><div class=\"download-area\"><a class=\"download-link\" href=\"https:\/\/www.hsu-hh.de\/studium\/wp-content\/uploads\/sites\/923\/2024\/04\/Leitlinien_Studium_Politikwissenschaft.pdf\"><span class=\"download-name\">pdf laden<\/span><span class=\"download-icon\"><img decoding=\"async\" class=\"download-icon\" alt=\"download icon\" src=\"\/wp-content\/themes\/hsu\/img\/icons\/download_icon.png\" \/><\/span><span class=\"download-size\">173 kB<\/span><\/a><\/div><\/div>\n","protected":false},"excerpt":{"rendered":"<p>Fakult\u00e4t: Wirtschafts- und SozialwissenschaftenAbschl\u00fcsse:&nbsp;Bachelor of ArtsStudiendauer: 7 TrimesterStudienvoraussetzungen: Studiensprache:&nbsp;DeutschStudienbeginn:&nbsp;Anfang Oktober Beschreibung Das Studium der Politikwissenschaft an der HSU vermittelt systematische Kenntnisse \u00fcber die normativen Grundlagen des politischen Denkens sowie die [&hellip;]<\/p>\n","protected":false},"author":3885,"featured_media":0,"parent":0,"menu_order":0,"comment_status":"closed","ping_status":"closed","template":"","meta":{"footnotes":""},"categories":[4],"tags":[],"class_list":["post-238","page","type-page","status-publish","hentry","category-forschung"],"_links":{"self":[{"href":"https:\/\/www.hsu-hh.de\/studium\/wp-json\/wp\/v2\/pages\/238","targetHints":{"allow":["GET"]}}],"collection":[{"href":"https:\/\/www.hsu-hh.de\/studium\/wp-json\/wp\/v2\/pages"}],"about":[{"href":"https:\/\/www.hsu-hh.de\/studium\/wp-json\/wp\/v2\/types\/page"}],"author":[{"embeddable":true,"href":"https:\/\/www.hsu-hh.de\/studium\/wp-json\/wp\/v2\/users\/3885"}],"replies":[{"embeddable":true,"href":"https:\/\/www.hsu-hh.de\/studium\/wp-json\/wp\/v2\/comments?post=238"}],"version-history":[{"count":6,"href":"https:\/\/www.hsu-hh.de\/studium\/wp-json\/wp\/v2\/pages\/238\/revisions"}],"predecessor-version":[{"id":956,"href":"https:\/\/www.hsu-hh.de\/studium\/wp-json\/wp\/v2\/pages\/238\/revisions\/956"}],"wp:attachment":[{"href":"https:\/\/www.hsu-hh.de\/studium\/wp-json\/wp\/v2\/media?parent=238"}],"wp:term":[{"taxonomy":"category","embeddable":true,"href":"https:\/\/www.hsu-hh.de\/studium\/wp-json\/wp\/v2\/categories?post=238"},{"taxonomy":"post_tag","embeddable":true,"href":"https:\/\/www.hsu-hh.de\/studium\/wp-json\/wp\/v2\/tags?post=238"}],"curies":[{"name":"wp","href":"https:\/\/api.w.org\/{rel}","templated":true}]}}