{"id":236,"date":"2024-04-29T10:18:22","date_gmt":"2024-04-29T08:18:22","guid":{"rendered":"https:\/\/www.hsu-hh.de\/studiengaenge\/?page_id=236"},"modified":"2024-12-09T10:55:08","modified_gmt":"2024-12-09T09:55:08","slug":"maschinenbau_bsc","status":"publish","type":"page","link":"https:\/\/www.hsu-hh.de\/studium\/maschinenbau_bsc\/","title":{"rendered":"Maschinenbau (B.Sc.)"},"content":{"rendered":"\n<p><strong>Fakult\u00e4t:<\/strong> Maschinenbau und Bauingenieurwesen<br><strong>Abschl\u00fcsse:<\/strong>&nbsp;Bachelor of Science<br><strong>Studiendauer:<\/strong>&nbsp;7 Trimester f\u00fcr Bachelor<br><strong>Studienvoraussetzungen:<\/strong><\/p>\n\n\n\n<ol class=\"wp-block-list\">\n<li>die Allgemeine Hochschulreife (Abitur),<\/li>\n\n\n\n<li>die bestandene Of\ufb01zierpr\u00fcfung,<\/li>\n\n\n\n<li>die Verp\ufb02ichtung als Soldat\/Soldatin auf Zeit f\u00fcr 13 Jahre in der Laufbahn der Of\ufb01ziere des Truppendienstes.<\/li>\n<\/ol>\n\n\n\n<p><strong>Studiensprache:<\/strong>&nbsp;Deutsch<br><strong>Studienbeginn:<\/strong>&nbsp;Anfang Oktober<\/p>\n\n\n\n<h2 class=\"wp-block-heading\">Beschreibung<\/h2>\n\n\n\n<p>Maschinenbauingenieure entwickeln, berechnen und experimentieren, konstruieren, planen, steuern und \u00fcberwachen Produktions- und Betriebsabl\u00e4ufe. Sie sorgen f\u00fcr Sicherheit und unterst\u00fctzen die Nutzer beim Einsatz der technischen Systeme. Kennzeichnend f\u00fcr die Denk- und Arbeitsweise von Ingenieuren ist die Umsetzung einer Idee, <abbr title=\"zum Beispiel\">z.B.<\/abbr> auf der Grundlage von Erfindungen, als zielorientierte Aufgabe oder als definiertes Problem. Danach folgt die Realisierung in Form technischer L\u00f6sungen. Der Begriff Maschinenbau umfasst seit Beginn der Industrialisierung vielf\u00e4ltige Branchen. Als Oberbegriff beinhaltet er Konstruktion, Fertigung und Betrieb von technischen Produkten als Maschinen und deren Komponenten sowie Anlagen zur Verarbeitung von Energien, Stoffen und Signalen (Informationen). St\u00e4rker eingegrenzt unterscheidet man zwischen Maschinen zur Energieverarbeitung als Hauptfunktion, Apparaten zur Stoffverarbeitung und Ger\u00e4ten zur Signalverarbeitung. Alle Produkte und Prozesse der Technik enthalten den Maschinen- und Anlagenbau als Basiskomponente.&nbsp;Dieser integriert die Hochtechnologien wie z. B. die Energietechnik, Werkstofftechnik, Fertigungstechnik (Produktionstechnik), Mikroelektronik und Mikrotechnik, die Informationstechnik und die Biotechnik zu leistungsf\u00e4higen Systemen. Das Studienfach Maschinenbau ist ein anspruchsvolles Studium, das von den Studierenden ein hohes Ma\u00df an Auffassungsgabe und Verst\u00e4ndnis f\u00fcr technische Abl\u00e4ufe abfordert. Das Studium umfasst alle oben beschriebenen Themengebiete und bereitet die Absolventen intensiv auf die zuk\u00fcnftigen Aufgaben vor. Nach Abschluss des Bachelor-Studiums stehen den Studierenden vier Master-Studieng\u00e4nge zur Fortsetzung des Studiums zur Auswahl.<\/p>\n\n\n\n<h2 class=\"wp-block-heading\">Studienaufbau<\/h2>\n\n\n\n<p>Der Bachelor-Studiengang Maschinenbau dauert in der Regel sieben Trimester und besteht aus Pflichtmodulen, Wahlpflichtmodulen und einer&nbsp;Abschlussarbeit. Studierende, die noch nicht alle Leistungen erbracht haben, k\u00f6nnen vorl\u00e4ufig in den Master-Studiengang aufgenommen werden. Studierende, die bis zum Ende des achten Studientrimester 180 Leistungspunkte mit mindestens der Note 3,0 erworben haben, k\u00f6nnen das Master-Studium fortsetzen. Studierende, die diese Bedingungen nicht erf\u00fcllen, k\u00f6nnen die fehlenden Leistungspunkte im neunten Trimester erwerben, um ihr Bachelorstudium erfolgreich zu beenden.<\/p>\n\n\n\n<p>Im ersten Abschnitt des Bachelorstudiums (1.bis 4. Trimester) werden mathematisch-naturwissenschaftliche Grundlagen gelegt <abbr title=\"beziehungsweise\">bzw.<\/abbr> vertieft. Dieser Abschnitt ist charakterisiert durch die F\u00e4cher Mathematik, Chemie, Elektrotechnik, Mechanik, Thermodynamik und Werkstoffkunde. Die Vermittlung von Kenntnissen der Physik ist in die vorgenannten F\u00e4cher integriert. Daneben werden mit der Einf\u00fchrung in die elektronische Datenverarbeitung und das technische Zeichnen (<abbr title=\"Computer-aided design\">CAD<\/abbr>) Voraussetzungen f\u00fcr ingenieurwissenschaftliche F\u00e4cher gelegt. Diese beginnen bereits im 3. Trimester mit dem Fach Maschinenelemente und insbesondere mit Beginn des 4. Trimesters mit den ingenieurwissenschaftlichen Kernf\u00e4chern wie Str\u00f6mungslehre, W\u00e4rme\u00fcbertragung, Maschinendynamik, Fertigungstechnik, Messtechnik und Automatisierungstechnik. Der wachsenden Bedeutung informationstechnisch basierter Methoden wird durch die F\u00e4cher Informatik, Numerik, Prozessdatenverarbeitung und CA-Methoden Rechnung getragen.<\/p>\n\n\n\n<h2 class=\"wp-block-heading\">Bewerbung<\/h2>\n\n\n\n<p>Bewerbungsunterlagen erhalten Sie bei dem f\u00fcr Ihren Wohnort zust\u00e4ndigen Karriereberatungsb\u00fcro. Als Soldatin oder Soldat tragen Sie gro\u00dfe Verantwortung. Darum steht zu Beginn des Bewerbungsprozesses ein ausf\u00fchrliches Beratungsgespr\u00e4ch. Kontaktdaten der Karrriereberater finden Sie im Internet unter <a href=\"http:\/\/www.bundeswehrkarriere.de\" target=\"_blank\" rel=\"noreferrer noopener\">www.bundeswehrkarriere.de<\/a>. Kostenlose Telefonhotline: 0800 9800880.<\/p>\n\n\n\n<h2 class=\"wp-block-heading\">Studienberatung\/Kontakt<\/h2>\n\n\n\n<p>Die Studienberatung wird unter der Verantwortung der Fakult\u00e4ten von den Mitgliedern des akademischen&nbsp;Bereichs durchgef\u00fchrt.<\/p>\n\n\n\n<p><strong>Studiendekan<\/strong><br><abbr title=\"Universit\u00e4tsprofessor\">Univ.-Prof.<\/abbr> <abbr title=\"Doktor\">Dr.<\/abbr>\u2013<abbr title=\"Ingenieur\">Ing.<\/abbr> Karsten Meier<br>Telefon: 040 6541\u20132735<br>E-Mail: <a href=\"mailto:meierk@hsu-hh.de\" rel='nofollow'>meierk@hsu-hh.de<\/a><\/p>\n\n\n\n<p>Studierende, die im Rahmen einer Kooperation mit einem Unternehmen, einer Beh\u00f6rde oder sonstiger institutioneller Partner an der <abbr title=\"Helmut Schmidt Universit\u00e4t\">HSU<\/abbr>\/UniBw H studieren m\u00f6chten, sowie Soldatinnen und Soldaten, die im Rahmen des BFD ein Studium an der <abbr title=\"Helmut Schmidt Universit\u00e4t\">HSU<\/abbr>\/UniBw H aufnehmen m\u00f6chten, wenden sich bitte an das <strong>Hochschulmarketing<\/strong> unter Telefon: 040 6541\u20133855 oder per E-Mail an: <a href=\"mailto:hsm@hsu-hh.de\" rel='nofollow'>hsm@hsu-hh.de<\/a><\/p>\n\n\n\n<hr class=\"wp-block-separator has-alpha-channel-opacity\" \/>\n\n\n\n<div class=\"wp-block-hsu-downloadblock\"><div class=\"thumbnail-area\"><img decoding=\"async\" src=\"\/wp-content\/themes\/hsu\/img\/dummy\/downloads_dummy.png\" alt=\"Download Symbol-Icon\" \/><\/div><div class=\"text-area\"><strong>Studiengangsinformationen Maschinenbau (B.Sc.) + Masterstudieng\u00e4nge<\/strong><\/div><div class=\"download-area\"><a class=\"download-link\" href=\"https:\/\/www.hsu-hh.de\/studium\/wp-content\/uploads\/sites\/923\/2024\/10\/Maschinenbau_Bachelor-u-alle-Master_Stand-202409.pdf\"><span class=\"download-name\">pdf laden<\/span><span class=\"download-icon\"><img decoding=\"async\" class=\"download-icon\" alt=\"download icon\" src=\"\/wp-content\/themes\/hsu\/img\/icons\/download_icon.png\" \/><\/span><span class=\"download-size\">143 kB<\/span><\/a><\/div><\/div>\n","protected":false},"excerpt":{"rendered":"<p>Fakult\u00e4t: Maschinenbau und BauingenieurwesenAbschl\u00fcsse:&nbsp;Bachelor of ScienceStudiendauer:&nbsp;7 Trimester f\u00fcr BachelorStudienvoraussetzungen: Studiensprache:&nbsp;DeutschStudienbeginn:&nbsp;Anfang Oktober Beschreibung Maschinenbauingenieure entwickeln, berechnen und experimentieren, konstruieren, planen, steuern und \u00fcberwachen Produktions- und Betriebsabl\u00e4ufe. Sie sorgen f\u00fcr Sicherheit und [&hellip;]<\/p>\n","protected":false},"author":3885,"featured_media":0,"parent":0,"menu_order":0,"comment_status":"closed","ping_status":"closed","template":"","meta":{"footnotes":""},"categories":[4],"tags":[],"class_list":["post-236","page","type-page","status-publish","hentry","category-forschung"],"_links":{"self":[{"href":"https:\/\/www.hsu-hh.de\/studium\/wp-json\/wp\/v2\/pages\/236","targetHints":{"allow":["GET"]}}],"collection":[{"href":"https:\/\/www.hsu-hh.de\/studium\/wp-json\/wp\/v2\/pages"}],"about":[{"href":"https:\/\/www.hsu-hh.de\/studium\/wp-json\/wp\/v2\/types\/page"}],"author":[{"embeddable":true,"href":"https:\/\/www.hsu-hh.de\/studium\/wp-json\/wp\/v2\/users\/3885"}],"replies":[{"embeddable":true,"href":"https:\/\/www.hsu-hh.de\/studium\/wp-json\/wp\/v2\/comments?post=236"}],"version-history":[{"count":6,"href":"https:\/\/www.hsu-hh.de\/studium\/wp-json\/wp\/v2\/pages\/236\/revisions"}],"predecessor-version":[{"id":746,"href":"https:\/\/www.hsu-hh.de\/studium\/wp-json\/wp\/v2\/pages\/236\/revisions\/746"}],"wp:attachment":[{"href":"https:\/\/www.hsu-hh.de\/studium\/wp-json\/wp\/v2\/media?parent=236"}],"wp:term":[{"taxonomy":"category","embeddable":true,"href":"https:\/\/www.hsu-hh.de\/studium\/wp-json\/wp\/v2\/categories?post=236"},{"taxonomy":"post_tag","embeddable":true,"href":"https:\/\/www.hsu-hh.de\/studium\/wp-json\/wp\/v2\/tags?post=236"}],"curies":[{"name":"wp","href":"https:\/\/api.w.org\/{rel}","templated":true}]}}