{"id":234,"date":"2024-04-29T10:17:04","date_gmt":"2024-04-29T08:17:04","guid":{"rendered":"https:\/\/www.hsu-hh.de\/studiengaenge\/?page_id=234"},"modified":"2026-01-29T13:36:26","modified_gmt":"2026-01-29T12:36:26","slug":"logistik","status":"publish","type":"page","link":"https:\/\/www.hsu-hh.de\/studium\/logistik\/","title":{"rendered":"Logistik (B.Sc.\/M.Sc.)"},"content":{"rendered":"\n<p><strong>Fakult\u00e4t<\/strong>: Wirtschafts- und Sozialwissenschaften<\/p>\n\n\n\n<p><strong>Abschl\u00fcsse<\/strong>: Bachelor of Science \/ Master of Science<\/p>\n\n\n\n<p><strong>Studiendauer<\/strong>:&nbsp;7 Trimester f\u00fcr Bachelor + 5 Trimester Master<\/p>\n\n\n\n<p><strong>Studienvoraussetzungen<\/strong>:<\/p>\n\n\n\n<ol class=\"wp-block-list\">\n<li>die Allgemeine Hochschulreife (Abitur),<\/li>\n\n\n\n<li>die bestandene Of\ufb01zierpr\u00fcfung,<\/li>\n\n\n\n<li>die Verp\ufb02ichtung als Soldat\/Soldatin auf Zeit f\u00fcr 13 Jahre in der Laufbahn der Of\ufb01ziere des Truppendienstes.<\/li>\n<\/ol>\n\n\n\n<p><strong>Studiensprache<\/strong>: Deutsch<\/p>\n\n\n\n<p><strong>Studienbeginn<\/strong>:&nbsp;Anfang Oktober<\/p>\n\n\n\n<h3 class=\"wp-block-heading\">Beschreibung:<\/h3>\n\n\n\n<p>Die Studienziele des Bachelor-Studiengangs und des Master-Studiengangs Logistik\u00a0 sind die Vermittlung eines breit angelegten Grundlagenwissens aus den Wirtschaftswissenschaften und den Ingenieurwissenschaften. Das interdisziplin\u00e4res Studium bef\u00e4higt die Absolventinnen und Absolventen besonders f\u00fcr Schnittstellenaufgaben sowohl\u00a0 zwischen Wirtschaft und Technik als auch zwischen Informationstechnik und Maschinenbau. Die Studierenden entwickeln pers\u00f6nliche F\u00e4higkeiten, die f\u00fcr qualifiziertes und verantwortliches Handeln in der Berufspraxis erforderlich sind und die es erm\u00f6glichen, wirtschaftliche und technische Zusammenh\u00e4nge zu erfassen, mit wissenschaftlichen Methoden zu analysieren und aktiv zu steuern. Dazu werden, aufbauend auf einer fundierten theoretischen Basis der wirtschafts- und ingenieurwissenschaftlichen Teildisziplinen, Umsetzungskompetenzen vermittelt, die die Absolventinnen und Absolventen bef\u00e4higen, Methoden, Techniken und Instrumente zielorientiert und verantwortlich anzuwenden.<\/p>\n\n\n\n<h3 class=\"wp-block-heading\">Studienaufbau:<\/h3>\n\n\n\n<p>Inhaltlich stellen die Fakult\u00e4t f\u00fcr Wirtschafts- und Sozialwissenschaften ca. 50 Prozent, die Fakult\u00e4ten f\u00fcr Maschinenbau und Elektrotechnik jeweils ca. 25 Prozent des Lehrangebots.<\/p>\n\n\n\n<p>Damit handelt es sich sowohl im Bachelor als auch im Masterstudiengang Logistik um ein interdisziplin\u00e4res Studium, das die Absolventinnen und Absolventen besonders f\u00fcr Schnittstellenaufgaben zwischen Wirtschaft und Technik als auch zwischen Informationstechnik und Maschinenbau bef\u00e4higt.<\/p>\n\n\n\n<p>Mit dem Bachelor-Studiengang Logistik sollen den Studierenden breit gef\u00e4cherte fachliche F\u00e4higkeiten und Kenntnisse aus der Betriebswirtschaftslehre, der Volkswirtschaftslehre, dem Maschinenbau und der Informationstechnik vermittelt werden. Eine besondere Aufmerksamkeit wird auf die interdisziplin\u00e4re Sicht zwischen den beteiligten Fachrichtungen gelegt. Die Studierenden sollen pers\u00f6nliche F\u00e4higkeiten entwickeln, die zu qualifiziertem und verantwortlichem Handeln in der Berufspraxis erforderlich sind und die es erm\u00f6glichen, wirtschaftliche und technische Zusammenh\u00e4nge zu erfassen, mit wissenschaftlichen Methoden zu analysieren und aktiv zu steuern. Dazu werden aufbauend auf einer fundierten theoretischen Basis der wirtschafts- und ingenieurwissenschaftlichen Teildisziplinen Umsetzungskompetenzen vermittelt, die die Absolventen bef\u00e4higen, Methoden, Techniken und Instrumente zielorientiert und verantwortlich anzuwenden.<\/p>\n\n\n\n<p>Der Master-Studiengang baut konsekutiv auf einem Bachelor-Abschluss Logistik auf. Er dient der Vertiefung und Erweiterung der Fachkenntnisse aus dem Bachelor-Studium mit Bezug auf festgelegte Vertiefungsrichtungen. Dies sind die zwei klar definierten Studienrichtungen \u201etechnische Logistik\u201c und \u201equantitative Logistik\u201c, die sich einerseits der technischen Umsetzung und andererseits der Planung, Steuerung und Kontrolle logistischer Prozesse widmen. Neben der Ein\u00fcbung spezieller Fachmethoden soll im Masterstudium auch die Bef\u00e4higung zu eigenst\u00e4ndiger wissenschaftlicher Arbeit vermittelt werden. Die Studierenden sollen in die Lage versetzt werden, die Bedeutung wissenschaftlicher Erkenntnisse und Methoden f\u00fcr die L\u00f6sung komplexer wissenschaftlicher und gesellschaftlicher Problemfelder zu reflektieren.<\/p>\n\n\n\n<h3 class=\"wp-block-heading\">Bewerbung:<\/h3>\n\n\n\n<p>Bewerbungsunterlagen erhalten Sie bei dem f\u00fcr Ihren Wohnort zust\u00e4ndigen Karriereb\u00fcro. Namen und Kontaktdaten der Karriereberater finden Sie im Telefonbuch unter \u201eBundeswehr\u201c oder im Internet unter http:\/\/www.bundeswehrkarriere.de. Telefonische Hotline: 0800 9800880.<\/p>\n\n\n\n<h3 class=\"wp-block-heading\">Studienberatung\/Kontakt<\/h3>\n\n\n\n<p>Die Studienberatung wird unter der Verantwortung&nbsp;der Fakult\u00e4ten von den Mitgliedern des akademischen Bereichs durchgef\u00fchrt.<\/p>\n\n\n\n<p><strong>Ansprechpartnerin<\/strong><br><abbr title=\"Professor\">Prof.<\/abbr> <abbr title=\"Doktor\">Dr.<\/abbr> Maria Maleshkova<br>Telefon: 040 6541\u20133563<br>E-Mail: <a href=\"mailto:studiendekanatlogistik@hsu-hh.de\" rel='nofollow'>studiendekanatlogistik@hsu-hh.de<\/a><\/p>\n\n\n\n<p>Studierende, die im Rahmen einer Kooperation mit einem Unternehmen, einer Beh\u00f6rde oder sonstiger institutioneller Partner an der <abbr title=\"Helmut Schmidt Universit\u00e4t\">HSU<\/abbr>\/UniBw H studieren m\u00f6chten, sowie Soldatinnen und Soldaten, die im Rahmen des BFD ein Studium an der <abbr title=\"Helmut Schmidt Universit\u00e4t\">HSU<\/abbr>\/UniBw H aufnehmen m\u00f6chten, wenden sich bitte an das <strong>Hochschulmarketing<\/strong> unter Telefon: 040 6541\u20133855 oder per E-Mail an: <a href=\"mailto:hsm@hsu-hh.de\" rel='nofollow'>hsm@hsu-hh.de<\/a><\/p>\n\n\n\n<hr class=\"wp-block-separator has-alpha-channel-opacity\" \/>\n\n\n\n<div class=\"wp-block-hsu-downloadblock\"><div class=\"thumbnail-area\"><img decoding=\"async\" src=\"\/wp-content\/themes\/hsu\/img\/dummy\/downloads_dummy.png\" alt=\"Download Symbol-Icon\" \/><\/div><div class=\"text-area\"><strong>Studiengangsinformationen Logistik (B.Sc.\/<abbr title=\"Master of Science\">M.Sc.<\/abbr>)<\/strong><\/div><div class=\"download-area\"><a class=\"download-link\" href=\"https:\/\/www.hsu-hh.de\/studium\/wp-content\/uploads\/sites\/923\/2026\/01\/Logistik_Bachelor-u-Master_Flyer.pdf\"><span class=\"download-name\">pdf laden<\/span><span class=\"download-icon\"><img decoding=\"async\" class=\"download-icon\" alt=\"download icon\" src=\"\/wp-content\/themes\/hsu\/img\/icons\/download_icon.png\" \/><\/span><span class=\"download-size\">7 MB<\/span><\/a><\/div><\/div>\n","protected":false},"excerpt":{"rendered":"<p>Fakult\u00e4t: Wirtschafts- und Sozialwissenschaften Abschl\u00fcsse: Bachelor of Science \/ Master of Science Studiendauer:&nbsp;7 Trimester f\u00fcr Bachelor + 5 Trimester Master Studienvoraussetzungen: Studiensprache: Deutsch Studienbeginn:&nbsp;Anfang Oktober Beschreibung: Die Studienziele des Bachelor-Studiengangs [&hellip;]<\/p>\n","protected":false},"author":3885,"featured_media":0,"parent":0,"menu_order":0,"comment_status":"closed","ping_status":"closed","template":"","meta":{"footnotes":""},"categories":[4],"tags":[],"class_list":["post-234","page","type-page","status-publish","hentry","category-forschung"],"_links":{"self":[{"href":"https:\/\/www.hsu-hh.de\/studium\/wp-json\/wp\/v2\/pages\/234","targetHints":{"allow":["GET"]}}],"collection":[{"href":"https:\/\/www.hsu-hh.de\/studium\/wp-json\/wp\/v2\/pages"}],"about":[{"href":"https:\/\/www.hsu-hh.de\/studium\/wp-json\/wp\/v2\/types\/page"}],"author":[{"embeddable":true,"href":"https:\/\/www.hsu-hh.de\/studium\/wp-json\/wp\/v2\/users\/3885"}],"replies":[{"embeddable":true,"href":"https:\/\/www.hsu-hh.de\/studium\/wp-json\/wp\/v2\/comments?post=234"}],"version-history":[{"count":7,"href":"https:\/\/www.hsu-hh.de\/studium\/wp-json\/wp\/v2\/pages\/234\/revisions"}],"predecessor-version":[{"id":954,"href":"https:\/\/www.hsu-hh.de\/studium\/wp-json\/wp\/v2\/pages\/234\/revisions\/954"}],"wp:attachment":[{"href":"https:\/\/www.hsu-hh.de\/studium\/wp-json\/wp\/v2\/media?parent=234"}],"wp:term":[{"taxonomy":"category","embeddable":true,"href":"https:\/\/www.hsu-hh.de\/studium\/wp-json\/wp\/v2\/categories?post=234"},{"taxonomy":"post_tag","embeddable":true,"href":"https:\/\/www.hsu-hh.de\/studium\/wp-json\/wp\/v2\/tags?post=234"}],"curies":[{"name":"wp","href":"https:\/\/api.w.org\/{rel}","templated":true}]}}