{"id":232,"date":"2024-04-29T10:15:53","date_gmt":"2024-04-29T08:15:53","guid":{"rendered":"https:\/\/www.hsu-hh.de\/studiengaenge\/?page_id=232"},"modified":"2026-04-14T11:52:57","modified_gmt":"2026-04-14T09:52:57","slug":"geschichtswissenschaft","status":"publish","type":"page","link":"https:\/\/www.hsu-hh.de\/studium\/geschichtswissenschaft\/","title":{"rendered":"Geschichtswissenschaft (B.A.\/M.A.)"},"content":{"rendered":"\n<p><strong>Fakult\u00e4t:<\/strong> Geistes- und Sozialwissenschaften<\/p>\n\n\n\n<p><strong>Abschl\u00fcsse:<\/strong>&nbsp;Bachelor of Arts \/ Master of&nbsp;Arts<\/p>\n\n\n\n<p><strong>Studiendauer:<\/strong>&nbsp;7 Trimester f\u00fcr Bachelor + 5 Trimester Master<\/p>\n\n\n\n<p><strong>Studienvoraussetzungen:<\/strong><\/p>\n\n\n\n<ol class=\"wp-block-list\">\n<li>die Allgemeine Hochschulreife (Abitur),<\/li>\n\n\n\n<li>die bestandene Of\ufb01zierpr\u00fcfung,<\/li>\n\n\n\n<li>die Verp\ufb02ichtung als Soldat\/Soldatin auf Zeit f\u00fcr 13 Jahre in der Laufbahn der Of\ufb01ziere des Truppendienstes.<\/li>\n<\/ol>\n\n\n\n<p><strong>Studiensprache:<\/strong>&nbsp;Deutsch<br><strong>Studienbeginn:<\/strong>&nbsp;Anfang Oktober<\/p>\n\n\n\n<h2 class=\"wp-block-heading\">Beschreibung<\/h2>\n\n\n\n<p>Die Studierenden erwerben bis zum Ende ihres Bachelor-Studiums grundlegende Kenntnisse und ein kritisches Verst\u00e4ndnis der Theorien, Methoden und Forschungsergebnisse der Geschichtswissenschaft sowie der weiteren am Studiengang beteiligten F\u00e4cher. Die Studierenden werden zudem sowohl auf eine weiterf\u00fchrende Qualifikation im Hochschulbereich (Master-Studiengang) vorbereitet als auch berufsbezogen qualifiziert. Der Master-Studiengang er\u00f6ffnet den Studierenden die Fortentwicklung individueller Interessen und Studienschwerpunkte und eine besondere Profilbildung. Im Vergleich zum Bachelor-Studiengang wird dieses individuelle Profil der Studierenden noch gesch\u00e4rft. Die Studierenden erwerben die F\u00e4higkeit zu eigenst\u00e4ndiger wissenschaftlicher Arbeit sowie zur selbst\u00e4ndigen Generierung von Forschungsfragen. Sie werden sowohl auf eine weiterf\u00fchrende Qualifikation im Hochschulbereich (Promotion) vorbereitet als auch berufsbezogen qualifiziert, das hei\u00dft berufsfeld\u00fcbergreifend auf unterschiedliche berufliche T\u00e4tigkeitsfelder vorbereitet, in denen fachwissenschaftliches Wissen, aber auch allgemeine Kompetenzen in Bereichen wie Recherche, Analyse und Pr\u00e4sentation von Belang sind.<\/p>\n\n\n\n<h2 class=\"wp-block-heading\">Studienaufbau<\/h2>\n\n\n\n<p>Der Bachelor-Studiengang Geschichtswissenschaft&nbsp;dauert in der Regel sieben Trimester und besteht aus Pflichtmodulen, Wahlpflichtmodulen und einer Abschlussarbeit. Studierende, die noch nicht alle Leistungen erbracht haben, k\u00f6nnen vorl\u00e4ufig in den Masterstudiengang aufgenommen werden. Studierende, die bis zum Ende des achten Studientrimesters 180 Leistungspunkte mit der Note 3,0 erworben haben, k\u00f6nnen das Master-Studium fortsetzen. Studierende, die diese Bedingungen nicht erf\u00fcllen, k\u00f6nnen die fehlenden Leistungspunkte im neunten Trimesten erwerben, um ihr Bachelorstudium erfolgreich zu beenden.<\/p>\n\n\n\n<p>Der Masterstudiengang dauert f\u00fcnf Trimester (achtes bis zw\u00f6lftes Studientrimester) und schlie\u00dft mit der Master-Arbeit ab. Der Masterstudiengang Geschichtswissenschaft erweitert und vertieft die im Bachelor-Studiengang vermittelten grundlegenden Kenntnisse und F\u00e4higkeiten.<\/p>\n\n\n\n<h2 class=\"wp-block-heading\">Bewerbung<\/h2>\n\n\n\n<p>Bewerbungsunterlagen erhalten Sie bei dem f\u00fcr Ihren Wohnort zust\u00e4ndigen Karriereberatungsb\u00fcro. Als Soldatin oder Soldat tragen Sie gro\u00dfe Verantwortung. Darum steht zu Beginn des Bewerbungsprozesses ein ausf\u00fchrliches Beratungsgespr\u00e4ch. Kontaktdaten der Karrriereberater finden Sie im Internet unter <a href=\"http:\/\/www.bundeswehrkarriere.de\" target=\"_blank\" rel=\"noreferrer noopener\">www.bundeswehrkarriere.de<\/a>. Kostenlose Telefonhotline: 0800 9800880.<\/p>\n\n\n\n<h2 class=\"wp-block-heading\">Studienberatung\/Kontakt<\/h2>\n\n\n\n<p>Die Studienberatung wird unter der Verantwortung&nbsp;der Fakult\u00e4ten von den Mitgliedern des akademischen Bereichs durchgef\u00fchrt.<\/p>\n\n\n\n<p><strong>Studiendekan<\/strong><br><abbr title=\"Professor\">Prof.<\/abbr> <abbr title=\"Doktor\">Dr.<\/abbr> Heinrich Hartmann<br>Telefon: 040-6541-3362<br>E-Mail:&nbsp;<a href=\"mailto:heinrich.hartmann@hsu-hh.de\" rel='nofollow'>heinrich.hartmann@hsu-hh.de<\/a><\/p>\n\n\n\n<p>Studierende, die im Rahmen des BFD ein Studium an der <abbr title=\"Helmut Schmidt Universit\u00e4t\">HSU<\/abbr>\/UniBw H aufnehmen m\u00f6chten, wenden sich bitte an das <strong>Hochschulmarketing<\/strong> unter Telefon: 040 6541\u20133855 oder per E-Mail an: <a href=\"mailto:hsm@hsu-hh.de\" rel='nofollow'>hsm@hsu-hh.de<\/a><\/p>\n\n\n\n<hr class=\"wp-block-separator has-alpha-channel-opacity\"\/>\n\n\n\n<div class=\"wp-block-hsu-downloadblock\"><div class=\"thumbnail-area\"><img decoding=\"async\" src=\"\/wp-content\/themes\/hsu\/img\/dummy\/downloads_dummy.png\" alt=\"Download Symbol-Icon\"\/><\/div><div class=\"text-area\"><strong>Studiengangsinformationen Geschichtswissenschaft (B.A.\/M.A.)<\/strong><\/div><div class=\"download-area\"><a class=\"download-link\" href=\"https:\/\/www.hsu-hh.de\/studium\/wp-content\/uploads\/sites\/923\/2026\/04\/Geschichtswissenschaft_Bachelor-u-Master_Stand-202604.pdf\"><span class=\"download-name\">pdf laden<\/span><span class=\"download-icon\"><img decoding=\"async\" class=\"download-icon\" alt=\"download icon\" src=\"\/wp-content\/themes\/hsu\/img\/icons\/download_icon.png\"\/><\/span><span class=\"download-size\">2 MB<\/span><\/a><\/div><\/div>\n","protected":false},"excerpt":{"rendered":"<p>Fakult\u00e4t: Geistes- und Sozialwissenschaften Abschl\u00fcsse:&nbsp;Bachelor of Arts \/ Master of&nbsp;Arts Studiendauer:&nbsp;7 Trimester f\u00fcr Bachelor + 5 Trimester Master Studienvoraussetzungen: Studiensprache:&nbsp;DeutschStudienbeginn:&nbsp;Anfang Oktober Beschreibung Die Studierenden erwerben bis zum Ende ihres Bachelor-Studiums [&hellip;]<\/p>\n","protected":false},"author":3885,"featured_media":0,"parent":0,"menu_order":0,"comment_status":"closed","ping_status":"closed","template":"","meta":{"footnotes":""},"categories":[4],"tags":[],"class_list":["post-232","page","type-page","status-publish","hentry","category-forschung"],"_links":{"self":[{"href":"https:\/\/www.hsu-hh.de\/studium\/wp-json\/wp\/v2\/pages\/232","targetHints":{"allow":["GET"]}}],"collection":[{"href":"https:\/\/www.hsu-hh.de\/studium\/wp-json\/wp\/v2\/pages"}],"about":[{"href":"https:\/\/www.hsu-hh.de\/studium\/wp-json\/wp\/v2\/types\/page"}],"author":[{"embeddable":true,"href":"https:\/\/www.hsu-hh.de\/studium\/wp-json\/wp\/v2\/users\/3885"}],"replies":[{"embeddable":true,"href":"https:\/\/www.hsu-hh.de\/studium\/wp-json\/wp\/v2\/comments?post=232"}],"version-history":[{"count":9,"href":"https:\/\/www.hsu-hh.de\/studium\/wp-json\/wp\/v2\/pages\/232\/revisions"}],"predecessor-version":[{"id":984,"href":"https:\/\/www.hsu-hh.de\/studium\/wp-json\/wp\/v2\/pages\/232\/revisions\/984"}],"wp:attachment":[{"href":"https:\/\/www.hsu-hh.de\/studium\/wp-json\/wp\/v2\/media?parent=232"}],"wp:term":[{"taxonomy":"category","embeddable":true,"href":"https:\/\/www.hsu-hh.de\/studium\/wp-json\/wp\/v2\/categories?post=232"},{"taxonomy":"post_tag","embeddable":true,"href":"https:\/\/www.hsu-hh.de\/studium\/wp-json\/wp\/v2\/tags?post=232"}],"curies":[{"name":"wp","href":"https:\/\/api.w.org\/{rel}","templated":true}]}}