{"id":230,"date":"2024-04-29T10:12:48","date_gmt":"2024-04-29T08:12:48","guid":{"rendered":"https:\/\/www.hsu-hh.de\/studiengaenge\/?page_id=230"},"modified":"2024-06-07T14:00:05","modified_gmt":"2024-06-07T12:00:05","slug":"engineering-science","status":"publish","type":"page","link":"https:\/\/www.hsu-hh.de\/studium\/engineering-science\/","title":{"rendered":"Engineering Science (B.Sc.) und Engineering Science: Defence Systems (M.Sc.)"},"content":{"rendered":"\n<p><strong>Fakult\u00e4t: <\/strong>Elektrotechnik<\/p>\n\n\n\n<p><strong>Abschl\u00fcsse:<\/strong>&nbsp;Bachelor of Science, Master of Science<\/p>\n\n\n\n<p><strong>Studiendauer:<\/strong>&nbsp;7 Trimester f\u00fcr Bachelor + 5 Trimester Master<\/p>\n\n\n\n<p><strong>Studienvoraussetzungen:<\/strong><\/p>\n\n\n\n<ol class=\"wp-block-list\">\n<li>Die Allgemeine Hochschulreife (Abitur)<\/li>\n\n\n\n<li>fundierte englische Sprachkenntnisse auf dem Niveau SLP 3332 (professional)<\/li>\n\n\n\n<li>die bestandene Offizierpr\u00fcfung<\/li>\n\n\n\n<li>die Verpflichtung als Soldat\/Soldatin auf Zeit f\u00fcr 13 Jahre in der Laufbahn der Offiziere des Truppendienstes.<\/li>\n<\/ol>\n\n\n\n<p><strong>Studiensprache:<\/strong>Englisch<br><strong>Studienbeginn:<\/strong>&nbsp;Anfang Oktober<\/p>\n\n\n\n<h2 class=\"wp-block-heading\">Beschreibung<\/h2>\n\n\n\n<p>Sowohl der Bachelor-, als auch der Master-Studiengang&nbsp;sind als Intensivstudieng\u00e4nge angelegt,&nbsp;die nach maximal drei Jahren mit dem \u201eBachelor&nbsp;of Science\u201c <abbr title=\"beziehungsweise\">bzw.<\/abbr> nach vier Jahren mit dem \u201eMaster&nbsp;of Science\u201c abgeschlossen werden. Im Studiengang&nbsp;arbeiten die Studierenden stark&nbsp;anwendungs- und systemorientiert. Sie lernen&nbsp;interdisziplin\u00e4r in gr\u00f6\u00dferen Systemzusammenh\u00e4ngen&nbsp;zu denken und Systeme innerhalb eines&nbsp;h\u00e4ufig gr\u00f6\u00dferen internationalen Teams zu konzipieren,&nbsp;zu spezifizieren, zu designen, zu testen&nbsp;sowie abzunehmen. Hierzu z\u00e4hlen beispielsweise&nbsp;die Entwicklung neuer Verteidigungs- und Sicherheitssysteme&nbsp;unter Ber\u00fccksichtigung spezifischer&nbsp;Anforderungen etwa an die Bedienbarkeit,&nbsp;an spezielle Material- und Systemeigenschaften&nbsp;wie die Abh\u00f6rsicherheit oder die St\u00f6r- und Zerst\u00f6rbarkeit,&nbsp;aber auch an extreme Klimabedingungen,&nbsp;an die Interoperabilit\u00e4t oder Robustheit.&nbsp;Schwerpunkt der Arbeit ist das Zusammenwirken einzelner Komponenten und Module zu einem&nbsp;ganzheitlichen System <abbr title=\"beziehungsweise\">bzw.<\/abbr> Subsystem f\u00fcr den&nbsp;milit\u00e4rischen Einsatz <abbr title=\"beziehungsweise\">bzw.<\/abbr> zur Verbesserung der&nbsp;zivilen Sicherheit.<\/p>\n\n\n\n<h2 class=\"wp-block-heading\">Studienaufbau<\/h2>\n\n\n\n<p>Der Bachelor-Studiengang DSYS umfasst wie alle&nbsp;anderen Bachelor-Studieng\u00e4nge der <abbr title=\"Helmut Schmidt Universit\u00e4t\">HSU<\/abbr> sieben&nbsp;Trimester und besteht aus Pflichtmodulen, Wahlpflichtmodulen&nbsp;und der Abschlussarbeit. Alle<br>Module bauen zeitlich aufeinander auf und sind&nbsp;zeitlich synchronisiert.&nbsp;Studierende, die nach sieben Trimestern noch&nbsp;nicht alle Leistungen des Bachelor-Studiengangs&nbsp;erbracht haben, k\u00f6nnen vorl\u00e4ufig in einen&nbsp;Masterstudiengang aufgenommen werden.&nbsp;Studierende, die bis zum Ende des achten Studientrimesters&nbsp;den Bachelor of Science mit der&nbsp;Note 3,0 oder besser erworben haben, k\u00f6nnen&nbsp;das Master-Studium fortsetzen. Dies gilt auch f\u00fcr&nbsp;Studierende, die eine Note bis einschlie\u00dflich 3,4&nbsp;erreicht und ein zus\u00e4tzliches Qualifizierungsgespr\u00e4ch&nbsp;bestanden haben. Studierende, die diese&nbsp;Bedingungen nicht erf\u00fcllen, bekommen bis zum&nbsp;Ende des neunten Trimesters Zeit, ihr Bachelor-&nbsp;Studium erfolgreich abzuschlie\u00dfen. Der Zugang&nbsp;zum nachfolgenden Masterstudiengang an der &nbsp;<abbr title=\"Helmut Schmidt Universit\u00e4t\">HSU<\/abbr> bleibt ihnen verwehrt.<\/p>\n\n\n\n<p>Die Master-Studieng\u00e4nge umfassen jeweils f\u00fcnf&nbsp;Trimester (achtes bis zw\u00f6lftes Studientrimester) und schlie\u00dfen mit der Master-Arbeit ab. Sie beinhalten sowohl Pflicht- als auch wahlpflichtmodule.&nbsp;Den Absolventinnen und Absolventen des Bachelor-Studiengangs DSYS stehen die Masterstudieng\u00e4nge der Fakult\u00e4ten f\u00fcr Maschinenbau und Elektrotechnik offen.<\/p>\n\n\n\n<h2 class=\"wp-block-heading\">Bewerbung<\/h2>\n\n\n\n<p>Bewerbungsunterlagen erhalten Sie bei dem f\u00fcr Ihren Wohnort zust\u00e4ndigen Karriereberatungsb\u00fcro. Als Soldatin oder Soldat tragen Sie gro\u00dfe Verantwortung. Darum steht zu Beginn des Bewerbungsprozesses ein ausf\u00fchrliches Beratungsgespr\u00e4ch. Kontaktdaten der Karrriereberater finden Sie im Internet unter <a href=\"http:\/\/www.bundeswehrkarriere.de\" target=\"_blank\" rel=\"noreferrer noopener\">www.bundeswehrkarriere.de<\/a>. Kostenlose Telefonhotline: 0800 9800880.<\/p>\n\n\n\n<h2 class=\"wp-block-heading\">Studienberatung\/Kontakt<\/h2>\n\n\n\n<p>Die Studienberatung wird unter der Verantwortung&nbsp;der Fakult\u00e4ten von den Mitgliedern des akademischen&nbsp;Bereichs durchgef\u00fchrt.<\/p>\n\n\n\n<h4 class=\"wp-block-heading\">Ansprechpartner<\/h4>\n\n\n\n<p>Univ. <abbr title=\"Professor\">Prof.<\/abbr> <abbr title=\"Doktor\">Dr.<\/abbr> <abbr title=\"rerum\">rer.<\/abbr> nat. <abbr title=\"habilitatus\">habil.<\/abbr> Marcus Stiemer<br>Telefon: 040 6541\u20132769<br>E-Mail: <a href=\"mailto:carraro@hsu-hh.de\" rel='nofollow'>m.stiemer@hsu-hh.de<\/a><\/p>\n\n\n\n<p>Studierende, die im Rahmen einer Kooperation mit einem Unternehmen, einer Stiftung, einer Beh\u00f6rde oder sonstiger institutioneller Partner an der <abbr title=\"Helmut Schmidt Universit\u00e4t\">HSU<\/abbr> studieren m\u00f6chten, sowie Soldatinnen und Soldaten, die im Rahmen des BFD ein Studium an der <abbr title=\"Helmut Schmidt Universit\u00e4t\">HSU<\/abbr> aufnehmen m\u00f6chten, wenden sich bitte an das Hochschulmarketing:<\/p>\n\n\n\n<p><strong>Astrid Str\u00fc\u00dfmann<\/strong><br>Telefon: 040 6541\u20133855<br>E-Mail: <a href=\"mailto:hsm@hsu-hh.de\" rel='nofollow'>hsm@hsu-hh.de<\/a><\/p>\n\n\n\n<p><strong>Susanne Killus<\/strong><br>Telefon: 040 6541\u20133652<br>E-Mail: <a href=\"mailto:hsm@hsu-hh.de\" rel='nofollow'>hsm@hsu-hh.de<\/a><\/p>\n\n\n\n<hr class=\"wp-block-separator has-alpha-channel-opacity\" \/>\n\n\n\n<div class=\"wp-block-hsu-downloadblock\"><div class=\"thumbnail-area\"><img decoding=\"async\" src=\"\/wp-content\/themes\/hsu\/img\/dummy\/downloads_dummy.png\" alt=\"Download Symbol-Icon\" \/><\/div><div class=\"text-area\"><strong>Modulhandbuch Engineering Science (B.Sc.)<\/strong><\/div><div class=\"download-area\"><a class=\"download-link\" href=\"https:\/\/www.hsu-hh.de\/studium\/wp-content\/uploads\/sites\/923\/2024\/04\/BA-Modulhandbuch-Engineering-Science.pdf\"><span class=\"download-name\">pdf laden<\/span><span class=\"download-icon\"><img decoding=\"async\" class=\"download-icon\" alt=\"download icon\" src=\"\/wp-content\/themes\/hsu\/img\/icons\/download_icon.png\" \/><\/span><span class=\"download-size\">3 MB<\/span><\/a><\/div><\/div>\n\n\n\n<div class=\"wp-block-hsu-downloadblock\"><div class=\"thumbnail-area\"><img decoding=\"async\" src=\"\/wp-content\/themes\/hsu\/img\/dummy\/downloads_dummy.png\" alt=\"Download Symbol-Icon\" \/><\/div><div class=\"text-area\"><strong>Modulhandbuch Engineering Science: Defense Systems (<abbr title=\"Master of Science\">M.Sc.<\/abbr>)<\/strong><\/div><div class=\"download-area\"><a class=\"download-link\" href=\"https:\/\/www.hsu-hh.de\/studium\/wp-content\/uploads\/sites\/923\/2024\/04\/Modulhandbuch-MA-Engineering-Science_Defense-Systems.pdf\"><span class=\"download-name\">pdf laden<\/span><span class=\"download-icon\"><img decoding=\"async\" class=\"download-icon\" alt=\"download icon\" src=\"\/wp-content\/themes\/hsu\/img\/icons\/download_icon.png\" \/><\/span><span class=\"download-size\">2 MB<\/span><\/a><\/div><\/div>\n\n\n\n<div class=\"wp-block-hsu-downloadblock\"><div class=\"thumbnail-area\"><img decoding=\"async\" src=\"\/wp-content\/themes\/hsu\/img\/dummy\/downloads_dummy.png\" alt=\"Download Symbol-Icon\" \/><\/div><div class=\"text-area\"><strong>Studiengangsbeschreibung Engineering Science B.Sc. und Engineering Science: Defence Systems (<abbr title=\"Master of Science\">M.Sc.<\/abbr>)<\/strong><\/div><div class=\"download-area\"><a class=\"download-link\" href=\"https:\/\/www.hsu-hh.de\/studium\/wp-content\/uploads\/sites\/923\/2024\/04\/Program-Descpription-Engineering-Science-B.-Sc.-Defence-Systems-M.-Sc.pdf\"><span class=\"download-name\">pdf laden<\/span><span class=\"download-icon\"><img decoding=\"async\" class=\"download-icon\" alt=\"download icon\" src=\"\/wp-content\/themes\/hsu\/img\/icons\/download_icon.png\" \/><\/span><span class=\"download-size\">2 MB<\/span><\/a><\/div><\/div>\n\n\n\n<h2 class=\"wp-block-heading\">Weitere Informationen<\/h2>\n\n\n\n<p><a href=\"https:\/\/www.hsu-hh.de\/et\/studium\">Zum Informationsangebot der Fakult\u00e4t f\u00fcr Elektrotechnik<\/a><\/p>\n","protected":false},"excerpt":{"rendered":"<p>Fakult\u00e4t: Elektrotechnik Abschl\u00fcsse:&nbsp;Bachelor of Science, Master of Science Studiendauer:&nbsp;7 Trimester f\u00fcr Bachelor + 5 Trimester Master Studienvoraussetzungen: Studiensprache:EnglischStudienbeginn:&nbsp;Anfang Oktober Beschreibung Sowohl der Bachelor-, als auch der Master-Studiengang&nbsp;sind als Intensivstudieng\u00e4nge angelegt,&nbsp;die [&hellip;]<\/p>\n","protected":false},"author":3885,"featured_media":0,"parent":0,"menu_order":0,"comment_status":"closed","ping_status":"closed","template":"","meta":{"footnotes":""},"categories":[4],"tags":[],"class_list":["post-230","page","type-page","status-publish","hentry","category-forschung"],"_links":{"self":[{"href":"https:\/\/www.hsu-hh.de\/studium\/wp-json\/wp\/v2\/pages\/230","targetHints":{"allow":["GET"]}}],"collection":[{"href":"https:\/\/www.hsu-hh.de\/studium\/wp-json\/wp\/v2\/pages"}],"about":[{"href":"https:\/\/www.hsu-hh.de\/studium\/wp-json\/wp\/v2\/types\/page"}],"author":[{"embeddable":true,"href":"https:\/\/www.hsu-hh.de\/studium\/wp-json\/wp\/v2\/users\/3885"}],"replies":[{"embeddable":true,"href":"https:\/\/www.hsu-hh.de\/studium\/wp-json\/wp\/v2\/comments?post=230"}],"version-history":[{"count":5,"href":"https:\/\/www.hsu-hh.de\/studium\/wp-json\/wp\/v2\/pages\/230\/revisions"}],"predecessor-version":[{"id":532,"href":"https:\/\/www.hsu-hh.de\/studium\/wp-json\/wp\/v2\/pages\/230\/revisions\/532"}],"wp:attachment":[{"href":"https:\/\/www.hsu-hh.de\/studium\/wp-json\/wp\/v2\/media?parent=230"}],"wp:term":[{"taxonomy":"category","embeddable":true,"href":"https:\/\/www.hsu-hh.de\/studium\/wp-json\/wp\/v2\/categories?post=230"},{"taxonomy":"post_tag","embeddable":true,"href":"https:\/\/www.hsu-hh.de\/studium\/wp-json\/wp\/v2\/tags?post=230"}],"curies":[{"name":"wp","href":"https:\/\/api.w.org\/{rel}","templated":true}]}}