{"id":211,"date":"2024-04-26T14:18:37","date_gmt":"2024-04-26T12:18:37","guid":{"rendered":"https:\/\/www.hsu-hh.de\/studiengaenge\/?page_id=211"},"modified":"2025-08-27T14:39:39","modified_gmt":"2025-08-27T12:39:39","slug":"betriebswirtschaftslehre","status":"publish","type":"page","link":"https:\/\/www.hsu-hh.de\/studium\/betriebswirtschaftslehre\/","title":{"rendered":"Betriebswirtschaftslehre (B.Sc.\/M.Sc.)"},"content":{"rendered":"\n<p><strong>Fakult\u00e4t:<\/strong> Wirtschafts- und Sozialwissenschaften<\/p>\n\n\n\n<p><strong>Abschl\u00fcsse:<\/strong> Bachelor of Science (B.Sc.) \/ Master of Science (<abbr title=\"Master of Science\">M.Sc.<\/abbr>)<\/p>\n\n\n\n<p><strong>Studiendauer:<\/strong>\u00a07 Trimester Bachelor + 5 Trimester Master<\/p>\n\n\n\n<p><strong>Studienvoraussetzungen:<\/strong><\/p>\n\n\n\n<ol class=\"wp-block-list\">\n<li>die Allgemeine Hochschulreife (Abitur),<\/li>\n\n\n\n<li>die bestandene Of\ufb01zierpr\u00fcfung,<\/li>\n\n\n\n<li>die Verp\ufb02ichtung als Soldat\/Soldatin auf Zeit f\u00fcr 13 Jahre in der Laufbahn der Of\ufb01ziere des Truppendienstes.<\/li>\n<\/ol>\n\n\n\n<p><strong>Studiensprache:<\/strong> Deutsch<br><strong>Studienbeginn:<\/strong>&nbsp;Anfang Oktober<\/p>\n\n\n\n<h2 class=\"wp-block-heading\">Beschreibung<\/h2>\n\n\n\n<p>Das Studienfach Betriebswirtschaftslehre soll den Studierenden breit gef\u00e4cherte fachliche F\u00e4higkeiten und Kenntnisse der Betriebswirtschaftslehre vermitteln und punktuelle Vertiefungsm\u00f6glichkeiten bieten.<br>Die Studierenden sollen pers\u00f6nliche F\u00e4higkeiten entwickeln, die zu quali\ufb01ziertem und verantwortlichem Handeln in der Berufspraxis erforderlich sind und die es erm\u00f6glichen, wirtschaftliche und soziale Zusammenh\u00e4nge zu erfassen, mit wissenschaftlichen Methoden zu analysieren und aktiv zu steuern.<br>Dazu werden aufbauend auf einer fundierten theoretischen Basis der betriebswirtschaftlichen Teildisziplinen, der Volkswirtschaftslehre und relevanter juristischer Fachgebiete Umsetzungskompetenzen vermittelt. Diese sollen die Absolventinnen und Absolventen bef\u00e4higen, betriebswirtschaftliche Methoden, Techniken und Instrumente zielorientiert und verantwortlich anzuwenden.<\/p>\n\n\n\n<h2 class=\"wp-block-heading\">Studienaufbau<\/h2>\n\n\n\n<p>Der Bachelor-Studiengang Betriebswirtschaftslehre dauert in der Regel sieben Trimester und ist&nbsp;modular aufgebaut. Der erste Studienabschnitt (Grundlagenphase) erstreckt sich vom 1. bis zum&nbsp;4. Trimester, der zweite Studienabschnitt (Vertiefungsphase)&nbsp;beginnt bereits im 4. Trimester und&nbsp;kann bis zum 7. Trimester abgeschlossen werden.<br>Im Zentrum des ersten Studienabschnittes, der&nbsp;f\u00fcr die Studieng\u00e4nge Betriebswirtschaftslehre und Volkswirtschaftslehre identisch angeboten&nbsp;wird, stehen jene betriebswirtschaftlichen, volkswirtschaftlichen, &nbsp;mathematisch-statistischen und juristischen Grundlagen, die die Basis jedes&nbsp;wirtschaftswissenschaftlichen Studiums bilden. Im vierten Trimester beginnt nahtlos die Vertiefungsphase&nbsp;des Bachelor-Studiums. Diese besteht&nbsp;im Wesentlichen aus einer &nbsp;betriebswirtschaftlichen&nbsp;und einer volkswirtschaftlichen&nbsp;\u201eS\u00e4ule\u201c sowie einem w\u00e4hlbaren Komplement\u00e4rfach.&nbsp;Hinzu kommt die verpflichtende Bachelor-&nbsp;Abschlussarbeit.<\/p>\n\n\n\n<p>Der Masterstudiengang baut konsekutiv auf&nbsp;einem wirtschaftswissenschaftlichen Bachelor-&nbsp;Abschluss auf. Er dient der Vertiefung und&nbsp;Erweiterung der Fachkenntnisse aus dem Bachelor-&nbsp;Studium mit Bezug auf klar definierte Studienschwerpunkte.&nbsp;Neben der Ein\u00fcbung spezieller&nbsp;Fachmethoden soll im Masterstudium auch&nbsp;die Bef\u00e4higung zu eigenst\u00e4ndiger wissenschaftlicher&nbsp;Arbeit vermittelt werden. Die Studierenden&nbsp;sollen in die Lage versetzt werden, die Bedeutung&nbsp;wissenschaftlicher Erkenntnisse und Methoden&nbsp;f\u00fcr die L\u00f6sung komplexer wissenschaftlicher und&nbsp;gesellschaftlicher Problemfelder zu reflektieren.&nbsp;Die Master-Pr\u00fcfung f\u00fchrt zu einem zweiten berufsqualifizierenden&nbsp;und wissenschaftlichen Abschluss&nbsp;des Studiums.&nbsp;Der Masterstudiengang dauert f\u00fcnf Trimester&nbsp;(achtes bis zw\u00f6lftes Studientrimester) und&nbsp;schlie\u00dft mit der Master-Arbeit ab.<\/p>\n\n\n\n<h2 class=\"wp-block-heading\">Bewerbung<\/h2>\n\n\n\n<p>Bewerbungsunterlagen erhalten Sie bei dem f\u00fcr Ihren Wohnort zust\u00e4ndigen Karriereb\u00fcro. Namen und Kontaktdaten der Karrriereberater finden Sie unter http:\/\/www.bundeswehrkarriere.de. Telefonische Hotline: 0800 9800880.<\/p>\n\n\n\n<h2 class=\"wp-block-heading\">Studienberatung\/Kontakt<\/h2>\n\n\n\n<p>Die Studienberatung wird unter der Verantwortung&nbsp;der Fakult\u00e4ten von den Mitgliedern des akademischen Bereichs durchgef\u00fchrt.<\/p>\n\n\n\n<p><strong>Studiendekan Betriebswirtschaftslehre<\/strong><br><abbr title=\"Universit\u00e4tsprofessor\">Univ.-Prof.<\/abbr> <abbr title=\"Doktor\">Dr.<\/abbr> Andreas Fink<br>Telefon: 040 6541-2857<br>E-Mail: andreas.fink@hsu-hamburg.de<\/p>\n\n\n\n<p>Studierende, die im Rahmen einer Kooperation mit einem Unternehmen, einer Beh\u00f6rde oder sonstiger institutioneller Partner an der <abbr title=\"Helmut Schmidt Universit\u00e4t\">HSU<\/abbr>\/UniBw H studieren m\u00f6chten, sowie Soldatinnen und Soldaten, die im Rahmen des BFD ein Studium an der <abbr title=\"Helmut Schmidt Universit\u00e4t\">HSU<\/abbr>\/UniBw H aufnehmen m\u00f6chten, wenden sich bitte an das <strong>Hochschulmarketing<\/strong> unter Telefon: 040 6541\u20133855 oder per E-Mail an: <a href=\"mailto:hsm@hsu-hh.de\" rel='nofollow'>hsm@hsu-hh.de<\/a><\/p>\n\n\n\n<hr class=\"wp-block-separator has-alpha-channel-opacity\" \/>\n\n\n\n<div class=\"wp-block-hsu-downloadblock\"><div class=\"thumbnail-area\"><img decoding=\"async\" src=\"\/wp-content\/themes\/hsu\/img\/dummy\/downloads_dummy.png\" alt=\"Download Symbol-Icon\" \/><\/div><div class=\"text-area\"><strong>Studiengangsinformationen <abbr title=\"Betriebswirtschaftslehre\">BWL<\/abbr> (B.Sc.\/<abbr title=\"Master of Science\">M.Sc.<\/abbr>)<\/strong><\/div><div class=\"download-area\"><a class=\"download-link\" href=\"https:\/\/www.hsu-hh.de\/studium\/wp-content\/uploads\/sites\/923\/2024\/06\/BWL__W-240626.pdf\"><span class=\"download-name\">pdf laden<\/span><span class=\"download-icon\"><img decoding=\"async\" class=\"download-icon\" alt=\"download icon\" src=\"\/wp-content\/themes\/hsu\/img\/icons\/download_icon.png\" \/><\/span><span class=\"download-size\">210 kB<\/span><\/a><\/div><\/div>\n","protected":false},"excerpt":{"rendered":"<p>Fakult\u00e4t: Wirtschafts- und Sozialwissenschaften Abschl\u00fcsse: Bachelor of Science (B.Sc.) \/ Master of Science (M.Sc.) Studiendauer:\u00a07 Trimester Bachelor + 5 Trimester Master Studienvoraussetzungen: Studiensprache: DeutschStudienbeginn:&nbsp;Anfang Oktober Beschreibung Das Studienfach Betriebswirtschaftslehre soll [&hellip;]<\/p>\n","protected":false},"author":2428,"featured_media":0,"parent":0,"menu_order":0,"comment_status":"closed","ping_status":"closed","template":"","meta":{"footnotes":""},"categories":[4],"tags":[],"class_list":["post-211","page","type-page","status-publish","hentry","category-forschung"],"_links":{"self":[{"href":"https:\/\/www.hsu-hh.de\/studium\/wp-json\/wp\/v2\/pages\/211","targetHints":{"allow":["GET"]}}],"collection":[{"href":"https:\/\/www.hsu-hh.de\/studium\/wp-json\/wp\/v2\/pages"}],"about":[{"href":"https:\/\/www.hsu-hh.de\/studium\/wp-json\/wp\/v2\/types\/page"}],"author":[{"embeddable":true,"href":"https:\/\/www.hsu-hh.de\/studium\/wp-json\/wp\/v2\/users\/2428"}],"replies":[{"embeddable":true,"href":"https:\/\/www.hsu-hh.de\/studium\/wp-json\/wp\/v2\/comments?post=211"}],"version-history":[{"count":9,"href":"https:\/\/www.hsu-hh.de\/studium\/wp-json\/wp\/v2\/pages\/211\/revisions"}],"predecessor-version":[{"id":828,"href":"https:\/\/www.hsu-hh.de\/studium\/wp-json\/wp\/v2\/pages\/211\/revisions\/828"}],"wp:attachment":[{"href":"https:\/\/www.hsu-hh.de\/studium\/wp-json\/wp\/v2\/media?parent=211"}],"wp:term":[{"taxonomy":"category","embeddable":true,"href":"https:\/\/www.hsu-hh.de\/studium\/wp-json\/wp\/v2\/categories?post=211"},{"taxonomy":"post_tag","embeddable":true,"href":"https:\/\/www.hsu-hh.de\/studium\/wp-json\/wp\/v2\/tags?post=211"}],"curies":[{"name":"wp","href":"https:\/\/api.w.org\/{rel}","templated":true}]}}