{"id":209,"date":"2024-04-26T14:15:40","date_gmt":"2024-04-26T12:15:40","guid":{"rendered":"https:\/\/www.hsu-hh.de\/studiengaenge\/?page_id=209"},"modified":"2024-12-09T10:46:49","modified_gmt":"2024-12-09T09:46:49","slug":"bauingenieurwesen","status":"publish","type":"page","link":"https:\/\/www.hsu-hh.de\/studium\/bauingenieurwesen\/","title":{"rendered":"Bauingenieurwesen (B.Sc.\/M.Sc.)"},"content":{"rendered":"\n<p><strong>Abschl\u00fcsse<\/strong>:&nbsp;Bachelor of Science, Master of Science<\/p>\n\n\n\n<p><strong>Studiendauer<\/strong>:&nbsp;7 Trimester f\u00fcr Bachelor + 5 Trimester Master<\/p>\n\n\n\n<p><strong>Studienvoraussetzungen:<\/strong><\/p>\n\n\n\n<ol class=\"wp-block-list\">\n<li>Die Allgemeine Hochschulreife (Abitur)<\/li>\n\n\n\n<li>die bestandene Offizierpr\u00fcfung<\/li>\n\n\n\n<li>die Verpflichtung als Soldat\/Soldatin auf Zeit f\u00fcr 13 Jahre in der Laufbahn der Offiziere des Truppendienstes<\/li>\n<\/ol>\n\n\n\n<p>oder<\/p>\n\n\n\n<p>im Rahmen eines Studiums als Zivilist, indem Sie durch einen unserer Kooperationspartner (<abbr title=\"zum Beispiel\">z.B.<\/abbr> Autobahn <abbr title=\"Gesellschaft mit beschr\u00e4nkter Haftung\">GmbH<\/abbr>, Wasserstra\u00dfen- und Schiffahrtsverwaltung des Bundes, DB Netz AG) an die <abbr title=\"Helmut Schmidt Universit\u00e4t\">HSU<\/abbr> entsendet werden.<br>N\u00e4heres hierzu erfahren Sie unter: <a href=\"https:\/\/www.hsu-hh.de\/hsm\/ziviles-studium\/foerderung\">https:\/\/www.hsu-hh.de\/hsm\/ziviles-studium\/foerderung<\/a><\/p>\n\n\n\n<p><strong>Studiensprache:<\/strong> Deutsch<br><strong>Studienbeginn:<\/strong>&nbsp;Anfang Oktober<\/p>\n\n\n\n<h2 class=\"wp-block-heading\">Beschreibung<\/h2>\n\n\n\n<p>Sowohl der Bachelor-, als auch der Master-Studiengang&nbsp;sind als Intensivstudieng\u00e4nge angelegt,&nbsp;die nach maximal drei Jahren mit dem \u201eBachelor&nbsp;of Science\u201c <abbr title=\"beziehungsweise\">bzw.<\/abbr> nach vier Jahren mit dem \u201eMaster&nbsp;of Science\u201c abgeschlossen werden. Bauingenieure planen, entwickeln und konstruieren, berechnen und experimentieren, \u00fcberwachen, sorgen f\u00fcr Sicherheit und unterst\u00fctzen die<br>Nutzer von Infrastruktureinrichtungen. Das T\u00e4tigkeitsfeld ist dabei \u00e4u\u00dferst vielseitig: Bauingenieure bauen Wohn- und Gesch\u00e4ftsh\u00e4user, Stra\u00dfen und Tunnel, Bahnh\u00f6fe und Flugh\u00e4fen, Abwasserkan\u00e4le und Kl\u00e4ranlagen, Kan\u00e4le und H\u00e4fen, K\u00fcstenschutzbauwerke und Offshore-Windkraftanlagen. Mit Blick auf den Klima- und Umweltschutz hat sich das Arbeitsfeld erheblich erweitert. Aus dem \u201eeinfachen\u201c Bauen ist komplexes Entwickeln, Planen, Unterhalten, Erhalten und Verwerten geworden. Der Lebenszyklus von Geb\u00e4uden und Infrastrukturanlagen r\u00fcckt in den Mittelpunkt und erfordert vom Bauingenieur die Begleitung dieses Prozesses.<\/p>\n\n\n\n<h2 class=\"wp-block-heading\">Studienaufbau<\/h2>\n\n\n\n<p>Der Bachelor-Studiengang Bauingenieurwesen dauert in der Regel sieben Trimester und besteht aus Pflichtmodulen, Wahlpflichtmodulen und einer Abschlussarbeit. Studierende, die noch nicht alle Leistungen erbracht haben, k\u00f6nnen vorl\u00e4ufig in den Master-Studiengang aufgenommen werden. Studierende, die bis zum Ende des achten Studientrimester 180 Leistungspunkte mit mindestens der Note 3,0 erworben haben, k\u00f6nnen das Master-Studium fortsetzen. Studierende, die diese Bedingungen nicht erf\u00fcllen, k\u00f6nnen die fehlenden Leistungspunkte im neunten Trimester erwerben, um ihr Bachelor-Studium erfolgreich zu beenden.<\/p>\n\n\n\n<p>Der Master-Studiengang dauert f\u00fcnf Trimester (achtes bis zw\u00f6lftes Studientrimester) und schlie\u00dft mit der Master-Arbeit ab. Der Master-Studiengang erweitert und vertieft die im Bachelor-Studiengang vermittelten grundlegenden Kenntnisse und F\u00e4higkeiten.<\/p>\n\n\n\n<h2 class=\"wp-block-heading\">Bewerbung<\/h2>\n\n\n\n<p>Bewerbungsunterlagen f\u00fcr die Offizierlaufbahn erhalten Sie bei n\u00e4chstgelegenen Karriereberatung. Kontaktdaten der Karriereberater finden Sie im Internet&nbsp;unter <a href=\"http:\/\/www.bundeswehrkarriere.de\" rel='nofollow'>www.bundeswehrkarriere.de<\/a>. Telefonische Hotline: 0800 9800880.<\/p>\n\n\n\n<p>Sofern Sie sich \u00fcber einen unserer Kooperationspartner bewerben m\u00f6chten finden Sie die Kontaktdaten sowie die aktuellen Ausschreibungen hier: <a href=\"https:\/\/www.hsu-hh.de\/hsm\/ziviles-studium\/foerderung\">https:\/\/www.hsu-hh.de\/hsm\/ziviles-studium\/foerderung<\/a><\/p>\n\n\n\n<h2 class=\"wp-block-heading\">Studienberatung\/Kontakt<\/h2>\n\n\n\n<p>Die Studienberatung wird unter der Verantwortung&nbsp;der Fakult\u00e4ten von den Mitgliedern des akademischen&nbsp;Bereichs durchgef\u00fchrt.<\/p>\n\n\n\n<h3 class=\"wp-block-heading\">Ansprechpartner<\/h3>\n\n\n\n<p><abbr title=\"Universit\u00e4tsprofessor\">Univ.-Prof.<\/abbr> <abbr title=\"Doktor\">Dr.<\/abbr>\u2013<abbr title=\"Ingenieur\">Ing.<\/abbr> <abbr title=\"habilitatus\">habil.<\/abbr> Wolfgang Weber<br>Telefon: 040 6541\u20132148<br>E-Mail: <a href=\"mailto:wolfgang.weber@hsu-hh.de\" rel='nofollow'>wolfgang.weber@hsu-hh.de<\/a><\/p>\n\n\n\n<h3 class=\"wp-block-heading\">Kontakt f\u00fcr Studieninteressierte<\/h3>\n\n\n\n<p>Studierende, die im Rahmen einer Kooperation mit einem Unternehmen, einer Beh\u00f6rde oder sonstiger institutioneller Partner an der <abbr title=\"Helmut Schmidt Universit\u00e4t\">HSU<\/abbr>\/UniBw H studieren m\u00f6chten, sowie Soldatinnen und Soldaten, die im Rahmen des BFD ein Studium an der <abbr title=\"Helmut Schmidt Universit\u00e4t\">HSU<\/abbr>\/UniBw H aufnehmen m\u00f6chten, wenden sich bitte an das <strong>Hochschulmarketing<\/strong> unter Telefon: 040 6541\u20133855 oder per E-Mail an: <a href=\"mailto:hsm@hsu-hh.de\" rel='nofollow'>hsm@hsu-hh.de<\/a><\/p>\n\n\n\n<hr class=\"wp-block-separator has-alpha-channel-opacity\" \/>\n\n\n\n<div class=\"wp-block-hsu-downloadblock\"><div class=\"thumbnail-area\"><img decoding=\"async\" src=\"\/wp-content\/themes\/hsu\/img\/dummy\/downloads_dummy.png\" alt=\"Download Symbol-Icon\" \/><\/div><div class=\"text-area\"><strong>Studiengangsinformationen Bauingenieurwesen (B.Sc.\/<abbr title=\"Master of Science\">M.Sc.<\/abbr>)<\/strong><\/div><div class=\"download-area\"><a class=\"download-link\" href=\"https:\/\/www.hsu-hh.de\/studium\/wp-content\/uploads\/sites\/923\/2024\/05\/Bauingenieurwesen_Bachelor-u-Master_Stand-202302.pdf\"><span class=\"download-name\">pdf laden<\/span><span class=\"download-icon\"><img decoding=\"async\" class=\"download-icon\" alt=\"download icon\" src=\"\/wp-content\/themes\/hsu\/img\/icons\/download_icon.png\" \/><\/span><span class=\"download-size\">2 MB<\/span><\/a><\/div><\/div>\n","protected":false},"excerpt":{"rendered":"<p>Abschl\u00fcsse:&nbsp;Bachelor of Science, Master of Science Studiendauer:&nbsp;7 Trimester f\u00fcr Bachelor + 5 Trimester Master Studienvoraussetzungen: oder im Rahmen eines Studiums als Zivilist, indem Sie durch einen unserer Kooperationspartner (z.B. Autobahn [&hellip;]<\/p>\n","protected":false},"author":2428,"featured_media":0,"parent":0,"menu_order":0,"comment_status":"closed","ping_status":"closed","template":"","meta":{"footnotes":""},"categories":[4],"tags":[],"class_list":["post-209","page","type-page","status-publish","hentry","category-forschung"],"_links":{"self":[{"href":"https:\/\/www.hsu-hh.de\/studium\/wp-json\/wp\/v2\/pages\/209","targetHints":{"allow":["GET"]}}],"collection":[{"href":"https:\/\/www.hsu-hh.de\/studium\/wp-json\/wp\/v2\/pages"}],"about":[{"href":"https:\/\/www.hsu-hh.de\/studium\/wp-json\/wp\/v2\/types\/page"}],"author":[{"embeddable":true,"href":"https:\/\/www.hsu-hh.de\/studium\/wp-json\/wp\/v2\/users\/2428"}],"replies":[{"embeddable":true,"href":"https:\/\/www.hsu-hh.de\/studium\/wp-json\/wp\/v2\/comments?post=209"}],"version-history":[{"count":9,"href":"https:\/\/www.hsu-hh.de\/studium\/wp-json\/wp\/v2\/pages\/209\/revisions"}],"predecessor-version":[{"id":732,"href":"https:\/\/www.hsu-hh.de\/studium\/wp-json\/wp\/v2\/pages\/209\/revisions\/732"}],"wp:attachment":[{"href":"https:\/\/www.hsu-hh.de\/studium\/wp-json\/wp\/v2\/media?parent=209"}],"wp:term":[{"taxonomy":"category","embeddable":true,"href":"https:\/\/www.hsu-hh.de\/studium\/wp-json\/wp\/v2\/categories?post=209"},{"taxonomy":"post_tag","embeddable":true,"href":"https:\/\/www.hsu-hh.de\/studium\/wp-json\/wp\/v2\/tags?post=209"}],"curies":[{"name":"wp","href":"https:\/\/api.w.org\/{rel}","templated":true}]}}