{"id":73,"date":"2021-11-24T10:52:08","date_gmt":"2021-11-24T09:52:08","guid":{"rendered":"https:\/\/www.hsu-hh.de\/vorlage\/?page_id=73"},"modified":"2025-05-16T12:03:23","modified_gmt":"2025-05-16T10:03:23","slug":"startseite","status":"publish","type":"page","link":"https:\/\/www.hsu-hh.de\/studbereich\/","title":{"rendered":"Studierendenbereich"},"content":{"rendered":"\n<h2 class=\"wp-block-heading has-text-align-center\">Leiter Studierendenbereich<\/h2>\n\n\n\n<div style=\"height:30px\" aria-hidden=\"true\" class=\"wp-block-spacer\"><\/div>\n\n\n<div class=\"wp-block-image is-style-default\">\n<figure class=\"aligncenter size-full is-resized\"><img decoding=\"async\" src=\"https:\/\/www.hsu-hh.de\/studbereich\/wp-content\/uploads\/sites\/769\/2025\/04\/Oberst-Lau-scaled.jpg\" data-credit=\"HSU\/Gelhausen\" alt=\"Portrait Oberst Lau\" class=\"wp-image-1935\" style=\"object-fit:cover;width:300px;height:400px\"\/><\/figure>\n<\/div>\n\n\n<div style=\"height:15px\" aria-hidden=\"true\" class=\"wp-block-spacer\"><\/div>\n\n\n\n<p class=\"has-text-align-center\">Oberst Roman Lau<\/p>\n\n\n\n<p class=\"has-text-align-center\"><a href=\"https:\/\/www.hsu-hh.de\/studbereich\/kontakt#StudBer\" data-type=\"link\" data-id=\"https:\/\/www.hsu-hh.de\/studbereich\/kontakt#StudBer\">Kontakt<\/a> <strong>\u00b7<\/strong> <a href=\"https:\/\/www.hsu-hh.de\/studbereich\/wp-content\/uploads\/sites\/769\/2025\/05\/CV_Oberst_Roman_LAU.pdf\" data-type=\"link\" data-id=\"https:\/\/www.hsu-hh.de\/studbereich\/wp-content\/uploads\/sites\/769\/2025\/05\/CV_Oberst_Roman_LAU.pdf\" target=\"_blank\" rel=\"noreferrer noopener nofollow\">Curriculum Vitae<\/a><\/p>\n\n\n\n<div style=\"height:30px\" aria-hidden=\"true\" class=\"wp-block-spacer\"><\/div>\n\n\n\n<hr class=\"wp-block-separator has-alpha-channel-opacity\"\/>\n\n\n\n<div style=\"height:30px\" aria-hidden=\"true\" class=\"wp-block-spacer\"><\/div>\n\n\n\n<div class=\"wp-block-columns is-layout-flex wp-container-core-columns-is-layout-9d6595d7 wp-block-columns-is-layout-flex\">\n<div class=\"wp-block-column is-layout-flow wp-block-column-is-layout-flow\" style=\"flex-basis:15%\"><\/div>\n\n\n\n<div class=\"wp-block-column is-vertically-aligned-top is-layout-flow wp-block-column-is-layout-flow\"><div class=\"wp-block-image\">\n<figure class=\"aligncenter size-medium is-resized\"><a href=\"https:\/\/www.hsu-hh.de\/studbereich\/kontakt#StudBer\"><img decoding=\"async\" src=\"https:\/\/mig.hsu-hh.de\/studbereich\/wp-content\/uploads\/sites\/769\/2023\/07\/StudBer-236x300.png\" alt=\"\" class=\"wp-image-349\" style=\"object-fit:contain;width:138px;height:175px\"\/><\/a><\/figure>\n<\/div>\n\n\n<p class=\"has-text-align-center\"><a href=\"https:\/\/www.hsu-hh.de\/studbereich\/kontakt#StudBer\" data-type=\"link\" data-id=\"https:\/\/www.hsu-hh.de\/studbereich\/kontakt#StudBer\">Studierendenbereich<\/a><\/p>\n\n\n\n<div style=\"height:30px\" aria-hidden=\"true\" class=\"wp-block-spacer\"><\/div>\n\n\n\n<div class=\"wp-block-columns is-not-stacked-on-mobile is-layout-flex wp-container-core-columns-is-layout-9d6595d7 wp-block-columns-is-layout-flex\">\n<div class=\"wp-block-column is-layout-flow wp-block-column-is-layout-flow\"><\/div>\n\n\n\n<div class=\"wp-block-column is-vertically-aligned-top is-layout-flow wp-block-column-is-layout-flow\"><div class=\"wp-block-image\">\n<figure class=\"aligncenter size-medium is-resized\"><img decoding=\"async\" src=\"https:\/\/mig.hsu-hh.de\/studbereich\/wp-content\/uploads\/sites\/769\/2023\/08\/T-Kopfueber@350x-100-edited-300x300.jpg\" alt=\"\" class=\"wp-image-577\" style=\"width:75px;height:75px\"\/><\/figure>\n<\/div><\/div>\n\n\n\n<div class=\"wp-block-column is-vertically-aligned-top is-layout-flow wp-block-column-is-layout-flow\"><div class=\"wp-block-image\">\n<figure class=\"aligncenter size-medium is-resized\"><a href=\"https:\/\/www.hsu-hh.de\/studbereich\/stab-studierendenbereich\"><img decoding=\"async\" src=\"https:\/\/mig.hsu-hh.de\/studbereich\/wp-content\/uploads\/sites\/769\/2023\/07\/StudBer-236x300.png\" alt=\"\" class=\"wp-image-349\" style=\"object-fit:contain;width:97px;height:125px\"\/><\/a><\/figure>\n<\/div>\n\n\n<p class=\"has-text-align-center\"><a href=\"https:\/\/www.hsu-hh.de\/studbereich\/stab-studierendenbereich\" data-type=\"link\" data-id=\"https:\/\/www.hsu-hh.de\/studbereich\/stab-studierendenbereich\">Stab<\/a><\/p>\n<\/div>\n<\/div>\n\n\n\n<div class=\"wp-block-columns is-not-stacked-on-mobile is-layout-flex wp-container-core-columns-is-layout-9d6595d7 wp-block-columns-is-layout-flex\">\n<div class=\"wp-block-column is-layout-flow wp-block-column-is-layout-flow\"><div class=\"wp-block-image\">\n<figure class=\"aligncenter size-medium is-resized\"><img decoding=\"async\" src=\"https:\/\/mig.hsu-hh.de\/studbereich\/wp-content\/uploads\/sites\/769\/2023\/08\/rechts-unten@350x-100-300x300.jpg\" data-credit=\"\" alt=\"\" class=\"wp-image-493\" style=\"width:75px;height:75px\"\/><\/figure>\n<\/div><\/div>\n\n\n\n<div class=\"wp-block-column is-vertically-aligned-top is-layout-flow wp-block-column-is-layout-flow\"><div class=\"wp-block-image\">\n<figure class=\"aligncenter size-medium is-resized\"><img decoding=\"async\" src=\"https:\/\/mig.hsu-hh.de\/studbereich\/wp-content\/uploads\/sites\/769\/2023\/08\/Kreuz@350x-100-300x300.jpg\" alt=\"\" class=\"wp-image-491\" style=\"width:75px;height:75px\"\/><\/figure>\n<\/div><\/div>\n\n\n\n<div class=\"wp-block-column is-layout-flow wp-block-column-is-layout-flow\"><div class=\"wp-block-image\">\n<figure class=\"aligncenter size-medium is-resized\"><img decoding=\"async\" src=\"https:\/\/mig.hsu-hh.de\/studbereich\/wp-content\/uploads\/sites\/769\/2023\/08\/links-unten@350x-100-300x300.jpg\" alt=\"\" class=\"wp-image-492\" style=\"width:75px;height:75px\"\/><\/figure>\n<\/div><\/div>\n<\/div>\n\n\n\n<div style=\"height:30px\" aria-hidden=\"true\" class=\"wp-block-spacer\"><\/div>\n\n\n\n<div class=\"wp-block-columns is-not-stacked-on-mobile is-layout-flex wp-container-core-columns-is-layout-9d6595d7 wp-block-columns-is-layout-flex\">\n<div class=\"wp-block-column is-layout-flow wp-block-column-is-layout-flow\"><div class=\"wp-block-image\">\n<figure class=\"aligncenter size-medium is-resized\"><a href=\"https:\/\/www.hsu-hh.de\/studbereich\/studierendenfachbereich-a\"><img decoding=\"async\" src=\"https:\/\/mig.hsu-hh.de\/studbereich\/wp-content\/uploads\/sites\/769\/2023\/07\/Alpha-300x289.png\" alt=\"\" class=\"wp-image-350\" style=\"object-fit:contain;width:131px;height:125px\"\/><\/a><\/figure>\n<\/div>\n\n\n<p class=\"has-text-align-center\"><a href=\"https:\/\/www.hsu-hh.de\/studbereich\/studierendenfachbereich-a\" data-type=\"link\" data-id=\"https:\/\/www.hsu-hh.de\/studbereich\/studierendenfachbereich-a\">StudFBer A<\/a><\/p>\n<\/div>\n\n\n\n<div class=\"wp-block-column is-layout-flow wp-block-column-is-layout-flow\"><div class=\"wp-block-image\">\n<figure class=\"aligncenter size-medium is-resized\"><a href=\"https:\/\/www.hsu-hh.de\/studbereich\/studierendenfachbereich-b\"><img decoding=\"async\" src=\"https:\/\/mig.hsu-hh.de\/studbereich\/wp-content\/uploads\/sites\/769\/2023\/07\/Bravo-235x300.png\" alt=\"\" class=\"wp-image-351\" style=\"object-fit:contain;width:99px;height:125px\"\/><\/a><\/figure>\n<\/div>\n\n\n<p class=\"has-text-align-center\"><a href=\"https:\/\/www.hsu-hh.de\/studbereich\/studierendenfachbereich-b\" data-type=\"link\" data-id=\"https:\/\/www.hsu-hh.de\/studbereich\/studierendenfachbereich-b\">StudFBer B<\/a><\/p>\n<\/div>\n\n\n\n<div class=\"wp-block-column is-layout-flow wp-block-column-is-layout-flow\"><div class=\"wp-block-image\">\n<figure class=\"aligncenter size-medium is-resized\"><a href=\"https:\/\/www.hsu-hh.de\/studbereich\/studierendenfachbereich-c\"><img decoding=\"async\" src=\"https:\/\/mig.hsu-hh.de\/studbereich\/wp-content\/uploads\/sites\/769\/2023\/07\/Charlie-257x300.png\" alt=\"\" class=\"wp-image-352\" style=\"object-fit:contain;width:106px;height:125px\"\/><\/a><\/figure>\n<\/div>\n\n\n<p class=\"has-text-align-center\"><a href=\"https:\/\/www.hsu-hh.de\/studbereich\/studierendenfachbereich-c\" data-type=\"link\" data-id=\"https:\/\/www.hsu-hh.de\/studbereich\/studierendenfachbereich-c\">StudFBer C<\/a><\/p>\n<\/div>\n<\/div>\n<\/div>\n\n\n\n<div class=\"wp-block-column is-layout-flow wp-block-column-is-layout-flow\" style=\"flex-basis:15%\"><\/div>\n<\/div>\n\n\n\n<div style=\"height:30px\" aria-hidden=\"true\" class=\"wp-block-spacer\"><\/div>\n\n\n\n<h1 class=\"wp-block-heading\">Studierendenbereich<\/h1>\n\n\n\n<h2 class=\"wp-block-heading\">Milit\u00e4rische Heimat der Studierenden<\/h2>\n\n\n\n<p>Die studierenden Offiziere <abbr title=\"beziehungsweise\">bzw.<\/abbr> Offizieranw\u00e4rter und Offizieranw\u00e4rterinnen (StudOffz\/OA) sowie das milit\u00e4rische und zivile Stammpersonal sind im Studierendenbereich (StudBer) organisatorisch zusammengefasst.<br>Er wird von dem Leiter bzw Leiterin Studierendendenbereich (LtrStudBer) im Dienstgrad Oberst\/Kapit\u00e4n zur See (A16) gef\u00fchrt und gliedert sich in drei Studierendenfachbereiche (StudFBer) und den Stab (vergleichbar Regiment).<br>Der StudBer ist die milit\u00e4rische Abteilung an der <abbr title=\"Helmut Schmidt Universit\u00e4t\">HSU<\/abbr>\/UniBw Hamburg und w\u00e4hrend der Zeit des Studiums die milit\u00e4rische Heimat der StudOffz\/OA.<\/p>\n\n\n\n<h2 class=\"wp-block-heading\">Auftrag<\/h2>\n\n\n\n<p>Der StudBer den Auftrag, die StudOffz\/OA truppendienstlich und disziplinar zu f\u00fchren. Dies bedeutet insbesondere:<\/p>\n\n\n\n<ul class=\"wp-block-list\">\n<li>die StudOffz\/OA im Zusammenwirken mit dem Akademischen Bereich zum Erreichen des Masterabschlusses innerhalb der Regelstudienzeit zu unterst\u00fctzen,<\/li>\n\n\n\n<li>das berufliche Selbstverst\u00e4ndnis der StudOffz\/OA zu festigen sowie die Pers\u00f6nlichkeit der zuk\u00fcnftigen, milit\u00e4rischen F\u00fchrungskraft im Zusammenwirken mit allen Akteuren <abbr title=\"Helmut Schmidt Universit\u00e4t\">HSU<\/abbr>\/UniBw Hamburg weiter zu entwickeln,<\/li>\n\n\n\n<li>im Zusammenwirken mit den Milit\u00e4rischen Organisationsbereichen (MilOrgBer) zur Bindung der StudOffz\/OA an die Bundeswehr beizutragen und<\/li>\n\n\n\n<li>die individuellen, milit\u00e4rischen sowie k\u00f6rperlichen Grundfertigkeiten und -f\u00e4higkeiten zu erhalten.<\/li>\n<\/ul>\n\n\n\n<h2 class=\"wp-block-heading\">Gemeinsam Wirken f\u00fcr die Bundeswehr<\/h2>\n\n\n\n<p>Das Studium ist der l\u00e4ngste Ausbildungsabschnitt in der Laufbahn der Offiziere und birgt somit vielf\u00e4ltige Ansatzpunkte, die StudOffz\/OA in besonderem Ma\u00dfe zu pr\u00e4gen und an die Bundeswehr zu binden.<br>Wir verstehen uns somit nicht nur als milit\u00e4rische Heimat sondern auch als Br\u00fcckenbauer zwischen wissenschaftlichen und milit\u00e4rischen Verpflichtungen der StudOffz\/OA.<br>Nur im gemeinsamen Wirken von akademischen und milit\u00e4rischen Bereich ist es m\u00f6glich, den Deutschen Streitkr\u00e4ften akademisch gebildete Offiziere als milit\u00e4rische F\u00fchrungskr\u00e4fte zur Verf\u00fcgung zu stellen.<\/p>\n","protected":false},"excerpt":{"rendered":"<p>Leiter Studierendenbereich Oberst Roman Lau Kontakt \u00b7 Curriculum Vitae Studierendenbereich Stab StudFBer A StudFBer B StudFBer C Studierendenbereich Milit\u00e4rische Heimat der Studierenden Die studierenden Offiziere bzw. Offizieranw\u00e4rter und Offizieranw\u00e4rterinnen (StudOffz\/OA) [&hellip;]<\/p>\n","protected":false},"author":2503,"featured_media":462,"parent":0,"menu_order":0,"comment_status":"closed","ping_status":"closed","template":"faculty.php","meta":{"footnotes":""},"categories":[35,10],"tags":[258,260,262,264,266],"class_list":["post-73","page","type-page","status-publish","has-post-thumbnail","hentry","category-startseite","category-ueber","tag-bundeswehr-de","tag-militaer-de","tag-military-de","tag-offizier-de","tag-student-de"],"_links":{"self":[{"href":"https:\/\/www.hsu-hh.de\/studbereich\/wp-json\/wp\/v2\/pages\/73","targetHints":{"allow":["GET"]}}],"collection":[{"href":"https:\/\/www.hsu-hh.de\/studbereich\/wp-json\/wp\/v2\/pages"}],"about":[{"href":"https:\/\/www.hsu-hh.de\/studbereich\/wp-json\/wp\/v2\/types\/page"}],"author":[{"embeddable":true,"href":"https:\/\/www.hsu-hh.de\/studbereich\/wp-json\/wp\/v2\/users\/2503"}],"replies":[{"embeddable":true,"href":"https:\/\/www.hsu-hh.de\/studbereich\/wp-json\/wp\/v2\/comments?post=73"}],"version-history":[{"count":40,"href":"https:\/\/www.hsu-hh.de\/studbereich\/wp-json\/wp\/v2\/pages\/73\/revisions"}],"predecessor-version":[{"id":1954,"href":"https:\/\/www.hsu-hh.de\/studbereich\/wp-json\/wp\/v2\/pages\/73\/revisions\/1954"}],"wp:featuredmedia":[{"embeddable":true,"href":"https:\/\/www.hsu-hh.de\/studbereich\/wp-json\/wp\/v2\/media\/462"}],"wp:attachment":[{"href":"https:\/\/www.hsu-hh.de\/studbereich\/wp-json\/wp\/v2\/media?parent=73"}],"wp:term":[{"taxonomy":"category","embeddable":true,"href":"https:\/\/www.hsu-hh.de\/studbereich\/wp-json\/wp\/v2\/categories?post=73"},{"taxonomy":"post_tag","embeddable":true,"href":"https:\/\/www.hsu-hh.de\/studbereich\/wp-json\/wp\/v2\/tags?post=73"}],"curies":[{"name":"wp","href":"https:\/\/api.w.org\/{rel}","templated":true}]}}