{"id":362,"date":"2021-11-24T10:42:56","date_gmt":"2021-11-24T09:42:56","guid":{"rendered":"https:\/\/www.hsu-hh.de\/studbereich\/?page_id=362"},"modified":"2025-10-01T14:37:59","modified_gmt":"2025-10-01T12:37:59","slug":"studfber","status":"publish","type":"page","link":"https:\/\/www.hsu-hh.de\/studbereich\/startseite\/studfber","title":{"rendered":"Studierendenfachbereich A"},"content":{"rendered":"<p>Im Studierendenfachbereich A sind die studierenden Offiziere \/ Offizieranw\u00e4rter \/ -innen der Studieng\u00e4nge&nbsp;<strong>Maschinenbau (<abbr title=\"Maschinenbau\">MB<\/abbr>), Elektrotechnik (<abbr title=\"Elektrotechnik\">ET<\/abbr>), Logistik (LOG), Bauingenieurwesen (BI) und Wirtschaftsingenieurwesen (<abbr title=\"Wirtschaftsingenieurwesen\">WI<\/abbr>)<\/strong>&nbsp;truppendienstlich und organisatorisch zusammengefasst. Zu den Aufgaben des Studierendenfachbereiches geh\u00f6ren alle Angelegenheiten in den Bereichen der F\u00fchrung, der Erziehung und der milit\u00e4rischen Aus- und Weiterbildung sowie F\u00fcrsorge, Betreuung und Personalbearbeitung.<\/p>\n<p>Der Studierendenfachbereich ist verantwortlich f\u00fcr die allgemeine milit\u00e4rische Ausbildung (Unterrichte, praktische milit\u00e4rische Ausbildung, Teilstreitkraftinformation) und unterst\u00fctzt bei der Durchf\u00fchrung der zus\u00e4tzlichen milit\u00e4rischen Ausbildung (freiwillige Teilnahme an Truppen\u00fcbungen, Schie\u00df- und Gefechtsausbildung). Als integraler Bestandteil der Universit\u00e4t der Bundeswehr arbeitet der Studierendenfachbereich eng mit den akademischen Fakult\u00e4ten Maschinenbau, rechnergest\u00fctzte Ingenieurwissenschaften und Elektrotechnik, sowie Anteilen der Fakult\u00e4t Wirtschafts- und Organisationswissenschaften zusammen.<\/p>\n<p>Die Leiterin des Studierendenfachbereiches ist Disziplinarvorgesetzte mit der Disziplinargewalt eines Bataillonskommandeurs. Sie ist verantwortlich f\u00fcr die F\u00fchrung, Erziehung und milit\u00e4rische Ausbildung der ihr unterstellten Soldaten.<\/p>\n<p>Der Leiterin des Studierendenfachbereiches unterstehen die f\u00fcnf Studierendenfachbereichsgruppen. Die Gruppenleiter verf\u00fcgen \u00fcber die Disziplinargewalt eines Kompaniechefs.<\/p>\n\n\n<hr class=\"wp-block-separator has-css-opacity\" \/>\n\n\n\n<h2 class=\"wp-block-heading has-text-align-center\">Struktur<\/h2>\n\n\n<div class=\"wp-block-image\">\n<figure class=\"aligncenter size-large\"><a href=\"https:\/\/www.hsu-hh.de\/studbereich\/kontakte\"><img loading=\"lazy\" decoding=\"async\" width=\"1024\" height=\"446\" src=\"https:\/\/www.hsu-hh.de\/studbereich\/wp-content\/uploads\/sites\/769\/2021\/07\/AlphaMitLog-1024x446.png\" data-credit=\"StudFBer A\" alt=\"Alpha mit Logistik\" class=\"wp-image-564\" srcset=\"https:\/\/www.hsu-hh.de\/studbereich\/wp-content\/uploads\/sites\/769\/2021\/07\/AlphaMitLog-1024x446.png 1024w, https:\/\/www.hsu-hh.de\/studbereich\/wp-content\/uploads\/sites\/769\/2021\/07\/AlphaMitLog-300x131.png 300w, https:\/\/www.hsu-hh.de\/studbereich\/wp-content\/uploads\/sites\/769\/2021\/07\/AlphaMitLog-768x335.png 768w, https:\/\/www.hsu-hh.de\/studbereich\/wp-content\/uploads\/sites\/769\/2021\/07\/AlphaMitLog-1536x669.png 1536w, https:\/\/www.hsu-hh.de\/studbereich\/wp-content\/uploads\/sites\/769\/2021\/07\/AlphaMitLog-1100x479.png 1100w, https:\/\/www.hsu-hh.de\/studbereich\/wp-content\/uploads\/sites\/769\/2021\/07\/AlphaMitLog.png 1712w\" sizes=\"auto, (max-width: 1024px) 100vw, 1024px\" \/><\/a><\/figure>\n<\/div>\n\n\n<hr class=\"wp-block-separator has-css-opacity\" \/>\n\n\n\n<h2 class=\"wp-block-heading has-text-align-center\">Leiter Studierendenfachbereich<\/h2>\n\n\n<script type=\"application\/ld+json\">[{\"@context\": \"https:\/\/www.schema.org\",\"@type\": \"Person\",\"name\": \"Fregattenkapit\u00e4n Matthias Christern\",\"worksFor\": [{\t\"@type\": \"Organization\",\t\"name\": \"Helmut-Schmidt-Universit\u00e4t\",\t\"url\": \"https:\/\/www.hsu-hh.de\"\t, \"department\": {\"@type\": \"Organization\",\t\t\t\t\t\"name\": \"Studierendenfachbereich A\",\t\t\t\t\t\"location\": {\t\t\t\t\t\t\"@type\": \"PostalAddress\",\t\t\t\t\t\t\"addressLocality\": \"\",        \t\t\t\t\"postalCode\": \"22043\",        \t\t\t\t\"streetAddress\": \"Holstenhofweg 85 , Geb\u00e4ude H04\"\t\t\t\t\t}},\t\"location\": {\t\t\"@type\": \"PostalAddress\",    \t\"addressLocality\": \"\",    \t\"postalCode\": \"22008\",    \t\"postOfficeBoxNumber\": \"700822\"\t}   }],\"image\": \"https:\/\/www.hsu-hh.de\/studbereich\/wp-content\/uploads\/sites\/769\/2025\/10\/20250929_SFB_A_FKpt_Christern_Portrait_CG_04-150x150.jpg\",\"telephone\": \"(040) 6541-4100\",\"faxNumber\": \"\",\"email\": \"HSUAlphaLtr@bundeswehr.org\"}]<\/script><div class=\"clearfix\"><\/div><div class=\"ansprechparter-container \" style=\"margin-top:1em; \"><div class=\"row ansprechpartner-item ansprechparter-header\" ><div class=\"col-xs-8 col-lg-12\" style=\"margin-bottom: 30px;\"><h3 class=\"ansprechparter-headline\">Fregattenkapit\u00e4n Matthias Christern<\/h3><\/div><\/div><div class=\"col-md-4 col-lg-3 col-xs-4 ansprechpartner-item floatright img-circle center-block\" style=\"margin-bottom: 30px;\"><div class=\"img-responsive-wrapper\"><img decoding=\"async\" src=\"https:\/\/www.hsu-hh.de\/studbereich\/wp-content\/uploads\/sites\/769\/2025\/10\/20250929_SFB_A_FKpt_Christern_Portrait_CG_04-150x150.jpg\" alt=\"\" class=\"img-circle img-responsive center-block\" \/><\/div><\/div><div class=\"col-md-12 col-lg-3 col-xs-12 ansprechpartner-item kontakt floatright\" style=\"margin-bottom: 30px; \"><div class=\"row\"><div class=\"col-xs-12 col-sm-6 col-lg-12\"><div class=\"row\"><div class=\"col-xs-4 col-lg-4 row-text bold\" >Raum:<\/div><div class=\" row-text\">213<\/div><\/div><\/div><div class=\"col-xs-12 col-sm-6 col-lg-12\"><div class=\"row\"><div class=\"col-xs-4 col-lg-4 row-text bold\">Telefon:<\/div><div class=\" row-text\">(040) 6541-4100<\/div><\/div><\/div><div class=\"col-xs-12 col-sm-6 col-lg-12\"><div class=\"row\"><div class=\"col-xs-4 col-lg-4 row-text bold\">E-Mail:<\/div><div class=\"row-text\" style=\"overflow:hidden; word-break: break-word\"><a href=\"mailto:HSUAlphaLtr@bundeswehr.org\" rel=\"nofollow\">HSUAlphaLtr@bundeswehr.org<\/a><\/div><\/div><\/div><\/div><\/div><div class=\"col-md-6 col-lg-3 col-xs-12 ansprechpartner-item anschrift floatright\" ><div class=\"row-headline\">Besucheranschrift<\/div><div class=\"dataBesucheranschrift\" style=\"\"><div class=\"row-text\">Helmut-Schmidt-Universit\u00e4t<\/div><div class=\"row-text\">Geb\u00e4ude H04<\/div><div class=\"row-text\">Holstenhofweg 85<\/div><div class=\"row-text\">22043 Hamburg<\/div><\/div><\/div><div class=\"col-md-6 col-lg-3 col-xs-12 ansprechpartner-item anschrift floatright\"><div class=\"row-headline\">Postanschrift<\/div><div class=\"dataPostanschrift\" style=\"\"><div class=\"row-text\">Helmut-Schmidt-Universit\u00e4t<\/div><div class=\"row-text\">Studierendenfachbereich A<\/div><div class=\"row-text\">Postfach 70 08 22<\/div><div class=\"row-text\">22008 Hamburg<\/div><\/div><\/div><\/div><div class=\"clearfix\"><\/div>","protected":false},"excerpt":{"rendered":"<p>Im Studierendenfachbereich A sind die studierenden Offiziere \/ Offizieranw\u00e4rter \/ -innen der Studieng\u00e4nge&nbsp;Maschinenbau (MB), Elektrotechnik (ET), Logistik (LOG), Bauingenieurwesen (BI) und Wirtschaftsingenieurwesen (WI)&nbsp;truppendienstlich und organisatorisch zusammengefasst. Zu den Aufgaben des [&hellip;]<\/p>\n","protected":false},"author":2743,"featured_media":0,"parent":73,"menu_order":1,"comment_status":"closed","ping_status":"closed","template":"","meta":{"footnotes":""},"categories":[10],"tags":[],"class_list":["post-362","page","type-page","status-publish","hentry","category-ueber"],"_links":{"self":[{"href":"https:\/\/www.hsu-hh.de\/studbereich\/wp-json\/wp\/v2\/pages\/362","targetHints":{"allow":["GET"]}}],"collection":[{"href":"https:\/\/www.hsu-hh.de\/studbereich\/wp-json\/wp\/v2\/pages"}],"about":[{"href":"https:\/\/www.hsu-hh.de\/studbereich\/wp-json\/wp\/v2\/types\/page"}],"author":[{"embeddable":true,"href":"https:\/\/www.hsu-hh.de\/studbereich\/wp-json\/wp\/v2\/users\/2743"}],"replies":[{"embeddable":true,"href":"https:\/\/www.hsu-hh.de\/studbereich\/wp-json\/wp\/v2\/comments?post=362"}],"version-history":[{"count":20,"href":"https:\/\/www.hsu-hh.de\/studbereich\/wp-json\/wp\/v2\/pages\/362\/revisions"}],"predecessor-version":[{"id":1987,"href":"https:\/\/www.hsu-hh.de\/studbereich\/wp-json\/wp\/v2\/pages\/362\/revisions\/1987"}],"up":[{"embeddable":true,"href":"https:\/\/www.hsu-hh.de\/studbereich\/wp-json\/wp\/v2\/pages\/73"}],"wp:attachment":[{"href":"https:\/\/www.hsu-hh.de\/studbereich\/wp-json\/wp\/v2\/media?parent=362"}],"wp:term":[{"taxonomy":"category","embeddable":true,"href":"https:\/\/www.hsu-hh.de\/studbereich\/wp-json\/wp\/v2\/categories?post=362"},{"taxonomy":"post_tag","embeddable":true,"href":"https:\/\/www.hsu-hh.de\/studbereich\/wp-json\/wp\/v2\/tags?post=362"}],"curies":[{"name":"wp","href":"https:\/\/api.w.org\/{rel}","templated":true}]}}