{"id":1644,"date":"2023-10-11T13:22:18","date_gmt":"2023-10-11T11:22:18","guid":{"rendered":"https:\/\/www.hsu-hh.de\/studbereich\/?page_id=1644"},"modified":"2026-03-19T11:41:14","modified_gmt":"2026-03-19T10:41:14","slug":"kontakt","status":"publish","type":"page","link":"https:\/\/www.hsu-hh.de\/studbereich\/studierendenfachbereich-c\/kontakt","title":{"rendered":"Kontakt Studierendenfachbereich C"},"content":{"rendered":"\n<figure class=\"wp-block-image size-full\"><img loading=\"lazy\" decoding=\"async\" width=\"1920\" height=\"400\" src=\"https:\/\/www.hsu-hh.de\/studbereich\/wp-content\/uploads\/sites\/769\/2023\/10\/Header-CHARLIE.png\" data-credit=\"HSU \/ TDI\" alt=\"CHARLIE\" class=\"wp-image-1577\" srcset=\"https:\/\/www.hsu-hh.de\/studbereich\/wp-content\/uploads\/sites\/769\/2023\/10\/Header-CHARLIE.png 1920w, https:\/\/www.hsu-hh.de\/studbereich\/wp-content\/uploads\/sites\/769\/2023\/10\/Header-CHARLIE-300x63.png 300w, https:\/\/www.hsu-hh.de\/studbereich\/wp-content\/uploads\/sites\/769\/2023\/10\/Header-CHARLIE-1024x213.png 1024w, https:\/\/www.hsu-hh.de\/studbereich\/wp-content\/uploads\/sites\/769\/2023\/10\/Header-CHARLIE-768x160.png 768w, https:\/\/www.hsu-hh.de\/studbereich\/wp-content\/uploads\/sites\/769\/2023\/10\/Header-CHARLIE-1536x320.png 1536w, https:\/\/www.hsu-hh.de\/studbereich\/wp-content\/uploads\/sites\/769\/2023\/10\/Header-CHARLIE-1100x229.png 1100w\" sizes=\"auto, (max-width: 1920px) 100vw, 1920px\" \/><\/figure>\n\n\n\n<div class=\"wp-block-columns is-layout-flex wp-container-core-columns-is-layout-9d6595d7 wp-block-columns-is-layout-flex\">\n<div class=\"wp-block-column is-vertically-aligned-center is-layout-flow wp-block-column-is-layout-flow\">\n<h2 class=\"wp-block-heading has-text-align-center\">Leiter Studierendenfachbereich C<\/h2>\n\n\n\n<p class=\"has-text-align-center\">Oberstleutnant Hendrik J\u00e4nicke<\/p>\n<\/div>\n\n\n\n<div class=\"wp-block-column is-vertically-aligned-center is-layout-flow wp-block-column-is-layout-flow\">\n<p><strong>Tel.:<\/strong> (040) 6541- 4700<br><strong>Fax: <\/strong>(040) 6541- 4799<br><strong>E-Mail:<\/strong> <a href=\"mailto:UniBwHamburgStudFBerCLtr@bundeswehr.org\" data-type=\"mailto\" data-id=\"mailto:UniBwHamburgStudFBerCLtr@bundeswehr.org\" rel='nofollow'><abbr title=\"Universit\u00e4t der Bundeswehr Hamburg\">UniBwH<\/abbr> Charlie<\/a><\/p>\n<\/div>\n<\/div>\n\n\n\n<hr class=\"wp-block-separator has-alpha-channel-opacity\"\/>\n\n\n\n<div style=\"height:25px\" aria-hidden=\"true\" class=\"wp-block-spacer\"><\/div>\n\n\n\n<div class=\"wp-block-columns is-layout-flex wp-container-core-columns-is-layout-9d6595d7 wp-block-columns-is-layout-flex\">\n<div class=\"wp-block-column is-layout-flow wp-block-column-is-layout-flow\">\n<h3 class=\"wp-block-heading has-text-align-left\">Spie\u00df Charlie<\/h3>\n<\/div>\n\n\n\n<div class=\"wp-block-column is-vertically-aligned-bottom is-layout-flow wp-block-column-is-layout-flow\">\n<p><strong>Tel.:<\/strong> (040) 6541- 4701<br><strong>E-Mail:<\/strong> <a href=\"mailto:HSUCharlie@bundeswehr.org\" data-type=\"mailto\" data-id=\"mailto:HSUCharlie@bundeswehr.org\" rel='nofollow'><abbr title=\"Universit\u00e4t der Bundeswehr Hamburg\">UniBwH<\/abbr> Spie\u00df Charlie<\/a><\/p>\n<\/div>\n<\/div>\n\n\n\n<div style=\"height:25px\" aria-hidden=\"true\" class=\"wp-block-spacer\"><\/div>\n\n\n\n<hr class=\"wp-block-separator has-alpha-channel-opacity\"\/>\n\n\n\n<div style=\"height:25px\" aria-hidden=\"true\" id=\"1C\" class=\"wp-block-spacer\"><\/div>\n\n\n\n<div class=\"wp-block-columns is-layout-flex wp-container-core-columns-is-layout-9d6595d7 wp-block-columns-is-layout-flex\">\n<div class=\"wp-block-column is-layout-flow wp-block-column-is-layout-flow\">\n<h3 class=\"wp-block-heading has-text-align-left\">Gruppenleiter 1\/C<\/h3>\n\n\n\n<p class=\"has-text-align-left\">Politikwissenschaften (<abbr title=\"Politikwissenschaften\">POL<\/abbr>)<\/p>\n<\/div>\n\n\n\n<div class=\"wp-block-column is-vertically-aligned-bottom is-layout-flow wp-block-column-is-layout-flow\">\n<p><strong>Tel.:<\/strong> (040) 6541- 4710<br><strong>E-Mail:<\/strong> <a href=\"mailto:HSU1C@bundeswehr.org\" data-type=\"mailto\" data-id=\"mailto:HSU1C@bundeswehr.org\" rel='nofollow'><abbr title=\"Universit\u00e4t der Bundeswehr Hamburg\">UniBwH<\/abbr> 1C<\/a><\/p>\n<\/div>\n<\/div>\n\n\n\n<div style=\"height:25px\" aria-hidden=\"true\" class=\"wp-block-spacer\"><\/div>\n\n\n\n<hr class=\"wp-block-separator has-alpha-channel-opacity\"\/>\n\n\n\n<div style=\"height:25px\" aria-hidden=\"true\" id=\"2C\" class=\"wp-block-spacer\"><\/div>\n\n\n\n<div class=\"wp-block-columns is-layout-flex wp-container-core-columns-is-layout-9d6595d7 wp-block-columns-is-layout-flex\">\n<div class=\"wp-block-column is-layout-flow wp-block-column-is-layout-flow\">\n<h3 class=\"wp-block-heading has-text-align-left\">Gruppenleiter 2\/C<\/h3>\n\n\n\n<p class=\"has-text-align-left\">Politikwissenschaften (<abbr title=\"Politikwissenschaften\">POL<\/abbr>)<\/p>\n<\/div>\n\n\n\n<div class=\"wp-block-column is-vertically-aligned-bottom is-layout-flow wp-block-column-is-layout-flow\">\n<p><strong>Tel.:<\/strong> (040) 6541- 4720<br><strong>E-Mail:<\/strong> <a href=\"mailto:HSU2C@bundeswehr.org\" data-type=\"mailto\" data-id=\"mailto:HSU2C@bundeswehr.org\" rel='nofollow'><abbr title=\"Universit\u00e4t der Bundeswehr Hamburg\">UniBwH<\/abbr> 2C<\/a><\/p>\n<\/div>\n<\/div>\n\n\n\n<div style=\"height:25px\" aria-hidden=\"true\" class=\"wp-block-spacer\"><\/div>\n\n\n\n<hr class=\"wp-block-separator has-alpha-channel-opacity\"\/>\n\n\n\n<div style=\"height:25px\" aria-hidden=\"true\" id=\"3C\" class=\"wp-block-spacer\"><\/div>\n\n\n\n<div class=\"wp-block-columns is-layout-flex wp-container-core-columns-is-layout-9d6595d7 wp-block-columns-is-layout-flex\">\n<div class=\"wp-block-column is-layout-flow wp-block-column-is-layout-flow\">\n<h3 class=\"wp-block-heading has-text-align-left\">Gruppenleiter 3\/C<\/h3>\n\n\n\n<p class=\"has-text-align-left\">Betriebswirtschaftslehre (<abbr title=\"Betriebswirtschaftslehre\">BWL<\/abbr>)<\/p>\n<\/div>\n\n\n\n<div class=\"wp-block-column is-vertically-aligned-bottom is-layout-flow wp-block-column-is-layout-flow\">\n<p><strong>Tel.:<\/strong> (040) 6541- 4730<br><strong>E-Mail:<\/strong> <a href=\"mailto:HSU3C@bundeswehr.org\" data-type=\"mailto\" data-id=\"mailto:HSU3C@bundeswehr.org\" rel='nofollow'><abbr title=\"Universit\u00e4t der Bundeswehr Hamburg\">UniBwH<\/abbr> 3C<\/a><\/p>\n<\/div>\n<\/div>\n\n\n\n<div style=\"height:25px\" aria-hidden=\"true\" class=\"wp-block-spacer\"><\/div>\n\n\n\n<hr class=\"wp-block-separator has-alpha-channel-opacity\"\/>\n\n\n\n<div style=\"height:25px\" aria-hidden=\"true\" id=\"4C\" class=\"wp-block-spacer\"><\/div>\n\n\n\n<div class=\"wp-block-columns is-layout-flex wp-container-core-columns-is-layout-9d6595d7 wp-block-columns-is-layout-flex\">\n<div class=\"wp-block-column is-layout-flow wp-block-column-is-layout-flow\">\n<h3 class=\"wp-block-heading has-text-align-left\">Gruppenleiter 4\/C<\/h3>\n\n\n\n<p class=\"has-text-align-left\">Betriebswirtschaftslehre (<abbr title=\"Betriebswirtschaftslehre\">BWL<\/abbr>)<\/p>\n<\/div>\n\n\n\n<div class=\"wp-block-column is-vertically-aligned-bottom is-layout-flow wp-block-column-is-layout-flow\">\n<p><strong>Tel.:<\/strong> (040) 6541- 4740<br><strong>E-Mail:<\/strong> <a href=\"mailto:HSU4C@bundeswehr.org\" data-type=\"mailto\" data-id=\"mailto:HSU4C@bundeswehr.org\" rel='nofollow'><abbr title=\"Universit\u00e4t der Bundeswehr Hamburg\">UniBwH<\/abbr> 4C<\/a><\/p>\n<\/div>\n<\/div>\n\n\n\n<div style=\"height:25px\" aria-hidden=\"true\" class=\"wp-block-spacer\"><\/div>\n\n\n\n<hr class=\"wp-block-separator has-alpha-channel-opacity\"\/>\n\n\n\n<div style=\"height:25px\" aria-hidden=\"true\" id=\"5C\" class=\"wp-block-spacer\"><\/div>\n\n\n\n<div class=\"wp-block-columns is-layout-flex wp-container-core-columns-is-layout-9d6595d7 wp-block-columns-is-layout-flex\">\n<div class=\"wp-block-column is-layout-flow wp-block-column-is-layout-flow\">\n<h3 class=\"wp-block-heading has-text-align-left\">Gruppenleiter 5\/C<\/h3>\n\n\n\n<p class=\"has-text-align-left\">Volkswirtschaftslehre (<abbr title=\"Volkswirtschaftslehre\">VWL<\/abbr>)<\/p>\n<\/div>\n\n\n\n<div class=\"wp-block-column is-vertically-aligned-bottom is-layout-flow wp-block-column-is-layout-flow\">\n<p><strong>Tel.:<\/strong> (040) 6541- 4750<br><strong>E-Mail:<\/strong> <a href=\"mailto:HSU5C@bundeswehr.org\" data-type=\"mailto\" data-id=\"mailto:HSU5C@bundeswehr.org\" rel='nofollow'><abbr title=\"Universit\u00e4t der Bundeswehr Hamburg\">UniBwH<\/abbr> 5C<\/a><\/p>\n<\/div>\n<\/div>\n\n\n\n<div style=\"height:25px\" aria-hidden=\"true\" class=\"wp-block-spacer\"><\/div>\n\n\n\n<hr class=\"wp-block-separator has-alpha-channel-opacity\"\/>\n\n\n\n<div style=\"height:25px\" aria-hidden=\"true\" id=\"6C\" class=\"wp-block-spacer\"><\/div>\n\n\n\n<div class=\"wp-block-columns is-layout-flex wp-container-core-columns-is-layout-9d6595d7 wp-block-columns-is-layout-flex\">\n<div class=\"wp-block-column is-layout-flow wp-block-column-is-layout-flow\">\n<h3 class=\"wp-block-heading has-text-align-left\">Gruppenleiter 6\/C<\/h3>\n\n\n\n<p class=\"has-text-align-left\">Betriebswirtschaftslehre (<abbr title=\"Betriebswirtschaftslehre\">BWL<\/abbr>)<\/p>\n<\/div>\n\n\n\n<div class=\"wp-block-column is-vertically-aligned-bottom is-layout-flow wp-block-column-is-layout-flow\">\n<p><strong>Tel.: <\/strong>(040) 6541- 4760<br><strong>E-Mail:<\/strong> <a href=\"mailto:HSU6C@bundeswehr.org\" data-type=\"mailto\" data-id=\"mailto:HSU6C@bundeswehr.org\" rel='nofollow'><abbr title=\"Universit\u00e4t der Bundeswehr Hamburg\">UniBwH<\/abbr> 6C<\/a><\/p>\n<\/div>\n<\/div>\n\n\n\n<div style=\"height:25px\" aria-hidden=\"true\" class=\"wp-block-spacer\"><\/div>\n\n\n\n<hr class=\"wp-block-separator has-alpha-channel-opacity\"\/>\n\n\n\n<div style=\"height:25px\" aria-hidden=\"true\" id=\"7C\" class=\"wp-block-spacer\"><\/div>\n\n\n\n<div class=\"wp-block-columns is-layout-flex wp-container-core-columns-is-layout-9d6595d7 wp-block-columns-is-layout-flex\">\n<div class=\"wp-block-column is-layout-flow wp-block-column-is-layout-flow\">\n<h3 class=\"wp-block-heading has-text-align-left\">Gruppenleiter 7\/C<\/h3>\n\n\n\n<p class=\"has-text-align-left\">Volkswirtschaftslehre (<abbr title=\"Volkswirtschaftslehre\">VWL<\/abbr>)<br>Betriebswirtschaftslehre (<abbr title=\"Betriebswirtschaftslehre\">BWL<\/abbr>)<\/p>\n<\/div>\n\n\n\n<div class=\"wp-block-column is-vertically-aligned-bottom is-layout-flow wp-block-column-is-layout-flow\">\n<p><strong>Tel.:<\/strong> (040) 6541- 4770<br><strong>E-Mail:<\/strong> <a href=\"mailto:HSU7C@bundeswehr.org\" data-type=\"mailto\" data-id=\"mailto:HSU7C@bundeswehr.org\" rel='nofollow'><abbr title=\"Universit\u00e4t der Bundeswehr Hamburg\">UniBwH<\/abbr> 7C<\/a><\/p>\n<\/div>\n<\/div>\n\n\n\n<div style=\"height:25px\" aria-hidden=\"true\" class=\"wp-block-spacer\"><\/div>\n\n\n\n<hr class=\"wp-block-separator has-alpha-channel-opacity\"\/>\n\n\n\n<div style=\"height:25px\" aria-hidden=\"true\" id=\"8C\" class=\"wp-block-spacer\"><\/div>\n\n\n\n<div class=\"wp-block-columns is-layout-flex wp-container-core-columns-is-layout-9d6595d7 wp-block-columns-is-layout-flex\">\n<div class=\"wp-block-column is-layout-flow wp-block-column-is-layout-flow\">\n<h3 class=\"wp-block-heading has-text-align-left\">Gruppenleiter 8\/C<\/h3>\n\n\n\n<p class=\"has-text-align-left\">Betriebswirtschaftslehre (<abbr title=\"Betriebswirtschaftslehre\">BWL<\/abbr>)<\/p>\n<\/div>\n\n\n\n<div class=\"wp-block-column is-vertically-aligned-bottom is-layout-flow wp-block-column-is-layout-flow\">\n<p><strong>Tel.:<\/strong> (040) 6541- 4780<br><strong>E-Mail:<\/strong> <a href=\"mailto:HSU8C@bundeswehr.org\" data-type=\"mailto\" data-id=\"mailto:HSU8C@bundeswehr.org\" rel='nofollow'><abbr title=\"Universit\u00e4t der Bundeswehr Hamburg\">UniBwH<\/abbr> 8C<\/a><\/p>\n<\/div>\n<\/div>\n\n\n\n<div style=\"height:25px\" aria-hidden=\"true\" class=\"wp-block-spacer\"><\/div>\n\n\n\n<hr class=\"wp-block-separator has-alpha-channel-opacity\"\/>\n\n\n\n<div class=\"wp-block-columns is-layout-flex wp-container-core-columns-is-layout-9d6595d7 wp-block-columns-is-layout-flex\">\n<div class=\"wp-block-column is-layout-flow wp-block-column-is-layout-flow\">\n<p><strong>Postanschrift:<br><\/strong>Helmut-Schmidt-Universit\u00e4t\/Universit\u00e4t der Bundeswehr Hamburg<br>Studierendenfachbereich C<br>Postfach 70 08 22<br>22008 Hamburg<\/p>\n<\/div>\n\n\n\n<div class=\"wp-block-column is-layout-flow wp-block-column-is-layout-flow\">\n<p><strong>Besucheranschrift:<\/strong><br>Helmut-Schmidt-Universit\u00e4t\/Universit\u00e4t der Bundeswehr Hamburg<br>Geb\u00e4ude 4<br>Stoltenstra\u00dfe 13<br>22119 Hamburg<\/p>\n<\/div>\n<\/div>\n","protected":false},"excerpt":{"rendered":"<p>Leiter Studierendenfachbereich C Oberstleutnant Hendrik J\u00e4nicke Tel.: (040) 6541- 4700Fax: (040) 6541- 4799E-Mail: UniBwH Charlie Spie\u00df Charlie Tel.: (040) 6541- 4701E-Mail: UniBwH Spie\u00df Charlie Gruppenleiter 1\/C Politikwissenschaften (POL) Tel.: (040) [&hellip;]<\/p>\n","protected":false},"author":2503,"featured_media":0,"parent":1085,"menu_order":1,"comment_status":"closed","ping_status":"closed","template":"","meta":{"footnotes":""},"categories":[4],"tags":[],"class_list":["post-1644","page","type-page","status-publish","hentry","category-forschung"],"_links":{"self":[{"href":"https:\/\/www.hsu-hh.de\/studbereich\/wp-json\/wp\/v2\/pages\/1644","targetHints":{"allow":["GET"]}}],"collection":[{"href":"https:\/\/www.hsu-hh.de\/studbereich\/wp-json\/wp\/v2\/pages"}],"about":[{"href":"https:\/\/www.hsu-hh.de\/studbereich\/wp-json\/wp\/v2\/types\/page"}],"author":[{"embeddable":true,"href":"https:\/\/www.hsu-hh.de\/studbereich\/wp-json\/wp\/v2\/users\/2503"}],"replies":[{"embeddable":true,"href":"https:\/\/www.hsu-hh.de\/studbereich\/wp-json\/wp\/v2\/comments?post=1644"}],"version-history":[{"count":24,"href":"https:\/\/www.hsu-hh.de\/studbereich\/wp-json\/wp\/v2\/pages\/1644\/revisions"}],"predecessor-version":[{"id":2011,"href":"https:\/\/www.hsu-hh.de\/studbereich\/wp-json\/wp\/v2\/pages\/1644\/revisions\/2011"}],"up":[{"embeddable":true,"href":"https:\/\/www.hsu-hh.de\/studbereich\/wp-json\/wp\/v2\/pages\/1085"}],"wp:attachment":[{"href":"https:\/\/www.hsu-hh.de\/studbereich\/wp-json\/wp\/v2\/media?parent=1644"}],"wp:term":[{"taxonomy":"category","embeddable":true,"href":"https:\/\/www.hsu-hh.de\/studbereich\/wp-json\/wp\/v2\/categories?post=1644"},{"taxonomy":"post_tag","embeddable":true,"href":"https:\/\/www.hsu-hh.de\/studbereich\/wp-json\/wp\/v2\/tags?post=1644"}],"curies":[{"name":"wp","href":"https:\/\/api.w.org\/{rel}","templated":true}]}}