{"id":1616,"date":"2023-10-11T12:22:59","date_gmt":"2023-10-11T10:22:59","guid":{"rendered":"https:\/\/www.hsu-hh.de\/studbereich\/?page_id=1616"},"modified":"2025-10-01T14:44:07","modified_gmt":"2025-10-01T12:44:07","slug":"kontakt","status":"publish","type":"page","link":"https:\/\/www.hsu-hh.de\/studbereich\/studierendenfachbereich-a\/kontakt","title":{"rendered":"Kontakt Studierendenfachbereich A"},"content":{"rendered":"\n<figure class=\"wp-block-image size-full\"><img loading=\"lazy\" decoding=\"async\" width=\"1920\" height=\"400\" src=\"https:\/\/www.hsu-hh.de\/studbereich\/wp-content\/uploads\/sites\/769\/2023\/10\/Header-ALPHA.png\" data-credit=\"HSU \/ TDI\" alt=\"ALPHA\" class=\"wp-image-1575\" srcset=\"https:\/\/www.hsu-hh.de\/studbereich\/wp-content\/uploads\/sites\/769\/2023\/10\/Header-ALPHA.png 1920w, https:\/\/www.hsu-hh.de\/studbereich\/wp-content\/uploads\/sites\/769\/2023\/10\/Header-ALPHA-300x63.png 300w, https:\/\/www.hsu-hh.de\/studbereich\/wp-content\/uploads\/sites\/769\/2023\/10\/Header-ALPHA-1024x213.png 1024w, https:\/\/www.hsu-hh.de\/studbereich\/wp-content\/uploads\/sites\/769\/2023\/10\/Header-ALPHA-768x160.png 768w, https:\/\/www.hsu-hh.de\/studbereich\/wp-content\/uploads\/sites\/769\/2023\/10\/Header-ALPHA-1536x320.png 1536w, https:\/\/www.hsu-hh.de\/studbereich\/wp-content\/uploads\/sites\/769\/2023\/10\/Header-ALPHA-1100x229.png 1100w\" sizes=\"auto, (max-width: 1920px) 100vw, 1920px\" \/><\/figure>\n\n\n\n<div class=\"wp-block-columns is-layout-flex wp-container-core-columns-is-layout-9d6595d7 wp-block-columns-is-layout-flex\">\n<div class=\"wp-block-column is-vertically-aligned-center is-layout-flow wp-block-column-is-layout-flow\">\n<h2 class=\"wp-block-heading has-text-align-center\">Leiter Studierendenfachbereich A<\/h2>\n\n\n<div class=\"wp-block-image\">\n<figure class=\"aligncenter size-large is-resized\"><img loading=\"lazy\" decoding=\"async\" width=\"1024\" height=\"683\" src=\"https:\/\/www.hsu-hh.de\/studbereich\/wp-content\/uploads\/sites\/769\/2025\/10\/20250929_SFB_A_FKpt_Christern_Portrait_CG_04-1024x683.jpg\" data-credit=\"Christian Gelhausen\/Bundeswehr\/H\" alt=\"\" class=\"wp-image-1984\" style=\"object-fit:cover;width:150px;height:201px\" srcset=\"https:\/\/www.hsu-hh.de\/studbereich\/wp-content\/uploads\/sites\/769\/2025\/10\/20250929_SFB_A_FKpt_Christern_Portrait_CG_04-1024x683.jpg 1024w, https:\/\/www.hsu-hh.de\/studbereich\/wp-content\/uploads\/sites\/769\/2025\/10\/20250929_SFB_A_FKpt_Christern_Portrait_CG_04-300x200.jpg 300w, https:\/\/www.hsu-hh.de\/studbereich\/wp-content\/uploads\/sites\/769\/2025\/10\/20250929_SFB_A_FKpt_Christern_Portrait_CG_04-768x512.jpg 768w, https:\/\/www.hsu-hh.de\/studbereich\/wp-content\/uploads\/sites\/769\/2025\/10\/20250929_SFB_A_FKpt_Christern_Portrait_CG_04-1536x1024.jpg 1536w, https:\/\/www.hsu-hh.de\/studbereich\/wp-content\/uploads\/sites\/769\/2025\/10\/20250929_SFB_A_FKpt_Christern_Portrait_CG_04-2048x1365.jpg 2048w, https:\/\/www.hsu-hh.de\/studbereich\/wp-content\/uploads\/sites\/769\/2025\/10\/20250929_SFB_A_FKpt_Christern_Portrait_CG_04-1100x733.jpg 1100w\" sizes=\"auto, (max-width: 1024px) 100vw, 1024px\" \/><\/figure>\n<\/div>\n\n\n<p class=\"has-text-align-center\">Fregattenkapit\u00e4n Matthias Christern<\/p>\n<\/div>\n\n\n\n<div class=\"wp-block-column is-vertically-aligned-center is-layout-flow wp-block-column-is-layout-flow\">\n<p><strong>Tel.:<\/strong> (040) 6541- 4102<br><strong>Fax:<\/strong> (040) 6541- 4199<br><strong>E-Mail:<\/strong> <a href=\"mailto:HSUAlpha@bundeswehr.org\" data-type=\"mailto\" data-id=\"mailto:HSUAlpha@bundeswehr.org\" rel='nofollow'><abbr title=\"Universit\u00e4t der Bundeswehr Hamburg\">UniBwH<\/abbr> Alpha<\/a><\/p>\n<\/div>\n<\/div>\n\n\n\n<hr class=\"wp-block-separator has-alpha-channel-opacity\" \/>\n\n\n\n<div style=\"height:25px\" aria-hidden=\"true\" class=\"wp-block-spacer\"><\/div>\n\n\n\n<div class=\"wp-block-columns is-layout-flex wp-container-core-columns-is-layout-9d6595d7 wp-block-columns-is-layout-flex\">\n<div class=\"wp-block-column is-vertically-aligned-top is-layout-flow wp-block-column-is-layout-flow\">\n<h3 class=\"wp-block-heading\">Spie\u00df Alpha<\/h3>\n<\/div>\n\n\n\n<div class=\"wp-block-column is-vertically-aligned-bottom is-layout-flow wp-block-column-is-layout-flow\">\n<p><strong>Tel.:<\/strong> (040) 6541- 4101<br><strong>E-Mail:<\/strong> <a href=\"mailto:HSUAlpha@bundeswehr.org\" data-type=\"mailto\" data-id=\"mailto:HSUAlpha@bundeswehr.org\" rel='nofollow'>Spie\u00df Alpha<\/a><\/p>\n<\/div>\n<\/div>\n\n\n\n<div style=\"height:25px\" aria-hidden=\"true\" class=\"wp-block-spacer\"><\/div>\n\n\n\n<hr class=\"wp-block-separator has-alpha-channel-opacity\" \/>\n\n\n\n<div style=\"height:25px\" aria-hidden=\"true\" id=\"1A\" class=\"wp-block-spacer\"><\/div>\n\n\n\n<div class=\"wp-block-columns is-layout-flex wp-container-core-columns-is-layout-9d6595d7 wp-block-columns-is-layout-flex\">\n<div class=\"wp-block-column is-layout-flow wp-block-column-is-layout-flow\">\n<h3 class=\"wp-block-heading has-text-align-left\">Gruppenleiter 1\/A<\/h3>\n\n\n\n<p class=\"has-text-align-left\">Maschinenbau (<abbr title=\"Maschinenbau\">MB<\/abbr>)<br>gerade JG<\/p>\n<\/div>\n\n\n\n<div class=\"wp-block-column is-vertically-aligned-bottom is-layout-flow wp-block-column-is-layout-flow\">\n<p><strong>Tel.:<\/strong> (040) 6541- 4110<br><strong>E-Mail:<\/strong> <a href=\"mailto:HSU1A@bundeswehr.org\" data-type=\"mailto\" data-id=\"mailto:HSU1A@bundeswehr.org\" rel='nofollow'><abbr title=\"Universit\u00e4t der Bundeswehr Hamburg\">UniBwH<\/abbr> 1A<\/a><\/p>\n<\/div>\n<\/div>\n\n\n\n<div style=\"height:25px\" aria-hidden=\"true\" class=\"wp-block-spacer\"><\/div>\n\n\n\n<hr class=\"wp-block-separator has-alpha-channel-opacity\" \/>\n\n\n\n<div style=\"height:25px\" aria-hidden=\"true\" id=\"2A\" class=\"wp-block-spacer\"><\/div>\n\n\n\n<div class=\"wp-block-columns is-layout-flex wp-container-core-columns-is-layout-9d6595d7 wp-block-columns-is-layout-flex\">\n<div class=\"wp-block-column is-layout-flow wp-block-column-is-layout-flow\">\n<h3 class=\"wp-block-heading has-text-align-left\">Gruppenleiter 2\/A<\/h3>\n\n\n\n<p class=\"has-text-align-left\">Maschinenbau (<abbr title=\"Maschinenbau\">MB<\/abbr>)<br>ungerade JG<\/p>\n<\/div>\n\n\n\n<div class=\"wp-block-column is-vertically-aligned-bottom is-layout-flow wp-block-column-is-layout-flow\">\n<p><strong>Tel.:<\/strong> (040) 6541- 4120<br><strong>E-Mail:<\/strong> <a href=\"mailto:HSU2A@bundeswehr.org\" data-type=\"mailto\" data-id=\"mailto:HSU2A@bundeswehr.org\" rel='nofollow'><abbr title=\"Universit\u00e4t der Bundeswehr Hamburg\">UniBwH<\/abbr> 2A<\/a><\/p>\n<\/div>\n<\/div>\n\n\n\n<div style=\"height:25px\" aria-hidden=\"true\" class=\"wp-block-spacer\"><\/div>\n\n\n\n<hr class=\"wp-block-separator has-alpha-channel-opacity\" \/>\n\n\n\n<div style=\"height:25px\" aria-hidden=\"true\" id=\"3A\" class=\"wp-block-spacer\"><\/div>\n\n\n\n<div class=\"wp-block-columns is-layout-flex wp-container-core-columns-is-layout-9d6595d7 wp-block-columns-is-layout-flex\">\n<div class=\"wp-block-column is-layout-flow wp-block-column-is-layout-flow\">\n<h3 class=\"wp-block-heading has-text-align-left\">Gruppenleiter 3\/A<\/h3>\n\n\n\n<p class=\"has-text-align-left\">Elektrotechnik (<abbr title=\"Elektrotechnik\">ET<\/abbr>)<br>Wirtschaftsingenieurwesen (<abbr title=\"Wirtschaftsingenieurwesen\">WI<\/abbr>)<br>Engineering Science (ES)<br>gerade JG<\/p>\n<\/div>\n\n\n\n<div class=\"wp-block-column is-vertically-aligned-bottom is-layout-flow wp-block-column-is-layout-flow\">\n<p><strong>Tel.:<\/strong> (040) 6541- 4130<br><strong>E-Mail:<\/strong> <a href=\"mailto:HSU3A@bundeswehr.org\" data-type=\"mailto\" data-id=\"mailto:HSU3A@bundeswehr.org\" rel='nofollow'><abbr title=\"Universit\u00e4t der Bundeswehr Hamburg\">UniBwH<\/abbr> 3A<\/a><\/p>\n<\/div>\n<\/div>\n\n\n\n<div style=\"height:25px\" aria-hidden=\"true\" class=\"wp-block-spacer\"><\/div>\n\n\n\n<hr class=\"wp-block-separator has-alpha-channel-opacity\" \/>\n\n\n\n<div style=\"height:25px\" aria-hidden=\"true\" id=\"4A\" class=\"wp-block-spacer\"><\/div>\n\n\n\n<div class=\"wp-block-columns is-layout-flex wp-container-core-columns-is-layout-9d6595d7 wp-block-columns-is-layout-flex\">\n<div class=\"wp-block-column is-layout-flow wp-block-column-is-layout-flow\">\n<h3 class=\"wp-block-heading has-text-align-left\">Gruppenleiter 4\/A<\/h3>\n\n\n\n<p class=\"has-text-align-left\">Elektrotechnik (<abbr title=\"Elektrotechnik\">ET<\/abbr>)<br>Wirtschaftsingenieurwesen (<abbr title=\"Wirtschaftsingenieurwesen\">WI<\/abbr>)<br>Engineering Science (ES)<br>ungerade JG<\/p>\n<\/div>\n\n\n\n<div class=\"wp-block-column is-vertically-aligned-bottom is-layout-flow wp-block-column-is-layout-flow\">\n<p><strong>Tel.:<\/strong> (040) 6541- 4140<br><strong>E-Mail:<\/strong> <a href=\"mailto:HSU4A@bundeswehr.org\" data-type=\"mailto\" data-id=\"mailto:HSU4A@bundeswehr.org\" rel='nofollow'><abbr title=\"Universit\u00e4t der Bundeswehr Hamburg\">UniBwH<\/abbr> 4A<\/a><\/p>\n<\/div>\n<\/div>\n\n\n\n<div style=\"height:25px\" aria-hidden=\"true\" class=\"wp-block-spacer\"><\/div>\n\n\n\n<hr class=\"wp-block-separator has-alpha-channel-opacity\" \/>\n\n\n\n<div style=\"height:25px\" aria-hidden=\"true\" id=\"5A\" class=\"wp-block-spacer\"><\/div>\n\n\n\n<div class=\"wp-block-columns is-layout-flex wp-container-core-columns-is-layout-9d6595d7 wp-block-columns-is-layout-flex\">\n<div class=\"wp-block-column is-layout-flow wp-block-column-is-layout-flow\">\n<h3 class=\"wp-block-heading has-text-align-left\">Gruppenleiter 5\/A<\/h3>\n\n\n\n<p class=\"has-text-align-left\">Logistik (LOG)<br>Bauingenieurwesen (BIW)<\/p>\n<\/div>\n\n\n\n<div class=\"wp-block-column is-vertically-aligned-bottom is-layout-flow wp-block-column-is-layout-flow\">\n<p><strong>Tel.:<\/strong> (040) 6541- 4150<br><strong>E-Mail:<\/strong> <a href=\"mailto:HSU5A@bundeswehr.org\" data-type=\"mailto\" data-id=\"mailto:HSU5A@bundeswehr.org\" rel='nofollow'><abbr title=\"Universit\u00e4t der Bundeswehr Hamburg\">UniBwH<\/abbr> 5A<\/a><\/p>\n<\/div>\n<\/div>\n\n\n\n<div style=\"height:25px\" aria-hidden=\"true\" class=\"wp-block-spacer\"><\/div>\n\n\n\n<hr class=\"wp-block-separator has-alpha-channel-opacity\" \/>\n\n\n\n<div class=\"wp-block-columns is-layout-flex wp-container-core-columns-is-layout-9d6595d7 wp-block-columns-is-layout-flex\">\n<div class=\"wp-block-column is-vertically-aligned-top is-layout-flow wp-block-column-is-layout-flow\">\n<p><strong>Postanschrift:<br><\/strong>Helmut-Schmidt-Universit\u00e4t\/Universit\u00e4t der Bundeswehr Hamburg<br>Studierendenfachbereich A<br>Postfach 70 08 22<br>22008 Hamburg<\/p>\n<\/div>\n\n\n\n<div class=\"wp-block-column is-layout-flow wp-block-column-is-layout-flow\">\n<p><strong>Besucheranschrift:<\/strong><br>Helmut-Schmidt-Universit\u00e4t\/Universit\u00e4t der Bundeswehr Hamburg<br>Douaumontbereich (DB)<br>Geb\u00e4ude H4<br>Holstenhofweg 85<br>22043 Hamburg<\/p>\n<\/div>\n<\/div>\n","protected":false},"excerpt":{"rendered":"<p>Leiter Studierendenfachbereich A Fregattenkapit\u00e4n Matthias Christern Tel.: (040) 6541- 4102Fax: (040) 6541- 4199E-Mail: UniBwH Alpha Spie\u00df Alpha Tel.: (040) 6541- 4101E-Mail: Spie\u00df Alpha Gruppenleiter 1\/A Maschinenbau (MB)gerade JG Tel.: (040) [&hellip;]<\/p>\n","protected":false},"author":2503,"featured_media":0,"parent":1080,"menu_order":1,"comment_status":"closed","ping_status":"closed","template":"","meta":{"footnotes":""},"categories":[4],"tags":[],"class_list":["post-1616","page","type-page","status-publish","hentry","category-forschung"],"_links":{"self":[{"href":"https:\/\/www.hsu-hh.de\/studbereich\/wp-json\/wp\/v2\/pages\/1616","targetHints":{"allow":["GET"]}}],"collection":[{"href":"https:\/\/www.hsu-hh.de\/studbereich\/wp-json\/wp\/v2\/pages"}],"about":[{"href":"https:\/\/www.hsu-hh.de\/studbereich\/wp-json\/wp\/v2\/types\/page"}],"author":[{"embeddable":true,"href":"https:\/\/www.hsu-hh.de\/studbereich\/wp-json\/wp\/v2\/users\/2503"}],"replies":[{"embeddable":true,"href":"https:\/\/www.hsu-hh.de\/studbereich\/wp-json\/wp\/v2\/comments?post=1616"}],"version-history":[{"count":25,"href":"https:\/\/www.hsu-hh.de\/studbereich\/wp-json\/wp\/v2\/pages\/1616\/revisions"}],"predecessor-version":[{"id":1991,"href":"https:\/\/www.hsu-hh.de\/studbereich\/wp-json\/wp\/v2\/pages\/1616\/revisions\/1991"}],"up":[{"embeddable":true,"href":"https:\/\/www.hsu-hh.de\/studbereich\/wp-json\/wp\/v2\/pages\/1080"}],"wp:attachment":[{"href":"https:\/\/www.hsu-hh.de\/studbereich\/wp-json\/wp\/v2\/media?parent=1616"}],"wp:term":[{"taxonomy":"category","embeddable":true,"href":"https:\/\/www.hsu-hh.de\/studbereich\/wp-json\/wp\/v2\/categories?post=1616"},{"taxonomy":"post_tag","embeddable":true,"href":"https:\/\/www.hsu-hh.de\/studbereich\/wp-json\/wp\/v2\/tags?post=1616"}],"curies":[{"name":"wp","href":"https:\/\/api.w.org\/{rel}","templated":true}]}}