{"id":1103,"date":"2023-09-25T10:22:39","date_gmt":"2023-09-25T08:22:39","guid":{"rendered":"https:\/\/www.hsu-hh.de\/studbereich\/?page_id=1103"},"modified":"2023-11-06T06:21:51","modified_gmt":"2023-11-06T05:21:51","slug":"stab-studierendenbereich","status":"publish","type":"page","link":"https:\/\/www.hsu-hh.de\/studbereich\/stab-studierendenbereich","title":{"rendered":"Stab Studierendenbereich"},"content":{"rendered":"\n<figure class=\"wp-block-image size-full\"><img loading=\"lazy\" decoding=\"async\" width=\"1920\" height=\"400\" src=\"https:\/\/www.hsu-hh.de\/studbereich\/wp-content\/uploads\/sites\/769\/2023\/10\/Header-Stab-Studierendenbereich.png\" data-credit=\"HSU \/ TDI\" alt=\"Stab Studierendenbereich\" class=\"wp-image-1566\" srcset=\"https:\/\/www.hsu-hh.de\/studbereich\/wp-content\/uploads\/sites\/769\/2023\/10\/Header-Stab-Studierendenbereich.png 1920w, https:\/\/www.hsu-hh.de\/studbereich\/wp-content\/uploads\/sites\/769\/2023\/10\/Header-Stab-Studierendenbereich-300x63.png 300w, https:\/\/www.hsu-hh.de\/studbereich\/wp-content\/uploads\/sites\/769\/2023\/10\/Header-Stab-Studierendenbereich-1024x213.png 1024w, https:\/\/www.hsu-hh.de\/studbereich\/wp-content\/uploads\/sites\/769\/2023\/10\/Header-Stab-Studierendenbereich-768x160.png 768w, https:\/\/www.hsu-hh.de\/studbereich\/wp-content\/uploads\/sites\/769\/2023\/10\/Header-Stab-Studierendenbereich-1536x320.png 1536w, https:\/\/www.hsu-hh.de\/studbereich\/wp-content\/uploads\/sites\/769\/2023\/10\/Header-Stab-Studierendenbereich-1100x229.png 1100w\" sizes=\"auto, (max-width: 1920px) 100vw, 1920px\" \/><\/figure>\n\n\n\n<h2 class=\"wp-block-heading has-text-align-center\">Chef des Stabes<\/h2>\n\n\n\n<div style=\"height:30px\" aria-hidden=\"true\" class=\"wp-block-spacer\"><\/div>\n\n\n<div class=\"wp-block-image is-style-default\">\n<figure class=\"aligncenter size-full is-resized\"><img loading=\"lazy\" decoding=\"async\" src=\"https:\/\/mig.hsu-hh.de\/studbereich\/wp-content\/uploads\/sites\/769\/2023\/07\/Ltr.-Stab-Waterholter-768x1024-1.jpeg\" alt=\"\" class=\"wp-image-437\" style=\"width:300px;height:400px\" width=\"300\" height=\"400\"\/><\/figure>\n<\/div>\n\n\n<div style=\"height:15px\" aria-hidden=\"true\" class=\"wp-block-spacer\"><\/div>\n\n\n\n<p class=\"has-text-align-center\">Oberstleutnant Thomas Waterholter<\/p>\n\n\n\n<p class=\"has-text-align-center\"><a href=\"https:\/\/www.hsu-hh.de\/studbereich\/kontakt#StabStudBer\" data-type=\"link\" data-id=\"https:\/\/www.hsu-hh.de\/studbereich\/kontakt#StabStudBer\">Kontakt<\/a><\/p>\n\n\n\n<div style=\"height:30px\" aria-hidden=\"true\" class=\"wp-block-spacer\"><\/div>\n\n\n\n<hr class=\"wp-block-separator has-alpha-channel-opacity is-style-default\"\/>\n\n\n\n<div style=\"height:30px\" aria-hidden=\"true\" class=\"wp-block-spacer\"><\/div>\n\n\n\n<div class=\"wp-block-columns is-layout-flex wp-container-core-columns-is-layout-9d6595d7 wp-block-columns-is-layout-flex\">\n<div class=\"wp-block-column is-layout-flow wp-block-column-is-layout-flow\" style=\"flex-basis:15%\"><\/div>\n\n\n\n<div class=\"wp-block-column is-layout-flow wp-block-column-is-layout-flow\" style=\"flex-basis:70%\">\n<div class=\"wp-block-columns is-layout-flex wp-container-core-columns-is-layout-9d6595d7 wp-block-columns-is-layout-flex\">\n<div class=\"wp-block-column is-vertically-aligned-top is-layout-flow wp-block-column-is-layout-flow\"><div class=\"wp-block-image\">\n<figure class=\"aligncenter size-large is-resized\"><a href=\"https:\/\/www.hsu-hh.de\/studbereich\/kontakt#StabStudBer\"><img loading=\"lazy\" decoding=\"async\" src=\"https:\/\/mig.hsu-hh.de\/studbereich\/wp-content\/uploads\/sites\/769\/2023\/07\/StudBer-804x1024.png\" alt=\"\" class=\"wp-image-349\" style=\"object-fit:contain;width:150px;height:175px\" width=\"150\" height=\"175\"\/><\/a><\/figure>\n<\/div>\n\n\n<p class=\"has-text-align-center\"><a href=\"https:\/\/www.hsu-hh.de\/studbereich\/kontakt#StabStudBer\" data-type=\"link\" data-id=\"https:\/\/www.hsu-hh.de\/studbereich\/kontakt#StabStudBer\">StabStudBer<\/a><\/p>\n\n\n\n<div style=\"height:30px\" aria-hidden=\"true\" class=\"wp-block-spacer\"><\/div>\n\n\n\n<div class=\"wp-block-columns is-not-stacked-on-mobile is-layout-flex wp-container-core-columns-is-layout-9d6595d7 wp-block-columns-is-layout-flex\">\n<div class=\"wp-block-column is-layout-flow wp-block-column-is-layout-flow\"><div class=\"wp-block-image\">\n<figure class=\"aligncenter size-medium is-resized\"><img loading=\"lazy\" decoding=\"async\" src=\"https:\/\/mig.hsu-hh.de\/studbereich\/wp-content\/uploads\/sites\/769\/2023\/08\/rechts-unten@350x-100-300x300.jpg\" data-credit=\"\" alt=\"\" class=\"wp-image-493\" style=\"width:75px;height:75px\" width=\"75\" height=\"75\"\/><\/figure>\n<\/div><\/div>\n\n\n\n<div class=\"wp-block-column is-vertically-aligned-top is-layout-flow wp-block-column-is-layout-flow\"><div class=\"wp-block-image\">\n<figure class=\"aligncenter size-medium is-resized\"><img loading=\"lazy\" decoding=\"async\" src=\"https:\/\/mig.hsu-hh.de\/studbereich\/wp-content\/uploads\/sites\/769\/2023\/08\/Kreuz@350x-100-300x300.jpg\" alt=\"\" class=\"wp-image-491\" style=\"width:75px;height:75px\" width=\"75\" height=\"75\"\/><\/figure>\n<\/div><\/div>\n\n\n\n<div class=\"wp-block-column is-layout-flow wp-block-column-is-layout-flow\"><div class=\"wp-block-image\">\n<figure class=\"aligncenter size-medium is-resized\"><img loading=\"lazy\" decoding=\"async\" src=\"https:\/\/mig.hsu-hh.de\/studbereich\/wp-content\/uploads\/sites\/769\/2023\/08\/links-unten@350x-100-300x300.jpg\" alt=\"\" class=\"wp-image-492\" style=\"width:75px;height:75px\" width=\"75\" height=\"75\"\/><\/figure>\n<\/div><\/div>\n<\/div>\n\n\n\n<div style=\"height:30px\" aria-hidden=\"true\" class=\"wp-block-spacer\"><\/div>\n\n\n\n<div class=\"wp-block-columns is-not-stacked-on-mobile is-layout-flex wp-container-core-columns-is-layout-9d6595d7 wp-block-columns-is-layout-flex\">\n<div class=\"wp-block-column is-layout-flow wp-block-column-is-layout-flow\"><div class=\"wp-block-image\">\n<figure class=\"aligncenter size-full is-resized\"><a href=\"https:\/\/www.hsu-hh.de\/studbereich\/kontakt#S1\"><img loading=\"lazy\" decoding=\"async\" src=\"https:\/\/mig.hsu-hh.de\/studbereich\/wp-content\/uploads\/sites\/769\/2023\/07\/S1.png\" alt=\"\" class=\"wp-image-389\" style=\"object-fit:contain;width:130px;height:57px\" width=\"130\" height=\"57\"\/><\/a><\/figure>\n<\/div>\n\n\n<p class=\"has-text-align-center\"><a href=\"https:\/\/www.hsu-hh.de\/studbereich\/kontakt#S1\" data-type=\"link\" data-id=\"https:\/\/www.hsu-hh.de\/studbereich\/kontakt#S1\">StAbt 1:<br>Personalangelegenheiten<\/a><\/p>\n<\/div>\n\n\n\n<div class=\"wp-block-column is-layout-flow wp-block-column-is-layout-flow\"><div class=\"wp-block-image\">\n<figure class=\"aligncenter size-full is-resized\"><a href=\"https:\/\/www.hsu-hh.de\/studbereich\/kontakt#S2\"><img loading=\"lazy\" decoding=\"async\" src=\"https:\/\/mig.hsu-hh.de\/studbereich\/wp-content\/uploads\/sites\/769\/2023\/07\/S2.png\" alt=\"\" class=\"wp-image-393\" style=\"object-fit:contain;width:130px;height:59px\" width=\"130\" height=\"59\"\/><\/a><\/figure>\n<\/div>\n\n\n<p class=\"has-text-align-center\"><a href=\"https:\/\/www.hsu-hh.de\/studbereich\/kontakt#S2\" data-type=\"link\" data-id=\"https:\/\/www.hsu-hh.de\/studbereich\/kontakt#S2\">StAbt 2:<br>Milit\u00e4rische Sicherheit<\/a><\/p>\n<\/div>\n\n\n\n<div class=\"wp-block-column is-layout-flow wp-block-column-is-layout-flow\"><div class=\"wp-block-image\">\n<figure class=\"aligncenter size-full is-resized\"><a href=\"https:\/\/www.hsu-hh.de\/studbereich\/kontakt#S3\"><img loading=\"lazy\" decoding=\"async\" src=\"https:\/\/mig.hsu-hh.de\/studbereich\/wp-content\/uploads\/sites\/769\/2023\/07\/S3.png\" alt=\"\" class=\"wp-image-391\" style=\"object-fit:contain;width:130px;height:60px\" width=\"130\" height=\"60\"\/><\/a><\/figure>\n<\/div>\n\n\n<p class=\"has-text-align-center\"><a href=\"https:\/\/www.hsu-hh.de\/studbereich\/kontakt#S3\" data-type=\"link\" data-id=\"https:\/\/www.hsu-hh.de\/studbereich\/kontakt#S3\">StAbt 3:<br>Ausbildung und Organisation<\/a><\/p>\n<\/div>\n<\/div>\n\n\n\n<div style=\"height:30px\" aria-hidden=\"true\" class=\"wp-block-spacer\"><\/div>\n\n\n\n<div class=\"wp-block-columns is-not-stacked-on-mobile is-layout-flex wp-container-core-columns-is-layout-9d6595d7 wp-block-columns-is-layout-flex\">\n<div class=\"wp-block-column is-layout-flow wp-block-column-is-layout-flow\"><div class=\"wp-block-image\">\n<figure class=\"aligncenter size-full is-resized\"><a href=\"https:\/\/www.hsu-hh.de\/studbereich\/kontakt#S4\"><img loading=\"lazy\" decoding=\"async\" src=\"https:\/\/mig.hsu-hh.de\/studbereich\/wp-content\/uploads\/sites\/769\/2023\/07\/S4.png\" alt=\"\" class=\"wp-image-392\" style=\"object-fit:contain;width:130px;height:59px\" width=\"130\" height=\"59\"\/><\/a><\/figure>\n<\/div>\n\n\n<p class=\"has-text-align-center\"><a href=\"https:\/\/www.hsu-hh.de\/studbereich\/kontakt#S4\" data-type=\"link\" data-id=\"https:\/\/www.hsu-hh.de\/studbereich\/kontakt#S4\">StAbt 4:<br>Logistik<\/a><\/p>\n<\/div>\n\n\n\n<div class=\"wp-block-column is-layout-flow wp-block-column-is-layout-flow\"><div class=\"wp-block-image\">\n<figure class=\"aligncenter size-full is-resized\"><a href=\"https:\/\/www.hsu-hh.de\/studbereich\/kontakt#S6\"><img loading=\"lazy\" decoding=\"async\" src=\"https:\/\/mig.hsu-hh.de\/studbereich\/wp-content\/uploads\/sites\/769\/2023\/07\/S6.png\" alt=\"\" class=\"wp-image-390\" style=\"object-fit:contain;width:130px;height:59px\" width=\"130\" height=\"59\"\/><\/a><\/figure>\n<\/div>\n\n\n<p class=\"has-text-align-center\"><a href=\"https:\/\/www.hsu-hh.de\/studbereich\/kontakt#S6\" data-type=\"link\" data-id=\"https:\/\/www.hsu-hh.de\/studbereich\/kontakt#S6\">StAbt 6:<br>Informationstechnik und Datenverarbeitung<\/a><\/p>\n<\/div>\n\n\n\n<div class=\"wp-block-column is-layout-flow wp-block-column-is-layout-flow\"><\/div>\n<\/div>\n<\/div>\n<\/div>\n<\/div>\n\n\n\n<div class=\"wp-block-column is-layout-flow wp-block-column-is-layout-flow\" style=\"flex-basis:15%\"><\/div>\n<\/div>\n\n\n\n<div style=\"height:30px\" aria-hidden=\"true\" class=\"wp-block-spacer\"><\/div>\n\n\n\n<h2 class=\"wp-block-heading\">Stab Studierendenbereich<\/h2>\n\n\n\n<p>Der Stab des Studierendenbereiches (Stab StudBer) ist verantwortlich f\u00fcr die Gesamtorganisation der milit\u00e4rischen Angelegenheiten an der Helmut-Schmidt-Universit\u00e4t\/Universit\u00e4t der Bundeswehr Hamburg (<abbr title=\"Helmut Schmidt Universit\u00e4t\">HSU<\/abbr>\/UniBw Hamburg).<br>Zu den Aufgaben geh\u00f6ren alle fachbereichs\u00fcbergreifenden T\u00e4tigkeiten bezogen auf die Bereiche der truppendienstlichen F\u00fchrung sowie der milit\u00e4rischen Aus- und Weiterbildung.<br>Der Stab StudBer wird vom Chef des Stabes (ChdSt) im Dienstgrad Oberstleutnant\/Fregattenkapit\u00e4n (A15) gef\u00fchrt und gliedert sich in folgende Stabsabteilungen (StAbt):<\/p>\n\n\n\n<p><strong>StAbt 1:<\/strong> Personalangelegenheiten<\/p>\n\n\n\n<p><strong>StAbt 2:<\/strong> Milit\u00e4rische Sicherheit<\/p>\n\n\n\n<p><strong>StAbt 3:<\/strong> Ausbildung und Organisation<\/p>\n\n\n\n<p><strong>StAbt 4:<\/strong> Logistik<\/p>\n\n\n\n<p><strong>StAbt 6:<\/strong> Informationstechnik und Datenverarbeitung<\/p>\n","protected":false},"excerpt":{"rendered":"<p>Chef des Stabes Oberstleutnant Thomas Waterholter Kontakt StabStudBer StAbt 1:Personalangelegenheiten StAbt 2:Milit\u00e4rische Sicherheit StAbt 3:Ausbildung und Organisation StAbt 4:Logistik StAbt 6:Informationstechnik und Datenverarbeitung Stab Studierendenbereich Der Stab des Studierendenbereiches (Stab [&hellip;]<\/p>\n","protected":false},"author":2503,"featured_media":0,"parent":0,"menu_order":0,"comment_status":"closed","ping_status":"closed","template":"","meta":{"footnotes":""},"categories":[4],"tags":[],"class_list":["post-1103","page","type-page","status-publish","hentry","category-forschung"],"_links":{"self":[{"href":"https:\/\/www.hsu-hh.de\/studbereich\/wp-json\/wp\/v2\/pages\/1103","targetHints":{"allow":["GET"]}}],"collection":[{"href":"https:\/\/www.hsu-hh.de\/studbereich\/wp-json\/wp\/v2\/pages"}],"about":[{"href":"https:\/\/www.hsu-hh.de\/studbereich\/wp-json\/wp\/v2\/types\/page"}],"author":[{"embeddable":true,"href":"https:\/\/www.hsu-hh.de\/studbereich\/wp-json\/wp\/v2\/users\/2503"}],"replies":[{"embeddable":true,"href":"https:\/\/www.hsu-hh.de\/studbereich\/wp-json\/wp\/v2\/comments?post=1103"}],"version-history":[{"count":18,"href":"https:\/\/www.hsu-hh.de\/studbereich\/wp-json\/wp\/v2\/pages\/1103\/revisions"}],"predecessor-version":[{"id":1843,"href":"https:\/\/www.hsu-hh.de\/studbereich\/wp-json\/wp\/v2\/pages\/1103\/revisions\/1843"}],"wp:attachment":[{"href":"https:\/\/www.hsu-hh.de\/studbereich\/wp-json\/wp\/v2\/media?parent=1103"}],"wp:term":[{"taxonomy":"category","embeddable":true,"href":"https:\/\/www.hsu-hh.de\/studbereich\/wp-json\/wp\/v2\/categories?post=1103"},{"taxonomy":"post_tag","embeddable":true,"href":"https:\/\/www.hsu-hh.de\/studbereich\/wp-json\/wp\/v2\/tags?post=1103"}],"curies":[{"name":"wp","href":"https:\/\/api.w.org\/{rel}","templated":true}]}}