{"id":1080,"date":"2023-09-25T10:11:41","date_gmt":"2023-09-25T08:11:41","guid":{"rendered":"https:\/\/www.hsu-hh.de\/studbereich\/?page_id=1080"},"modified":"2025-10-07T08:35:39","modified_gmt":"2025-10-07T06:35:39","slug":"studierendenfachbereich-a","status":"publish","type":"page","link":"https:\/\/www.hsu-hh.de\/studbereich\/studierendenfachbereich-a","title":{"rendered":"Studierendenfachbereich A"},"content":{"rendered":"\n<figure class=\"wp-block-image size-full\"><img loading=\"lazy\" decoding=\"async\" width=\"1920\" height=\"400\" src=\"https:\/\/www.hsu-hh.de\/studbereich\/wp-content\/uploads\/sites\/769\/2023\/10\/Header-ALPHA.png\" data-credit=\"HSU \/ TDI\" alt=\"ALPHA\" class=\"wp-image-1575\" srcset=\"https:\/\/www.hsu-hh.de\/studbereich\/wp-content\/uploads\/sites\/769\/2023\/10\/Header-ALPHA.png 1920w, https:\/\/www.hsu-hh.de\/studbereich\/wp-content\/uploads\/sites\/769\/2023\/10\/Header-ALPHA-300x63.png 300w, https:\/\/www.hsu-hh.de\/studbereich\/wp-content\/uploads\/sites\/769\/2023\/10\/Header-ALPHA-1024x213.png 1024w, https:\/\/www.hsu-hh.de\/studbereich\/wp-content\/uploads\/sites\/769\/2023\/10\/Header-ALPHA-768x160.png 768w, https:\/\/www.hsu-hh.de\/studbereich\/wp-content\/uploads\/sites\/769\/2023\/10\/Header-ALPHA-1536x320.png 1536w, https:\/\/www.hsu-hh.de\/studbereich\/wp-content\/uploads\/sites\/769\/2023\/10\/Header-ALPHA-1100x229.png 1100w\" sizes=\"auto, (max-width: 1920px) 100vw, 1920px\" \/><\/figure>\n\n\n\n<h2 class=\"wp-block-heading has-text-align-center\">Leiter Studierendenfachbereich A<\/h2>\n\n\n\n<div style=\"height:30px\" aria-hidden=\"true\" class=\"wp-block-spacer\"><\/div>\n\n\n<div class=\"wp-block-image is-style-default\">\n<figure class=\"aligncenter size-large is-resized\"><img loading=\"lazy\" decoding=\"async\" width=\"1024\" height=\"683\" src=\"https:\/\/www.hsu-hh.de\/studbereich\/wp-content\/uploads\/sites\/769\/2025\/10\/20250929_SFB_A_FKpt_Christern_Portrait_CG_04-1024x683.jpg\" data-credit=\"Christian Gelhausen\/Bundeswehr\/H\" alt=\"\" class=\"wp-image-1984\" style=\"object-fit:cover;width:300px;height:400px\" srcset=\"https:\/\/www.hsu-hh.de\/studbereich\/wp-content\/uploads\/sites\/769\/2025\/10\/20250929_SFB_A_FKpt_Christern_Portrait_CG_04-1024x683.jpg 1024w, https:\/\/www.hsu-hh.de\/studbereich\/wp-content\/uploads\/sites\/769\/2025\/10\/20250929_SFB_A_FKpt_Christern_Portrait_CG_04-300x200.jpg 300w, https:\/\/www.hsu-hh.de\/studbereich\/wp-content\/uploads\/sites\/769\/2025\/10\/20250929_SFB_A_FKpt_Christern_Portrait_CG_04-768x512.jpg 768w, https:\/\/www.hsu-hh.de\/studbereich\/wp-content\/uploads\/sites\/769\/2025\/10\/20250929_SFB_A_FKpt_Christern_Portrait_CG_04-1536x1024.jpg 1536w, https:\/\/www.hsu-hh.de\/studbereich\/wp-content\/uploads\/sites\/769\/2025\/10\/20250929_SFB_A_FKpt_Christern_Portrait_CG_04-2048x1365.jpg 2048w, https:\/\/www.hsu-hh.de\/studbereich\/wp-content\/uploads\/sites\/769\/2025\/10\/20250929_SFB_A_FKpt_Christern_Portrait_CG_04-1100x733.jpg 1100w\" sizes=\"auto, (max-width: 1024px) 100vw, 1024px\" \/><\/figure>\n<\/div>\n\n\n<div style=\"height:15px\" aria-hidden=\"true\" class=\"wp-block-spacer\"><\/div>\n\n\n\n<p class=\"has-text-align-center\">Fregattenkapit\u00e4n Matthias Christern<\/p>\n\n\n\n<p class=\"has-text-align-center\"><a href=\"https:\/\/www.hsu-hh.de\/studbereich\/studierendenfachbereich-a\/kontakt\" data-type=\"link\" data-id=\"https:\/\/www.hsu-hh.de\/studbereich\/studierendenfachbereich-a\/kontakt\">Kontakt<\/a><\/p>\n\n\n\n\n\n<div style=\"height:30px\" aria-hidden=\"true\" class=\"wp-block-spacer\"><\/div>\n\n\n\n<hr class=\"wp-block-separator has-alpha-channel-opacity is-style-wide\" \/>\n\n\n\n<div style=\"height:30px\" aria-hidden=\"true\" class=\"wp-block-spacer\"><\/div>\n\n\n\n<div class=\"wp-block-columns is-layout-flex wp-container-core-columns-is-layout-9d6595d7 wp-block-columns-is-layout-flex\">\n<div class=\"wp-block-column is-layout-flow wp-block-column-is-layout-flow\" style=\"flex-basis:15%\"><\/div>\n\n\n\n<div class=\"wp-block-column is-layout-flow wp-block-column-is-layout-flow\" style=\"flex-basis:70%\">\n<div class=\"wp-block-columns is-layout-flex wp-container-core-columns-is-layout-9d6595d7 wp-block-columns-is-layout-flex\">\n<div class=\"wp-block-column is-vertically-aligned-top is-layout-flow wp-block-column-is-layout-flow\"><div class=\"wp-block-image\">\n<figure class=\"aligncenter size-medium is-resized\"><a href=\"https:\/\/www.hsu-hh.de\/studbereich\/studierendenfachbereich-a\/kontakt\"><img decoding=\"async\" src=\"https:\/\/mig.hsu-hh.de\/studbereich\/wp-content\/uploads\/sites\/769\/2023\/07\/Alpha-300x289.png\" alt=\"\" class=\"wp-image-350\" style=\"object-fit:contain;width:150px;height:175px\" \/><\/a><\/figure>\n<\/div>\n\n\n<p class=\"has-text-align-center\"><a href=\"https:\/\/www.hsu-hh.de\/studbereich\/studierendenfachbereich-a\/kontakt\" data-type=\"link\" data-id=\"https:\/\/www.hsu-hh.de\/studbereich\/studierendenfachbereich-a\/kontakt\">Studierendenfachbereich A<\/a><\/p>\n\n\n\n<div style=\"height:30px\" aria-hidden=\"true\" class=\"wp-block-spacer\"><\/div>\n\n\n\n<div class=\"wp-block-columns is-not-stacked-on-mobile is-layout-flex wp-container-core-columns-is-layout-9d6595d7 wp-block-columns-is-layout-flex\">\n<div class=\"wp-block-column is-layout-flow wp-block-column-is-layout-flow\"><div class=\"wp-block-image\">\n<figure class=\"aligncenter size-medium is-resized\"><img decoding=\"async\" src=\"https:\/\/mig.hsu-hh.de\/studbereich\/wp-content\/uploads\/sites\/769\/2023\/08\/rechts-unten@350x-100-300x300.jpg\" data-credit=\"\" alt=\"\" class=\"wp-image-493\" style=\"width:75px;height:75px\" \/><\/figure>\n<\/div><\/div>\n\n\n\n<div class=\"wp-block-column is-vertically-aligned-top is-layout-flow wp-block-column-is-layout-flow\"><div class=\"wp-block-image\">\n<figure class=\"aligncenter size-medium is-resized\"><img decoding=\"async\" src=\"https:\/\/mig.hsu-hh.de\/studbereich\/wp-content\/uploads\/sites\/769\/2023\/08\/Kreuz@350x-100-300x300.jpg\" alt=\"\" class=\"wp-image-491\" style=\"width:75px;height:75px\" \/><\/figure>\n<\/div><\/div>\n\n\n\n<div class=\"wp-block-column is-layout-flow wp-block-column-is-layout-flow\"><div class=\"wp-block-image\">\n<figure class=\"aligncenter size-medium is-resized\"><img decoding=\"async\" src=\"https:\/\/mig.hsu-hh.de\/studbereich\/wp-content\/uploads\/sites\/769\/2023\/08\/links-unten@350x-100-300x300.jpg\" alt=\"\" class=\"wp-image-492\" style=\"width:75px;height:75px\" \/><\/figure>\n<\/div><\/div>\n<\/div>\n\n\n\n<div style=\"height:30px\" aria-hidden=\"true\" class=\"wp-block-spacer\"><\/div>\n\n\n\n<div class=\"wp-block-columns is-not-stacked-on-mobile is-layout-flex wp-container-core-columns-is-layout-9d6595d7 wp-block-columns-is-layout-flex\">\n<div class=\"wp-block-column is-layout-flow wp-block-column-is-layout-flow\"><div class=\"wp-block-image\">\n<figure class=\"aligncenter size-medium is-resized\"><a href=\"https:\/\/www.hsu-hh.de\/studbereich\/studierendenfachbereich-a\/kontakt#1A\"><img decoding=\"async\" src=\"https:\/\/mig.hsu-hh.de\/studbereich\/wp-content\/uploads\/sites\/769\/2023\/07\/1a-300x136.png\" alt=\"\" class=\"wp-image-338\" style=\"object-fit:contain;width:130px;height:57px\" \/><\/a><\/figure>\n<\/div>\n\n\n<p class=\"has-text-align-center\"><a href=\"https:\/\/www.hsu-hh.de\/studbereich\/studierendenfachbereich-a\/kontakt#1A\" data-type=\"link\" data-id=\"https:\/\/www.hsu-hh.de\/studbereich\/studierendenfachbereich-a\/kontakt#1A\">Maschinenbau (<abbr title=\"Maschinenbau\">MB<\/abbr>)<br>gerade JG<\/a><\/p>\n<\/div>\n\n\n\n<div class=\"wp-block-column is-layout-flow wp-block-column-is-layout-flow\"><div class=\"wp-block-image\">\n<figure class=\"aligncenter size-medium is-resized\"><a href=\"https:\/\/www.hsu-hh.de\/studbereich\/studierendenfachbereich-a\/kontakt#2A\"><img decoding=\"async\" src=\"https:\/\/mig.hsu-hh.de\/studbereich\/wp-content\/uploads\/sites\/769\/2023\/07\/2a-300x136.png\" alt=\"\" class=\"wp-image-337\" style=\"object-fit:contain;width:130px;height:59px\" \/><\/a><\/figure>\n<\/div>\n\n\n<p class=\"has-text-align-center\"><a href=\"https:\/\/www.hsu-hh.de\/studbereich\/studierendenfachbereich-a\/kontakt#2A\" data-type=\"link\" data-id=\"https:\/\/www.hsu-hh.de\/studbereich\/studierendenfachbereich-a\/kontakt#2A\">Maschinenbau (<abbr title=\"Maschinenbau\">MB<\/abbr>)<br>ungerade JG<\/a><\/p>\n<\/div>\n\n\n\n<div class=\"wp-block-column is-layout-flow wp-block-column-is-layout-flow\"><div class=\"wp-block-image\">\n<figure class=\"aligncenter size-medium is-resized\"><a href=\"https:\/\/www.hsu-hh.de\/studbereich\/studierendenfachbereich-a\/kontakt#3A\"><img decoding=\"async\" src=\"https:\/\/mig.hsu-hh.de\/studbereich\/wp-content\/uploads\/sites\/769\/2023\/07\/3a-300x136.png\" alt=\"\" class=\"wp-image-336\" style=\"object-fit:contain;width:130px;height:60px\" \/><\/a><\/figure>\n<\/div>\n\n\n<p class=\"has-text-align-center\"><a href=\"https:\/\/www.hsu-hh.de\/studbereich\/studierendenfachbereich-a\/kontakt#3A\" data-type=\"link\" data-id=\"https:\/\/www.hsu-hh.de\/studbereich\/studierendenfachbereich-a\/kontakt#3A\">Elektrotechnik (<abbr title=\"Elektrotechnik\">ET<\/abbr>)<br>Wirtschafts-<br>ingenieurwesen (<abbr title=\"Wirtschaftsingenieurwesen\">WI<\/abbr>)<br>Engineering Science (ES)<br>gerade JG<\/a><\/p>\n<\/div>\n<\/div>\n\n\n\n<div style=\"height:30px\" aria-hidden=\"true\" class=\"wp-block-spacer\"><\/div>\n\n\n\n<div class=\"wp-block-columns is-not-stacked-on-mobile is-layout-flex wp-container-core-columns-is-layout-9d6595d7 wp-block-columns-is-layout-flex\">\n<div class=\"wp-block-column is-layout-flow wp-block-column-is-layout-flow\"><div class=\"wp-block-image\">\n<figure class=\"aligncenter size-medium is-resized\"><a href=\"https:\/\/www.hsu-hh.de\/studbereich\/studierendenfachbereich-a\/kontakt#4A\"><img decoding=\"async\" src=\"https:\/\/mig.hsu-hh.de\/studbereich\/wp-content\/uploads\/sites\/769\/2023\/07\/4a-300x136.png\" alt=\"\" class=\"wp-image-335\" style=\"object-fit:contain;width:130px;height:59px\" \/><\/a><\/figure>\n<\/div>\n\n\n<p class=\"has-text-align-center\"><a href=\"https:\/\/www.hsu-hh.de\/studbereich\/studierendenfachbereich-a\/kontakt#4A\" data-type=\"link\" data-id=\"https:\/\/www.hsu-hh.de\/studbereich\/studierendenfachbereich-a\/kontakt#4A\">Elektrotechnik (<abbr title=\"Elektrotechnik\">ET<\/abbr>)<br>Wirtschafts-<br>ingenieurwesen (<abbr title=\"Wirtschaftsingenieurwesen\">WI<\/abbr>)<br>Engineering Science (ES)<br>ungerade JG<\/a><\/p>\n<\/div>\n\n\n\n<div class=\"wp-block-column is-layout-flow wp-block-column-is-layout-flow\"><div class=\"wp-block-image\">\n<figure class=\"aligncenter size-medium is-resized\"><a href=\"https:\/\/www.hsu-hh.de\/studbereich\/studierendenfachbereich-a\/kontakt#5A\"><img decoding=\"async\" src=\"https:\/\/mig.hsu-hh.de\/studbereich\/wp-content\/uploads\/sites\/769\/2023\/07\/5a-300x136.png\" alt=\"\" class=\"wp-image-334\" style=\"object-fit:contain;width:130px;height:59px\" \/><\/a><\/figure>\n<\/div>\n\n\n<p class=\"has-text-align-center\"><a href=\"https:\/\/www.hsu-hh.de\/studbereich\/studierendenfachbereich-a\/kontakt#5A\" data-type=\"link\" data-id=\"https:\/\/www.hsu-hh.de\/studbereich\/studierendenfachbereich-a\/kontakt#5A\">Logistik (LOG)<br>Bauingenieurwesen (BIW)<\/a><\/p>\n<\/div>\n\n\n\n<div class=\"wp-block-column is-layout-flow wp-block-column-is-layout-flow\"><\/div>\n<\/div>\n<\/div>\n<\/div>\n<\/div>\n\n\n\n<div class=\"wp-block-column is-layout-flow wp-block-column-is-layout-flow\" style=\"flex-basis:15%\"><\/div>\n<\/div>\n\n\n\n<div style=\"height:30px\" aria-hidden=\"true\" class=\"wp-block-spacer\"><\/div>\n\n\n\n<h2 class=\"wp-block-heading\">Fachbereich<\/h2>\n\n\n\n<p>Im Studierendenfachbereich A sind die studierenden Offiziere \/ Offizieranw\u00e4rter \/ -innen der Studieng\u00e4nge\u202f<strong>Maschinenbau (<abbr title=\"Maschinenbau\">MB<\/abbr>), Elektrotechnik (<abbr title=\"Elektrotechnik\">ET<\/abbr>), Logistik (LOG), Bauingenieurwesen (BIW), Engineering Science (ES) und Wirtschaftsingenieurwesen (<abbr title=\"Wirtschaftsingenieurwesen\">WI<\/abbr>)<\/strong>\u202ftruppendienstlich und organisatorisch zusammengefasst.<\/p>\n\n\n\n<p>Der Studierendenfachbereich arbeitet eng mit den akademischen Fakult\u00e4ten <a href=\"https:\/\/www.hsu-hh.de\/mb\/\" data-type=\"link\" data-id=\"https:\/\/www.hsu-hh.de\/mb\/\">Maschinenbau und Bauingenieurwesen<\/a>, <a href=\"https:\/\/www.hsu-hh.de\/et\/\" data-type=\"link\" data-id=\"https:\/\/www.hsu-hh.de\/et\/\">rechnergest\u00fctzte Ingenieurwissenschaften und Elektrotechnik<\/a>, sowie der Fakult\u00e4t <a href=\"https:\/\/www.hsu-hh.de\/wiso\/\" data-type=\"link\" data-id=\"https:\/\/www.hsu-hh.de\/wiso\/\">Wirtschafts- und Organisationswissenschaften<\/a> zusammen, um die Studierenden bei dem erfolgreichen Bestehen Ihres Studiums zu unterst\u00fctzen.<\/p>\n\n\n\n<p>Au\u00dferdem verantwortet dieser die studienbegleitende milit\u00e4rische Aus- und Weiterbildung.<\/p>\n\n\n\n<p>Dar\u00fcber hinaus ist der Leiter A in seiner Funktion als \u201eSenior Naval Officer on Campus\u201c f\u00fcr die Pr\u00e4gung und Bindung aller studierenden Marineuniformtr\u00e4ger\/ -innen der Universit\u00e4t zust\u00e4ndig\/verantwortlich.<\/p>\n","protected":false},"excerpt":{"rendered":"<p>Leiter Studierendenfachbereich A Fregattenkapit\u00e4n Matthias Christern Kontakt Studierendenfachbereich A Maschinenbau (MB)gerade JG Maschinenbau (MB)ungerade JG Elektrotechnik (ET)Wirtschafts-ingenieurwesen (WI)Engineering Science (ES)gerade JG Elektrotechnik (ET)Wirtschafts-ingenieurwesen (WI)Engineering Science (ES)ungerade JG Logistik (LOG)Bauingenieurwesen (BIW) [&hellip;]<\/p>\n","protected":false},"author":2503,"featured_media":0,"parent":0,"menu_order":0,"comment_status":"closed","ping_status":"closed","template":"","meta":{"footnotes":""},"categories":[4],"tags":[],"class_list":["post-1080","page","type-page","status-publish","hentry","category-forschung"],"_links":{"self":[{"href":"https:\/\/www.hsu-hh.de\/studbereich\/wp-json\/wp\/v2\/pages\/1080","targetHints":{"allow":["GET"]}}],"collection":[{"href":"https:\/\/www.hsu-hh.de\/studbereich\/wp-json\/wp\/v2\/pages"}],"about":[{"href":"https:\/\/www.hsu-hh.de\/studbereich\/wp-json\/wp\/v2\/types\/page"}],"author":[{"embeddable":true,"href":"https:\/\/www.hsu-hh.de\/studbereich\/wp-json\/wp\/v2\/users\/2503"}],"replies":[{"embeddable":true,"href":"https:\/\/www.hsu-hh.de\/studbereich\/wp-json\/wp\/v2\/comments?post=1080"}],"version-history":[{"count":33,"href":"https:\/\/www.hsu-hh.de\/studbereich\/wp-json\/wp\/v2\/pages\/1080\/revisions"}],"predecessor-version":[{"id":2002,"href":"https:\/\/www.hsu-hh.de\/studbereich\/wp-json\/wp\/v2\/pages\/1080\/revisions\/2002"}],"wp:attachment":[{"href":"https:\/\/www.hsu-hh.de\/studbereich\/wp-json\/wp\/v2\/media?parent=1080"}],"wp:term":[{"taxonomy":"category","embeddable":true,"href":"https:\/\/www.hsu-hh.de\/studbereich\/wp-json\/wp\/v2\/categories?post=1080"},{"taxonomy":"post_tag","embeddable":true,"href":"https:\/\/www.hsu-hh.de\/studbereich\/wp-json\/wp\/v2\/tags?post=1080"}],"curies":[{"name":"wp","href":"https:\/\/api.w.org\/{rel}","templated":true}]}}