{"id":1003,"date":"2023-09-25T10:15:04","date_gmt":"2023-09-25T08:15:04","guid":{"rendered":"https:\/\/www.hsu-hh.de\/studbereich\/?page_id=1003"},"modified":"2025-10-07T08:37:04","modified_gmt":"2025-10-07T06:37:04","slug":"studierendenfachbereich-b","status":"publish","type":"page","link":"https:\/\/www.hsu-hh.de\/studbereich\/studierendenfachbereich-b","title":{"rendered":"Studierendenfachbereich B"},"content":{"rendered":"\n<figure class=\"wp-block-image size-full\"><img loading=\"lazy\" decoding=\"async\" width=\"1920\" height=\"400\" src=\"https:\/\/www.hsu-hh.de\/studbereich\/wp-content\/uploads\/sites\/769\/2023\/10\/Header-BRAVO.png\" data-credit=\"HSU \/ TDI\" alt=\"BRAVO\" class=\"wp-image-1576\" srcset=\"https:\/\/www.hsu-hh.de\/studbereich\/wp-content\/uploads\/sites\/769\/2023\/10\/Header-BRAVO.png 1920w, https:\/\/www.hsu-hh.de\/studbereich\/wp-content\/uploads\/sites\/769\/2023\/10\/Header-BRAVO-300x63.png 300w, https:\/\/www.hsu-hh.de\/studbereich\/wp-content\/uploads\/sites\/769\/2023\/10\/Header-BRAVO-1024x213.png 1024w, https:\/\/www.hsu-hh.de\/studbereich\/wp-content\/uploads\/sites\/769\/2023\/10\/Header-BRAVO-768x160.png 768w, https:\/\/www.hsu-hh.de\/studbereich\/wp-content\/uploads\/sites\/769\/2023\/10\/Header-BRAVO-1536x320.png 1536w, https:\/\/www.hsu-hh.de\/studbereich\/wp-content\/uploads\/sites\/769\/2023\/10\/Header-BRAVO-1100x229.png 1100w\" sizes=\"auto, (max-width: 1920px) 100vw, 1920px\" \/><\/figure>\n\n\n\n<h2 class=\"wp-block-heading has-text-align-center\">Leiterin Studierendenfachbereich B<\/h2>\n\n\n<div class=\"wp-block-image\">\n<figure class=\"aligncenter size-full is-resized\"><img loading=\"lazy\" decoding=\"async\" width=\"1459\" height=\"1945\" src=\"https:\/\/www.hsu-hh.de\/studbereich\/wp-content\/uploads\/sites\/769\/2023\/10\/Platzhalter_Male.png\" data-credit=\"HSU \/ TDI\" alt=\"Platzhalter M D\" class=\"wp-image-1608\" style=\"aspect-ratio:3\/4;object-fit:contain;width:300px;height:undefinedpx\" srcset=\"https:\/\/www.hsu-hh.de\/studbereich\/wp-content\/uploads\/sites\/769\/2023\/10\/Platzhalter_Male.png 1459w, https:\/\/www.hsu-hh.de\/studbereich\/wp-content\/uploads\/sites\/769\/2023\/10\/Platzhalter_Male-225x300.png 225w, https:\/\/www.hsu-hh.de\/studbereich\/wp-content\/uploads\/sites\/769\/2023\/10\/Platzhalter_Male-768x1024.png 768w, https:\/\/www.hsu-hh.de\/studbereich\/wp-content\/uploads\/sites\/769\/2023\/10\/Platzhalter_Male-1152x1536.png 1152w, https:\/\/www.hsu-hh.de\/studbereich\/wp-content\/uploads\/sites\/769\/2023\/10\/Platzhalter_Male-1100x1466.png 1100w\" sizes=\"auto, (max-width: 1459px) 100vw, 1459px\" \/><\/figure>\n<\/div>\n\n\n<div style=\"height:15px\" aria-hidden=\"true\" class=\"wp-block-spacer\"><\/div>\n\n\n\n<p class=\"has-text-align-center\">Oberstleutnant Vivien Rummler<\/p>\n\n\n\n<p class=\"has-text-align-center\"><a href=\"https:\/\/www.hsu-hh.de\/studbereich\/studierendenfachbereich-b\/kontakt\" data-type=\"link\" data-id=\"https:\/\/www.hsu-hh.de\/studbereich\/studierendenfachbereich-b\/kontakt\">Kontakt<\/a><\/p>\n\n\n\n<div style=\"height:30px\" aria-hidden=\"true\" class=\"wp-block-spacer\"><\/div>\n\n\n\n<hr class=\"wp-block-separator has-alpha-channel-opacity is-style-wide\" \/>\n\n\n\n<div style=\"height:30px\" aria-hidden=\"true\" class=\"wp-block-spacer\"><\/div>\n\n\n\n<div class=\"wp-block-columns is-layout-flex wp-container-core-columns-is-layout-9d6595d7 wp-block-columns-is-layout-flex\">\n<div class=\"wp-block-column is-layout-flow wp-block-column-is-layout-flow\" style=\"flex-basis:15%\"><\/div>\n\n\n\n<div class=\"wp-block-column is-vertically-aligned-top is-layout-flow wp-block-column-is-layout-flow\"><div class=\"wp-block-image\">\n<figure class=\"aligncenter size-medium is-resized\"><a href=\"https:\/\/www.hsu-hh.de\/studbereich\/studierendenfachbereich-b\/kontakt\"><img decoding=\"async\" src=\"https:\/\/mig.hsu-hh.de\/studbereich\/wp-content\/uploads\/sites\/769\/2023\/07\/Bravo-235x300.png\" alt=\"\" class=\"wp-image-351\" style=\"object-fit:contain;width:138px;height:175px\" \/><\/a><\/figure>\n<\/div>\n\n\n<p class=\"has-text-align-center\"><a href=\"https:\/\/www.hsu-hh.de\/studbereich\/studierendenfachbereich-b\/kontakt\" data-type=\"link\" data-id=\"https:\/\/www.hsu-hh.de\/studbereich\/studierendenfachbereich-b\/kontakt\">Studierendenfachbereich B<\/a><\/p>\n\n\n\n<div style=\"height:30px\" aria-hidden=\"true\" class=\"wp-block-spacer\"><\/div>\n\n\n\n<div class=\"wp-block-columns is-not-stacked-on-mobile is-layout-flex wp-container-core-columns-is-layout-9d6595d7 wp-block-columns-is-layout-flex\">\n<div class=\"wp-block-column is-layout-flow wp-block-column-is-layout-flow\"><div class=\"wp-block-image\">\n<figure class=\"aligncenter size-medium is-resized\"><img decoding=\"async\" src=\"https:\/\/mig.hsu-hh.de\/studbereich\/wp-content\/uploads\/sites\/769\/2023\/08\/rechts-unten@350x-100-300x300.jpg\" data-credit=\"\" alt=\"\" class=\"wp-image-493\" style=\"width:75px;height:75px\" \/><\/figure>\n<\/div><\/div>\n\n\n\n<div class=\"wp-block-column is-vertically-aligned-top is-layout-flow wp-block-column-is-layout-flow\"><div class=\"wp-block-image\">\n<figure class=\"aligncenter size-medium is-resized\"><img decoding=\"async\" src=\"https:\/\/mig.hsu-hh.de\/studbereich\/wp-content\/uploads\/sites\/769\/2023\/08\/Kreuz@350x-100-300x300.jpg\" alt=\"\" class=\"wp-image-491\" style=\"width:75px;height:75px\" \/><\/figure>\n<\/div><\/div>\n\n\n\n<div class=\"wp-block-column is-layout-flow wp-block-column-is-layout-flow\"><div class=\"wp-block-image\">\n<figure class=\"aligncenter size-medium is-resized\"><img decoding=\"async\" src=\"https:\/\/mig.hsu-hh.de\/studbereich\/wp-content\/uploads\/sites\/769\/2023\/08\/links-unten@350x-100-300x300.jpg\" alt=\"\" class=\"wp-image-492\" style=\"width:75px;height:75px\" \/><\/figure>\n<\/div><\/div>\n<\/div>\n\n\n\n<div style=\"height:30px\" aria-hidden=\"true\" class=\"wp-block-spacer\"><\/div>\n\n\n\n<div class=\"wp-block-columns is-not-stacked-on-mobile is-layout-flex wp-container-core-columns-is-layout-9d6595d7 wp-block-columns-is-layout-flex\">\n<div class=\"wp-block-column is-layout-flow wp-block-column-is-layout-flow\"><div class=\"wp-block-image\">\n<figure class=\"aligncenter size-medium is-resized\"><a href=\"https:\/\/www.hsu-hh.de\/studbereich\/studierendenfachbereich-b\/kontakt#1B\"><img decoding=\"async\" src=\"https:\/\/mig.hsu-hh.de\/studbereich\/wp-content\/uploads\/sites\/769\/2023\/07\/1b-300x136.png\" alt=\"\" class=\"wp-image-339\" style=\"object-fit:contain;width:130px;height:60px\" \/><\/a><\/figure>\n<\/div>\n\n\n<p class=\"has-text-align-center\"><a href=\"https:\/\/www.hsu-hh.de\/studbereich\/studierendenfachbereich-b\/kontakt#1B\" data-type=\"link\" data-id=\"https:\/\/www.hsu-hh.de\/studbereich\/studierendenfachbereich-b\/kontakt#1B\">Bildungs- und Erziehungswissenschaft (BuErz)<\/a><\/p>\n<\/div>\n\n\n\n<div class=\"wp-block-column is-layout-flow wp-block-column-is-layout-flow\"><div class=\"wp-block-image\">\n<figure class=\"aligncenter size-medium is-resized\"><a href=\"https:\/\/www.hsu-hh.de\/studbereich\/studierendenfachbereich-b\/kontakt#2B\"><img decoding=\"async\" src=\"https:\/\/mig.hsu-hh.de\/studbereich\/wp-content\/uploads\/sites\/769\/2023\/07\/Element-81-300x136.png\" alt=\"\" class=\"wp-image-367\" style=\"object-fit:contain;width:130px;height:58px\" \/><\/a><\/figure>\n<\/div>\n\n\n<p class=\"has-text-align-center\"><a href=\"https:\/\/www.hsu-hh.de\/studbereich\/studierendenfachbereich-b\/kontakt#2B\" data-type=\"link\" data-id=\"https:\/\/www.hsu-hh.de\/studbereich\/studierendenfachbereich-b\/kontakt#2B\">Psychologie (Psych)<\/a><\/p>\n<\/div>\n\n\n\n<div class=\"wp-block-column is-layout-flow wp-block-column-is-layout-flow\"><div class=\"wp-block-image\">\n<figure class=\"aligncenter size-medium is-resized\"><a href=\"https:\/\/www.hsu-hh.de\/studbereich\/studierendenfachbereich-b\/kontakt#3B\"><img decoding=\"async\" src=\"https:\/\/mig.hsu-hh.de\/studbereich\/wp-content\/uploads\/sites\/769\/2023\/07\/Element-79-300x136.png\" alt=\"\" class=\"wp-image-365\" style=\"object-fit:contain;width:130px;height:59px\" \/><\/a><\/figure>\n<\/div>\n\n\n<p class=\"has-text-align-center\"><a href=\"https:\/\/www.hsu-hh.de\/studbereich\/studierendenfachbereich-b\/kontakt#3B\" data-type=\"link\" data-id=\"https:\/\/www.hsu-hh.de\/studbereich\/studierendenfachbereich-b\/kontakt#3B\">Bildungs- und Erziehungswissenschaft (BuErz)<\/a><\/p>\n<\/div>\n<\/div>\n\n\n\n<div style=\"height:30px\" aria-hidden=\"true\" class=\"wp-block-spacer\"><\/div>\n\n\n\n<div class=\"wp-block-columns is-not-stacked-on-mobile is-layout-flex wp-container-core-columns-is-layout-9d6595d7 wp-block-columns-is-layout-flex\">\n<div class=\"wp-block-column is-layout-flow wp-block-column-is-layout-flow\"><div class=\"wp-block-image\">\n<figure class=\"aligncenter size-medium is-resized\"><a href=\"https:\/\/www.hsu-hh.de\/studbereich\/studierendenfachbereich-b\/kontakt#4B\"><img decoding=\"async\" src=\"https:\/\/mig.hsu-hh.de\/studbereich\/wp-content\/uploads\/sites\/769\/2023\/07\/4b-300x136.png\" alt=\"\" class=\"wp-image-363\" style=\"object-fit:contain;width:130px;height:59px\" \/><\/a><\/figure>\n<\/div>\n\n\n<p class=\"has-text-align-center\"><a href=\"https:\/\/www.hsu-hh.de\/studbereich\/studierendenfachbereich-b\/kontakt#4B\" data-type=\"link\" data-id=\"https:\/\/www.hsu-hh.de\/studbereich\/studierendenfachbereich-b\/kontakt#4B\">Bildungs- und Erziehungswissenschaft (BuErz)<\/a><\/p>\n<\/div>\n\n\n\n<div class=\"wp-block-column is-layout-flow wp-block-column-is-layout-flow\"><div class=\"wp-block-image\">\n<figure class=\"aligncenter size-medium is-resized\"><a href=\"https:\/\/www.hsu-hh.de\/studbereich\/studierendenfachbereich-b\/kontakt#5B\"><img decoding=\"async\" src=\"https:\/\/mig.hsu-hh.de\/studbereich\/wp-content\/uploads\/sites\/769\/2023\/07\/5b-300x136.png\" alt=\"\" class=\"wp-image-361\" style=\"object-fit:contain;width:130px;height:59px\" \/><\/a><\/figure>\n<\/div>\n\n\n<p class=\"has-text-align-center\"><a href=\"https:\/\/www.hsu-hh.de\/studbereich\/studierendenfachbereich-b\/kontakt#5B\" data-type=\"link\" data-id=\"https:\/\/www.hsu-hh.de\/studbereich\/studierendenfachbereich-b\/kontakt#5B\">Geschichte (Gesch)<\/a><\/p>\n<\/div>\n\n\n\n<div class=\"wp-block-column is-layout-flow wp-block-column-is-layout-flow\"><div class=\"wp-block-image\">\n<figure class=\"aligncenter size-medium is-resized\"><a href=\"https:\/\/www.hsu-hh.de\/studbereich\/studierendenfachbereich-b\/kontakt#6B\"><img decoding=\"async\" src=\"https:\/\/mig.hsu-hh.de\/studbereich\/wp-content\/uploads\/sites\/769\/2023\/07\/6b-300x136.png\" alt=\"\" class=\"wp-image-359\" style=\"object-fit:contain;width:130px;height:60px\" \/><\/a><\/figure>\n<\/div>\n\n\n<p class=\"has-text-align-center\"><a href=\"https:\/\/www.hsu-hh.de\/studbereich\/studierendenfachbereich-b\/kontakt#6B\" data-type=\"link\" data-id=\"https:\/\/www.hsu-hh.de\/studbereich\/studierendenfachbereich-b\/kontakt#6B\">Psychologie (Psych)<\/a><\/p>\n<\/div>\n<\/div>\n\n\n\n<div style=\"height:30px\" aria-hidden=\"true\" class=\"wp-block-spacer\"><\/div>\n\n\n\n<div class=\"wp-block-columns is-not-stacked-on-mobile is-layout-flex wp-container-core-columns-is-layout-9d6595d7 wp-block-columns-is-layout-flex\">\n<div class=\"wp-block-column is-layout-flow wp-block-column-is-layout-flow\"><div class=\"wp-block-image\">\n<figure class=\"aligncenter size-medium is-resized\"><a href=\"https:\/\/www.hsu-hh.de\/studbereich\/studierendenfachbereich-b\/kontakt#7B\"><img decoding=\"async\" src=\"https:\/\/mig.hsu-hh.de\/studbereich\/wp-content\/uploads\/sites\/769\/2023\/07\/7b-300x137.png\" alt=\"\" class=\"wp-image-357\" style=\"object-fit:contain;width:130px;height:60px\" \/><\/a><\/figure>\n<\/div>\n\n\n<p class=\"has-text-align-center\"><a href=\"https:\/\/www.hsu-hh.de\/studbereich\/studierendenfachbereich-b\/kontakt#7B\">Geschichte (Gesch)<\/a><\/p>\n<\/div>\n\n\n\n<div class=\"wp-block-column is-layout-flow wp-block-column-is-layout-flow\"><div class=\"wp-block-image\">\n<figure class=\"aligncenter size-medium is-resized\"><a href=\"https:\/\/www.hsu-hh.de\/studbereich\/studierendenfachbereich-b\/kontakt#8B\"><img decoding=\"async\" src=\"https:\/\/mig.hsu-hh.de\/studbereich\/wp-content\/uploads\/sites\/769\/2023\/07\/8b-300x136.png\" alt=\"\" class=\"wp-image-355\" style=\"object-fit:contain;width:130px;height:58px\" \/><\/a><\/figure>\n<\/div>\n\n\n<p class=\"has-text-align-center\"><a href=\"https:\/\/www.hsu-hh.de\/studbereich\/studierendenfachbereich-b\/kontakt#8B\" data-type=\"link\" data-id=\"https:\/\/www.hsu-hh.de\/studbereich\/studierendenfachbereich-b\/kontakt#8B\">Bildungs- und Erziehungswissenschaft (BuErz)<\/a><\/p>\n<\/div>\n\n\n\n<div class=\"wp-block-column is-layout-flow wp-block-column-is-layout-flow\"><\/div>\n<\/div>\n<\/div>\n\n\n\n<div class=\"wp-block-column is-layout-flow wp-block-column-is-layout-flow\" style=\"flex-basis:15%\"><\/div>\n<\/div>\n\n\n\n<div style=\"height:30px\" aria-hidden=\"true\" class=\"wp-block-spacer\"><\/div>\n\n\n\n<div class=\"wp-block-columns is-layout-flex wp-container-core-columns-is-layout-9d6595d7 wp-block-columns-is-layout-flex\">\n<div class=\"wp-block-column is-vertically-aligned-top is-layout-flow wp-block-column-is-layout-flow\" style=\"flex-basis:66.66%\">\n<h2 class=\"wp-block-heading\">Fachbereich<\/h2>\n\n\n\n<p>Im Studierendenfachbereich B sind die studierenden Offiziere \/ Offizieranw\u00e4rter \/ -innen (StudOffz\/OA) der Studieng\u00e4nge\u202f<a href=\"https:\/\/www.hsu-hh.de\/studium\/bildungs-und-erziehungswissenschaft\" data-type=\"link\" data-id=\"https:\/\/www.hsu-hh.de\/studium\/bildungs-und-erziehungswissenschaft\">Bildungs- und Erziehungswissenschaft (BuErz)<\/a>, <a href=\"https:\/\/www.hsu-hh.de\/studium\/geschichtswissenschaft\" data-type=\"link\" data-id=\"https:\/\/www.hsu-hh.de\/studium\/geschichtswissenschaft\">Geschichte (Gesch)<\/a><strong> <\/strong>und <a href=\"https:\/\/www.hsu-hh.de\/studium\/psychologie\" data-type=\"link\" data-id=\"https:\/\/www.hsu-hh.de\/studium\/psychologie\">Psychologie (Psych)<\/a>\u202ftruppendienstlich und organisatorisch verteilt auf <a href=\"https:\/\/www.hsu-hh.de\/studbereich\/studierendenfachbereich-b\/kontakt\" data-type=\"link\" data-id=\"https:\/\/www.hsu-hh.de\/studbereich\/studierendenfachbereich-b\/kontakt\">acht Studierendenfachbereichsgruppen<\/a> zusammengefasst. Die enge Zusammenarbeit mit der <a href=\"https:\/\/www.hsu-hh.de\/geiso\/\" data-type=\"link\" data-id=\"https:\/\/www.hsu-hh.de\/geiso\/\">Fakult\u00e4t Geistes- und Sozialwissenschaften<\/a> schafft dabei die Grundlage f\u00fcr ein erfolgreiches Studium der StudOffz\/OA.&nbsp;<\/p>\n\n\n\n<p>Zudem ist der Studierendenfachbereich verantwortlich f\u00fcr die milit\u00e4rische Aus- und Weiterbildung, F\u00fcrsorge, Betreuung und Personalbearbeitung der StudOffz\/OA.<\/p>\n\n\n\n<p>Dar\u00fcber hinaus ist die Leiterin B in ihrer Funktion als \u201eSenior Air Force Officer on Campus\u201c f\u00fcr die Pr\u00e4gung und Bindung aller studierenden Luftwaffenuniformtr\u00e4ger\/ -innen der Universit\u00e4t zust\u00e4ndig\/verantwortlich.<\/p>\n<\/div>\n<\/div>\n","protected":false},"excerpt":{"rendered":"<p>Leiterin Studierendenfachbereich B Oberstleutnant Vivien Rummler Kontakt Studierendenfachbereich B Bildungs- und Erziehungswissenschaft (BuErz) Psychologie (Psych) Bildungs- und Erziehungswissenschaft (BuErz) Bildungs- und Erziehungswissenschaft (BuErz) Geschichte (Gesch) Psychologie (Psych) Geschichte (Gesch) Bildungs- [&hellip;]<\/p>\n","protected":false},"author":2503,"featured_media":0,"parent":0,"menu_order":0,"comment_status":"closed","ping_status":"closed","template":"","meta":{"footnotes":""},"categories":[4],"tags":[],"class_list":["post-1003","page","type-page","status-publish","hentry","category-forschung"],"_links":{"self":[{"href":"https:\/\/www.hsu-hh.de\/studbereich\/wp-json\/wp\/v2\/pages\/1003","targetHints":{"allow":["GET"]}}],"collection":[{"href":"https:\/\/www.hsu-hh.de\/studbereich\/wp-json\/wp\/v2\/pages"}],"about":[{"href":"https:\/\/www.hsu-hh.de\/studbereich\/wp-json\/wp\/v2\/types\/page"}],"author":[{"embeddable":true,"href":"https:\/\/www.hsu-hh.de\/studbereich\/wp-json\/wp\/v2\/users\/2503"}],"replies":[{"embeddable":true,"href":"https:\/\/www.hsu-hh.de\/studbereich\/wp-json\/wp\/v2\/comments?post=1003"}],"version-history":[{"count":49,"href":"https:\/\/www.hsu-hh.de\/studbereich\/wp-json\/wp\/v2\/pages\/1003\/revisions"}],"predecessor-version":[{"id":2003,"href":"https:\/\/www.hsu-hh.de\/studbereich\/wp-json\/wp\/v2\/pages\/1003\/revisions\/2003"}],"wp:attachment":[{"href":"https:\/\/www.hsu-hh.de\/studbereich\/wp-json\/wp\/v2\/media?parent=1003"}],"wp:term":[{"taxonomy":"category","embeddable":true,"href":"https:\/\/www.hsu-hh.de\/studbereich\/wp-json\/wp\/v2\/categories?post=1003"},{"taxonomy":"post_tag","embeddable":true,"href":"https:\/\/www.hsu-hh.de\/studbereich\/wp-json\/wp\/v2\/tags?post=1003"}],"curies":[{"name":"wp","href":"https:\/\/api.w.org\/{rel}","templated":true}]}}