{"id":73,"date":"2017-07-03T15:52:08","date_gmt":"2017-07-03T13:52:08","guid":{"rendered":"https:\/\/www.hsu-hh.de\/vorlage\/?page_id=73"},"modified":"2026-03-19T14:35:01","modified_gmt":"2026-03-19T13:35:01","slug":"startseite","status":"publish","type":"page","link":"https:\/\/www.hsu-hh.de\/strafrecht\/","title":{"rendered":"Lehrstuhlinhaberin"},"content":{"rendered":"\n<h2 class=\"wp-block-heading\"><abbr title=\"Professor\">Prof.<\/abbr> <abbr title=\"Doktor\">Dr.<\/abbr> Suzan Denise H\u00fcttemann, M.Res.<\/h2>\n\n\n<script>\tvar sosereDefaults = {\"allowfullscreen\":true,\"fit\":\"contain\",\"transition\":\"crossfade\",\"loop\":true,\"autoplay\":\"3000\",\"stopautoplayontouch\":true,\"keyboard\":true,\"nav\":\"thumbs\"}<\/script><div class='sosere--wp' data-ids='139'data-link='file'data-itemtag='dl'data-icontag='dt'data-captiontag='dd'data-columns='0'data-size='large'data-width='220'data-auto='false'data-max-width='100%'data-ratio='1'><div id='gallery-1' class='gallery galleryid-73 gallery-columns-0 gallery-size-thumbnail'><dl class='gallery-item'>\n\t\t\t<dt class='gallery-icon landscape'>\n\t\t\t\t<a href='https:\/\/www.hsu-hh.de\/strafrecht\/wp-content\/uploads\/sites\/863\/2023\/01\/FotoSDH.jpg' data-full='https:\/\/www.hsu-hh.de\/strafrecht\/wp-content\/uploads\/sites\/863\/2023\/01\/FotoSDH.jpg' data-credit=\"\"><img loading=\"lazy\" decoding=\"async\" width=\"150\" height=\"150\" src=\"https:\/\/www.hsu-hh.de\/strafrecht\/wp-content\/uploads\/sites\/863\/2023\/01\/FotoSDH-150x150.jpg\" class=\"attachment-thumbnail size-thumbnail\" alt=\"\" srcset=\"https:\/\/www.hsu-hh.de\/strafrecht\/wp-content\/uploads\/sites\/863\/2023\/01\/FotoSDH-150x150.jpg 150w, https:\/\/www.hsu-hh.de\/strafrecht\/wp-content\/uploads\/sites\/863\/2023\/01\/FotoSDH-100x100.jpg 100w, https:\/\/www.hsu-hh.de\/strafrecht\/wp-content\/uploads\/sites\/863\/2023\/01\/FotoSDH.jpg 220w\" sizes=\"auto, (max-width: 150px) 100vw, 150px\" \/><\/a>\n\t\t\t<\/dt><\/dl>\n\t\t<\/div>\n<\/div>\n\n\n<p><\/p>\n\n\n\n<p>Helmut-Schmidt-Universit\u00e4t Hamburg Fakult\u00e4t f\u00fcr Wirtschafts- und Sozialwissenschaften <br>Campus Nord<br>Friedrich-Ebert-Damm 245&nbsp;<br>22159&nbsp;Hamburg<br>Tel.: 0 4131 677-2315<br>E-Mail: <a href=\"mailto:huettems@hsu-hh.de\" rel='nofollow'>huettems@hsu-hh.de<\/a><\/p>\n\n\n\n<h2 class=\"wp-block-heading\">Werdegang<\/h2>\n\n\n\n<p>2001\u20102006: Studium der Rechtswissenschaft an der Bucerius Law School in Hamburg und der University of Cambridge.<br>2006: Erstes Juristisches Staatsexamen.<br>2006\u20102010: Promotionsstudium am Europ\u00e4ischen Hochschulinstitut in Florenz (<abbr title=\"Professor\">Prof.<\/abbr> Neil Walker).<br>2010-2012: Referendariat mit Stationen u.\u202fa. bei der Europ\u00e4ischen Kommission in Br\u00fcssel und der Au\u00dfenhandelskammer in Istanbul.<br>2012: Zweites Juristisches Staatsexamen.<br>Ab 2012: Rechtsanw\u00e4ltin <abbr title=\"beziehungsweise\">bzw.<\/abbr> Of Counsel in der Soziet\u00e4t Redeker Sellner Dahs, Bonn im Bereich des Wirtschaftsstrafrechts.<br>2015-2016: Wissenschaftliche Assistentin an der Universit\u00e4t Z\u00fcrich (<abbr title=\"Professor\">Prof.<\/abbr> <abbr title=\"Doktor\">Dr.<\/abbr> Frank Meyer, LL.M.).<br>2016-2021: Juniorprofessorin f\u00fcr Strafrecht an der Universit\u00e4t Mannheim.<br>2021\/2022: Verwaltungsprofessur f\u00fcr Strafrecht an der Leuphana Universit\u00e4t L\u00fcneburg.<br>Juni 2023: Ablehnung eines Rufes auf die Universit\u00e4tsprofessur f\u00fcr \u00d6sterreichisches und Europ\u00e4isches Wirtschaftsstrafrecht an der WU Wien.<br>Seit M\u00e4rz 2022: Inhaberin der Professur f\u00fcr Deutsches, Europ\u00e4isches und Internationales Strafrecht, Strafprozessrecht sowie Wirtschaftsstrafrecht an der Leuphana Universit\u00e4t L\u00fcneburg in Kooperation mit der Helmut-Schmidt-Universit\u00e4t\/Universit\u00e4t der Bundeswehr Hamburg.<br><\/p>\n\n\n\n<h2 class=\"wp-block-heading\">Projekte<\/h2>\n\n\n\n<ol class=\"wp-block-list\">\n<li><strong><a href=\"https:\/\/net4feu.unito.it\/\" rel='nofollow'>Net4FEU &#8211; Protecting the EU budget with technological innovation: timely prevention against fraud and financial crimes<\/a> <\/strong><br>External expert, Projektende 06.02.2026<\/li>\n\n\n\n<li><strong><a href=\"http:\/\/fox.leuphana.de\/portal\/de\/projects\/studie-zur-beratungs-und-begrundungspraxis-an-strafgerichten(65f74a6e-d354-4bb9-8734-d9165f19fcd8).html\" target=\"_blank\" rel=\"noreferrer noopener\">Studie zur Beratungs- und Begr\u00fcndungspraxis an Strafgerichten<\/a><\/strong><br>H\u00fcttemann, S. 01.07.20 \u2192 30.06.22 F\u00f6rdermittel der Programmlinie Research Seed Capital (RiSC) des Ministeriums f\u00fcr Wissenschaft und Kultur <br>Projekt: Forschung<\/li>\n\n\n\n<li><strong><a href=\"http:\/\/fox.leuphana.de\/portal\/de\/projects\/precrim-erforschung-von-praventivmassnahmen(950294cb-c2d1-47b4-8384-76fcdc2b050d).html\" target=\"_blank\" rel=\"noreferrer noopener\">PreCrim: Erforschung von Pr\u00e4ventivma\u00dfnahmen<\/a><\/strong> <br>Quattrocolo, S., Schneider, A., H\u00fcttemann, S., Hafner, M. &amp; Silva, S. O., <br>01.01.19 \u2192 31.12.23 <br>Projekt: Forschung<\/li>\n<\/ol>\n\n\n\n<p><a href=\"http:\/\/fox.leuphana.de\/portal\/de\/persons\/vorname-nachname(65b19a3f-8b70-4588-ad8e-1c449616dfba)\/projects.html\" target=\"_blank\" rel=\"noreferrer noopener\">Weiteres finden Sie im Forschungsindex (FOX)<\/a><\/p>\n\n\n\n<h2 class=\"wp-block-heading\">Aktivit\u00e4ten<\/h2>\n\n\n\n<ol class=\"wp-block-list\">\n<li><strong><a href=\"https:\/\/www.zdf.de\/play\/magazine\/frontal-das-magazin-100\/frontal-vom-3-maerz-2026-100\" rel='nofollow'>Interview mit ZDF frontal zur Rolle des deutschen Strafrechts bei der Aufarbeitung der Erkenntnisse im Fall Jeffrey Epstein<\/a><\/strong> <br>gesendet am 03.03.2026<\/li>\n\n\n\n<li><strong><a href=\"https:\/\/www.zdf.de\/video\/magazine\/zdfheute-live-102\/epstein-deutsche-bank-video-100\" rel='nofollow'>Interview mit ZDF heute live zur Rolle der Deutschen Bank im Fall Jeffrey Epstein aus Compliance-Sicht<\/a> <\/strong><br>gesendet am 11.02.2026<\/li>\n\n\n\n<li><strong><a href=\"https:\/\/www.wu.ac.at\/institut-fuer-oesterreichisches-und-europaeisches-wirtschaftsstrafrecht\/aktivitaeten\/vortraege-sonstige-aktivitaeten\/vortraege-sonstige-aktivitaeten-details\/detail\/arbeitskreis-europaeisches-strafrecht-1\" rel='nofollow'>\u201eRestriktive Ma\u00dfnahmen auf dem Pr\u00fcfstand des EuGH\u201c <\/a><\/strong><br>Vortrag beim Arbeitskreis Europ\u00e4isches Strafrecht 2025 an der WU Wien, 18.9.2025<br><a href=\"https:\/\/fis.leuphana.de\/de\/persons\/65b19a3f-8b70-4588-ad8e-1c449616dfba\" rel='nofollow'>Suzan H\u00fcttemann (Sprecher*in)<\/a><\/li>\n\n\n\n<li><strong><a href=\"https:\/\/fis.leuphana.de\/de\/persons\/suzan-h%C3%BCttemann\/activities\/\" rel='nofollow'>\u201cConfiscation and Mutual Recognition\u201d, Vortrag auf dem IWH-Symposium \u201cConfiscation as an Instrument of Modern Criminal Law and Policy in the EU\u201d<\/a><\/strong> der Universit\u00e4t Heidelberg am 5.6.2025<br><a href=\"https:\/\/fis.leuphana.de\/de\/persons\/65b19a3f-8b70-4588-ad8e-1c449616dfba\" rel='nofollow'>Suzan H\u00fcttemann (Gastredner*in)<\/a><\/li>\n\n\n\n<li><strong><a href=\"https:\/\/fis.leuphana.de\/de\/activities\/a2d89bda-a2d2-418b-9560-764a18fd096a\" target=\"_blank\" rel=\"noreferrer noopener\">Der Fall &#8218;Maja T.&#8216; Die Auslieferung von Deutschen als Motor des Grundrechtsdiskurses<\/a><\/strong><br><a href=\"https:\/\/fis.leuphana.de\/de\/persons\/65b19a3f-8b70-4588-ad8e-1c449616dfba\" rel='nofollow'>Suzan H\u00fcttemann (Gastredner*in)<\/a><br>21.05.25<\/li>\n\n\n\n<li><strong><a href=\"https:\/\/fis.leuphana.de\/de\/activities\/764895eb-77aa-4260-b2e6-b3c59aff1979\" target=\"_blank\" rel=\"noreferrer noopener\">AI in Criminal Law: Predictive pplications&#8220;<\/a><\/strong><br><a href=\"https:\/\/fis.leuphana.de\/de\/persons\/65b19a3f-8b70-4588-ad8e-1c449616dfba\" rel='nofollow'>Suzan H\u00fcttemann (Gastredner*in)<\/a><br>06.09.24<\/li>\n\n\n\n<li><strong><a href=\"https:\/\/fis.leuphana.de\/de\/activities\/9ce7d2af-7be7-4388-b6d2-d5ad4e38f96a\" target=\"_blank\" rel=\"noreferrer noopener\">Internationale Rechtshilfe als Menschenrecht &#8211; Tektonische Verschiebungen in der europ\u00e4ischen Rechtsprechung<\/a><\/strong><br><a href=\"https:\/\/fis.leuphana.de\/de\/persons\/65b19a3f-8b70-4588-ad8e-1c449616dfba\" rel='nofollow'>Suzan H\u00fcttemann (Sprecher*in)<\/a><br>16.06.23<\/li>\n\n\n\n<li><strong><a href=\"https:\/\/fis.leuphana.de\/de\/activities\/42f03605-3d76-47dc-97ad-212a9872e5fd\" target=\"_blank\" rel=\"noreferrer noopener\">Die (geplante) E-Evidence-Verordnung: Verfahrensrechte im luftleeren Raum<\/a><\/strong><br><a href=\"https:\/\/fis.leuphana.de\/de\/persons\/65b19a3f-8b70-4588-ad8e-1c449616dfba\" rel='nofollow'>Suzan H\u00fcttemann (Gastredner*in)<\/a><br>05.05.23<\/li>\n\n\n\n<li><strong><a href=\"https:\/\/fis.leuphana.de\/de\/activities\/cfd26a53-1dc8-493e-b95c-7278987b2f64\" target=\"_blank\" rel=\"noreferrer noopener\">Podiumdiskussion &#8222;Klimaaktivismus in der gesellschaftlichen und gerichtlichen Debatte&#8220;<\/a><\/strong><br><a href=\"https:\/\/fis.leuphana.de\/de\/persons\/65b19a3f-8b70-4588-ad8e-1c449616dfba\" rel='nofollow'>Suzan H\u00fcttemann (Sprecher*in)<\/a> , Christian Ernst (Sprecher*in) , Teresa Beck (Sprecher*in) , Roland Lhotta (Sprecher*in)<br>25.04.23<\/li>\n<\/ol>\n\n\n\n<p><a href=\"https:\/\/fis.leuphana.de\/de\/persons\/65b19a3f-8b70-4588-ad8e-1c449616dfba\/activities\/\" target=\"_blank\" rel=\"noreferrer noopener\">Alle Aktivit\u00e4ten anzeigen<\/a><\/p>\n\n\n\n<h2 class=\"wp-block-heading\" id=\"publications\">Publikationen<\/h2>\n\n\n\n<h3 class=\"wp-block-heading\">B\u00fccher und Anthologien<\/h3>\n\n\n\n<ol class=\"wp-block-list\">\n<li><strong><a href=\"https:\/\/hdl.handle.net\/1814\/24001\" rel='nofollow'>Principles and Perspectives of European Criminal Procedure<\/a><\/strong><br>H\u00fcttemann, S., 15.06.2012, Florence. 239 S. <br>Publikation: B\u00fccher und Anthologien \u203a Dissertationsschriften \u203a Forschung<\/li>\n<\/ol>\n\n\n\n<p><a href=\"http:\/\/fox.leuphana.de\/portal\/de\/persons\/vorname-nachname(65b19a3f-8b70-4588-ad8e-1c449616dfba)\/publications.html?type=%2Fdk%2Fatira%2Fpure%2Fresearchoutput%2Fresearchoutputtypes%2Fbookanthology%2F%25\" target=\"_blank\" rel=\"noreferrer noopener\">Weiteres finden Sie im Forschungsindex (FOX)<\/a><\/p>\n\n\n\n<h3 class=\"wp-block-heading\">Beitr\u00e4ge in Zeitschriften <\/h3>\n\n\n\n<ol class=\"wp-block-list\">\n<li><a href=\"https:\/\/rsw.beck.de\/docs\/librariesprovider5\/default-document-library\/015_njw_32_2025_inhaltsverzeichnis-indd-d.pdf?sfvrsn=34b4b15b_1\" rel='nofollow'>Privatisierung der Rechtshilfe<\/a><br>in: NJW-aktuell 32\/2025, S. 15.<\/li>\n\n\n\n<li><strong><a href=\"http:\/\/fox.leuphana.de\/portal\/de\/publications\/die-eevidenceverordnung(4f80cc58-18b5-4406-96db-0c3c5fb252dd).html\" rel='nofollow'>Die E-Evidence-Verordnung: Pioniermodell f\u00fcr das digitale Zeitalter oder Preisgabe der Staatlichkeit?<\/a><\/strong><br>in: NZWiSt 2024, S. 81-93.<\/li>\n\n\n\n<li><strong><a href=\"http:\/\/fox.leuphana.de\/portal\/de\/publications\/verbandsgeldbussen-im-finanzsektor(e764749f-b055-43a8-8f85-ddc5af8cc477).html\" target=\"_blank\" rel=\"noreferrer noopener\"><\/a><a href=\"http:\/\/fox.leuphana.de\/portal\/de\/publications\/punitive-menschenrechte--der-anspruch-des-opfers-auf-bestrafung-im-europaischen-grundrechtsgefuge(7bc9d252-89f0-4dd0-a4b0-ce77dc9e4db6).html\" rel='nofollow'>Punitive Menschenrechte \u2013 Der Anspruch des Opfers auf Bestrafung im europ\u00e4ischen Grundrechtsgef\u00fcge<\/a><\/strong> <br>in: JZ 2023, S. 1001-1010.<\/li>\n\n\n\n<li><strong><a href=\"https:\/\/real-j.mtak.hu\/22042\/1\/EIS_2021_17_1_.pdf\" target=\"_blank\" rel=\"noreferrer noopener\">Verbandsgeldbu\u00dfen im Finanzsektor: eine Kumulation zweifelhafter Obergrenzen<\/a><\/strong><br>in: European Integration Studies (EIS) 2021, S. 72-87.<\/li>\n\n\n\n<li><strong><a href=\"http:\/\/fox.leuphana.de\/portal\/de\/publications\/die-rechtswidrigkeit-der-haupttat-und-der-vorsatz-des-teilnehmers--ein-ungeklartes-verhaltnis(c388afe5-1a04-476f-ba2d-5d1a455cbf64).html\" target=\"_blank\" rel=\"noreferrer noopener\">Die Rechtswidrigkeit der Haupttat und der Vorsatz des Teilnehmers \u2013 ein ungekl\u00e4rtes Verh\u00e4ltnis<\/a><\/strong><br>in: ZStW 2021, S. 936-961.<\/li>\n\n\n\n<li><strong><a href=\"http:\/\/fox.leuphana.de\/portal\/de\/publications\/fortgeschrittenenklausur-strafrecht(f6a6f415-1e55-4fcc-879b-787c08dee9ff).html\" target=\"_blank\" rel=\"noreferrer noopener\">Fortgeschrittenenklausur Strafrecht: \u201eRansomwareangriffe \u2013 Geld oder Daten\u201c<\/a><\/strong><br>in: JuS 2021, S. 427-433.<\/li>\n\n\n\n<li><strong><a href=\"http:\/\/fox.leuphana.de\/portal\/de\/publications\/grundlagen-und-bedeutung-der-grenzuberschreitenden-vermoegensabschoepfung-unter-besonderer-berucksichtigung-der-verordnung-eu-20181805--teil-2(60444cf5-30af-48ef-8e41-9553a314092a).html\" target=\"_blank\" rel=\"noreferrer noopener\">Grundlagen und Bedeutung der grenz\u00fcberschreitenden Verm\u00f6gensabsch\u00f6pfung unter besonderer Ber\u00fccksichtigung der Verordnung (EU) 2018\/1805 \u2013 Teil 2<\/a><\/strong><br>in: NZWiSt 2019, S. 248-261.<\/li>\n\n\n\n<li><strong><a href=\"http:\/\/fox.leuphana.de\/portal\/de\/publications\/grundlagen-und-bedeutung-der-grenzuberschreitenden-vermoegensabschoepfung-unter-besonderer-berucksichtigung-der-verordnung-eu-20181805--teil-1(1d601f32-c68b-4a48-91e8-87f30281c753).html\" target=\"_blank\" rel=\"noreferrer noopener\">Grundlagen und Bedeutung der grenz\u00fcberschreitenden Verm\u00f6gensabsch\u00f6pfung unter besonderer Ber\u00fccksichtigung der Verordnung (EU) 2018\/1805 \u2013 Teil 1<\/a><\/strong><br>in: NZWiSt 2019, S. 201-209.<\/li>\n<\/ol>\n\n\n\n<p><a rel=\"noreferrer noopener\" href=\"http:\/\/fox.leuphana.de\/portal\/de\/persons\/vorname-nachname(65b19a3f-8b70-4588-ad8e-1c449616dfba)\/publications.html?type=%2Fdk%2Fatira%2Fpure%2Fresearchoutput%2Fresearchoutputtypes%2Fcontributiontojournal%2F%25\" target=\"_blank\">Weiteres finden Sie im Forschungsindex (FOX)<\/a><\/p>\n\n\n\n<h3 class=\"wp-block-heading\">Beitr\u00e4ge in Sammelwerken<\/h3>\n\n\n\n<ol class=\"wp-block-list\">\n<li><strong><a href=\"https:\/\/fis.leuphana.de\/de\/persons\/suzan-h%C3%BCttemann\/\" rel='nofollow'>Kommentierung zu Art. 85, 86 AEUV, <\/a><\/strong><br>in: von der Groeben\/Schwarze\/Hatje\/Terhechte (<abbr title=\"Herausgeber\">Hrsg.<\/abbr>), Europ\u00e4isches Unionsrecht, <abbr title=\"Band\">Bd.<\/abbr> 2, S. 443-497, 8. <abbr title=\"Auflage\">Aufl.<\/abbr> 2026<\/li>\n\n\n\n<li><strong><a href=\"https:\/\/fis.leuphana.de\/de\/persons\/suzan-h%C3%BCttemann\/\" rel='nofollow'>Kommentierung zu Art. 48, 49 GRC,<\/a><\/strong><br>in: von der Groeben\/Schwarze\/Hatje\/Terhechte (<abbr title=\"Herausgeber\">Hrsg.<\/abbr>), Europ\u00e4isches Unionsrecht, <abbr title=\"Band\">Bd.<\/abbr> 1, S. 1072-1101, 8. <abbr title=\"Auflage\">Aufl.<\/abbr> 2026<\/li>\n\n\n\n<li><strong><a href=\"http:\/\/fox.leuphana.de\/portal\/de\/publications\/13-grundlagen-der-zusammenarbeit(b213b7f5-d467-470f-aa1f-ab5f098309d7).html\" target=\"_blank\" rel=\"noreferrer noopener\">\u00a7 13 Grundlagen der Zusammenarbeit<\/a><\/strong><br>H\u00fcttemann, S., 2021, <em>Europ\u00e4isches Strafrecht .<\/em> B\u00f6se, M. (<abbr title=\"Herausgeber\">Hrsg.<\/abbr>). 2 <abbr title=\"Auflage\">Aufl.<\/abbr> Baden-Baden: Nomos Verlagsgesellschaft mbH &amp; Co. <abbr title=\"Kommanditgesellschaft\">KG<\/abbr>, S. 673-710 (Enzyklop\u00e4die Europarecht; Band 11).<br>Publikation: Beitr\u00e4ge in Sammelwerken \u203a Aufs\u00e4tze in Sammelwerken \u203a Forschung<\/li>\n\n\n\n<li><strong><a href=\"http:\/\/fox.leuphana.de\/portal\/de\/publications\/-42-strukturen-und-perspektiven-der-strafjustiziellen-zusammenarbeit-in-europa(4f61d1f6-ba1e-44a9-93c5-397af016b7fb).html\" target=\"_blank\" rel=\"noreferrer noopener\">\u00a7 42 Strukturen und Perspektiven der strafjustiziellen Zusammenarbeit in Europa<\/a><\/strong><br>H\u00fcttemann, S., 2021, <em>Europ\u00e4isches Rechtsschutz- und Verfahrensrecht .<\/em> Leible, S. &amp; Terhechte, J. (<abbr title=\"Herausgeber\">Hrsg.<\/abbr>). 2. <abbr title=\"Auflage\">Aufl.<\/abbr> Baden-Baden: Nomos Verlagsgesellschaft mbH &amp; Co. <abbr title=\"Kommanditgesellschaft\">KG<\/abbr>, S. 1649-1702 (Enzyklop\u00e4die Europarecht; Band 3).<br>Publikation: Beitr\u00e4ge in Sammelwerken \u203a Aufs\u00e4tze in Sammelwerken \u203a Lehre<\/li>\n\n\n\n<li><strong><a href=\"http:\/\/fox.leuphana.de\/portal\/de\/publications\/-37-aussenwirtschaftsstrafrecht(70d3b97c-9667-49cf-a9b1-5437dfe1870c).html\" target=\"_blank\" rel=\"noreferrer noopener\">\u00a7 37 Au\u00dfenwirtschaftsstrafrecht<\/a><\/strong><br>H\u00fcttemann, S. &amp; Meyer, F., 2020, <em>Wirtschafts- und Steuerstrafrecht : Handbuch f\u00fcr die Unternehmens- und Anwaltspraxis .<\/em> Momsen, C. &amp; Gr\u00fctzner, T. (<abbr title=\"Herausgeber\">Hrsg.<\/abbr>). 2 <abbr title=\"Auflage\">Aufl.<\/abbr> M\u00fcnchen: C.H. Beck Verlag, S. 1669-1703.<br>Publikation: Beitr\u00e4ge in Sammelwerken \u203a Aufs\u00e4tze in Sammelwerken \u203a Forschung<\/li>\n\n\n\n<li><strong><a href=\"http:\/\/fox.leuphana.de\/portal\/de\/publications\/versuch-vollendung-beendigung-und-verjahrung(7d08d982-a8dc-4ab6-aa8a-fd6bf8bc9e53).html\" target=\"_blank\" rel=\"noreferrer noopener\">Versuch, Vollendung, Beendigung und Verj\u00e4hrung<\/a><\/strong><br>H\u00fcttemann, S., 2019, <em>Fiskalstrafrecht: Straftaten gegen staatliche Verm\u00f6genswerte.<\/em> Adick, M. &amp; B\u00fclte, J. (<abbr title=\"Herausgeber\">Hrsg.<\/abbr>). 2. <abbr title=\"Auflage\">Aufl.<\/abbr> Heidelberg: C.F. M\u00fcller, S. 239-287.<br>Publikation: Beitr\u00e4ge in Sammelwerken \u203a Aufs\u00e4tze in Konferenzb\u00e4nden \u203a Forschung<\/li>\n\n\n\n<li><strong><a href=\"https:\/\/www.zis-online.com\/dat\/artikel\/2016_11_1065.pdf\" target=\"_blank\" rel=\"noreferrer noopener\">Die Vollstreckung ausl\u00e4ndischer freiheitsentziehender Strafurteile \u00fcber das innerstaatliche H\u00f6chstma\u00df hinaus \u2013 eine kritische Analyse des \u00a7 54a IRG<\/a><\/strong><br>Meyer, F. &amp; H\u00fcttemann, S., 2018, <em>Zehn Jahre ZIS &#8211; Zeitschrift f\u00fcr Internationale Strafrechtsdogmatik.<\/em> Rotsch, T. (<abbr title=\"Herausgeber\">Hrsg.<\/abbr>). Baden-Baden: Nomos Verlagsgesellschaft mbH &amp; Co. <abbr title=\"Kommanditgesellschaft\">KG<\/abbr>, S. 1179-1206.<br>Publikation: Beitr\u00e4ge in Sammelwerken \u203a Aufs\u00e4tze in Sammelwerken \u203a Forschung<\/li>\n<\/ol>\n\n\n\n<p><a rel=\"noreferrer noopener\" href=\"http:\/\/fox.leuphana.de\/portal\/de\/persons\/vorname-nachname(65b19a3f-8b70-4588-ad8e-1c449616dfba)\/publications.html?type=%2Fdk%2Fatira%2Fpure%2Fresearchoutput%2Fresearchoutputtypes%2Fcontributiontobookanthology%2F%25\" target=\"_blank\">Weiteres finden Sie im Forschungsindex (FOX)<\/a><\/p>\n\n\n\n<p><\/p>\n","protected":false},"excerpt":{"rendered":"<p>Prof. Dr. Suzan Denise H\u00fcttemann, M.Res. Helmut-Schmidt-Universit\u00e4t Hamburg Fakult\u00e4t f\u00fcr Wirtschafts- und Sozialwissenschaften Campus NordFriedrich-Ebert-Damm 245&nbsp;22159&nbsp;HamburgTel.: 0 4131 677-2315E-Mail: huettems@hsu-hh.de Werdegang 2001\u20102006: Studium der Rechtswissenschaft an der Bucerius Law School [&hellip;]<\/p>\n","protected":false},"author":26,"featured_media":0,"parent":0,"menu_order":0,"comment_status":"closed","ping_status":"closed","template":"","meta":{"footnotes":""},"categories":[35],"tags":[],"class_list":["post-73","page","type-page","status-publish","hentry","category-startseite"],"_links":{"self":[{"href":"https:\/\/www.hsu-hh.de\/strafrecht\/wp-json\/wp\/v2\/pages\/73","targetHints":{"allow":["GET"]}}],"collection":[{"href":"https:\/\/www.hsu-hh.de\/strafrecht\/wp-json\/wp\/v2\/pages"}],"about":[{"href":"https:\/\/www.hsu-hh.de\/strafrecht\/wp-json\/wp\/v2\/types\/page"}],"author":[{"embeddable":true,"href":"https:\/\/www.hsu-hh.de\/strafrecht\/wp-json\/wp\/v2\/users\/26"}],"replies":[{"embeddable":true,"href":"https:\/\/www.hsu-hh.de\/strafrecht\/wp-json\/wp\/v2\/comments?post=73"}],"version-history":[{"count":78,"href":"https:\/\/www.hsu-hh.de\/strafrecht\/wp-json\/wp\/v2\/pages\/73\/revisions"}],"predecessor-version":[{"id":314,"href":"https:\/\/www.hsu-hh.de\/strafrecht\/wp-json\/wp\/v2\/pages\/73\/revisions\/314"}],"wp:attachment":[{"href":"https:\/\/www.hsu-hh.de\/strafrecht\/wp-json\/wp\/v2\/media?parent=73"}],"wp:term":[{"taxonomy":"category","embeddable":true,"href":"https:\/\/www.hsu-hh.de\/strafrecht\/wp-json\/wp\/v2\/categories?post=73"},{"taxonomy":"post_tag","embeddable":true,"href":"https:\/\/www.hsu-hh.de\/strafrecht\/wp-json\/wp\/v2\/tags?post=73"}],"curies":[{"name":"wp","href":"https:\/\/api.w.org\/{rel}","templated":true}]}}