{"id":106,"date":"2018-01-17T14:05:25","date_gmt":"2018-01-17T13:05:25","guid":{"rendered":"https:\/\/www.hsu-hh.de\/vorlage\/?page_id=106"},"modified":"2025-02-05T16:51:28","modified_gmt":"2025-02-05T15:51:28","slug":"mitarbeiter","status":"publish","type":"page","link":"https:\/\/www.hsu-hh.de\/strafrecht\/mitarbeiter\/","title":{"rendered":"Team"},"content":{"rendered":"\n<figure class=\"wp-block-image size-large is-resized\"><img loading=\"lazy\" decoding=\"async\" width=\"680\" height=\"1024\" src=\"https:\/\/www.hsu-hh.de\/strafrecht\/wp-content\/uploads\/sites\/863\/2024\/05\/8_Paul-Schoor-680x1024.jpeg\" data-credit=\"Paul Schoor\" alt=\"\" class=\"wp-image-255\" style=\"width:247px;height:auto\" srcset=\"https:\/\/www.hsu-hh.de\/strafrecht\/wp-content\/uploads\/sites\/863\/2024\/05\/8_Paul-Schoor-680x1024.jpeg 680w, https:\/\/www.hsu-hh.de\/strafrecht\/wp-content\/uploads\/sites\/863\/2024\/05\/8_Paul-Schoor-199x300.jpeg 199w, https:\/\/www.hsu-hh.de\/strafrecht\/wp-content\/uploads\/sites\/863\/2024\/05\/8_Paul-Schoor-768x1156.jpeg 768w, https:\/\/www.hsu-hh.de\/strafrecht\/wp-content\/uploads\/sites\/863\/2024\/05\/8_Paul-Schoor-1020x1536.jpeg 1020w, https:\/\/www.hsu-hh.de\/strafrecht\/wp-content\/uploads\/sites\/863\/2024\/05\/8_Paul-Schoor-1361x2048.jpeg 1361w, https:\/\/www.hsu-hh.de\/strafrecht\/wp-content\/uploads\/sites\/863\/2024\/05\/8_Paul-Schoor-1100x1656.jpeg 1100w, https:\/\/www.hsu-hh.de\/strafrecht\/wp-content\/uploads\/sites\/863\/2024\/05\/8_Paul-Schoor-scaled.jpeg 1701w\" sizes=\"auto, (max-width: 680px) 100vw, 680px\" \/><\/figure>\n\n\n\n<h2 class=\"wp-block-heading\">Ref. iur. Paul Schoor, LL.B., M.A.<\/h2>\n\n\n\n<p>Helmut-Schmidt-Universit\u00e4t\/Universit\u00e4t der Bundeswehr Hamburg<br>Fakult\u00e4t f\u00fcr Wirtschafts- und Sozialwissenschaften<br>Campus Nord<br>Friedrich-Ebert-Damm 245\u00a0<br>22159\u00a0Hamburg<br><strong>E-Mail:<\/strong> <a href=\"mailto:paul.schoor@unibw-hamburg.de\" rel='nofollow'>paul.schoor@unibw-hamburg.de<\/a><\/p>\n","protected":false},"excerpt":{"rendered":"<p>Ref. iur. Paul Schoor, LL.B., M.A. Helmut-Schmidt-Universit\u00e4t\/Universit\u00e4t der Bundeswehr HamburgFakult\u00e4t f\u00fcr Wirtschafts- und SozialwissenschaftenCampus NordFriedrich-Ebert-Damm 245\u00a022159\u00a0HamburgE-Mail: paul.schoor@unibw-hamburg.de<\/p>\n","protected":false},"author":26,"featured_media":0,"parent":0,"menu_order":0,"comment_status":"closed","ping_status":"closed","template":"","meta":{"footnotes":""},"categories":[8],"tags":[],"class_list":["post-106","page","type-page","status-publish","hentry","category-team"],"_links":{"self":[{"href":"https:\/\/www.hsu-hh.de\/strafrecht\/wp-json\/wp\/v2\/pages\/106","targetHints":{"allow":["GET"]}}],"collection":[{"href":"https:\/\/www.hsu-hh.de\/strafrecht\/wp-json\/wp\/v2\/pages"}],"about":[{"href":"https:\/\/www.hsu-hh.de\/strafrecht\/wp-json\/wp\/v2\/types\/page"}],"author":[{"embeddable":true,"href":"https:\/\/www.hsu-hh.de\/strafrecht\/wp-json\/wp\/v2\/users\/26"}],"replies":[{"embeddable":true,"href":"https:\/\/www.hsu-hh.de\/strafrecht\/wp-json\/wp\/v2\/comments?post=106"}],"version-history":[{"count":22,"href":"https:\/\/www.hsu-hh.de\/strafrecht\/wp-json\/wp\/v2\/pages\/106\/revisions"}],"predecessor-version":[{"id":263,"href":"https:\/\/www.hsu-hh.de\/strafrecht\/wp-json\/wp\/v2\/pages\/106\/revisions\/263"}],"wp:attachment":[{"href":"https:\/\/www.hsu-hh.de\/strafrecht\/wp-json\/wp\/v2\/media?parent=106"}],"wp:term":[{"taxonomy":"category","embeddable":true,"href":"https:\/\/www.hsu-hh.de\/strafrecht\/wp-json\/wp\/v2\/categories?post=106"},{"taxonomy":"post_tag","embeddable":true,"href":"https:\/\/www.hsu-hh.de\/strafrecht\/wp-json\/wp\/v2\/tags?post=106"}],"curies":[{"name":"wp","href":"https:\/\/api.w.org\/{rel}","templated":true}]}}