{"id":73,"date":"2017-07-03T15:52:08","date_gmt":"2017-07-03T13:52:08","guid":{"rendered":"https:\/\/www.hsu-hh.de\/vorlage\/?page_id=73"},"modified":"2025-07-21T11:18:52","modified_gmt":"2025-07-21T09:18:52","slug":"startseite","status":"publish","type":"page","link":"https:\/\/www.hsu-hh.de\/strabau\/","title":{"rendered":"Professur f\u00fcr Stra\u00dfenbau und Wegebau"},"content":{"rendered":"\n<hr class=\"wp-block-separator has-alpha-channel-opacity\" \/>\n\n\n\n<p><strong><em>&#8222;Die Zukunft der Mobilit\u00e4t beginnt nicht beim Fahrzeug \u2013 sondern beim Untergrund&#8220;<\/em><\/strong><\/p>\n\n\n\n<p>Die Professur ist ab dem 01.08.2025 unbesetzt.<br>F\u00fcr Informationen zu k\u00fcnftiger Lehre und Betreuung im Bereich Stra\u00dfenwesen kontaktieren Sie bitte die Fakult\u00e4t.<\/p>\n\n\n\n<p><\/p>\n","protected":false},"excerpt":{"rendered":"<p>&#8222;Die Zukunft der Mobilit\u00e4t beginnt nicht beim Fahrzeug \u2013 sondern beim Untergrund&#8220; Die Professur ist ab dem 01.08.2025 unbesetzt.F\u00fcr Informationen zu k\u00fcnftiger Lehre und Betreuung im Bereich Stra\u00dfenwesen kontaktieren Sie [&hellip;]<\/p>\n","protected":false},"author":26,"featured_media":149,"parent":0,"menu_order":0,"comment_status":"closed","ping_status":"closed","template":"","meta":{"footnotes":""},"categories":[35],"tags":[48,50,42,46,44],"class_list":["post-73","page","type-page","status-publish","has-post-thumbnail","hentry","category-startseite","tag-mobilitaet","tag-renken","tag-strassenbau","tag-strassenwesen","tag-wegebau"],"_links":{"self":[{"href":"https:\/\/www.hsu-hh.de\/strabau\/wp-json\/wp\/v2\/pages\/73","targetHints":{"allow":["GET"]}}],"collection":[{"href":"https:\/\/www.hsu-hh.de\/strabau\/wp-json\/wp\/v2\/pages"}],"about":[{"href":"https:\/\/www.hsu-hh.de\/strabau\/wp-json\/wp\/v2\/types\/page"}],"author":[{"embeddable":true,"href":"https:\/\/www.hsu-hh.de\/strabau\/wp-json\/wp\/v2\/users\/26"}],"replies":[{"embeddable":true,"href":"https:\/\/www.hsu-hh.de\/strabau\/wp-json\/wp\/v2\/comments?post=73"}],"version-history":[{"count":13,"href":"https:\/\/www.hsu-hh.de\/strabau\/wp-json\/wp\/v2\/pages\/73\/revisions"}],"predecessor-version":[{"id":305,"href":"https:\/\/www.hsu-hh.de\/strabau\/wp-json\/wp\/v2\/pages\/73\/revisions\/305"}],"wp:featuredmedia":[{"embeddable":true,"href":"https:\/\/www.hsu-hh.de\/strabau\/wp-json\/wp\/v2\/media\/149"}],"wp:attachment":[{"href":"https:\/\/www.hsu-hh.de\/strabau\/wp-json\/wp\/v2\/media?parent=73"}],"wp:term":[{"taxonomy":"category","embeddable":true,"href":"https:\/\/www.hsu-hh.de\/strabau\/wp-json\/wp\/v2\/categories?post=73"},{"taxonomy":"post_tag","embeddable":true,"href":"https:\/\/www.hsu-hh.de\/strabau\/wp-json\/wp\/v2\/tags?post=73"}],"curies":[{"name":"wp","href":"https:\/\/api.w.org\/{rel}","templated":true}]}}