{"id":116,"date":"2018-01-17T14:07:04","date_gmt":"2018-01-17T13:07:04","guid":{"rendered":"https:\/\/www.hsu-hh.de\/vorlage\/?page_id=116"},"modified":"2025-07-21T11:22:33","modified_gmt":"2025-07-21T09:22:33","slug":"lehre","status":"publish","type":"page","link":"https:\/\/www.hsu-hh.de\/strabau\/lehre\/","title":{"rendered":"Lehre"},"content":{"rendered":"\n<hr class=\"wp-block-separator has-alpha-channel-opacity\" \/>\n\n\n\n<p style=\"font-size:26px\">Die Professur ist ab dem 01.08.2025 unbesetzt.<\/p>\n\n\n\n<p style=\"font-size:26px\"><br>F\u00fcr Informationen zu k\u00fcnftiger Lehre und Betreuung im Bereich Stra\u00dfenwesen kontaktieren Sie bitte die Fakult\u00e4t.<\/p>\n\n\n\n<p><\/p>\n","protected":false},"excerpt":{"rendered":"<p>Die Professur ist ab dem 01.08.2025 unbesetzt. F\u00fcr Informationen zu k\u00fcnftiger Lehre und Betreuung im Bereich Stra\u00dfenwesen kontaktieren Sie bitte die Fakult\u00e4t.<\/p>\n","protected":false},"author":26,"featured_media":0,"parent":0,"menu_order":0,"comment_status":"closed","ping_status":"closed","template":"","meta":{"footnotes":""},"categories":[6],"tags":[],"class_list":["post-116","page","type-page","status-publish","hentry","category-lehre"],"_links":{"self":[{"href":"https:\/\/www.hsu-hh.de\/strabau\/wp-json\/wp\/v2\/pages\/116","targetHints":{"allow":["GET"]}}],"collection":[{"href":"https:\/\/www.hsu-hh.de\/strabau\/wp-json\/wp\/v2\/pages"}],"about":[{"href":"https:\/\/www.hsu-hh.de\/strabau\/wp-json\/wp\/v2\/types\/page"}],"author":[{"embeddable":true,"href":"https:\/\/www.hsu-hh.de\/strabau\/wp-json\/wp\/v2\/users\/26"}],"replies":[{"embeddable":true,"href":"https:\/\/www.hsu-hh.de\/strabau\/wp-json\/wp\/v2\/comments?post=116"}],"version-history":[{"count":13,"href":"https:\/\/www.hsu-hh.de\/strabau\/wp-json\/wp\/v2\/pages\/116\/revisions"}],"predecessor-version":[{"id":310,"href":"https:\/\/www.hsu-hh.de\/strabau\/wp-json\/wp\/v2\/pages\/116\/revisions\/310"}],"wp:attachment":[{"href":"https:\/\/www.hsu-hh.de\/strabau\/wp-json\/wp\/v2\/media?parent=116"}],"wp:term":[{"taxonomy":"category","embeddable":true,"href":"https:\/\/www.hsu-hh.de\/strabau\/wp-json\/wp\/v2\/categories?post=116"},{"taxonomy":"post_tag","embeddable":true,"href":"https:\/\/www.hsu-hh.de\/strabau\/wp-json\/wp\/v2\/tags?post=116"}],"curies":[{"name":"wp","href":"https:\/\/api.w.org\/{rel}","templated":true}]}}