{"id":854,"date":"2017-10-18T12:32:33","date_gmt":"2017-10-18T10:32:33","guid":{"rendered":"https:\/\/www.hsu-hh.de\/stochastik\/?page_id=854"},"modified":"2024-12-02T12:20:56","modified_gmt":"2024-12-02T11:20:56","slug":"studienschwerpunkt-risikomanagement","status":"publish","type":"page","link":"https:\/\/www.hsu-hh.de\/stochastik\/studienschwerpunkt-risikomanagement","title":{"rendered":"Studienschwerpunkt Risikomanagement"},"content":{"rendered":"<p><a href=\"https:\/\/www.hsu-hh.de\/stochastik\/downloads\"><img decoding=\"async\" src=\"https:\/\/www.hsu-hh.de\/stochastik\/wp-content\/uploads\/sites\/772\/2024\/12\/Titelseite.png\" alt=\"RM-Brosch\u00fcre\" hspace=\"20\" style=\"float:left;width:250px;height:400px\"><\/a><\/p>\n<p>Der <strong><abbr title=\"Studienschwerpunkt\">SSP<\/abbr> Risikomanagement<\/strong> im Masterstudiengang Betriebswirtschaftslehre richtet sich an alle Studierenden, die sich auf das Risikomanagement in Unternehmen spezialisieren m\u00f6chten. Sie haben dabei die Wahl zwischen einem juristischen und einem mathematischen Zweig.<\/p>\n<p>Er besteht aus <strong>\u00f6konomischen<\/strong> Grundlagenf\u00e4chern sowie <strong>interdisziplin\u00e4ren<\/strong> Modulen als auch aus <strong>juristischen<\/strong> und <strong>mathematischen<\/strong> Vertiefungsf\u00e4chern. Letztere h\u00e4ngen davon ab, ob Sie sich f\u00fcr den einen oder anderen Zweig des Studienschwerpunkts entscheiden.<\/p>\n<p>Der <abbr title=\"Studienschwerpunkt\">SSP<\/abbr> wird von den folgenden Professoren koordiniert:<\/p>\n<ul>\n<li style=\"margin-left: 268px\"><a href=\"https:\/\/web.hsu-hh.de\/fak\/wiso\/fach\/icu\/team\/scheytt\" target=\"_blank\" rel=\"noopener noreferrer\">Tobias Scheytt<\/a> (Betriebswirtschaftslehre)<\/li>\n<li style=\"margin-left: 268px\"><a href=\"https:\/\/www.hsu-hh.de\/reiner\/index_9Ut9vUoBcygEkyjx.html\" target=\"_blank\" rel=\"noopener noreferrer\">G\u00fcnter Reiner<\/a> (Jurisprudenz)<\/li>\n<li style=\"margin-left: 268px\"><a href=\"https:\/\/www.hsu-hh.de\/stochastik\/univ-prof-dr-gabriel-frahm\/\" target=\"_blank\" rel=\"noopener noreferrer\">Gabriel Frahm<\/a> (Mathematik)<\/li>\n<\/ul>\n<p style=\"float:left\">Die Koordinatoren&nbsp;stellen den <abbr title=\"Studienschwerpunkt\">SSP<\/abbr> im Rahmen einer <a href=\"https:\/\/www.hsu-hh.de\/stochastik\/downloads\" target=\"_blank\" rel=\"noopener\">Informationsveranstaltung<\/a> vor, welche im Dezember stattfindet. Bitte achten Sie auf die jeweiligen Ank\u00fcndigungen des Studiendekans. Dabei werden auch die anderen Studienschwerpunkte pr\u00e4sentiert. Wir empfehlen daher dringend den Besuch dieser Informationsveranstaltung, unabh\u00e4ngig davon f\u00fcr welchen&nbsp;<abbr title=\"Studienschwerpunkt\">SSP<\/abbr> Sie sich letztendlich entscheiden.<\/p>\n<p style=\"float:left\">Au\u00dferdem existiert eine <a href=\"https:\/\/www.hsu-hh.de\/stochastik\/downloads\" target=\"_blank\" rel=\"noopener\">Brosch\u00fcre<\/a> mit detaillierten Informationen zum Studienablauf. Kontaktieren Sie einen der Koordinatoren, falls Sie Fragen zum <abbr title=\"Studienschwerpunkt\">SSP<\/abbr> Risikomanagement haben sollten. Allgemeine Fragen richten Sie bitte an Professor Scheytt. Bei etwaigen Fragen zum juristischen oder mathematischen Zweig wenden Sie sich bitte an Professor Reiner <abbr title=\"beziehungsweise\">bzw.<\/abbr> an Professor Frahm.<\/p>\n<p style=\"float:left\">Professor Frahm bietet zudem eine <a href=\"https:\/\/www.hsu-hh.de\/stochastik\/studienberatung\/\" target=\"_blank\" rel=\"noopener\">Studienberatung<\/a> an, die das Ziel verfolgt, jedem Interessenten eine belastbare Auskunft \u00fcber die Erfolgsaussichten im <strong>mathematischen Zweig<\/strong> zu geben. Sie sollten ihn zu diesem Zweck m\u00f6glichst fr\u00fchzeitig <a href=\"mailto:frahm@hsu-hh.de?subject=Studienberatung\" rel='nofollow'>kontaktieren<\/a>.<\/p>\n","protected":false},"excerpt":{"rendered":"<p>Der SSP Risikomanagement im Masterstudiengang Betriebswirtschaftslehre richtet sich an alle Studierenden, die sich auf das Risikomanagement in Unternehmen spezialisieren m\u00f6chten. Sie haben dabei die Wahl zwischen einem juristischen und einem [&hellip;]<\/p>\n","protected":false},"author":103,"featured_media":0,"parent":0,"menu_order":0,"comment_status":"closed","ping_status":"closed","template":"","meta":{"footnotes":""},"categories":[6],"tags":[],"class_list":["post-854","page","type-page","status-publish","hentry","category-lehre"],"_links":{"self":[{"href":"https:\/\/www.hsu-hh.de\/stochastik\/wp-json\/wp\/v2\/pages\/854","targetHints":{"allow":["GET"]}}],"collection":[{"href":"https:\/\/www.hsu-hh.de\/stochastik\/wp-json\/wp\/v2\/pages"}],"about":[{"href":"https:\/\/www.hsu-hh.de\/stochastik\/wp-json\/wp\/v2\/types\/page"}],"author":[{"embeddable":true,"href":"https:\/\/www.hsu-hh.de\/stochastik\/wp-json\/wp\/v2\/users\/103"}],"replies":[{"embeddable":true,"href":"https:\/\/www.hsu-hh.de\/stochastik\/wp-json\/wp\/v2\/comments?post=854"}],"version-history":[{"count":154,"href":"https:\/\/www.hsu-hh.de\/stochastik\/wp-json\/wp\/v2\/pages\/854\/revisions"}],"predecessor-version":[{"id":2522,"href":"https:\/\/www.hsu-hh.de\/stochastik\/wp-json\/wp\/v2\/pages\/854\/revisions\/2522"}],"wp:attachment":[{"href":"https:\/\/www.hsu-hh.de\/stochastik\/wp-json\/wp\/v2\/media?parent=854"}],"wp:term":[{"taxonomy":"category","embeddable":true,"href":"https:\/\/www.hsu-hh.de\/stochastik\/wp-json\/wp\/v2\/categories?post=854"},{"taxonomy":"post_tag","embeddable":true,"href":"https:\/\/www.hsu-hh.de\/stochastik\/wp-json\/wp\/v2\/tags?post=854"}],"curies":[{"name":"wp","href":"https:\/\/api.w.org\/{rel}","templated":true}]}}