{"id":407,"date":"2017-10-07T00:21:25","date_gmt":"2017-10-06T22:21:25","guid":{"rendered":"https:\/\/www.hsu-hh.de\/stochastik\/?page_id=407"},"modified":"2024-09-23T09:02:21","modified_gmt":"2024-09-23T07:02:21","slug":"latex","status":"publish","type":"page","link":"https:\/\/www.hsu-hh.de\/stochastik\/latex","title":{"rendered":"LaTeX"},"content":{"rendered":"<p>LaTeX&nbsp;ist ein m\u00e4chtiges Softwarepaket zum Setzen&nbsp;wissenschaftlicher Arbeiten. Es hat sich weltweit&nbsp;an Universit\u00e4ten und Hochschulen&nbsp;durchgesetzt.<\/p>\n<p>LaTeX&nbsp;bietet die&nbsp;M\u00f6glichkeit einer professionellen&nbsp;Gestaltung von&nbsp;Formeln, Tabellen und Grafiken.&nbsp;Es hebt sich dadurch erheblich von g\u00e4ngigen Textverarbeitungsprogrammen ab.<\/p>\n<p>Neben einer kostenlosen LaTeX-Distribution&nbsp;ben\u00f6tigen&nbsp;Sie einen geeigneten Text-Editor sowie ein Programm zum Anzeigen von PDF-Dokumenten.&nbsp;Wir&nbsp;empfehlen die folgenden LaTeX-Distributionen:<\/p>\n<ul>\n<li>MiKTeX (f\u00fcr Windows)<\/li>\n<li>MacTeX (f\u00fcr Mac OS)<\/li>\n<\/ul>\n<p>Dar\u00fcber hinaus&nbsp;existiert eine Vielzahl kostenloser&nbsp;und kostenpflichtiger <a href=\"https:\/\/en.wikipedia.org\/wiki\/Comparison_of_TeX_editors\" target=\"_blank\" rel=\"noopener noreferrer\">TeX-Editoren<\/a>. Im Zweifel k\u00f6nnen Sie uns gerne kontaktieren.<\/p>\n<p>Falls Sie an unserem Lehrstuhl eine wissenschaftliche Arbeit mit LaTeX anfertigen m\u00f6chten,&nbsp;k\u00f6nnen Sie auf unsere <a href=\"https:\/\/www.hsu-hh.de\/stochastik\/downloads\" target=\"_blank\" rel=\"noopener noreferrer\">LaTeX-Vorlage<\/a> zur\u00fcckgreifen. Unabh\u00e4ngig davon, mit welchem Programm Sie Ihre Arbeit erstellen, sollten Sie stets Sicherheitskopien anfertigen! Nutzen Sie z. B. eine Cloud, sofern das im Rahmen der Bundeswehrrichtlinien gestattet ist. Eine andere M\u00f6glichkeit besteht darin, ein Backup-Programm zu verwenden, das Ihre Dateien z. B. einmal am Tag auf einem externen Datentr\u00e4ger sichert. Zur Not sollten Sie die kritischen Dateien manuell sichern. Sie sollten in jedem Fall&nbsp;unsere&nbsp;<a href=\"https:\/\/www.hsu-hh.de\/stochastik\/downloads\" target=\"_blank\" rel=\"noopener noreferrer\">Richtlinien f\u00fcr das Anfertigen einer wissenschaftlichen Arbeit<\/a> beherzigen.<\/p>\n","protected":false},"excerpt":{"rendered":"<p>LaTeX&nbsp;ist ein m\u00e4chtiges Softwarepaket zum Setzen&nbsp;wissenschaftlicher Arbeiten. Es hat sich weltweit&nbsp;an Universit\u00e4ten und Hochschulen&nbsp;durchgesetzt. LaTeX&nbsp;bietet die&nbsp;M\u00f6glichkeit einer professionellen&nbsp;Gestaltung von&nbsp;Formeln, Tabellen und Grafiken.&nbsp;Es hebt sich dadurch erheblich von g\u00e4ngigen Textverarbeitungsprogrammen ab. [&hellip;]<\/p>\n","protected":false},"author":103,"featured_media":0,"parent":0,"menu_order":0,"comment_status":"closed","ping_status":"closed","template":"","meta":{"footnotes":""},"categories":[6],"tags":[],"class_list":["post-407","page","type-page","status-publish","hentry","category-lehre"],"_links":{"self":[{"href":"https:\/\/www.hsu-hh.de\/stochastik\/wp-json\/wp\/v2\/pages\/407","targetHints":{"allow":["GET"]}}],"collection":[{"href":"https:\/\/www.hsu-hh.de\/stochastik\/wp-json\/wp\/v2\/pages"}],"about":[{"href":"https:\/\/www.hsu-hh.de\/stochastik\/wp-json\/wp\/v2\/types\/page"}],"author":[{"embeddable":true,"href":"https:\/\/www.hsu-hh.de\/stochastik\/wp-json\/wp\/v2\/users\/103"}],"replies":[{"embeddable":true,"href":"https:\/\/www.hsu-hh.de\/stochastik\/wp-json\/wp\/v2\/comments?post=407"}],"version-history":[{"count":55,"href":"https:\/\/www.hsu-hh.de\/stochastik\/wp-json\/wp\/v2\/pages\/407\/revisions"}],"predecessor-version":[{"id":2355,"href":"https:\/\/www.hsu-hh.de\/stochastik\/wp-json\/wp\/v2\/pages\/407\/revisions\/2355"}],"wp:attachment":[{"href":"https:\/\/www.hsu-hh.de\/stochastik\/wp-json\/wp\/v2\/media?parent=407"}],"wp:term":[{"taxonomy":"category","embeddable":true,"href":"https:\/\/www.hsu-hh.de\/stochastik\/wp-json\/wp\/v2\/categories?post=407"},{"taxonomy":"post_tag","embeddable":true,"href":"https:\/\/www.hsu-hh.de\/stochastik\/wp-json\/wp\/v2\/tags?post=407"}],"curies":[{"name":"wp","href":"https:\/\/api.w.org\/{rel}","templated":true}]}}