{"id":2324,"date":"2024-09-23T08:19:00","date_gmt":"2024-09-23T06:19:00","guid":{"rendered":"https:\/\/www.hsu-hh.de\/stochastik\/?page_id=2324"},"modified":"2025-11-20T09:05:03","modified_gmt":"2025-11-20T08:05:03","slug":"downloads","status":"publish","type":"page","link":"https:\/\/www.hsu-hh.de\/stochastik\/downloads","title":{"rendered":"Downloads"},"content":{"rendered":"<div class=\"col-xs-12 downloads-item\">\n<div class=\"row border-line\">\n<div class=\"thumbnail-area\"><img decoding=\"async\" class=\"download-image\" src=\"\/wp-content\/themes\/hsu\/img\/dummy\/downloads_dummy.png\" alt=\"\" \/><\/div>\n<div class=\"text-area\"><span class=\"download-text\">Hinweise f\u00fcr das Anfertigen eines Essays<\/span><\/div>\n<div class=\"download-area\"><a class=\"download-link\" href=\"https:\/\/spiderweb.synology.me:5001\/d\/s\/zw9sSqaembHIPmCHMPbBA9fUOCJ75JaN\/2fQHXgEQo9FbijeEKblcT9THzC1aoe6i-67ggfn02wQw\" rel='nofollow'><span class=\"download-name\">PDF laden<\/span><span class=\"donwload-icon\"><img decoding=\"async\" class=\"download-icon\" src=\"\/wp-content\/themes\/hsu\/img\/icons\/download_icon.png\" alt=\"download icon\" \/><\/span><\/a><\/div>\n<\/div>\n<\/div>\n<div class=\"col-xs-12 downloads-item\">\n<div class=\"row border-line\">\n<div class=\"thumbnail-area\"><img decoding=\"async\" class=\"download-image\" src=\"\/wp-content\/themes\/hsu\/img\/dummy\/downloads_dummy.png\" alt=\"\" \/><\/div>\n<div class=\"text-area\"><span class=\"download-text\">Hinweise f\u00fcr das Anfertigen einer wissenschaftlichen Arbeit<\/span><\/div>\n<div class=\"download-area\"><a class=\"download-link\" href=\"https:\/\/spiderweb.synology.me:5001\/d\/s\/zw9NrqlB0J7oT9zPRTuyFFnQfrIp2SIP\/dmWhrXF_xOPeo4hsTUyRVLbuJmZDWiBK-t7jgUkA2wQw\" rel='nofollow'><span class=\"download-name\">PDF laden<\/span><span class=\"donwload-icon\"><img decoding=\"async\" class=\"download-icon\" src=\"\/wp-content\/themes\/hsu\/img\/icons\/download_icon.png\" alt=\"download icon\" \/><\/span><\/a><\/div>\n<\/div>\n<\/div>\n<div class=\"col-xs-12 downloads-item\">\n<div class=\"row border-line\">\n<div class=\"thumbnail-area\"><img decoding=\"async\" class=\"download-image\" src=\"\/wp-content\/themes\/hsu\/img\/dummy\/downloads_dummy.png\" alt=\"\" \/><\/div>\n<div class=\"text-area\"><span class=\"download-text\">Richtlinien f\u00fcr das Anfertigen einer wissenschaftlichen Arbeit<\/span><\/div>\n<div class=\"download-area\"><a class=\"download-link\" href=\"https:\/\/spiderweb.synology.me:5001\/d\/s\/10ENsLbDOD2so6gKx5t373iQzeKVFOb7\/ysZTmAQwpQ5DlIkbQ4sAvYVSUVLgk1Zm-DLAgQXnowAw\" rel='nofollow'><span class=\"download-name\">PDF laden<\/span><span class=\"donwload-icon\"><img decoding=\"async\" class=\"download-icon\" src=\"\/wp-content\/themes\/hsu\/img\/icons\/download_icon.png\" alt=\"download icon\" \/><\/span><\/a><\/div>\n<\/div>\n<\/div>\n<div class=\"col-xs-12 downloads-item\">\n<div class=\"row border-line\">\n<div class=\"thumbnail-area\"><img decoding=\"async\" class=\"download-image\" src=\"\/wp-content\/themes\/hsu\/img\/dummy\/downloads_dummy.png\" alt=\"\" \/><\/div>\n<div class=\"text-area\"><span class=\"download-text\">LaTeX-Vorlage f\u00fcr eine Abschlussarbeit<\/span><\/div>\n<div class=\"download-area\"><a class=\"download-link\" href=\"https:\/\/spiderweb.synology.me:5001\/d\/s\/15t0DR4D7fPVmOfwsbOg0uej7Bb6JUI9\/PZSCwcsItOR1jngn13Dr8yfmAc7h5eFA-A7dAk2_swAw\" rel='nofollow'><span class=\"download-name\">ZIP-File<\/span><span class=\"donwload-icon\"><img decoding=\"async\" class=\"download-icon\" src=\"\/wp-content\/themes\/hsu\/img\/icons\/download_icon.png\" alt=\"download icon\" \/><\/span><\/a><\/div>\n<\/div>\n<\/div>\n<div class=\"col-xs-12 downloads-item\">\n<div class=\"row border-line\">\n<div class=\"thumbnail-area\"><img decoding=\"async\" class=\"download-image\" src=\"\/wp-content\/themes\/hsu\/img\/dummy\/downloads_dummy.png\" alt=\"\" \/><\/div>\n<div class=\"text-area\"><span class=\"download-text\">LaTeX-Vorlage f\u00fcr eine Seminarpr\u00e4sentation<\/span><\/div>\n<div class=\"download-area\"><a class=\"download-link\" href=\"https:\/\/spiderweb.synology.me:5001\/d\/s\/15t0ax0zACPupIH6NNbBP2naO5N2MWdY\/3lETyKzVJnaVgouHxoneGcQ8PVoEtxJ1-HL0AUrHtwAw\" rel='nofollow'><span class=\"download-name\">ZIP-File<\/span><span class=\"donwload-icon\"><img decoding=\"async\" class=\"download-icon\" src=\"\/wp-content\/themes\/hsu\/img\/icons\/download_icon.png\" alt=\"download icon\" \/><\/span><\/a><\/div>\n<\/div>\n<\/div>\n<div class=\"col-xs-12 downloads-item\">\n<div class=\"row border-line\">\n<div class=\"thumbnail-area\"><img decoding=\"async\" class=\"download-image\" src=\"\/wp-content\/themes\/hsu\/img\/dummy\/downloads_dummy.png\" alt=\"\" \/><\/div>\n<div class=\"text-area\"><span class=\"download-text\">Risikomanagement-Brosch\u00fcre<\/span><\/div>\n<div class=\"download-area\"><a class=\"download-link\" href=\"https:\/\/spiderweb.synology.me:5001\/d\/s\/11AXXX4Tu78Xp9P6UIiQjaCOoVpQ06yx\/9zpLRJLJG_3VpNcL6WYUch_fFbnrP3XG-YrlAsfg2wQw\" rel='nofollow'><span class=\"download-name\">PDF laden<\/span><span class=\"donwload-icon\"><img decoding=\"async\" class=\"download-icon\" src=\"\/wp-content\/themes\/hsu\/img\/icons\/download_icon.png\" alt=\"download icon\" \/><\/span><\/a><\/div>\n<\/div>\n<\/div>\n<div class=\"col-xs-12 downloads-item\">\n<div class=\"row border-line\">\n<div class=\"thumbnail-area\"><img decoding=\"async\" class=\"download-image\" src=\"\/wp-content\/themes\/hsu\/img\/dummy\/downloads_dummy.png\" alt=\"\" \/><\/div>\n<div class=\"text-area\"><span class=\"download-text\">Informationsveranstaltung<\/span><\/div>\n<div class=\"download-area\"><a class=\"download-link\" href=\"https:\/\/spiderweb.synology.me:5001\/d\/s\/11HsYx3HOD0Y29D6pdeiHda4svOrQafT\/k9qI0TEopWStwI0PrjII_RCscdFbhXLq-m7kALD43wQw\" rel='nofollow'><span class=\"download-name\">PDF laden<\/span><span class=\"donwload-icon\"><img decoding=\"async\" class=\"download-icon\" src=\"\/wp-content\/themes\/hsu\/img\/icons\/download_icon.png\" alt=\"download icon\" \/><\/span><\/a><\/div>\n<\/div>\n<\/div>\n","protected":false},"excerpt":{"rendered":"<p>Hinweise f\u00fcr das Anfertigen eines Essays PDF laden Hinweise f\u00fcr das Anfertigen einer wissenschaftlichen Arbeit PDF laden Richtlinien f\u00fcr das Anfertigen einer wissenschaftlichen Arbeit PDF laden LaTeX-Vorlage f\u00fcr eine Abschlussarbeit [&hellip;]<\/p>\n","protected":false},"author":103,"featured_media":0,"parent":0,"menu_order":0,"comment_status":"closed","ping_status":"closed","template":"","meta":{"footnotes":""},"categories":[4],"tags":[],"class_list":["post-2324","page","type-page","status-publish","hentry","category-forschung"],"_links":{"self":[{"href":"https:\/\/www.hsu-hh.de\/stochastik\/wp-json\/wp\/v2\/pages\/2324","targetHints":{"allow":["GET"]}}],"collection":[{"href":"https:\/\/www.hsu-hh.de\/stochastik\/wp-json\/wp\/v2\/pages"}],"about":[{"href":"https:\/\/www.hsu-hh.de\/stochastik\/wp-json\/wp\/v2\/types\/page"}],"author":[{"embeddable":true,"href":"https:\/\/www.hsu-hh.de\/stochastik\/wp-json\/wp\/v2\/users\/103"}],"replies":[{"embeddable":true,"href":"https:\/\/www.hsu-hh.de\/stochastik\/wp-json\/wp\/v2\/comments?post=2324"}],"version-history":[{"count":38,"href":"https:\/\/www.hsu-hh.de\/stochastik\/wp-json\/wp\/v2\/pages\/2324\/revisions"}],"predecessor-version":[{"id":2639,"href":"https:\/\/www.hsu-hh.de\/stochastik\/wp-json\/wp\/v2\/pages\/2324\/revisions\/2639"}],"wp:attachment":[{"href":"https:\/\/www.hsu-hh.de\/stochastik\/wp-json\/wp\/v2\/media?parent=2324"}],"wp:term":[{"taxonomy":"category","embeddable":true,"href":"https:\/\/www.hsu-hh.de\/stochastik\/wp-json\/wp\/v2\/categories?post=2324"},{"taxonomy":"post_tag","embeddable":true,"href":"https:\/\/www.hsu-hh.de\/stochastik\/wp-json\/wp\/v2\/tags?post=2324"}],"curies":[{"name":"wp","href":"https:\/\/api.w.org\/{rel}","templated":true}]}}