{"id":2273,"date":"2024-08-31T12:27:15","date_gmt":"2024-08-31T10:27:15","guid":{"rendered":"https:\/\/www.hsu-hh.de\/stochastik\/?page_id=2273"},"modified":"2025-01-22T13:32:50","modified_gmt":"2025-01-22T12:32:50","slug":"hinweise","status":"publish","type":"page","link":"https:\/\/www.hsu-hh.de\/stochastik\/hinweise","title":{"rendered":"Hinweise"},"content":{"rendered":"<h2>Generelle Hinweise<\/h2>\n<ul>\n<li> Befolgen Sie die <a href=\"https:\/\/www.hsu-hh.de\/stochastik\/downloads\" target=\"_blank\" rel=\"noopener noreferrer\">Richtlinien<\/a> f\u00fcr das Anfertigen einer wissenschaftlichen Arbeit an meinem Lehrstuhl. Dazu geh\u00f6ren insbesondere Seminar-, Bachelor- und Masterarbeiten. Eine Nichtbeachtung dieser Richtlinien f\u00fchrt zu einem Notenabzug! <\/li>\n<li>Wir\u00a0empfehlen eindringlich die Verwendung von <a href=\"https:\/\/www.hsu-hh.de\/stochastik\/latex\/\" target=\"_blank\" rel=\"noopener noreferrer\">LaTeX<\/a>. Es bietet die M\u00f6glichkeit einer professionellen Gestaltung von Formeln, Tabellen und Grafiken, wodurch es sich erheblich von g\u00e4ngigen Textverarbeitungsprogrammen abhebt. <\/li>\n<li> Setzen Sie sich mit Ihrem Betreuer in Verbindung, wenn Sie Fragen zur Anfertigung Ihrer Arbeit haben. Fragen kostet nichts und zeigt uns, dass Sie noch am Ball sind. Keine Sorge: Ihre Fragen f\u00fchren <i>nicht<\/i> zu einer schlechteren Note. Ganz im Gegenteil! <\/li>\n<li> Eine Verl\u00e4ngerung der Bearbeitungsdauer von Abschlussarbeiten laut \u00a7 14 (9) APO ist lediglich in <i>begr\u00fcndeten<\/i> Ausnahmef\u00e4llen m\u00f6glich! Gehen Sie also keinesfalls davon aus, dass die Bearbeitungsdauer automatisch verl\u00e4ngert wird. <\/li>\n<\/ul>\n<h2>Quellenangaben<\/h2>\n<ul>\n<li> Die Verwendung fremden Gedankenguts ohne entsprechende Kennzeichnung und Quellenangabe stellt ein Plagiat dar. Darunter f\u00e4llt <i>jedwede<\/i> w\u00f6rtliche \u00dcbernahme oder sinngem\u00e4\u00dfe Wiedergabe fremden Gedankenguts!\n<li> Ein solcher Versto\u00df kann schwerwiegende Folgen haben! Ihre Arbeit wird dann aberkannt und wir melden den Vorfall dem Pr\u00fcfungsausschuss zwecks Pr\u00fcfung weiterer rechtlicher Schritte.<\/li>\n<li> Belegen Sie also stets Ihre Aussagen, indem Sie die betreffenden Quellen <i>ausdr\u00fccklich<\/i> und <i>direkt<\/i> an der entsprechenden Stelle referenzieren! Fertigen Sie zu diesem Zweck ein Literaturverzeichnis an. <\/li>\n<li> Verwenden Sie keine anonymen Quellen aus dem Internet! Zitieren Sie stattdessen aus wissenschaftlichen Publikationen wie Monographien, Lexika und Zeitschriftenartikel, aus denen die Autoren klar hervorgehen. <\/li>\n<li> Bei der Nutzung von KI-basierten Textgeneratoren zur Unterst\u00fctzung oder Erzeugung von Texten (z. B. ChatGPT) m\u00fcssen Sie die <i>Herkunft<\/i> dieser Inhalte explizit deklarieren. Texte, die durch solche Technologien generiert oder modifiziert wurden, m\u00fcssen in jedem Fall klar als solche gekennzeichnet werden!\n<li> Machen Sie gegebenenfalls in Ihrer Arbeit deutlich, dass und welche Teile des Textes mit Hilfe eines KI-Textgenerators erstellt oder bearbeitet wurden, und geben Sie die spezifische Version, das Datum des Zugriffs sowie den eingegebenen Prompt an. <\/li>\n<li> Verlassen Sie sich nicht ausschlie\u00dflich auf KI-generierte Inhalte! Diese sind oft irref\u00fchrend oder gar falsch. Gehen Sie stattdessen kritisch mit solchen Inhalten um und reflektieren Sie deren Validit\u00e4t, indem Sie sie mit wissenschaftlichen Abhandlungen (welche Sie z. B. auch mit Hilfe von ChatGPT suchen k\u00f6nnen) vergleichen. <\/li>\n<\/ul>\n<h2>Hinweise f\u00fcr das Anfertigen einer Masterarbeit<\/h2>\n<ul>\n<li> Der Termin des Masterkolloquiums erfolgt nach Absprache mit Ihrem Betreuer. Das Kolloquium soll <i>vor<\/i> Ihrem Verlassen der Universit\u00e4t durchgef\u00fchrt werden!<\/li>\n<li> Sollten Sie dennoch bereits in Ihrer Verwendung sein, bem\u00fchen Sie sich <i>z\u00fcgig<\/i> um eine Freistellung zwecks Teilnahme am Kolloquium! Ihr Dienstherr ist zur Freistellung <i>verpflichtet<\/i>, solange Sie Ihr Studium an der <abbr title=\"Helmut Schmidt Universit\u00e4t\">HSU<\/abbr> noch nicht abgeschlossen haben. <\/li>\n<li> K\u00fcmmern Sie sich in jedem Fall selbst um eine Terminierung des Masterkolloquiums. Die Einhaltung etwaiger Fristen obliegt Ihnen alleine. \u00dcberschreiten Sie <i>keinesfalls<\/i> Ihre H\u00f6chststudiendauer (siehe \u00a7 3 APO)! Lesen Sie also die Pr\u00fcfungsordnung! <\/li>\n<li> Das Masterkolloquium stellt eine terminierte Pr\u00fcfung dar. Das Vers\u00e4umen dieser Pr\u00fcfung kann Sie im schlimmsten Fall Ihren Abschluss kosten! Die Absage eines bereits terminierten Kolloquiums ohne triftigen Grund gilt als Vers\u00e4umnis.<\/li>\n<\/ul>\n","protected":false},"excerpt":{"rendered":"<p>Generelle Hinweise Befolgen Sie die Richtlinien f\u00fcr das Anfertigen einer wissenschaftlichen Arbeit an meinem Lehrstuhl. Dazu geh\u00f6ren insbesondere Seminar-, Bachelor- und Masterarbeiten. Eine Nichtbeachtung dieser Richtlinien f\u00fchrt zu einem Notenabzug! [&hellip;]<\/p>\n","protected":false},"author":103,"featured_media":0,"parent":0,"menu_order":0,"comment_status":"closed","ping_status":"closed","template":"","meta":{"footnotes":""},"categories":[4],"tags":[],"class_list":["post-2273","page","type-page","status-publish","hentry","category-forschung"],"_links":{"self":[{"href":"https:\/\/www.hsu-hh.de\/stochastik\/wp-json\/wp\/v2\/pages\/2273","targetHints":{"allow":["GET"]}}],"collection":[{"href":"https:\/\/www.hsu-hh.de\/stochastik\/wp-json\/wp\/v2\/pages"}],"about":[{"href":"https:\/\/www.hsu-hh.de\/stochastik\/wp-json\/wp\/v2\/types\/page"}],"author":[{"embeddable":true,"href":"https:\/\/www.hsu-hh.de\/stochastik\/wp-json\/wp\/v2\/users\/103"}],"replies":[{"embeddable":true,"href":"https:\/\/www.hsu-hh.de\/stochastik\/wp-json\/wp\/v2\/comments?post=2273"}],"version-history":[{"count":29,"href":"https:\/\/www.hsu-hh.de\/stochastik\/wp-json\/wp\/v2\/pages\/2273\/revisions"}],"predecessor-version":[{"id":2578,"href":"https:\/\/www.hsu-hh.de\/stochastik\/wp-json\/wp\/v2\/pages\/2273\/revisions\/2578"}],"wp:attachment":[{"href":"https:\/\/www.hsu-hh.de\/stochastik\/wp-json\/wp\/v2\/media?parent=2273"}],"wp:term":[{"taxonomy":"category","embeddable":true,"href":"https:\/\/www.hsu-hh.de\/stochastik\/wp-json\/wp\/v2\/categories?post=2273"},{"taxonomy":"post_tag","embeddable":true,"href":"https:\/\/www.hsu-hh.de\/stochastik\/wp-json\/wp\/v2\/tags?post=2273"}],"curies":[{"name":"wp","href":"https:\/\/api.w.org\/{rel}","templated":true}]}}