{"id":2015,"date":"2023-04-11T19:06:54","date_gmt":"2023-04-11T17:06:54","guid":{"rendered":"https:\/\/www.hsu-hh.de\/stochastik\/?page_id=2015"},"modified":"2025-03-14T21:11:07","modified_gmt":"2025-03-14T20:11:07","slug":"florian-schuetze","status":"publish","type":"page","link":"https:\/\/www.hsu-hh.de\/stochastik\/florian-schuetze","title":{"rendered":"Dr. Florian Sch\u00fctze"},"content":{"rendered":"<div class=\"ansprechparter-container\">\n<div class=\"row ansprechpartner-item ansprechparter-header\">\n<div class=\"col-md-4 col-lg-3 col-xs-4 ansprechpartner-item floatright img-circle center-block\" style=\"margin-bottom: 30px\">\n<div class=\"img-responsive-wrapper\"><img loading=\"lazy\" decoding=\"async\" class=\"alignright size-full wp-image-182\" src=\"https:\/\/www.hsu-hh.de\/stochastik\/wp-content\/uploads\/sites\/772\/2023\/04\/Florian.jpg\" alt=\"F. Sch\u00fctze\" width=\"150\" height=\"194\" \/><\/div>\n<\/div>\n<div class=\"col-md-12 col-lg-3 col-xs-12 ansprechpartner-item kontakt floatright\" style=\"margin-bottom: 30px\">\n<div class=\"row\">\n<div class=\"col-xs-12 col-sm-6 col-lg-12\">\n<div class=\"row\">\n<div class=\"col-xs-12 col-lg-4 row-text bold\">Raum:<\/div>\n<div class=\"col-xs-12 col-lg-8 row-text\">1372<\/div>\n<\/div>\n<\/div>\n<div class=\"col-xs-12 col-sm-6 col-lg-12\">\n<div class=\"row\">\n<div class=\"col-xs-12 col-lg-4 row-text bold\">Telefon:<\/div>\n<div class=\"col-xs-12 col-lg-8 row-text\">+49 (0)40 6541-2861<\/div>\n<\/div>\n<\/div>\n<div class=\"col-xs-12 col-sm-6 col-lg-12\">\n<div class=\"row\">\n<div class=\"col-xs-12 col-lg-4 row-text bold\">Fax:<\/div>\n<div class=\"col-xs-12 col-lg-8 row-text\">+49 (0)40 6541-2023<\/div>\n<\/div>\n<\/div>\n<div class=\"col-xs-12 col-sm-6 col-lg-12\">\n<div class=\"row\">\n<div class=\"col-xs-12 col-lg-4 row-text bold\">E-Mail:<\/div>\n<div class=\"col-xs-12 col-lg-8 row-text\"><a href=\"mailto:schuetze@hsu-hh.de\" rel='nofollow'>schuetze@hsu-hh.de<\/a><\/div>\n<\/div>\n<\/div>\n<\/div>\n<\/div>\n<div class=\"col-md-6 col-lg-3 col-xs-12 ansprechpartner-item anschrift floatright\">\n<div class=\"row-headline\">Besucheranschrift:<\/div>\n<div class=\"row-text\">Helmut-Schmidt-Universit\u00e4t<\/div>\n<div class=\"row-text\">Geb\u00e4ude H1<\/div>\n<div class=\"row-text\">Holstenhofweg 85<\/div>\n<div class=\"row-text\">22043 Hamburg<\/div>\n<\/div>\n<div class=\"col-md-6 col-lg-3 col-xs-12 ansprechpartner-item anschrift floatright\">\n<div class=\"row-headline\">Postanschrift:<\/div>\n<div class=\"row-text\">Helmut-Schmidt-Universit\u00e4t<\/div>\n<div class=\"row-text\">Fakult\u00e4t f\u00fcr Wirtschafts- und Sozialwissenschaften<br \/>22008 Hamburg<\/div>\n<\/div>\n<\/div>\n<\/div>\n<div class=\"clearfix\">\u00a0<\/div>\n<h2>Werdegang:<\/h2>\n<p><abbr title=\"Doktor\">Dr.<\/abbr> Florian Sch\u00fctze absolvierte 2013 den Bachelorstudiengang Volkswirtschaftslehre und 2016 den Masterstudiengang Economics an der Universit\u00e4t Hamburg. Er promovierte von 2017 bis 2025 zu dem Thema: \u201eEssays on measuring uncertainty\u201c und ist seit April 2023 als wissenschaftlicher Mitarbeiter an unserem Lehrstuhl t\u00e4tig.<\/p>\n<div class=\"clearfix\">\u00a0<\/div>\n<h2>Forschungsschwerpunkte:<\/h2>\n<ul>\n<li>Zeitreihenanalyse<\/li>\n<li>Maschinelles Lernen<\/li>\n<li>Text- und Data-Mining<\/li>\n<li>Makro\u00f6konomische Prognosen<\/li>\n<li>Validit\u00e4t von Regressionen<\/li>\n<\/ul>\n\n\n<h2 class=\"wp-block-heading\">Publikationen:<\/h2>\n\n\n\n<h4 class=\"wp-block-heading\"><strong>Monografien:<\/strong><\/h4>\n\n\n\n<ul class=\"wp-block-list\">\n<li><strong>Sch\u00fctze, F. (2025)<\/strong>: Essays on measuring uncertainty, <a href=\"https:\/\/ediss.sub.uni-hamburg.de\/handle\/ediss\/11490\" rel='nofollow'>Dissertation<\/a>, Universit\u00e4t Hamburg<\/li>\n<\/ul>\n\n\n\n<h4 class=\"wp-block-heading\"><strong>Software:<\/strong><\/h4>\n\n\n\n<ul class=\"wp-block-list\">\n<li><strong>Sch\u00fctze, F. (2024)<\/strong>:<strong> <\/strong>\u201cR Package: A Test for the Validity of Regression Models\u201d, GitHub R Package, <a href=\"https:\/\/github.com\/floschuetze\/Validity\" rel='nofollow'>https:\/\/github.com\/floschuetze\/Validity<\/a><\/li>\n<\/ul>\n\n\n\n<h4 class=\"wp-block-heading\"><strong>Aufs\u00e4tze:<\/strong><\/h4>\n\n\n\n<ul class=\"wp-block-list\">\n<li><strong>Diaf, S., Sch\u00fctze, F. (2024)<\/strong>: Uncovering Uncertainty in Narrative Economics: A Semantic Search Approach, In: G. Giordano and M. Misuracan (Eds.), <em>New Frontiers in Textual Data Analysis<\/em>, pp. 323-335, Springer, Cham. DOI: <a href=\"https:\/\/link.springer.com\/chapter\/10.1007\/978-3-031-55917-4_26\" rel='nofollow'>10.1007\/978-3-031-55917-4_26<\/a><\/li>\n\n\n\n<li><strong>Diaf, S., Sch\u00fctze, F. (2024)<\/strong>: Multilingual Monetary Policy: Unfolding Language and Policy Preferences of Swiss Central Bankers, <em>CARMA 2024 &#8211; 6th International Conference on Advanced Research Methods and Analytics<\/em>, Valencia, Spain, 26 &#8211; 28 June 2024, pp. 212\u2013219, DOI: <a href=\"https:\/\/doi.org\/10.4995\/CARMA2024.2024.17405\" rel='nofollow'>10.4995\/CARMA2024.2024.17405<\/a><\/li>\n\n\n\n<li><strong>Diaf, S., Sch\u00fctze, F. (2024)<\/strong>: Economic forecasting with non-specific Google Trends sentiments: Insights from US Data, <em>CARMA 2024 &#8211; 6th International Conference on Advanced Research Methods and Analytics<\/em>, Valencia, Spain, 26 &#8211; 28 June 2024, pp. 10\u201317, DOI: <a href=\"https:\/\/doi.org\/10.4995\/CARMA2024.2024.17783\" rel='nofollow'>10.4995\/CARMA2024.2024.17783<\/a><\/li>\n\n\n\n<li><strong>Diaf, S., Sch\u00fctze, F. (2023)<\/strong>: Estimating Policy Uncertainty Within Monetary Policy Debates, <em>CARMA 2023 &#8211; 5th International Conference on Advanced Research Methods and Analytics<\/em>, Sevilla, Spain, 28 &#8211; 30 June 2023, pp. 269\u2013277, DOI: <a href=\"http:\/\/dx.doi.org\/10.4995\/CARMA2023.2023.16419\" rel='nofollow'>10.4995\/CARMA2023.2023.16419<\/a><\/li>\n\n\n\n<li><strong>Diaf, S., Sch\u00fctze, F. (2022)<\/strong>: Estimating uncertainty in narrative economics using latent semantic scaling, <em>JADT 2022 &#8211; 16th International Conference on Statistical Analysis of Textual Data<\/em>, Naples, Italy, 6 &#8211; 8 July 2022, pp. 321-327, <a href=\"http:\/\/lexicometrica.univ-paris3.fr\/jadt\/JADT2022\/VOL1.pdf\" rel='nofollow'>http:\/\/lexicometrica.univ-paris3.fr\/jadt\/JADT2022\/VOL1.pdf<\/a><\/li>\n\n\n\n<li><strong>Sch\u00fctze, F. (2022)<\/strong>: The demand side of information provision: Using multivariate time series clustering to construct multinational uncertainty proxies, <em>CARMA 2022 &#8211; 4rd International Conference on Advanced Research Methods and Analytics<\/em>, Valencia, Spain, 29 June \u2013 1 July 2022, pp. 155\u2013163, DOI: <a href=\"http:\/\/dx.doi.org\/10.4995\/CARMA2022.2022.15080\" rel='nofollow'>10.4995\/CARMA2022.2022.15080<\/a><\/li>\n\n\n\n<li><strong>Sch\u00fctze, F. (2020)<\/strong>: Google Trends Topic-Based Uncertainty: A Multi-National Approach, <em>CARMA 2020 &#8211; 3rd International Conference on Advanced Research Methods and Analytics<\/em>, Valencia, Spain, 8 \u2013 9 July 2020, pp. 191-199 DOI:<a href=\"http:\/\/dx.doi.org\/10.4995\/CARMA2020.2020.11622\" rel='nofollow'>10.4995\/CARMA2020.2020.11622<\/a><\/li>\n<\/ul>\n\n\n\n<h2 class=\"wp-block-heading\">Lehre:<\/h2>\n\n\n\n<ol class=\"wp-block-list\">\n<li><abbr title=\"Herbsttrimester\">HT<\/abbr> 2023: Spiel- und Entscheidungstheorie<\/li>\n\n\n\n<li><abbr title=\"Fr\u00fchjahrstrimester\">FT<\/abbr> 2024: \u00dcbungen zu Quantitative Methoden III<\/li>\n\n\n\n<li><abbr title=\"Herbsttrimester\">HT<\/abbr> 2024: \u00dcbungen zu Quantitative Methoden I<\/li>\n\n\n\n<li><abbr title=\"Wintertrimester\">WT<\/abbr> 2024: \u00dcbungen zu Quantitative Methoden II <\/li>\n<\/ol>\n\n\n\n<p><\/p>\n","protected":false},"excerpt":{"rendered":"<p>Raum: 1372 Telefon: +49 (0)40 6541-2861 Fax: +49 (0)40 6541-2023 E-Mail: schuetze@hsu-hh.de Besucheranschrift: Helmut-Schmidt-Universit\u00e4t Geb\u00e4ude H1 Holstenhofweg 85 22043 Hamburg Postanschrift: Helmut-Schmidt-Universit\u00e4t Fakult\u00e4t f\u00fcr Wirtschafts- und Sozialwissenschaften22008 Hamburg \u00a0 Werdegang: [&hellip;]<\/p>\n","protected":false},"author":103,"featured_media":0,"parent":0,"menu_order":0,"comment_status":"closed","ping_status":"closed","template":"","meta":{"footnotes":""},"categories":[44,38],"tags":[],"class_list":["post-2015","page","type-page","status-publish","hentry","category-mitarbeiter","category-team"],"_links":{"self":[{"href":"https:\/\/www.hsu-hh.de\/stochastik\/wp-json\/wp\/v2\/pages\/2015","targetHints":{"allow":["GET"]}}],"collection":[{"href":"https:\/\/www.hsu-hh.de\/stochastik\/wp-json\/wp\/v2\/pages"}],"about":[{"href":"https:\/\/www.hsu-hh.de\/stochastik\/wp-json\/wp\/v2\/types\/page"}],"author":[{"embeddable":true,"href":"https:\/\/www.hsu-hh.de\/stochastik\/wp-json\/wp\/v2\/users\/103"}],"replies":[{"embeddable":true,"href":"https:\/\/www.hsu-hh.de\/stochastik\/wp-json\/wp\/v2\/comments?post=2015"}],"version-history":[{"count":12,"href":"https:\/\/www.hsu-hh.de\/stochastik\/wp-json\/wp\/v2\/pages\/2015\/revisions"}],"predecessor-version":[{"id":2596,"href":"https:\/\/www.hsu-hh.de\/stochastik\/wp-json\/wp\/v2\/pages\/2015\/revisions\/2596"}],"wp:attachment":[{"href":"https:\/\/www.hsu-hh.de\/stochastik\/wp-json\/wp\/v2\/media?parent=2015"}],"wp:term":[{"taxonomy":"category","embeddable":true,"href":"https:\/\/www.hsu-hh.de\/stochastik\/wp-json\/wp\/v2\/categories?post=2015"},{"taxonomy":"post_tag","embeddable":true,"href":"https:\/\/www.hsu-hh.de\/stochastik\/wp-json\/wp\/v2\/tags?post=2015"}],"curies":[{"name":"wp","href":"https:\/\/api.w.org\/{rel}","templated":true}]}}