{"id":2005,"date":"2023-04-11T18:50:37","date_gmt":"2023-04-11T16:50:37","guid":{"rendered":"https:\/\/www.hsu-hh.de\/stochastik\/?page_id=2005"},"modified":"2024-11-29T12:56:54","modified_gmt":"2024-11-29T11:56:54","slug":"andre-esslinger","status":"publish","type":"page","link":"https:\/\/www.hsu-hh.de\/stochastik\/andre-esslinger","title":{"rendered":"Andr\u00e9 Esslinger"},"content":{"rendered":"<div class=\"ansprechparter-container\">\n<div class=\"row ansprechpartner-item ansprechparter-header\">\n<div class=\"col-md-4 col-lg-3 col-xs-4 ansprechpartner-item floatright img-circle center-block\" style=\"margin-bottom: 30px\">\n<div class=\"img-responsive-wrapper\"><img loading=\"lazy\" decoding=\"async\" class=\"alignright size-full wp-image-182\" src=\"https:\/\/www.hsu-hh.de\/stochastik\/wp-content\/uploads\/sites\/772\/2024\/09\/Andre.jpg\" width=\"150\" height=\"200\"><\/div>\n<\/div>\n<div class=\"col-md-12 col-lg-3 col-xs-12 ansprechpartner-item kontakt floatright\" style=\"margin-bottom: 30px\">\n<div class=\"row\">\n<div class=\"col-xs-12 col-sm-6 col-lg-12\">\n<div class=\"row\">\n<div class=\"col-xs-12 col-lg-4 row-text bold\">Raum:<\/div>\n<div class=\"col-xs-12 col-lg-8 row-text\">1372<\/div>\n<\/div>\n<\/div>\n<div class=\"col-xs-12 col-sm-6 col-lg-12\">\n<div class=\"row\">\n<div class=\"col-xs-12 col-lg-4 row-text bold\">Telefon:<\/div>\n<div class=\"col-xs-12 col-lg-8 row-text\">+49 (0)40 6541-2378<\/div>\n<\/div>\n<\/div>\n<div class=\"col-xs-12 col-sm-6 col-lg-12\">\n<div class=\"row\">\n<div class=\"col-xs-12 col-lg-4 row-text bold\">Fax:<\/div>\n<div class=\"col-xs-12 col-lg-8 row-text\">+49 (0)40 6541-2023<\/div>\n<\/div>\n<\/div>\n<div class=\"col-xs-12 col-sm-6 col-lg-12\">\n<div class=\"row\">\n<div class=\"col-xs-12 col-lg-4 row-text bold\">E-Mail:<\/div>\n<div class=\"col-xs-12 col-lg-8 row-text\"><a href=\"mailto:esslinger@hsu-hh.de\" rel='nofollow'>esslinger@hsu-hh.de<\/a><\/div>\n<\/div>\n<\/div>\n<\/div>\n<\/div>\n<div class=\"col-md-6 col-lg-3 col-xs-12 ansprechpartner-item anschrift floatright\">\n<div class=\"row-headline\">Besucheranschrift:<\/div>\n<div class=\"row-text\">Helmut-Schmidt-Universit\u00e4t<\/div>\n<div class=\"row-text\">Geb\u00e4ude H1<\/div>\n<div class=\"row-text\">Holstenhofweg 85<\/div>\n<div class=\"row-text\">22043 Hamburg<\/div>\n<\/div>\n<div class=\"col-md-6 col-lg-3 col-xs-12 ansprechpartner-item anschrift floatright\">\n<div class=\"row-headline\">Postanschrift:<\/div>\n<div class=\"row-text\">Helmut-Schmidt-Universit\u00e4t<\/div>\n<div class=\"row-text\">Fakult\u00e4t f\u00fcr Wirtschafts- und Sozialwissenschaften<br \/>\n22008 Hamburg<\/div>\n<\/div>\n<\/div>\n<\/div>\n<div class=\"clearfix\"><\/div>\n<h2>Werdegang:<\/h2>\n<p>Nach einer Ausbildung zum Bankkaufmann begann Andr\u00e9 Esslinger im M\u00e4rz 2018 das Bachelorstudium der Wirtschaftsmathematik am RheinAhrCampus der Hochschule Koblenz. Darauf aufbauend absolvierte er das Masterstudium Applied Mathematics am RheinAhrCampus mit dem Profil Aktuar- und Finanzmathematik. Seit M\u00e4rz 2023 unterst\u00fctzt er uns als wissenschaftlicher Mitarbeiter und promoviert auf den Gebieten Kapitalmarkttheorie und Finanzmathematik.<\/p>\n<div class=\"clearfix\"><\/div>\n<h2>Lehre:<\/h2>\n<ul>\n<li><abbr title=\"Fr\u00fchjahrstrimester\">FT<\/abbr> 2023: Vorlesungen und \u00dcbungen zur Finanz- und Versicherungsmathematik<\/li>\n<li><abbr title=\"Herbsttrimester\">HT<\/abbr> 2023: Betreung des Seminars Risikomanagement<\/li>\n<li><abbr title=\"Wintertrimester\">WT<\/abbr> 2024: \u00dcbungen zu Quantitative Methoden II<\/li>\n<li><abbr title=\"Fr\u00fchjahrstrimester\">FT<\/abbr> 2024: \u00dcbungen zur Finanz- und Versicherungsmathematik<\/li>\n<li><abbr title=\"Herbsttrimester\">HT<\/abbr> 2024: \u00dcbungen zu Quantitative Methoden I<\/li>\n<\/ul>\n","protected":false},"excerpt":{"rendered":"<p>Raum: 1372 Telefon: +49 (0)40 6541-2378 Fax: +49 (0)40 6541-2023 E-Mail: esslinger@hsu-hh.de Besucheranschrift: Helmut-Schmidt-Universit\u00e4t Geb\u00e4ude H1 Holstenhofweg 85 22043 Hamburg Postanschrift: Helmut-Schmidt-Universit\u00e4t Fakult\u00e4t f\u00fcr Wirtschafts- und Sozialwissenschaften 22008 Hamburg Werdegang: [&hellip;]<\/p>\n","protected":false},"author":103,"featured_media":0,"parent":0,"menu_order":0,"comment_status":"closed","ping_status":"closed","template":"","meta":{"footnotes":""},"categories":[44,38],"tags":[],"class_list":["post-2005","page","type-page","status-publish","hentry","category-mitarbeiter","category-team"],"_links":{"self":[{"href":"https:\/\/www.hsu-hh.de\/stochastik\/wp-json\/wp\/v2\/pages\/2005","targetHints":{"allow":["GET"]}}],"collection":[{"href":"https:\/\/www.hsu-hh.de\/stochastik\/wp-json\/wp\/v2\/pages"}],"about":[{"href":"https:\/\/www.hsu-hh.de\/stochastik\/wp-json\/wp\/v2\/types\/page"}],"author":[{"embeddable":true,"href":"https:\/\/www.hsu-hh.de\/stochastik\/wp-json\/wp\/v2\/users\/103"}],"replies":[{"embeddable":true,"href":"https:\/\/www.hsu-hh.de\/stochastik\/wp-json\/wp\/v2\/comments?post=2005"}],"version-history":[{"count":17,"href":"https:\/\/www.hsu-hh.de\/stochastik\/wp-json\/wp\/v2\/pages\/2005\/revisions"}],"predecessor-version":[{"id":2387,"href":"https:\/\/www.hsu-hh.de\/stochastik\/wp-json\/wp\/v2\/pages\/2005\/revisions\/2387"}],"wp:attachment":[{"href":"https:\/\/www.hsu-hh.de\/stochastik\/wp-json\/wp\/v2\/media?parent=2005"}],"wp:term":[{"taxonomy":"category","embeddable":true,"href":"https:\/\/www.hsu-hh.de\/stochastik\/wp-json\/wp\/v2\/categories?post=2005"},{"taxonomy":"post_tag","embeddable":true,"href":"https:\/\/www.hsu-hh.de\/stochastik\/wp-json\/wp\/v2\/tags?post=2005"}],"curies":[{"name":"wp","href":"https:\/\/api.w.org\/{rel}","templated":true}]}}