{"id":1133,"date":"2018-01-07T20:11:20","date_gmt":"2018-01-07T19:11:20","guid":{"rendered":"https:\/\/www.hsu-hh.de\/stochastik\/?page_id=1133"},"modified":"2026-01-02T14:53:49","modified_gmt":"2026-01-02T13:53:49","slug":"einfuehrung-in-den-begriff-des-risikos","status":"publish","type":"page","link":"https:\/\/www.hsu-hh.de\/stochastik\/einfuehrung-in-den-begriff-des-risikos","title":{"rendered":"Einf\u00fchrung in den Begriff des Risikos"},"content":{"rendered":"<p><img decoding=\"async\" src=\"https:\/\/www.hsu-hh.de\/stochastik\/wp-content\/uploads\/sites\/772\/2018\/01\/Risiko.jpg\" alt=\"Risiko\" hspace=\"20\" style=\"float:left;width:200px;height:291px\"><\/p>\n<p>Die Veranstaltung \u201eEinf\u00fchrung in den Begriff des Risikos\u201c ist ein interdisziplin\u00e4res Modul, welches am Anfang des <a href=\"https:\/\/www.hsu-hh.de\/stochastik\/studienschwerpunkt-risikomanagement\/\" target=\"_blank\" rel=\"noopener noreferrer\"><abbr title=\"Studienschwerpunkt\">SSP<\/abbr> Risikomanagement<\/a> im Masterstudiengang Betriebswirtschaftslehre stattfindet. Sie wird gemeinsam von Vertretern der folgenden vier Fachbereiche angeboten:<\/p>\n<ul>\n<li style=\"margin-left: 220px\"><a href=\"https:\/\/www.hsu-hh.de\/icu\/scheytt\/\" target=\"_blank\" rel=\"noopener noreferrer\">Tobias Scheytt<\/a> (Betriebswirtschaftslehre)<\/li>\n<li style=\"margin-left: 220px\"><a href=\"https:\/\/www.hsu-hh.de\/reiner\/team\" target=\"_blank\" rel=\"noopener noreferrer\">G\u00fcnter Reiner<\/a> (Jurisprudenz)<\/li>\n<li style=\"margin-left: 220px\"><a href=\"https:\/\/www.hsu-hh.de\/stochastik\/univ-prof-dr-gabriel-frahm\/\" target=\"_blank\" rel=\"noopener noreferrer\">Gabriel Frahm<\/a> (Mathematik)<\/li>\n<li style=\"margin-left: 220px\"><a href=\"https:\/\/www.hsu-hh.de\/theevs\/schreiber\" target=\"_blank\" rel=\"noopener noreferrer\">Gerhard Schreiber<\/a> (Ethik)<\/li>\n<\/ul>\n<p>Diese Veranstaltung besteht aus drei Phasen:<\/p>\n<ol>\n<li style=\"margin-left: 220px\">Ringvorlesungen: Fachvortr\u00e4ge der Dozenten zum jeweiligen Fachbereich mit Anwesenheitspflicht<\/li>\n<li style=\"margin-left: 220px\">Vollversammlung: Rekapitulation und Diskussion der Fachvortr\u00e4ge im Rahmen einer Blockveranstaltung<\/li>\n<li style=\"margin-left: 220px\">Nachbereitung: Zusammenfassung der Erkenntnisse der einzelnen Arbeitsgruppen in Form eines Essays<\/li>\n<\/ol>\n<p>Dieses Modul besteht aus drei Phasen: einer Vorbereitungsphase mit Ringvorlesung, einer Vollversammlung und einer Nachbereitungsphase mit Hausarbeit.<\/p>\n<p>Zur Vorbereitungsphase geh\u00f6ren vier Ringvorlesungen mit <strong>Anwesenheitspflicht<\/strong>, die Sie in die Risikobegriffe unterschiedlicher F\u00e4cher einf\u00fchren und zu den folgenden Terminen stattfinden werden:<\/p>\n<ol>\n<li>Mo., 19.01.2026, 14:00 bis 15:30 Uhr online, Mathematik: Frahm<\/li>\n<li>Mo., 19.01.2026, 17:30 bis 19:00 Uhr online, <abbr title=\"Betriebswirtschaftslehre\">BWL<\/abbr>: Scheytt<\/li>\n<li>Mi., 04.02.2026, 19:15 bis 20:45 Uhr im Raum 110, Ethik: Schreiber<\/li>\n<li>Fr., 06.02.2026, 17:30 bis 19:00 Uhr im Raum 110, Recht: von Weschpfennig\/Reiner<\/li>\n<\/ol>\n<p>Dabei werden Anwesenheitslisten gef\u00fchrt. Studierende, die nicht erscheinen und sich nicht rechtzeitig vor der Veranstaltung bei <a href=\"mailto:guenter.reiner@unibwh.de?subject=Einf\u00fchrung in den Begriff des Risikos\" rel='nofollow'>Professor Reiner<\/a> mit Begr\u00fcndung in Textform (\u00a7 126b BGB) entschuldigen, k\u00f6nnen sp\u00e4ter nicht mehr ber\u00fccksichtigt werden.<\/p>\n<p>Im Rahmen des letzten Vorlesungstermins am 06.02.2026 werden die Teilnehmer in vier Arbeitsgruppen (<abbr title=\"Betriebswirtschaftslehre\">BWL<\/abbr>, Mathe, Ethik und Recht) eingeteilt. Im Anschluss an den Vorlesungszyklus wird es Aufgabe der einzelnen Arbeitsgruppen sein, f\u00fcr die Vollversammlung (siehe nachfolgend) Vortr\u00e4ge zum Risikobegriff entsprechend ihrem jeweiligen Fach auszuarbeiten (Dauer der Vortr\u00e4ge: 20 Min.).<\/p>\n<p>Sollte es die Anzahl der Gruppenmitglieder nicht vern\u00fcnftig erscheinen lassen, dass alle Mitglieder vortragen, entscheiden die Mitglieder der Gruppen selbst, wer von ihnen vortr\u00e4gt. Diejenigen, die nicht selbst vortragen, haben die M\u00f6glichkeit, sich in der Diskussion durch Redebeitr\u00e4ge auszuzeichnen.<\/p>\n<p>Die Vollversammlung mit Vortr\u00e4gen und Diskussion vereinigt alle Studierenden und die Lehrenden aller vier Disziplinen in einem Raum. Sie wird voraussichtlich am <strong>12.03.2026<\/strong> von 14:00 bis 18:00 Uhr stattfinden, sofern wir die Genehmigung des milit\u00e4rischen Bereichs bekommen. Blockieren Sie bitte bereits jetzt dieses Datum in Ihrem Kalender.<\/p>\n<p>In der Nachbereitungsphase haben alle Teilnehmer\/innen in Einzelarbeit je eine 5-seitige schriftliche Ausarbeitung (Essay) zum Thema \u201eDer Risikobegriff aus interdisziplin\u00e4rer Perspektive\u201c vorzulegen. Sie gehen von der Disziplin ihres m\u00fcndlichen Referats aus und grenzen \u201eihren\u201c Risikobegriff von den anderen Risikobegriffen ab.<\/p>\n<p>Soweit Literatur oder sonstige Quellen (z. B. ChatGPT) zu Rate gezogen werden, ist nach wissenschaftlichen Standards zu zitieren! Beachten Sie dazu unsere <a href=\"https:\/\/www.hsu-hh.de\/stochastik\/downloads\" target=\"_blank\" rel=\"noopener noreferrer\">Hinweise f\u00fcr das Anfertigen eines Essays<\/a>. Sofern Sie sich f\u00fcr die Arbeitsgruppe Mathematik entscheiden, sollten Sie auch unsere <a href=\"https:\/\/www.hsu-hh.de\/stochastik\/downloads\" target=\"_blank\" rel=\"noopener noreferrer\">Richtlinien f\u00fcr das Anfertigen einer wissenschaftlichen Arbeit<\/a> beherzigen.<\/p>\n<p>Bei der Benotung wird neben Genauigkeit und Stringenz der Darstellung insbesondere die vergleichende Komponente ber\u00fccksichtigt. Die Benotung des Moduls errechnet sich aus zwei Komponenten, n\u00e4mlich der Teilnote f\u00fcr die Ausarbeitung (Gewichtung: 50 %) und der Teilnote f\u00fcr die m\u00fcndliche Leistung (Vortrag und\/oder Diskussionsbeitr\u00e4ge) bei der Pr\u00e4senzveranstaltung (Gewichtung: 50 %). Letztere richtet sich nach dem Vortrag und\/oder nach dem jeweiligen Beitrag zur Diskussion w\u00e4hrend der Pr\u00e4senzveranstaltung.<\/p>\n","protected":false},"excerpt":{"rendered":"<p>Die Veranstaltung \u201eEinf\u00fchrung in den Begriff des Risikos\u201c ist ein interdisziplin\u00e4res Modul, welches am Anfang des SSP Risikomanagement im Masterstudiengang Betriebswirtschaftslehre stattfindet. Sie wird gemeinsam von Vertretern der folgenden vier [&hellip;]<\/p>\n","protected":false},"author":103,"featured_media":0,"parent":0,"menu_order":0,"comment_status":"closed","ping_status":"closed","template":"","meta":{"footnotes":""},"categories":[6],"tags":[],"class_list":["post-1133","page","type-page","status-publish","hentry","category-lehre"],"_links":{"self":[{"href":"https:\/\/www.hsu-hh.de\/stochastik\/wp-json\/wp\/v2\/pages\/1133","targetHints":{"allow":["GET"]}}],"collection":[{"href":"https:\/\/www.hsu-hh.de\/stochastik\/wp-json\/wp\/v2\/pages"}],"about":[{"href":"https:\/\/www.hsu-hh.de\/stochastik\/wp-json\/wp\/v2\/types\/page"}],"author":[{"embeddable":true,"href":"https:\/\/www.hsu-hh.de\/stochastik\/wp-json\/wp\/v2\/users\/103"}],"replies":[{"embeddable":true,"href":"https:\/\/www.hsu-hh.de\/stochastik\/wp-json\/wp\/v2\/comments?post=1133"}],"version-history":[{"count":75,"href":"https:\/\/www.hsu-hh.de\/stochastik\/wp-json\/wp\/v2\/pages\/1133\/revisions"}],"predecessor-version":[{"id":2653,"href":"https:\/\/www.hsu-hh.de\/stochastik\/wp-json\/wp\/v2\/pages\/1133\/revisions\/2653"}],"wp:attachment":[{"href":"https:\/\/www.hsu-hh.de\/stochastik\/wp-json\/wp\/v2\/media?parent=1133"}],"wp:term":[{"taxonomy":"category","embeddable":true,"href":"https:\/\/www.hsu-hh.de\/stochastik\/wp-json\/wp\/v2\/categories?post=1133"},{"taxonomy":"post_tag","embeddable":true,"href":"https:\/\/www.hsu-hh.de\/stochastik\/wp-json\/wp\/v2\/tags?post=1133"}],"curies":[{"name":"wp","href":"https:\/\/api.w.org\/{rel}","templated":true}]}}