{"id":1033,"date":"2017-10-21T14:33:50","date_gmt":"2017-10-21T12:33:50","guid":{"rendered":"https:\/\/www.hsu-hh.de\/stochastik\/?page_id=1033"},"modified":"2017-10-21T18:14:12","modified_gmt":"2017-10-21T16:14:12","slug":"studienberatung","status":"publish","type":"page","link":"https:\/\/www.hsu-hh.de\/stochastik\/studienberatung","title":{"rendered":"Studienberatung"},"content":{"rendered":"<p>\nProfessor Frahm bietet eine <strong>Studienberatung<\/strong> an, die das Ziel verfolgt, jedem Interessenten des <a href=\"https:\/\/www.hsu-hh.de\/stochastik\/studienschwerpunkt-risikomanagement\/\" target=\"_blank\">Studienschwerpunkts Risikomanagement<\/a> eine belastbare Auskunft \u00fcber die Erfolgsaussichten im <strong>mathematischen Zweig<\/strong> zu geben.\n<\/p>\n<\/p>\n<p>Zwecks Einsch\u00e4tzung Ihrer k\u00fcnftigen Erfolgsaussichten brauchen wir von Ihnen die folgenden <strong>Informationen<\/strong>:<\/p>\n<ol>\n<li> Ihre Gesamtnote im Abitur und<\/li>\n<li> eine m\u00f6glichst vollst\u00e4ndige \u00dcbersicht Ihrer bisherigen Noten im Bachelorstudium.<\/li>\n<\/ol>\n<p><p>\nFalls es <strong>sonstige Indikatoren<\/strong> bez\u00fcglich Ihrer mathematischen F\u00e4higkeiten gibt, wie z. B. das Resultat der Teilnahme an einem Mathematik-Wettbewerb oder das Ergebnis eines IQ-Tests, sollten Sie uns diese ebenso zur Verf\u00fcgung stellen.\n<\/p>\n<p>\nAu\u00dferdem w\u00e4re es hilfreich, wenn Sie uns den Titel Ihrer <strong>Bachelorarbeit<\/strong> nennen und uns mitteilen w\u00fcrden, ob Sie diese bereits abgegeben haben. Selbstverst\u00e4ndlich behandeln wir die uns zur Verf\u00fcgung gestellten Informationen vertraulich.\n<\/p>\n<p>\nSie sollten Professor Frahm zwecks Studienberatung m\u00f6glichst fr\u00fchzeitig <a href=\"mailto:frahm@hsu-hh.de?subject=Studienberatung\" rel='nofollow'>kontaktieren<\/a>.<\/p>\n","protected":false},"excerpt":{"rendered":"<p>Professor Frahm bietet eine Studienberatung an, die das Ziel verfolgt, jedem Interessenten des Studienschwerpunkts Risikomanagement eine belastbare Auskunft \u00fcber die Erfolgsaussichten im mathematischen Zweig zu geben. Zwecks Einsch\u00e4tzung Ihrer k\u00fcnftigen [&hellip;]<\/p>\n","protected":false},"author":103,"featured_media":0,"parent":0,"menu_order":0,"comment_status":"closed","ping_status":"closed","template":"","meta":{"footnotes":""},"categories":[6],"tags":[],"class_list":["post-1033","page","type-page","status-publish","hentry","category-lehre"],"_links":{"self":[{"href":"https:\/\/www.hsu-hh.de\/stochastik\/wp-json\/wp\/v2\/pages\/1033","targetHints":{"allow":["GET"]}}],"collection":[{"href":"https:\/\/www.hsu-hh.de\/stochastik\/wp-json\/wp\/v2\/pages"}],"about":[{"href":"https:\/\/www.hsu-hh.de\/stochastik\/wp-json\/wp\/v2\/types\/page"}],"author":[{"embeddable":true,"href":"https:\/\/www.hsu-hh.de\/stochastik\/wp-json\/wp\/v2\/users\/103"}],"replies":[{"embeddable":true,"href":"https:\/\/www.hsu-hh.de\/stochastik\/wp-json\/wp\/v2\/comments?post=1033"}],"version-history":[{"count":20,"href":"https:\/\/www.hsu-hh.de\/stochastik\/wp-json\/wp\/v2\/pages\/1033\/revisions"}],"predecessor-version":[{"id":1062,"href":"https:\/\/www.hsu-hh.de\/stochastik\/wp-json\/wp\/v2\/pages\/1033\/revisions\/1062"}],"wp:attachment":[{"href":"https:\/\/www.hsu-hh.de\/stochastik\/wp-json\/wp\/v2\/media?parent=1033"}],"wp:term":[{"taxonomy":"category","embeddable":true,"href":"https:\/\/www.hsu-hh.de\/stochastik\/wp-json\/wp\/v2\/categories?post=1033"},{"taxonomy":"post_tag","embeddable":true,"href":"https:\/\/www.hsu-hh.de\/stochastik\/wp-json\/wp\/v2\/tags?post=1033"}],"curies":[{"name":"wp","href":"https:\/\/api.w.org\/{rel}","templated":true}]}}