{"id":73,"date":"2017-07-03T15:52:08","date_gmt":"2017-07-03T13:52:08","guid":{"rendered":"https:\/\/www.hsu-hh.de\/vorlage\/?page_id=73"},"modified":"2023-03-01T10:48:23","modified_gmt":"2023-03-01T09:48:23","slug":"startseite","status":"publish","type":"page","link":"https:\/\/www.hsu-hh.de\/steuerrecht\/","title":{"rendered":"Professur f\u00fcr \u00d6ffentliches Recht und Steuerrecht"},"content":{"rendered":"<div class=\"wp-block-image is-style-default\">\n<figure class=\"alignleft\"><img loading=\"lazy\" decoding=\"async\" width=\"300\" height=\"225\" src=\"https:\/\/www.hsu-hh.de\/steuerrecht\/wp-content\/uploads\/sites\/729\/2020\/07\/Uni-Geb\u00e4ude-von-Mensa-aus-300x225.jpg\" data-credit=\"UHf\" alt=\"Universit\u00e4tsgeb\u00e4ude H1\" class=\"wp-image-748\" srcset=\"https:\/\/www.hsu-hh.de\/steuerrecht\/wp-content\/uploads\/sites\/729\/2020\/07\/Uni-Geb\u00e4ude-von-Mensa-aus-300x225.jpg 300w, https:\/\/www.hsu-hh.de\/steuerrecht\/wp-content\/uploads\/sites\/729\/2020\/07\/Uni-Geb\u00e4ude-von-Mensa-aus-1024x768.jpg 1024w, https:\/\/www.hsu-hh.de\/steuerrecht\/wp-content\/uploads\/sites\/729\/2020\/07\/Uni-Geb\u00e4ude-von-Mensa-aus-768x576.jpg 768w, https:\/\/www.hsu-hh.de\/steuerrecht\/wp-content\/uploads\/sites\/729\/2020\/07\/Uni-Geb\u00e4ude-von-Mensa-aus-1536x1152.jpg 1536w, https:\/\/www.hsu-hh.de\/steuerrecht\/wp-content\/uploads\/sites\/729\/2020\/07\/Uni-Geb\u00e4ude-von-Mensa-aus-1100x825.jpg 1100w, https:\/\/www.hsu-hh.de\/steuerrecht\/wp-content\/uploads\/sites\/729\/2020\/07\/Uni-Geb\u00e4ude-von-Mensa-aus.jpg 1600w\" sizes=\"auto, (max-width: 300px) 100vw, 300px\" \/><\/figure>\n<\/div>\n\n\n<p class=\"has-medium-font-size\"><strong><abbr title=\"Universit\u00e4tsprofessor\">Univ.-Prof.<\/abbr> <abbr title=\"Doktor\">Dr.<\/abbr> iur. Ulrich Hufeld<\/strong><\/p>\n\n\n\n<p>Helmut-Schmidt-Universit\u00e4t \/ Universit\u00e4t der Bundeswehr Hamburg<br>Fakult\u00e4t f\u00fcr Wirtschafts- und Sozialwissenschaften<br>Holstenhofweg 85<br>22043 Hamburg<\/p>\n","protected":false},"excerpt":{"rendered":"<p>Univ.-Prof. Dr. iur. Ulrich Hufeld Helmut-Schmidt-Universit\u00e4t \/ Universit\u00e4t der Bundeswehr HamburgFakult\u00e4t f\u00fcr Wirtschafts- und SozialwissenschaftenHolstenhofweg 8522043 Hamburg<\/p>\n","protected":false},"author":1,"featured_media":0,"parent":0,"menu_order":0,"comment_status":"closed","ping_status":"closed","template":"","meta":{"footnotes":""},"categories":[35],"tags":[52],"class_list":["post-73","page","type-page","status-publish","hentry","category-startseite","tag-professor-hufeld"],"_links":{"self":[{"href":"https:\/\/www.hsu-hh.de\/steuerrecht\/wp-json\/wp\/v2\/pages\/73","targetHints":{"allow":["GET"]}}],"collection":[{"href":"https:\/\/www.hsu-hh.de\/steuerrecht\/wp-json\/wp\/v2\/pages"}],"about":[{"href":"https:\/\/www.hsu-hh.de\/steuerrecht\/wp-json\/wp\/v2\/types\/page"}],"author":[{"embeddable":true,"href":"https:\/\/www.hsu-hh.de\/steuerrecht\/wp-json\/wp\/v2\/users\/1"}],"replies":[{"embeddable":true,"href":"https:\/\/www.hsu-hh.de\/steuerrecht\/wp-json\/wp\/v2\/comments?post=73"}],"version-history":[{"count":37,"href":"https:\/\/www.hsu-hh.de\/steuerrecht\/wp-json\/wp\/v2\/pages\/73\/revisions"}],"predecessor-version":[{"id":1160,"href":"https:\/\/www.hsu-hh.de\/steuerrecht\/wp-json\/wp\/v2\/pages\/73\/revisions\/1160"}],"wp:attachment":[{"href":"https:\/\/www.hsu-hh.de\/steuerrecht\/wp-json\/wp\/v2\/media?parent=73"}],"wp:term":[{"taxonomy":"category","embeddable":true,"href":"https:\/\/www.hsu-hh.de\/steuerrecht\/wp-json\/wp\/v2\/categories?post=73"},{"taxonomy":"post_tag","embeddable":true,"href":"https:\/\/www.hsu-hh.de\/steuerrecht\/wp-json\/wp\/v2\/tags?post=73"}],"curies":[{"name":"wp","href":"https:\/\/api.w.org\/{rel}","templated":true}]}}