{"id":183,"date":"2017-09-25T12:43:02","date_gmt":"2017-09-25T10:43:02","guid":{"rendered":"https:\/\/www.hsu-hh.de\/steuerrecht\/?page_id=183"},"modified":"2025-10-17T11:14:41","modified_gmt":"2025-10-17T09:14:41","slug":"material-und-hinweise","status":"publish","type":"page","link":"https:\/\/www.hsu-hh.de\/steuerrecht\/material-und-hinweise","title":{"rendered":"Sprechstunde &amp; Klausurinfo"},"content":{"rendered":"\n<p>Sprechstunde bei Herrn Professor Hufeld<\/p>\n\n\n\n<p><strong>nach Vereinbarung per Mail:<\/strong><br><a href=\"mailto:hufeld@hsu-hh.de\" rel='nofollow'>Hufeld@hsu.hamburg<\/a><\/p>\n\n\n\n<hr class=\"wp-block-separator has-alpha-channel-opacity\" \/>\n\n\n\n<p><strong>Klausurtermine<\/strong><\/p>\n\n\n\n<p><\/p>\n\n\n\n<p>Klausur &#8222;Steuerrecht I&#8220;: Ende <abbr title=\"Fr\u00fchjahrstrimester\">FT<\/abbr> 2026 (Termin noch offen)<\/p>\n\n\n\n<p>Klausur &#8222;Offenes Verfassungsrecht&#8220;: Ende <abbr title=\"Wintertrimester\">WT<\/abbr> 2026 (Termin noch offen)<\/p>\n\n\n\n<p><\/p>\n\n\n\n<p>Klausur &#8222;Steuerrecht II&#8220;: Ende <abbr title=\"Wintertrimester\">WT<\/abbr> 2026 (Termin noch offen)<\/p>\n\n\n\n<p>Bitte beachten Sie: <strong>Pr\u00fcfungsrechtlich verbindlich sind ausschlie\u00dflich die Aush\u00e4nge des Pr\u00fcfungsamtes in den Informationsvitrinen!<\/strong><\/p>\n\n\n\n<hr class=\"wp-block-separator has-alpha-channel-opacity\" \/>\n\n\n\n<p><\/p>\n\n\n\n<p><strong>Hinweis f\u00fcr die Klausurbearbeitung<\/strong>: &#8222;<strong>unkommentierter Gesetzestext&#8220; als zul\u00e4ssiges Hilfsmittel<\/strong><\/p>\n\n\n\n<p>&#8222;Unkommentierter Gesetzestext&#8220; (Klausuren &#8222;Europ\u00e4isches Wirtschaftsrecht&#8220; und &#8222;Offenes Verfassungsrecht&#8220;: Textsammlung Classen\/Hufeld, Europ\u00e4isches Verfassungsrecht, Nomos Gesetze, 4. <abbr title=\"Auflage\">Aufl.<\/abbr> 2021; Klausuren &#8222;Steuerrecht I&#8220; und &#8222;Steuerrecht II&#8220;: Textsammlung &#8222;Wichtige Steuergesetze&#8220;, nwb-Textausgabe, 77.\/78. <abbr title=\"Auflage\">Aufl.<\/abbr> 2025\/26):<\/p>\n\n\n\n<p>Als &#8222;unkommentiert&#8220; gelten Gesetzestexte in der vom Verlag erstellten Textfassung.<\/p>\n\n\n\n<p>Zul\u00e4ssig sind:<\/p>\n\n\n\n<ul class=\"wp-block-list\">\n<li>Verweisungen auf andere Vorschriften, sofern sie durch Paragrafen-\/Artikelnummern am Rand des Vorschriftentextes markiert werden.<\/li>\n\n\n\n<li>Unterstreichungen und Markierungen einzelner Worte oder Normabschnitte.<\/li>\n\n\n\n<li>Am Rand befestigte Reiter; eine Beschriftung des Reiters ( <abbr title=\"zum Beispiel\">z.B.<\/abbr> &#8222;AEUV&#8220;; &#8222;EStG&#8220;) muss sich auf Informationen beschr\u00e4nken, die sich auch in der vom Verlag erstellten Textfassung finden.<\/li>\n<\/ul>\n\n\n\n<p>Ein Text, der andere als diese Hinzuf\u00fcgungen enth\u00e4lt, gilt als &#8222;kommentiert&#8220;. Gleiches gilt, wenn Verweisungen derart systematisiert werden, dass &#8222;externes Wissen&#8220; in die Textsammlung importiert wird.<br><br><\/p>\n","protected":false},"excerpt":{"rendered":"<p>Sprechstunde bei Herrn Professor Hufeld nach Vereinbarung per Mail:Hufeld@hsu.hamburg Klausurtermine Klausur &#8222;Steuerrecht I&#8220;: Ende FT 2026 (Termin noch offen) Klausur &#8222;Offenes Verfassungsrecht&#8220;: Ende WT 2026 (Termin noch offen) Klausur &#8222;Steuerrecht [&hellip;]<\/p>\n","protected":false},"author":64,"featured_media":0,"parent":0,"menu_order":0,"comment_status":"closed","ping_status":"closed","template":"","meta":{"footnotes":""},"categories":[6],"tags":[84,82,62],"class_list":["post-183","page","type-page","status-publish","hentry","category-lehre","tag-hinweise","tag-material","tag-sprechstunde"],"_links":{"self":[{"href":"https:\/\/www.hsu-hh.de\/steuerrecht\/wp-json\/wp\/v2\/pages\/183","targetHints":{"allow":["GET"]}}],"collection":[{"href":"https:\/\/www.hsu-hh.de\/steuerrecht\/wp-json\/wp\/v2\/pages"}],"about":[{"href":"https:\/\/www.hsu-hh.de\/steuerrecht\/wp-json\/wp\/v2\/types\/page"}],"author":[{"embeddable":true,"href":"https:\/\/www.hsu-hh.de\/steuerrecht\/wp-json\/wp\/v2\/users\/64"}],"replies":[{"embeddable":true,"href":"https:\/\/www.hsu-hh.de\/steuerrecht\/wp-json\/wp\/v2\/comments?post=183"}],"version-history":[{"count":84,"href":"https:\/\/www.hsu-hh.de\/steuerrecht\/wp-json\/wp\/v2\/pages\/183\/revisions"}],"predecessor-version":[{"id":1412,"href":"https:\/\/www.hsu-hh.de\/steuerrecht\/wp-json\/wp\/v2\/pages\/183\/revisions\/1412"}],"wp:attachment":[{"href":"https:\/\/www.hsu-hh.de\/steuerrecht\/wp-json\/wp\/v2\/media?parent=183"}],"wp:term":[{"taxonomy":"category","embeddable":true,"href":"https:\/\/www.hsu-hh.de\/steuerrecht\/wp-json\/wp\/v2\/categories?post=183"},{"taxonomy":"post_tag","embeddable":true,"href":"https:\/\/www.hsu-hh.de\/steuerrecht\/wp-json\/wp\/v2\/tags?post=183"}],"curies":[{"name":"wp","href":"https:\/\/api.w.org\/{rel}","templated":true}]}}