{"id":1435,"date":"2026-02-05T14:59:19","date_gmt":"2026-02-05T13:59:19","guid":{"rendered":"https:\/\/www.hsu-hh.de\/steuerrecht\/?page_id=1435"},"modified":"2026-04-07T13:06:51","modified_gmt":"2026-04-07T11:06:51","slug":"dr-katharina-goldberg","status":"publish","type":"page","link":"https:\/\/www.hsu-hh.de\/steuerrecht\/dr-katharina-goldberg","title":{"rendered":"Dr. Katharina Goldberg"},"content":{"rendered":"\n<div class=\"wp-block-columns is-layout-flex wp-container-core-columns-is-layout-9d6595d7 wp-block-columns-is-layout-flex\">\n<div class=\"wp-block-column is-layout-flow wp-block-column-is-layout-flow\">\n<p>Helmut-Schmidt-Universit\u00e4t Hamburg<br>Fakult\u00e4t f\u00fcr Wirtschafts- und Sozialwissenschaften<br>Lehrstuhl f\u00fcr \u00d6ffentliches Recht und Steuerrecht<\/p>\n\n\n\n<p>E-mail: katharina.goldberg@hsu-hh.de<\/p>\n\n\n\n<p>Raum: H1 2235<\/p>\n\n\n\n<p><a href=\"https:\/\/www.hsu-hh.de\/steuerrecht\/wp-content\/uploads\/sites\/729\/2026\/02\/Veroeffentlichungs-und-Vortragsverzeichnis-Katharina-Goldberg-05022026.pdf\">Ver\u00f6ffentlichungs- und Vortragsverzeichnis<\/a><\/p>\n<\/div>\n\n\n\n<div class=\"wp-block-column is-layout-flow wp-block-column-is-layout-flow\">\n<figure class=\"wp-block-image size-large is-resized is-style-rounded\"><img loading=\"lazy\" decoding=\"async\" width=\"768\" height=\"1024\" src=\"https:\/\/www.hsu-hh.de\/steuerrecht\/wp-content\/uploads\/sites\/729\/2026\/02\/Goldberg-768x1024.jpg\" data-credit=\"\" alt=\"\" class=\"wp-image-1436\" style=\"aspect-ratio:0.7500056744671675;width:237px;height:auto\" srcset=\"https:\/\/www.hsu-hh.de\/steuerrecht\/wp-content\/uploads\/sites\/729\/2026\/02\/Goldberg-768x1023.jpg 768w, https:\/\/www.hsu-hh.de\/steuerrecht\/wp-content\/uploads\/sites\/729\/2026\/02\/Goldberg-225x300.jpg 225w, https:\/\/www.hsu-hh.de\/steuerrecht\/wp-content\/uploads\/sites\/729\/2026\/02\/Goldberg-1153x1536.jpg 1153w, https:\/\/www.hsu-hh.de\/steuerrecht\/wp-content\/uploads\/sites\/729\/2026\/02\/Goldberg-1537x2048.jpg 1537w, https:\/\/www.hsu-hh.de\/steuerrecht\/wp-content\/uploads\/sites\/729\/2026\/02\/Goldberg-1100x1466.jpg 1100w, https:\/\/www.hsu-hh.de\/steuerrecht\/wp-content\/uploads\/sites\/729\/2026\/02\/Goldberg.jpg 1609w\" sizes=\"auto, (max-width: 768px) 100vw, 768px\" \/><\/figure>\n<\/div>\n<\/div>\n\n\n<p>Katharina Goldberg ist als PostDoc an der Professur f\u00fcr \u00d6ffentliches Recht und Steuerrecht besch\u00e4ftigt. Sie wurde mir einer steuerrechtlichen und methodischen Arbeit promoviert. Aktuell forscht sie zu den Themen der Digitalisierung und der technischen Zuk\u00fcnfte.<\/p>\n\n\n<p><\/p>\n","protected":false},"excerpt":{"rendered":"<p>Helmut-Schmidt-Universit\u00e4t HamburgFakult\u00e4t f\u00fcr Wirtschafts- und SozialwissenschaftenLehrstuhl f\u00fcr \u00d6ffentliches Recht und Steuerrecht E-mail: katharina.goldberg@hsu-hh.de Raum: H1 2235 Ver\u00f6ffentlichungs- und Vortragsverzeichnis Katharina Goldberg ist als PostDoc an der Professur f\u00fcr \u00d6ffentliches Recht [&hellip;]<\/p>\n","protected":false},"author":2898,"featured_media":0,"parent":0,"menu_order":0,"comment_status":"closed","ping_status":"closed","template":"","meta":{"footnotes":""},"categories":[4],"tags":[],"class_list":["post-1435","page","type-page","status-publish","hentry","category-forschung"],"_links":{"self":[{"href":"https:\/\/www.hsu-hh.de\/steuerrecht\/wp-json\/wp\/v2\/pages\/1435","targetHints":{"allow":["GET"]}}],"collection":[{"href":"https:\/\/www.hsu-hh.de\/steuerrecht\/wp-json\/wp\/v2\/pages"}],"about":[{"href":"https:\/\/www.hsu-hh.de\/steuerrecht\/wp-json\/wp\/v2\/types\/page"}],"author":[{"embeddable":true,"href":"https:\/\/www.hsu-hh.de\/steuerrecht\/wp-json\/wp\/v2\/users\/2898"}],"replies":[{"embeddable":true,"href":"https:\/\/www.hsu-hh.de\/steuerrecht\/wp-json\/wp\/v2\/comments?post=1435"}],"version-history":[{"count":7,"href":"https:\/\/www.hsu-hh.de\/steuerrecht\/wp-json\/wp\/v2\/pages\/1435\/revisions"}],"predecessor-version":[{"id":1449,"href":"https:\/\/www.hsu-hh.de\/steuerrecht\/wp-json\/wp\/v2\/pages\/1435\/revisions\/1449"}],"wp:attachment":[{"href":"https:\/\/www.hsu-hh.de\/steuerrecht\/wp-json\/wp\/v2\/media?parent=1435"}],"wp:term":[{"taxonomy":"category","embeddable":true,"href":"https:\/\/www.hsu-hh.de\/steuerrecht\/wp-json\/wp\/v2\/categories?post=1435"},{"taxonomy":"post_tag","embeddable":true,"href":"https:\/\/www.hsu-hh.de\/steuerrecht\/wp-json\/wp\/v2\/tags?post=1435"}],"curies":[{"name":"wp","href":"https:\/\/api.w.org\/{rel}","templated":true}]}}