{"id":1172,"date":"2023-03-01T11:06:04","date_gmt":"2023-03-01T10:06:04","guid":{"rendered":"https:\/\/www.hsu-hh.de\/steuerrecht\/?page_id=1172"},"modified":"2025-02-18T18:25:39","modified_gmt":"2025-02-18T17:25:39","slug":"entscheidungsanmerkungen-rezensionen-und-berichte","status":"publish","type":"page","link":"https:\/\/www.hsu-hh.de\/steuerrecht\/entscheidungsanmerkungen-rezensionen-und-berichte","title":{"rendered":"Entscheidungsanmerkungen, Rezensionen und Berichte"},"content":{"rendered":"\n<ul class=\"wp-block-list\">\n<li>Festschrift 75 Jahre FG Hamburg.<br>Rezension von: Finanzgericht Hamburg (<abbr title=\"Herausgeber\">Hrsg.<\/abbr>), Rechtsschutz und Rechtsfortbildung.<br>75 Jahre Finanzgericht Hamburg 1949\u20132024, 2024.<br>In: FR 2025, S. 165\u2013169.<\/li>\n\n\n\n<li>Binnenmarkt und steuerlicher Rechtsschutz (<a href=\"https:\/\/www.hsu-hh.de\/steuerrecht\/wp-content\/uploads\/sites\/729\/2024\/02\/Hufeld-Editorial-Stgb-2-2024.pdf\">Editorial<\/a>).<br>In: Die Steuerberatung 2\/2024, S. M 1.<\/li>\n\n\n\n<li>Verantwortung der Justiz, DAC6 und das Vertrauen zwischen Berater und Mandant (<a href=\"https:\/\/www.hsu-hh.de\/steuerrecht\/wp-content\/uploads\/sites\/729\/2023\/03\/Hufeld-Editorial-Stbg-3-2023-2.pdf\">Editorial<\/a>).<br>In: Die Steuerberatung 3\/2023, S. M 1.<\/li>\n\n\n\n<li>Karlsruhe widersetzt sich dem Steuerprivileg (<a href=\"https:\/\/www.hsu-hh.de\/steuerrecht\/wp-content\/uploads\/sites\/729\/2022\/04\/Hufeld-Editorial-Stbg-5-2022.pdf\">Editorial<\/a>).<br>In: Die Steuerberatung 5\/2022, S. M 1.<\/li>\n\n\n\n<li>Prospekthaftung und Einkommensteuer (<a href=\"https:\/\/www.hsu-hh.de\/steuerrecht\/wp-content\/uploads\/sites\/729\/2021\/10\/Editorial-Stbg-11-2021-1.pdf\">Editorial<\/a>).<br>In: Die Steuerberatung 11\/2021, S. M 1.<\/li>\n\n\n\n<li>Ausbildungsaufwand und Zukunftsinvestition: Lebenskampf in der Bildungsrepublik (<a href=\"https:\/\/www.hsu-hh.de\/steuerrecht\/wp-content\/uploads\/sites\/729\/2020\/01\/Editorial-Stbg-2-2020.pdf\">Editorial<\/a>).<br>In: Die Steuerberatung 2\/2020, S. M 1.<\/li>\n\n\n\n<li>Formenbindung der Steuerpolitik (<a href=\"https:\/\/www.hsu-hh.de\/steuerrecht\/wp-content\/uploads\/sites\/729\/2019\/09\/Editorial-Stbg-9-2019.pdf\">Editorial<\/a>).<br>In: Die Steuerberatung 9\/2019, S. M 1.<\/li>\n\n\n\n<li>Aggressive Steuervermeidung \u2013 ein&nbsp;Weckruf aus dem Europ\u00e4ischen Parlament&nbsp;(<a href=\"https:\/\/www.hsu-hh.de\/steuerrecht\/wp-content\/uploads\/sites\/729\/2018\/03\/Editorial-Stbg-3-2018.pdf\">Editorial<\/a>).<br>In: Die Steuerberatung 3\/2018, S. M 1.<\/li>\n\n\n\n<li>Zwischen &#8222;Willk\u00fcr&#8220; und &#8222;Referenzsystem&#8220;: Verlustabzug bei K\u00f6rperschaften (<a href=\"https:\/\/www.hsu-hh.de\/steuerrecht\/wp-content\/uploads\/sites\/729\/2018\/01\/Editorial-Stbg-7-2017-1.pdf\">Editorial<\/a>).<br>In: Die Steuerberatung 7\/2017, S. M 1.<\/li>\n\n\n\n<li>Der Sanierungserlass \u2013 ein Sanierungsfall f\u00fcr die Steuer- und Wirtschaftspolitik (<a href=\"https:\/\/www.hsu-hh.de\/steuerrecht\/wp-content\/uploads\/sites\/729\/2018\/01\/Editorial-Stbg-3-2017-1.pdf\">Editorial<\/a>).<br>In: Die Steuerberatung 3\/2017, S. M 1.<\/li>\n\n\n\n<li>Sammelauskunftsersuchen der Steuerfahndung (<a href=\"https:\/\/www.hsu-hh.de\/steuerrecht\/wp-content\/uploads\/sites\/729\/2018\/01\/Editorial-Stbg-9-2016-1.pdf\">Editorial<\/a>).<br>In: Die Steuerberatung 9\/2016, S. M 1.<\/li>\n\n\n\n<li>H\u00e4usliches Arbeitszimmer: Der Gro\u00dfe Senat hat gesprochen! (<a href=\"https:\/\/www.hsu-hh.de\/steuerrecht\/wp-content\/uploads\/sites\/729\/2018\/01\/Editorial-Stbg-3-2016-1.pdf\">Editorial<\/a>).<br>In: Die Steuerberatung 3\/2016, S. M 1.<\/li>\n\n\n\n<li>Rezension von: Florian Meinel, Der Jurist in der industriellen Gesellschaft. Ernst Forsthoff und seine Zeit, 2. <abbr title=\"Auflage\">Aufl.<\/abbr> 2012.<br>In: A\u00f6R 2013, S. 484\u2013487.<\/li>\n\n\n\n<li>F\u00fcr Binnenmarktgerechtigkeit in der Erbschaftsteuer! (<a href=\"https:\/\/www.hsu-hh.de\/steuerrecht\/wp-content\/uploads\/sites\/729\/2018\/01\/Editorial-Stbg-10-2013-1.pdf\">Editorial<\/a>).<br>In: Die Steuerberatung 10\/2013, S. M 1.<\/li>\n\n\n\n<li>Europ\u00e4isierung des Steuerrechts als Machtfrage (<a href=\"https:\/\/www.hsu-hh.de\/steuerrecht\/wp-content\/uploads\/sites\/729\/2018\/01\/Editorial-Stbg-4-2013-1.pdf\">Editorial<\/a>).<br>In: Die Steuerberatung 4\/2013, S. M 1.<\/li>\n\n\n\n<li>Treaty override: Vertragsbruch und Systembruch (<a href=\"https:\/\/www.hsu-hh.de\/steuerrecht\/wp-content\/uploads\/sites\/729\/2018\/01\/Editorial-Stbg-7-2012-1.pdf\">Editorial<\/a>).<br>In: Die Steuerberatung 7\/2012, S. M 1.<\/li>\n\n\n\n<li>Wegzugsbesteuerung aus der Hand der Richter und Glossatoren (<a href=\"https:\/\/www.hsu-hh.de\/steuerrecht\/wp-content\/uploads\/sites\/729\/2018\/01\/Editorial-Stbg-3-2012-1.pdf\">Editorial<\/a>).<br>In: Die Steuerberatung 3\/2012, S. M 1.<\/li>\n\n\n\n<li>Der Soli bleibt ein Politikum (<a href=\"https:\/\/www.hsu-hh.de\/steuerrecht\/wp-content\/uploads\/sites\/729\/2018\/01\/Editorial-Stbg-10-2011-1.pdf\">Editorial<\/a>).<br>In: Die Steuerberatung 10\/2011, S. M 1.<\/li>\n\n\n\n<li>Philanthrokapitalismus (<a href=\"https:\/\/www.hsu-hh.de\/steuerrecht\/wp-content\/uploads\/sites\/729\/2018\/01\/Editorial-Stbg-10-2010-1.pdf\">Editorial<\/a>).<br>In: Die Steuerberatung 10\/2010, S. M 1.<\/li>\n\n\n\n<li>Konstitutionalisierung des Steuerrechts im Praxistest (<a href=\"https:\/\/www.hsu-hh.de\/steuerrecht\/wp-content\/uploads\/sites\/729\/2018\/01\/Editorial-Stbg-4-2010-1.pdf\">Editorial<\/a>).<br>In: Die Steuerberatung 4\/2010, S. M 1.<\/li>\n\n\n\n<li>Rezension von: Josef Ruthig \/ Stefan Storr, \u00d6ffentliches Wirtschaftsrecht, 2. <abbr title=\"Auflage\">Aufl.<\/abbr> 2008.<br>In: ZJS 2009, S. 102\u2013103.<\/li>\n\n\n\n<li>Deutsche Juristen sollten nicht den Anschluss verlieren! (Editorial).<br>In: JA 2008, S. I.<\/li>\n\n\n\n<li>Rezension von: Peter H\u00e4berle, Europ\u00e4ische Verfassungslehre, 4. <abbr title=\"Auflage\">Aufl.<\/abbr> 2006.<br>In: NJW 2007, S. 423\u2013424.<\/li>\n\n\n\n<li>Rezension von: Alois Riklin, Machtteilung. Geschichte der Mischverfassung, 2006.<br>In: ZNR 2007, S. 142\u2013145.<\/li>\n\n\n\n<li>Der Europ\u00e4ische Haftbefehl vor dem BVerfG \u2013 NJW 2005, 2289.<br>In: Juristische Schulung 2005, S. 865\u2013871.<\/li>\n\n\n\n<li>Anmerkung zum Urteil des Hessischen VGH vom 26.10.1999 \u2013 11 UE 661\/99 \u2013 Anspr\u00fcche von Gemeinden auf \u00dcbertragung von R\u00fcckfallverm\u00f6gen des Bundes<br>(Restitution von Milit\u00e4rliegenschaften). In: DVBl. 2000, S. 361\u2013362.<\/li>\n\n\n\n<li>Anmerkung zum Beschlu\u00df des Bundesverfassungsgerichts vom 17.7.1996 \u2013 2 BvF 2\/93 \u2013 Verfassungsm\u00e4\u00dfigkeit eines Investitionsma\u00dfnahmengesetzes<br>(S\u00fcdumfahrung Stendal). In: JZ 1997, S. 302\u2013305.<\/li>\n\n\n\n<li>Verfassungswidrige Rechtschreibreform? \u2013 BVerfG, NJW 1996, 2221.<br>In: Juristische Schulung 1996, S. 1072\u20131076.<\/li>\n<\/ul>\n","protected":false},"excerpt":{"rendered":"","protected":false},"author":2755,"featured_media":0,"parent":0,"menu_order":0,"comment_status":"closed","ping_status":"closed","template":"","meta":{"footnotes":""},"categories":[4],"tags":[],"class_list":["post-1172","page","type-page","status-publish","hentry","category-forschung"],"_links":{"self":[{"href":"https:\/\/www.hsu-hh.de\/steuerrecht\/wp-json\/wp\/v2\/pages\/1172","targetHints":{"allow":["GET"]}}],"collection":[{"href":"https:\/\/www.hsu-hh.de\/steuerrecht\/wp-json\/wp\/v2\/pages"}],"about":[{"href":"https:\/\/www.hsu-hh.de\/steuerrecht\/wp-json\/wp\/v2\/types\/page"}],"author":[{"embeddable":true,"href":"https:\/\/www.hsu-hh.de\/steuerrecht\/wp-json\/wp\/v2\/users\/2755"}],"replies":[{"embeddable":true,"href":"https:\/\/www.hsu-hh.de\/steuerrecht\/wp-json\/wp\/v2\/comments?post=1172"}],"version-history":[{"count":8,"href":"https:\/\/www.hsu-hh.de\/steuerrecht\/wp-json\/wp\/v2\/pages\/1172\/revisions"}],"predecessor-version":[{"id":1359,"href":"https:\/\/www.hsu-hh.de\/steuerrecht\/wp-json\/wp\/v2\/pages\/1172\/revisions\/1359"}],"wp:attachment":[{"href":"https:\/\/www.hsu-hh.de\/steuerrecht\/wp-json\/wp\/v2\/media?parent=1172"}],"wp:term":[{"taxonomy":"category","embeddable":true,"href":"https:\/\/www.hsu-hh.de\/steuerrecht\/wp-json\/wp\/v2\/categories?post=1172"},{"taxonomy":"post_tag","embeddable":true,"href":"https:\/\/www.hsu-hh.de\/steuerrecht\/wp-json\/wp\/v2\/tags?post=1172"}],"curies":[{"name":"wp","href":"https:\/\/api.w.org\/{rel}","templated":true}]}}