{"id":1166,"date":"2023-03-01T11:06:32","date_gmt":"2023-03-01T10:06:32","guid":{"rendered":"https:\/\/www.hsu-hh.de\/steuerrecht\/?page_id=1166"},"modified":"2026-04-16T09:10:24","modified_gmt":"2026-04-16T07:10:24","slug":"buecher-kommentierungen","status":"publish","type":"page","link":"https:\/\/www.hsu-hh.de\/steuerrecht\/buecher-kommentierungen","title":{"rendered":"B\u00fccher\/Kommentierungen"},"content":{"rendered":"\n<ul class=\"wp-block-list\">\n<li>Kommentierung von \u00a7 15 EStG.<br>In: Gregor Kirchhof \/ Egmont Kulosa \/ Eckart Ratschow (<abbr title=\"Herausgeber\">Hrsg.<\/abbr>),<br>BeckOK Einkommensteuergesetz, 24. Edition 2026<br>print-Ausgabe M\u00fcnchen 2020, 380 S.<br>(gemeinsam mit Ralf Schenke).<\/li>\n\n\n\n<li>Kommentierung von \u00a7 2a EStG.<br>In: Gregor Kirchhof \/ Egmont Kulosa \/ Eckart Ratschow (<abbr title=\"Herausgeber\">Hrsg.<\/abbr>),<br>BeckOK Einkommensteuergesetz, 24. Edition 2026<br>print-Ausgabe M\u00fcnchen 2020, 50 S.<\/li>\n\n\n\n<li>Kommentierung von \u00a7 33 EStG.<br>In: Paul Kirchhof \/ Hanno Kube \/ Rudolf Mellinghoff (<abbr title=\"Herausgeber\">Hrsg.<\/abbr>),<br>KKM-Gro\u00dfkommentar Einkommensteuergesetz, 347. Lfg. Dezember 2024<br>(gemeinsam mit Katharina Goldberg).<\/li>\n\n\n\n<li>Kommentierung von \u00a7 33a EStG.<br>In: Paul Kirchhof \/ Hanno Kube \/ Rudolf Mellinghoff (<abbr title=\"Herausgeber\">Hrsg.<\/abbr>),<br>KKM-Gro\u00dfkommentar Einkommensteuergesetz, 340. Lfg. Dezember 2023.<\/li>\n\n\n\n<li>Kommentierung von \u00a7 33b EStG.<br>In: Paul Kirchhof \/ Hanno Kube \/ Rudolf Mellinghoff (<abbr title=\"Herausgeber\">Hrsg.<\/abbr>),<br>KKM-Gro\u00dfkommentar Einkommensteuergesetz, 340. Lfg. Dezember 2023<br>(gemeinsam mit Katharina Goldberg).<\/li>\n\n\n\n<li>Kommentierung von Art. 134 GG.<br>In: Wolfgang Kahl \/ Christian Waldhoff \/ Christian Walter (<abbr title=\"Herausgeber\">Hrsg.<\/abbr>),<br>Bonner Kommentar zum Grundgesetz, 217. Lfg. November 2022, 97 S.<\/li>\n\n\n\n<li>Kommentierung von Art. 135 GG.<br>In: Wolfgang Kahl \/ Christian Waldhoff \/ Christian Walter (<abbr title=\"Herausgeber\">Hrsg.<\/abbr>),<br>Bonner Kommentar zum Grundgesetz, 220. Lfg. Juli 2023, 70 S.<br>(gemeinsam mit Nicola Meier).<\/li>\n\n\n\n<li><a href=\"http:\/\/jv.shop.jedermann.de\/shop\/printmedien\/uni-hd?query=\/uni_recht-moral.xml&amp;field=path\" rel='nofollow'>Recht und Moral der Gemeinwohlfinanzierung.<\/a><br>Verfassungsgrundlagen und Europ\u00e4isierung, Heidelberg 2014,<br>Miscellanea Juridica Heidelbergensia <abbr title=\"Band\">Bd.<\/abbr> 1, 66 S.<\/li>\n\n\n\n<li>Kommentierung von Art. 19 Abs. 1 GG \u2013 Verbot des Einzelfallgesetzes \/ Zitiergebot.<br>In: Wolfgang Kahl \/ Christian Waldhoff \/ Christian Walter (<abbr title=\"Herausgeber\">Hrsg.<\/abbr>),<br>Bonner Kommentar zum Grundgesetz, 156. Lfg. Februar 2012, 130 S.<\/li>\n\n\n\n<li><a href=\"https:\/\/www.mohr.de\/buch\/die-vertretung-der-behoerde-9783161481314\" rel='nofollow'>Die Vertretung der Beh\u00f6rde<\/a>, T\u00fcbingen 2003, Jus Publicum <abbr title=\"Band\">Bd.<\/abbr> 102, 427 S.<\/li>\n\n\n\n<li><a href=\"http:\/\/www.duncker-humblot.de\/index.php\/die-verfassungsdurchbrechung.html?q=Die+Verfassungsdurchbrechung\" rel='nofollow'>Die Verfassungsdurchbrechung.<\/a> Rechtsproblem der Deutschen Einheit und der europ\u00e4ischen Einigung.<br>Ein Beitrag zur Dogmatik der Verfassungs\u00e4nderung, Berlin 1997, S\u00d6R <abbr title=\"Band\">Bd.<\/abbr> 725, 269 S.<\/li>\n<\/ul>\n","protected":false},"excerpt":{"rendered":"","protected":false},"author":2755,"featured_media":0,"parent":0,"menu_order":0,"comment_status":"closed","ping_status":"closed","template":"","meta":{"footnotes":""},"categories":[4],"tags":[],"class_list":["post-1166","page","type-page","status-publish","hentry","category-forschung"],"_links":{"self":[{"href":"https:\/\/www.hsu-hh.de\/steuerrecht\/wp-json\/wp\/v2\/pages\/1166","targetHints":{"allow":["GET"]}}],"collection":[{"href":"https:\/\/www.hsu-hh.de\/steuerrecht\/wp-json\/wp\/v2\/pages"}],"about":[{"href":"https:\/\/www.hsu-hh.de\/steuerrecht\/wp-json\/wp\/v2\/types\/page"}],"author":[{"embeddable":true,"href":"https:\/\/www.hsu-hh.de\/steuerrecht\/wp-json\/wp\/v2\/users\/2755"}],"replies":[{"embeddable":true,"href":"https:\/\/www.hsu-hh.de\/steuerrecht\/wp-json\/wp\/v2\/comments?post=1166"}],"version-history":[{"count":15,"href":"https:\/\/www.hsu-hh.de\/steuerrecht\/wp-json\/wp\/v2\/pages\/1166\/revisions"}],"predecessor-version":[{"id":1458,"href":"https:\/\/www.hsu-hh.de\/steuerrecht\/wp-json\/wp\/v2\/pages\/1166\/revisions\/1458"}],"wp:attachment":[{"href":"https:\/\/www.hsu-hh.de\/steuerrecht\/wp-json\/wp\/v2\/media?parent=1166"}],"wp:term":[{"taxonomy":"category","embeddable":true,"href":"https:\/\/www.hsu-hh.de\/steuerrecht\/wp-json\/wp\/v2\/categories?post=1166"},{"taxonomy":"post_tag","embeddable":true,"href":"https:\/\/www.hsu-hh.de\/steuerrecht\/wp-json\/wp\/v2\/tags?post=1166"}],"curies":[{"name":"wp","href":"https:\/\/api.w.org\/{rel}","templated":true}]}}