{"id":1163,"date":"2023-03-01T11:05:13","date_gmt":"2023-03-01T10:05:13","guid":{"rendered":"https:\/\/www.hsu-hh.de\/steuerrecht\/?page_id=1163"},"modified":"2025-02-18T18:29:34","modified_gmt":"2025-02-18T17:29:34","slug":"herausgeberschaften","status":"publish","type":"page","link":"https:\/\/www.hsu-hh.de\/steuerrecht\/herausgeberschaften","title":{"rendered":"Herausgeberschaften"},"content":{"rendered":"\n<ul class=\"wp-block-list\">\n<li><a href=\"https:\/\/www.enzyklopaedie-europarecht.de\/europaeische-wirtschafts-und-waehrungsunion\/\" rel='nofollow'>Europ\u00e4ische Wirtschafts- und W\u00e4hrungsunion. Enzyklop\u00e4die Europarecht <abbr title=\"Band\">Bd.<\/abbr> 9 (2022)<\/a><br>(gemeinsam mit Christoph Ohler).<\/li>\n\n\n\n<li><a href=\"https:\/\/www.nomos-shop.de\/titel\/europaeisches-verfassungsrecht-id-97772\/\" rel='nofollow'>Europ\u00e4isches Verfassungsrecht. Textsammlung (4. <abbr title=\"Auflage\">Aufl.<\/abbr> 2021)<\/a><br>(gemeinsam mit Claus Dieter Classen).<\/li>\n\n\n\n<li><a href=\"https:\/\/www.nomos-shop.de\/nomos\/titel\/systematischer-kommentar-zu-den-lissabon-begleitgesetzen-id-68032\/\" rel='nofollow'>Systematischer Kommentar zu den Lissabon-Begleitgesetzen. IntVG | EUZBBG | EUZBLG | ESMFinG (2. <abbr title=\"Auflage\">Aufl.<\/abbr> 2018)<\/a><br>(gemeinsam mit Andreas von Arnauld).<\/li>\n\n\n\n<li><a href=\"https:\/\/www.nomos-shop.de\/nomos\/titel\/asylrecht-und-asylpolitik-in-der-europaeischen-union-id-67941\/\" rel='nofollow'>Asylrecht und Asylpolitik in der Europ\u00e4ischen Union (2018)<\/a><br>(gemeinsam mit Michael Anderheiden, Helena Brz\u00f3zka, Stephan Kirste).<\/li>\n\n\n\n<li><a href=\"https:\/\/www.nomos-shop.de\/nocache\/suche\/ext\/product\/list\/?tx_girashop_f205_1%5BproductLine%5D=471&amp;cHash=dfdd9bf0ca2f97bf28914f13549a03b2\" rel='nofollow'>Recht der Steuern und der \u00f6ffentlichen Finanzordnung \/ Tax Law and Public Finance \u2013 Schriftenreihe<\/a><a href=\"http:\/\/www.nomos-shop.de\/reihenpopup.aspx?reihe=416\" rel='nofollow'><br><\/a>(gemeinsam mit Dietmar Gosch, Lars Hummel, Gregor Kirchhof, Alexander Rust, Ralf Peter Schenke,<br>Henning Tappe, Birgit Weitemeyer).<\/li>\n\n\n\n<li><a href=\"http:\/\/journals.ub.uni-heidelberg.de\/index.php\/hfst\/issue\/view\/3098\" rel='nofollow'>Entwicklungslinien der Finanzverfassung (2016)<\/a><a href=\"http:\/\/journals.ub.uni-heidelberg.de\/index.php\/hfst\/issue\/view\/3098\" rel='nofollow'><br><\/a>(gemeinsam mit Hanno Kube und Ekkehart Reimer).<\/li>\n\n\n\n<li><a href=\"https:\/\/www.nomos-shop.de\/nomos\/titel\/jahrbuch-fuer-vergleichende-staats-und-rechtswissenschaften-20182019-id-87523\/\" rel='nofollow'>Jahrbuch f\u00fcr Vergleichende Staats- und Rechtswissenschaften \u2013 Schriftenreihe<\/a><br>(gemeinsam mit Christian Schubel, Stephan Kirste, Peter-Christian M\u00fcller-Graff, Oliver Diggelmann).<\/li>\n\n\n\n<li><a href=\"https:\/\/www.nomos-shop.de\/nomos\/titel\/nachbarschaften-innerhalb-der-europaeischen-union-id-73987\/\" rel='nofollow'>Nachbarschaften innerhalb der Europ\u00e4ischen Union (2007)<\/a><a href=\"http:\/\/www.nomos-shop.de\/Hufeld-M{3728c0ddcf5026c65bc0b4e995c837d09025c3e7fa253cea254631dfe46bf841}c3{3728c0ddcf5026c65bc0b4e995c837d09025c3e7fa253cea254631dfe46bf841}bcller-Graff-Okruch-Nachbarschaften-innerhalb-Europ{3728c0ddcf5026c65bc0b4e995c837d09025c3e7fa253cea254631dfe46bf841}c3{3728c0ddcf5026c65bc0b4e995c837d09025c3e7fa253cea254631dfe46bf841}a4ischen-Union\/productview.aspx?product=9493&amp;pac=weco\" rel='nofollow'><br><\/a>(gemeinsam mit Peter-Christian M\u00fcller-Graff und Stefan Okruch).<\/li>\n\n\n\n<li><a href=\"https:\/\/www.otto-schmidt.de\/recht-kultur-finanzen-9783811453524\" rel='nofollow'>Recht \u2013 Kultur \u2013 Finanzen. Festschrift f\u00fcr Reinhard Mu\u00dfgnug zum 70. Geburtstag (2005)<\/a><a href=\"https:\/\/www.cfmueller.de\/Juristische-Wissenschaft\/Verwaltungsrecht\/Steuerrecht\/Recht-Kultur-Finanzen-Hardcover.html?force_sid=2n9jgonk4qf7cr50kdeoin3g10\" rel='nofollow'><br><\/a>(gemeinsam mit Klaus Grupp).<\/li>\n\n\n\n<li><a href=\"https:\/\/www.mohrsiebeck.com\/buch\/eine-verfassung-fuer-europa-9783161485428?no_cache=1&amp;tx_sgpublisher_pi1%5Bbacklink%5D=1\" rel='nofollow'>Eine Verfassung f\u00fcr Europa (2., erweiterte <abbr title=\"Auflage\">Aufl.<\/abbr> 2005)<\/a><br>(gemeinsam mit Klaus Beckmann und J\u00fcrgen Dieringer).<\/li>\n\n\n\n<li>Der Reichsdeputationshauptschlu\u00df von 1803. Eine Dokumentation zum Untergang des Alten Reiches (2003).<\/li>\n<\/ul>\n","protected":false},"excerpt":{"rendered":"","protected":false},"author":2755,"featured_media":0,"parent":0,"menu_order":0,"comment_status":"closed","ping_status":"closed","template":"","meta":{"footnotes":""},"categories":[4],"tags":[],"class_list":["post-1163","page","type-page","status-publish","hentry","category-forschung"],"_links":{"self":[{"href":"https:\/\/www.hsu-hh.de\/steuerrecht\/wp-json\/wp\/v2\/pages\/1163","targetHints":{"allow":["GET"]}}],"collection":[{"href":"https:\/\/www.hsu-hh.de\/steuerrecht\/wp-json\/wp\/v2\/pages"}],"about":[{"href":"https:\/\/www.hsu-hh.de\/steuerrecht\/wp-json\/wp\/v2\/types\/page"}],"author":[{"embeddable":true,"href":"https:\/\/www.hsu-hh.de\/steuerrecht\/wp-json\/wp\/v2\/users\/2755"}],"replies":[{"embeddable":true,"href":"https:\/\/www.hsu-hh.de\/steuerrecht\/wp-json\/wp\/v2\/comments?post=1163"}],"version-history":[{"count":3,"href":"https:\/\/www.hsu-hh.de\/steuerrecht\/wp-json\/wp\/v2\/pages\/1163\/revisions"}],"predecessor-version":[{"id":1364,"href":"https:\/\/www.hsu-hh.de\/steuerrecht\/wp-json\/wp\/v2\/pages\/1163\/revisions\/1364"}],"wp:attachment":[{"href":"https:\/\/www.hsu-hh.de\/steuerrecht\/wp-json\/wp\/v2\/media?parent=1163"}],"wp:term":[{"taxonomy":"category","embeddable":true,"href":"https:\/\/www.hsu-hh.de\/steuerrecht\/wp-json\/wp\/v2\/categories?post=1163"},{"taxonomy":"post_tag","embeddable":true,"href":"https:\/\/www.hsu-hh.de\/steuerrecht\/wp-json\/wp\/v2\/tags?post=1163"}],"curies":[{"name":"wp","href":"https:\/\/api.w.org\/{rel}","templated":true}]}}