{"id":1149,"date":"2023-03-01T10:39:48","date_gmt":"2023-03-01T09:39:48","guid":{"rendered":"https:\/\/www.hsu-hh.de\/steuerrecht\/?page_id=1149"},"modified":"2024-12-16T10:06:26","modified_gmt":"2024-12-16T09:06:26","slug":"sekretariat","status":"publish","type":"page","link":"https:\/\/www.hsu-hh.de\/steuerrecht\/sekretariat","title":{"rendered":"Sekretariat"},"content":{"rendered":"\n<p>Daniela Da Silva Almeida<\/p>\n\n\n\n<p>Helmut-Schmidt-Universit\u00e4t Hamburg<br>Fakult\u00e4t f\u00fcr Wirtschafts- und Sozialwissenschaften<br>Lehrstuhl f\u00fcr \u00d6ffentliches Recht und Steuerrecht<br>Holstenhofweg 85, Geb. H1, R. 2125<br>22043 Hamburg<br>Telefon: 040\/6541-3371<\/p>\n\n\n\n<p>E-Mail: <a href=\"mailto:dasilva@hsu.hamburg\" rel='nofollow'>dasilva@hsu.hamburg<\/a><\/p>\n","protected":false},"excerpt":{"rendered":"<p>Daniela Da Silva Almeida Helmut-Schmidt-Universit\u00e4t HamburgFakult\u00e4t f\u00fcr Wirtschafts- und SozialwissenschaftenLehrstuhl f\u00fcr \u00d6ffentliches Recht und SteuerrechtHolstenhofweg 85, Geb. H1, R. 212522043 HamburgTelefon: 040\/6541-3371 E-Mail: dasilva@hsu.hamburg<\/p>\n","protected":false},"author":2755,"featured_media":0,"parent":0,"menu_order":0,"comment_status":"closed","ping_status":"closed","template":"","meta":{"footnotes":""},"categories":[8],"tags":[],"class_list":["post-1149","page","type-page","status-publish","hentry","category-team"],"_links":{"self":[{"href":"https:\/\/www.hsu-hh.de\/steuerrecht\/wp-json\/wp\/v2\/pages\/1149","targetHints":{"allow":["GET"]}}],"collection":[{"href":"https:\/\/www.hsu-hh.de\/steuerrecht\/wp-json\/wp\/v2\/pages"}],"about":[{"href":"https:\/\/www.hsu-hh.de\/steuerrecht\/wp-json\/wp\/v2\/types\/page"}],"author":[{"embeddable":true,"href":"https:\/\/www.hsu-hh.de\/steuerrecht\/wp-json\/wp\/v2\/users\/2755"}],"replies":[{"embeddable":true,"href":"https:\/\/www.hsu-hh.de\/steuerrecht\/wp-json\/wp\/v2\/comments?post=1149"}],"version-history":[{"count":2,"href":"https:\/\/www.hsu-hh.de\/steuerrecht\/wp-json\/wp\/v2\/pages\/1149\/revisions"}],"predecessor-version":[{"id":1354,"href":"https:\/\/www.hsu-hh.de\/steuerrecht\/wp-json\/wp\/v2\/pages\/1149\/revisions\/1354"}],"wp:attachment":[{"href":"https:\/\/www.hsu-hh.de\/steuerrecht\/wp-json\/wp\/v2\/media?parent=1149"}],"wp:term":[{"taxonomy":"category","embeddable":true,"href":"https:\/\/www.hsu-hh.de\/steuerrecht\/wp-json\/wp\/v2\/categories?post=1149"},{"taxonomy":"post_tag","embeddable":true,"href":"https:\/\/www.hsu-hh.de\/steuerrecht\/wp-json\/wp\/v2\/tags?post=1149"}],"curies":[{"name":"wp","href":"https:\/\/api.w.org\/{rel}","templated":true}]}}