{"id":1145,"date":"2023-03-01T10:39:11","date_gmt":"2023-03-01T09:39:11","guid":{"rendered":"https:\/\/www.hsu-hh.de\/steuerrecht\/?page_id=1145"},"modified":"2025-11-12T12:09:38","modified_gmt":"2025-11-12T11:09:38","slug":"schukajlow-wasjutinski","status":"publish","type":"page","link":"https:\/\/www.hsu-hh.de\/steuerrecht\/schukajlow-wasjutinski","title":{"rendered":"Ester Schukajlow-Wasjutinski"},"content":{"rendered":"\n<p>Helmut-Schmidt-Universit\u00e4t Hamburg<br>Fakult\u00e4t f\u00fcr Wirtschafts- und Sozialwissenschaften<br>Lehrstuhl f\u00fcr \u00d6ffentliches Recht und Steuerrecht<br>Holstenhofweg 85, Geb. H1, R. 2235<br>22043 Hamburg<br>Telefon: 040\/6541-3818<\/p>\n\n\n\n<p>E-Mail: <a href=\"mailto:schukajlow@hsu-hh.de\" rel='nofollow'>schukajlow@hsu.hamburg<\/a><\/p>\n","protected":false},"excerpt":{"rendered":"<p>Helmut-Schmidt-Universit\u00e4t HamburgFakult\u00e4t f\u00fcr Wirtschafts- und SozialwissenschaftenLehrstuhl f\u00fcr \u00d6ffentliches Recht und SteuerrechtHolstenhofweg 85, Geb. H1, R. 223522043 HamburgTelefon: 040\/6541-3818 E-Mail: schukajlow@hsu.hamburg<\/p>\n","protected":false},"author":2755,"featured_media":0,"parent":0,"menu_order":0,"comment_status":"closed","ping_status":"closed","template":"","meta":{"footnotes":""},"categories":[8],"tags":[],"class_list":["post-1145","page","type-page","status-publish","hentry","category-team"],"_links":{"self":[{"href":"https:\/\/www.hsu-hh.de\/steuerrecht\/wp-json\/wp\/v2\/pages\/1145","targetHints":{"allow":["GET"]}}],"collection":[{"href":"https:\/\/www.hsu-hh.de\/steuerrecht\/wp-json\/wp\/v2\/pages"}],"about":[{"href":"https:\/\/www.hsu-hh.de\/steuerrecht\/wp-json\/wp\/v2\/types\/page"}],"author":[{"embeddable":true,"href":"https:\/\/www.hsu-hh.de\/steuerrecht\/wp-json\/wp\/v2\/users\/2755"}],"replies":[{"embeddable":true,"href":"https:\/\/www.hsu-hh.de\/steuerrecht\/wp-json\/wp\/v2\/comments?post=1145"}],"version-history":[{"count":5,"href":"https:\/\/www.hsu-hh.de\/steuerrecht\/wp-json\/wp\/v2\/pages\/1145\/revisions"}],"predecessor-version":[{"id":1420,"href":"https:\/\/www.hsu-hh.de\/steuerrecht\/wp-json\/wp\/v2\/pages\/1145\/revisions\/1420"}],"wp:attachment":[{"href":"https:\/\/www.hsu-hh.de\/steuerrecht\/wp-json\/wp\/v2\/media?parent=1145"}],"wp:term":[{"taxonomy":"category","embeddable":true,"href":"https:\/\/www.hsu-hh.de\/steuerrecht\/wp-json\/wp\/v2\/categories?post=1145"},{"taxonomy":"post_tag","embeddable":true,"href":"https:\/\/www.hsu-hh.de\/steuerrecht\/wp-json\/wp\/v2\/tags?post=1145"}],"curies":[{"name":"wp","href":"https:\/\/api.w.org\/{rel}","templated":true}]}}