{"id":1143,"date":"2023-03-01T10:40:16","date_gmt":"2023-03-01T09:40:16","guid":{"rendered":"https:\/\/www.hsu-hh.de\/steuerrecht\/?page_id=1143"},"modified":"2025-11-12T12:17:23","modified_gmt":"2025-11-12T11:17:23","slug":"steinert","status":"publish","type":"page","link":"https:\/\/www.hsu-hh.de\/steuerrecht\/steinert","title":{"rendered":"Vanessa Steinert"},"content":{"rendered":"\n<p>Helmut-Schmidt-Universit\u00e4t Hamburg<br>Fakult\u00e4t f\u00fcr Wirtschafts- und Sozialwissenschaften<br>Lehrstuhl f\u00fcr \u00d6ffentliches Recht und Steuerrecht<br>Holstenhofweg 85, Geb. H1, R. 2233<br>22043 Hamburg<br>Telefon: 040\/6541-2455<\/p>\n\n\n\n<p>E-Mail: <a href=\"mailto:steinert.vanessa@hsu-hh.de\" rel='nofollow'>steinert.vanessa@hsu.hamburg<\/a><\/p>\n","protected":false},"excerpt":{"rendered":"<p>Helmut-Schmidt-Universit\u00e4t HamburgFakult\u00e4t f\u00fcr Wirtschafts- und SozialwissenschaftenLehrstuhl f\u00fcr \u00d6ffentliches Recht und SteuerrechtHolstenhofweg 85, Geb. H1, R. 223322043 HamburgTelefon: 040\/6541-2455 E-Mail: steinert.vanessa@hsu.hamburg<\/p>\n","protected":false},"author":2755,"featured_media":0,"parent":0,"menu_order":0,"comment_status":"closed","ping_status":"closed","template":"","meta":{"footnotes":""},"categories":[4,8],"tags":[],"class_list":["post-1143","page","type-page","status-publish","hentry","category-forschung","category-team"],"_links":{"self":[{"href":"https:\/\/www.hsu-hh.de\/steuerrecht\/wp-json\/wp\/v2\/pages\/1143","targetHints":{"allow":["GET"]}}],"collection":[{"href":"https:\/\/www.hsu-hh.de\/steuerrecht\/wp-json\/wp\/v2\/pages"}],"about":[{"href":"https:\/\/www.hsu-hh.de\/steuerrecht\/wp-json\/wp\/v2\/types\/page"}],"author":[{"embeddable":true,"href":"https:\/\/www.hsu-hh.de\/steuerrecht\/wp-json\/wp\/v2\/users\/2755"}],"replies":[{"embeddable":true,"href":"https:\/\/www.hsu-hh.de\/steuerrecht\/wp-json\/wp\/v2\/comments?post=1143"}],"version-history":[{"count":2,"href":"https:\/\/www.hsu-hh.de\/steuerrecht\/wp-json\/wp\/v2\/pages\/1143\/revisions"}],"predecessor-version":[{"id":1423,"href":"https:\/\/www.hsu-hh.de\/steuerrecht\/wp-json\/wp\/v2\/pages\/1143\/revisions\/1423"}],"wp:attachment":[{"href":"https:\/\/www.hsu-hh.de\/steuerrecht\/wp-json\/wp\/v2\/media?parent=1143"}],"wp:term":[{"taxonomy":"category","embeddable":true,"href":"https:\/\/www.hsu-hh.de\/steuerrecht\/wp-json\/wp\/v2\/categories?post=1143"},{"taxonomy":"post_tag","embeddable":true,"href":"https:\/\/www.hsu-hh.de\/steuerrecht\/wp-json\/wp\/v2\/tags?post=1143"}],"curies":[{"name":"wp","href":"https:\/\/api.w.org\/{rel}","templated":true}]}}