{"id":1136,"date":"2023-03-01T10:39:34","date_gmt":"2023-03-01T09:39:34","guid":{"rendered":"https:\/\/www.hsu-hh.de\/steuerrecht\/?page_id=1136"},"modified":"2025-11-12T12:08:11","modified_gmt":"2025-11-12T11:08:11","slug":"petersen","status":"publish","type":"page","link":"https:\/\/www.hsu-hh.de\/steuerrecht\/petersen","title":{"rendered":"Dr. Nils Petersen, Steuerberater"},"content":{"rendered":"\n<p><\/p>\n\n\n\n<div class=\"wp-block-columns is-layout-flex wp-container-core-columns-is-layout-9d6595d7 wp-block-columns-is-layout-flex\">\n<div class=\"wp-block-column is-layout-flow wp-block-column-is-layout-flow\">\n<div class=\"wp-block-columns is-layout-flex wp-container-core-columns-is-layout-9d6595d7 wp-block-columns-is-layout-flex\">\n<div class=\"wp-block-column is-layout-flow wp-block-column-is-layout-flow\">\n<p>Helmut-Schmidt-Universit\u00e4t Hamburg<br>Fakult\u00e4t f\u00fcr Wirtschafts- und Sozialwissenschaften<br>Lehrstuhl f\u00fcr \u00d6ffentliches Recht und Steuerrecht<br>Holstenhofweg 85, Geb. H1, R. 2235<br>22043 Hamburg<br>Telefon: 040\/6541-2528<\/p>\n\n\n\n<p>E-Mail: <a href=\"mailto:petersen@hsu-hh.de\" rel='nofollow'>petersen@hsu.hamburg<\/a><\/p>\n\n\n\n<p><a href=\"https:\/\/www.hsu-hh.de\/steuerrecht\/wp-content\/uploads\/sites\/729\/2019\/11\/Ver\u00f6ffentlichungen-1.pdf\">Ver\u00f6ffentlichungen<\/a><\/p>\n<\/div>\n\n\n\n<div class=\"wp-block-column is-layout-flow wp-block-column-is-layout-flow\"><script>\tvar sosereDefaults = {\"allowfullscreen\":true,\"fit\":\"contain\",\"transition\":\"crossfade\",\"loop\":true,\"autoplay\":\"3000\",\"stopautoplayontouch\":true,\"keyboard\":true,\"nav\":\"thumbs\"}<\/script><div class='sosere--wp' data-ids='1273'data-link='file'data-itemtag='dl'data-icontag='dt'data-captiontag='dd'data-columns='0'data-size='large'data-width='1024'data-auto='false'data-max-width='100%'data-ratio='1.3333333333333'><div id='gallery-1' class='gallery galleryid-1136 gallery-columns-0 gallery-size-thumbnail'><dl class='gallery-item'>\n\t\t\t<dt class='gallery-icon landscape'>\n\t\t\t\t<a href='https:\/\/www.hsu-hh.de\/steuerrecht\/wp-content\/uploads\/sites\/729\/2023\/11\/002_20230818_10-12-00-1024x768.jpg' data-full='https:\/\/www.hsu-hh.de\/steuerrecht\/wp-content\/uploads\/sites\/729\/2023\/11\/002_20230818_10-12-00-scaled.jpg' data-credit=\"Nils Petersen\"><img loading=\"lazy\" decoding=\"async\" width=\"150\" height=\"150\" src=\"https:\/\/www.hsu-hh.de\/steuerrecht\/wp-content\/uploads\/sites\/729\/2023\/11\/002_20230818_10-12-00-150x150.jpg\" class=\"attachment-thumbnail size-thumbnail\" alt=\"Nils Petersen\" srcset=\"https:\/\/www.hsu-hh.de\/steuerrecht\/wp-content\/uploads\/sites\/729\/2023\/11\/002_20230818_10-12-00-150x150.jpg 150w, https:\/\/www.hsu-hh.de\/steuerrecht\/wp-content\/uploads\/sites\/729\/2023\/11\/002_20230818_10-12-00-100x100.jpg 100w\" sizes=\"auto, (max-width: 150px) 100vw, 150px\" \/><\/a>\n\t\t\t<\/dt><\/dl>\n\t\t<\/div>\n<\/div><\/div>\n<\/div>\n\n\n\n<p class=\"has-text-align-left\"><\/p>\n<\/div>\n<\/div>\n\n\n\n<p class=\"has-text-align-left\"><br><\/p>\n","protected":false},"excerpt":{"rendered":"<p>Helmut-Schmidt-Universit\u00e4t HamburgFakult\u00e4t f\u00fcr Wirtschafts- und SozialwissenschaftenLehrstuhl f\u00fcr \u00d6ffentliches Recht und SteuerrechtHolstenhofweg 85, Geb. H1, R. 223522043 HamburgTelefon: 040\/6541-2528 E-Mail: petersen@hsu.hamburg Ver\u00f6ffentlichungen<\/p>\n","protected":false},"author":2755,"featured_media":0,"parent":0,"menu_order":0,"comment_status":"closed","ping_status":"closed","template":"","meta":{"footnotes":""},"categories":[8],"tags":[],"class_list":["post-1136","page","type-page","status-publish","hentry","category-team"],"_links":{"self":[{"href":"https:\/\/www.hsu-hh.de\/steuerrecht\/wp-json\/wp\/v2\/pages\/1136","targetHints":{"allow":["GET"]}}],"collection":[{"href":"https:\/\/www.hsu-hh.de\/steuerrecht\/wp-json\/wp\/v2\/pages"}],"about":[{"href":"https:\/\/www.hsu-hh.de\/steuerrecht\/wp-json\/wp\/v2\/types\/page"}],"author":[{"embeddable":true,"href":"https:\/\/www.hsu-hh.de\/steuerrecht\/wp-json\/wp\/v2\/users\/2755"}],"replies":[{"embeddable":true,"href":"https:\/\/www.hsu-hh.de\/steuerrecht\/wp-json\/wp\/v2\/comments?post=1136"}],"version-history":[{"count":9,"href":"https:\/\/www.hsu-hh.de\/steuerrecht\/wp-json\/wp\/v2\/pages\/1136\/revisions"}],"predecessor-version":[{"id":1419,"href":"https:\/\/www.hsu-hh.de\/steuerrecht\/wp-json\/wp\/v2\/pages\/1136\/revisions\/1419"}],"wp:attachment":[{"href":"https:\/\/www.hsu-hh.de\/steuerrecht\/wp-json\/wp\/v2\/media?parent=1136"}],"wp:term":[{"taxonomy":"category","embeddable":true,"href":"https:\/\/www.hsu-hh.de\/steuerrecht\/wp-json\/wp\/v2\/categories?post=1136"},{"taxonomy":"post_tag","embeddable":true,"href":"https:\/\/www.hsu-hh.de\/steuerrecht\/wp-json\/wp\/v2\/tags?post=1136"}],"curies":[{"name":"wp","href":"https:\/\/api.w.org\/{rel}","templated":true}]}}