{"id":106,"date":"2017-09-22T11:23:32","date_gmt":"2017-09-22T09:23:32","guid":{"rendered":"https:\/\/www.hsu-hh.de\/steuerrecht\/?page_id=106"},"modified":"2023-03-01T10:48:43","modified_gmt":"2023-03-01T09:48:43","slug":"lehrstuhl","status":"publish","type":"page","link":"https:\/\/www.hsu-hh.de\/steuerrecht\/lehrstuhl","title":{"rendered":"Lehrstuhl"},"content":{"rendered":"\n<p class=\"has-medium-font-size\"><br><strong>Professur f\u00fcr \u00d6ffentliches Recht und Steuerrecht<\/strong><\/p>\n\n\n\n<p>Helmut-Schmidt-Universit\u00e4t<br>Holstenhofweg 85, Geb. H1, R. 2233<br>22043 Hamburg<\/p>\n\n\n\n<p><\/p>\n","protected":false},"excerpt":{"rendered":"<p>Professur f\u00fcr \u00d6ffentliches Recht und Steuerrecht Helmut-Schmidt-Universit\u00e4tHolstenhofweg 85, Geb. H1, R. 223322043 Hamburg<\/p>\n","protected":false},"author":64,"featured_media":0,"parent":0,"menu_order":0,"comment_status":"closed","ping_status":"closed","template":"","meta":{"footnotes":""},"categories":[8],"tags":[40,38,91,76,74],"class_list":["post-106","page","type-page","status-publish","hentry","category-team","tag-hufeld","tag-lehrstuhl","tag-sekretariat","tag-shk","tag-wma"],"_links":{"self":[{"href":"https:\/\/www.hsu-hh.de\/steuerrecht\/wp-json\/wp\/v2\/pages\/106","targetHints":{"allow":["GET"]}}],"collection":[{"href":"https:\/\/www.hsu-hh.de\/steuerrecht\/wp-json\/wp\/v2\/pages"}],"about":[{"href":"https:\/\/www.hsu-hh.de\/steuerrecht\/wp-json\/wp\/v2\/types\/page"}],"author":[{"embeddable":true,"href":"https:\/\/www.hsu-hh.de\/steuerrecht\/wp-json\/wp\/v2\/users\/64"}],"replies":[{"embeddable":true,"href":"https:\/\/www.hsu-hh.de\/steuerrecht\/wp-json\/wp\/v2\/comments?post=106"}],"version-history":[{"count":107,"href":"https:\/\/www.hsu-hh.de\/steuerrecht\/wp-json\/wp\/v2\/pages\/106\/revisions"}],"predecessor-version":[{"id":1158,"href":"https:\/\/www.hsu-hh.de\/steuerrecht\/wp-json\/wp\/v2\/pages\/106\/revisions\/1158"}],"wp:attachment":[{"href":"https:\/\/www.hsu-hh.de\/steuerrecht\/wp-json\/wp\/v2\/media?parent=106"}],"wp:term":[{"taxonomy":"category","embeddable":true,"href":"https:\/\/www.hsu-hh.de\/steuerrecht\/wp-json\/wp\/v2\/categories?post=106"},{"taxonomy":"post_tag","embeddable":true,"href":"https:\/\/www.hsu-hh.de\/steuerrecht\/wp-json\/wp\/v2\/tags?post=106"}],"curies":[{"name":"wp","href":"https:\/\/api.w.org\/{rel}","templated":true}]}}