{"id":815,"date":"2018-12-05T15:00:52","date_gmt":"2018-12-05T14:00:52","guid":{"rendered":"https:\/\/www.hsu-hh.de\/steuerlehre\/?page_id=815"},"modified":"2024-01-04T10:28:17","modified_gmt":"2024-01-04T09:28:17","slug":"steuerlehre-iv","status":"publish","type":"page","link":"https:\/\/www.hsu-hh.de\/steuerlehre\/lehre\/masterstudium\/steuerlehre-iv","title":{"rendered":"Steuerlehre IV"},"content":{"rendered":"<div id=\"category_content_OKaRPxIi\" class=\"hsu_category archive-page\"><\/div>\n<h2>Wintertrimester 2024<\/h2>\n<p><strong>Modulnummer<\/strong>: WS-24-B-45<\/p>\n<p><strong>Dozent<\/strong>: <a href=\"https:\/\/www.hsu-hh.de\/steuerlehre\/team\/lehrstuhlinhaber\"><abbr title=\"Professor\">Prof.<\/abbr> <abbr title=\"Doktor\">Dr.<\/abbr> Bert Kaminski<\/a><\/p>\n<p><strong>Veranstaltungsnummer<\/strong>: 23.1107<\/p>\n<p><strong>Termin<\/strong>: Dienstags, 09:45 &#8211; 11:15 Uhr<\/p>\n<p><strong>Veranstaltungsbeginn<\/strong>: 09.01.2024<\/p>\n<p><strong>Veranstaltungsende<\/strong>: 19.03.2024<\/p>\n<p><strong>Ort<\/strong>: H1, SR 0109<\/p>\n<p><strong>Unterlagen<\/strong>:<\/p>\n<p>NN<\/p>\n<p>Im ersten Teil der Veranstaltung erfolgt eine theoretische Einf\u00fchrung in die betriebliche Steuerplanung, die den Studenten methodische Anhaltspunkte f\u00fcr die Bearbeitung der im zweiten Teil vorgestellten, von den Studierenden selbstst\u00e4ndig zu bearbeitenden Fallstudien gibt. Der dritte Teil der Vorlesung vertieft und erweitert das in den Vorlesungen Steuerlehre I, II und III sowie Internationale Unternehmensbesteuerung erlangte Wissen bez\u00fcglich ausgew\u00e4hlter Aspekte. Hierbei liegt ein Schwerpunkt auf aktuellen steuerlichen Fragestellungen. Im vierten Teil pr\u00e4sentieren die Studierenden schlie\u00dflich die Ergebnisse ihrer Bearbeitungen der Fallstudie.<\/p>\n","protected":false},"excerpt":{"rendered":"<p>Wintertrimester 2024 Modulnummer: WS-24-B-45 Dozent: Prof. Dr. Bert Kaminski Veranstaltungsnummer: 23.1107 Termin: Dienstags, 09:45 &#8211; 11:15 Uhr Veranstaltungsbeginn: 09.01.2024 Veranstaltungsende: 19.03.2024 Ort: H1, SR 0109 Unterlagen: NN Im ersten Teil [&hellip;]<\/p>\n","protected":false},"author":171,"featured_media":0,"parent":791,"menu_order":0,"comment_status":"closed","ping_status":"closed","template":"","meta":{"footnotes":""},"categories":[60],"tags":[],"class_list":["post-815","page","type-page","status-publish","hentry","category-lehre"],"_links":{"self":[{"href":"https:\/\/www.hsu-hh.de\/steuerlehre\/wp-json\/wp\/v2\/pages\/815","targetHints":{"allow":["GET"]}}],"collection":[{"href":"https:\/\/www.hsu-hh.de\/steuerlehre\/wp-json\/wp\/v2\/pages"}],"about":[{"href":"https:\/\/www.hsu-hh.de\/steuerlehre\/wp-json\/wp\/v2\/types\/page"}],"author":[{"embeddable":true,"href":"https:\/\/www.hsu-hh.de\/steuerlehre\/wp-json\/wp\/v2\/users\/171"}],"replies":[{"embeddable":true,"href":"https:\/\/www.hsu-hh.de\/steuerlehre\/wp-json\/wp\/v2\/comments?post=815"}],"version-history":[{"count":6,"href":"https:\/\/www.hsu-hh.de\/steuerlehre\/wp-json\/wp\/v2\/pages\/815\/revisions"}],"predecessor-version":[{"id":2352,"href":"https:\/\/www.hsu-hh.de\/steuerlehre\/wp-json\/wp\/v2\/pages\/815\/revisions\/2352"}],"up":[{"embeddable":true,"href":"https:\/\/www.hsu-hh.de\/steuerlehre\/wp-json\/wp\/v2\/pages\/791"}],"wp:attachment":[{"href":"https:\/\/www.hsu-hh.de\/steuerlehre\/wp-json\/wp\/v2\/media?parent=815"}],"wp:term":[{"taxonomy":"category","embeddable":true,"href":"https:\/\/www.hsu-hh.de\/steuerlehre\/wp-json\/wp\/v2\/categories?post=815"},{"taxonomy":"post_tag","embeddable":true,"href":"https:\/\/www.hsu-hh.de\/steuerlehre\/wp-json\/wp\/v2\/tags?post=815"}],"curies":[{"name":"wp","href":"https:\/\/api.w.org\/{rel}","templated":true}]}}