{"id":805,"date":"2024-01-03T10:43:17","date_gmt":"2024-01-03T09:43:17","guid":{"rendered":"https:\/\/www.hsu-hh.de\/steuerlehre\/?page_id=805"},"modified":"2026-01-04T12:44:49","modified_gmt":"2026-01-04T11:44:49","slug":"steuerlehre-i","status":"publish","type":"page","link":"https:\/\/www.hsu-hh.de\/steuerlehre\/lehre\/masterstudium\/steuerlehre-i","title":{"rendered":"Steuerlehre I"},"content":{"rendered":"<div>\n<h2><strong>Wintertrimester 2026<\/strong><\/h2>\n<p><strong>Modulnummer<\/strong>: WS-21-B-35<\/p>\n<h3>Vorlesung<\/h3>\n<p><strong>Dozent<\/strong>: <a href=\"https:\/\/www.hsu-hh.de\/steuerlehre\/team\/lehrstuhlinhaber\"><abbr title=\"Professor\">Prof.<\/abbr> <abbr title=\"Doktor\">Dr.<\/abbr> Bert Kaminski<\/a><\/p>\n<p><strong>Veranstaltungsnummer<\/strong>: 23.804<\/p>\n<p><strong>Termin<\/strong>: Montag, 11:30 Uhr bis 13:00 Uhr<\/p>\n<p><strong>Veranstaltungsbeginn<\/strong>: 05.01.2026<\/p>\n<p><strong>Veranstaltungsende<\/strong>: 16.03.2026<\/p>\n<p><strong>Ort<\/strong>: H1 SR110<\/p>\n<p><strong>Unterlagen<\/strong>:<\/p>\n<p>Werden Ihnen \u00fcber ILIAS zur Verf\u00fcgung gestellt. Bitte melden Sie sich mit dem lehrstuhl\u00fcblichen Passwort bei ILIAS zum Kurs an.<\/p>\n<h3>\u00dcbung<\/h3>\n<p><strong>Dozent<\/strong>: Younes Melhem, <abbr title=\"Master of Science\">M.Sc.<\/abbr>, M.I.Tax<\/p>\n<p><strong>Veranstaltungsnummer<\/strong>: 23.809<\/p>\n<p><strong>Termine<\/strong>:<\/p>\n<p>Genauere Informationen entnehmen Sie bitte ILIAS.<\/p>\n<p><strong>Unterlagen<\/strong>:<\/p>\n<p>Werden Ihnen \u00fcber ILIAS zur Verf\u00fcgung gestellt. Bitte melden Sie sich mit dem lehrstuhl\u00fcblichen Passwort bei ILIAS zum Kurs an.<\/p>\n<p>Die Vorlesung besch\u00e4ftigt sich zun\u00e4chst mit den Grundlagen der Gewinnermittlung am Beispiel eines Einzelunternehmers. Hierbei stehen insbesondere die Gewinndefinition des Einkommensteuergesetzes, der Einfluss der Handelsbilanz auf die Steuerbilanz, die Bilanzierung dem Grunde nach, ausgew\u00e4hlte Bewertungsfragen, die Einnahmen\u00fcberschussrechnung und Korrekturen au\u00dferhalb der Gewinnermittlung im Mittelpunkt. Hierauf aufbauend werden dann Besonderheiten bei der Gewinnermittlung von Personengesellschaften dargestellt (insbesondere Sonder- und Erg\u00e4nzungsbilanzen). Einen dritten Schwerpunkt bilden Besonderheiten bei der Gewinnermittlung von Kapitalgesellschaften. Hierbei spielen au\u00dferbilanzielle Korrekturen, wie sie z. B. infolge von verdeckten Gewinnaussch\u00fcttungen oder der Steuerbefreiung von Ver\u00e4u\u00dferungsgewinnen aus Kapitalgesellschaftsbeteiligungen entstehen, eine besondere Rolle<\/p>\n<\/div>\n","protected":false},"excerpt":{"rendered":"<p>Wintertrimester 2026 Modulnummer: WS-21-B-35 Vorlesung Dozent: Prof. Dr. Bert Kaminski Veranstaltungsnummer: 23.804 Termin: Montag, 11:30 Uhr bis 13:00 Uhr Veranstaltungsbeginn: 05.01.2026 Veranstaltungsende: 16.03.2026 Ort: H1 SR110 Unterlagen: Werden Ihnen \u00fcber [&hellip;]<\/p>\n","protected":false},"author":1001,"featured_media":0,"parent":791,"menu_order":1,"comment_status":"closed","ping_status":"closed","template":"","meta":{"footnotes":""},"categories":[60],"tags":[],"class_list":["post-805","page","type-page","status-publish","hentry","category-lehre"],"_links":{"self":[{"href":"https:\/\/www.hsu-hh.de\/steuerlehre\/wp-json\/wp\/v2\/pages\/805","targetHints":{"allow":["GET"]}}],"collection":[{"href":"https:\/\/www.hsu-hh.de\/steuerlehre\/wp-json\/wp\/v2\/pages"}],"about":[{"href":"https:\/\/www.hsu-hh.de\/steuerlehre\/wp-json\/wp\/v2\/types\/page"}],"author":[{"embeddable":true,"href":"https:\/\/www.hsu-hh.de\/steuerlehre\/wp-json\/wp\/v2\/users\/1001"}],"replies":[{"embeddable":true,"href":"https:\/\/www.hsu-hh.de\/steuerlehre\/wp-json\/wp\/v2\/comments?post=805"}],"version-history":[{"count":37,"href":"https:\/\/www.hsu-hh.de\/steuerlehre\/wp-json\/wp\/v2\/pages\/805\/revisions"}],"predecessor-version":[{"id":2462,"href":"https:\/\/www.hsu-hh.de\/steuerlehre\/wp-json\/wp\/v2\/pages\/805\/revisions\/2462"}],"up":[{"embeddable":true,"href":"https:\/\/www.hsu-hh.de\/steuerlehre\/wp-json\/wp\/v2\/pages\/791"}],"wp:attachment":[{"href":"https:\/\/www.hsu-hh.de\/steuerlehre\/wp-json\/wp\/v2\/media?parent=805"}],"wp:term":[{"taxonomy":"category","embeddable":true,"href":"https:\/\/www.hsu-hh.de\/steuerlehre\/wp-json\/wp\/v2\/categories?post=805"},{"taxonomy":"post_tag","embeddable":true,"href":"https:\/\/www.hsu-hh.de\/steuerlehre\/wp-json\/wp\/v2\/tags?post=805"}],"curies":[{"name":"wp","href":"https:\/\/api.w.org\/{rel}","templated":true}]}}