{"id":803,"date":"2017-11-20T16:26:47","date_gmt":"2017-11-20T15:26:47","guid":{"rendered":"https:\/\/www.hsu-hh.de\/steuerlehre\/?page_id=803"},"modified":"2024-09-20T13:52:24","modified_gmt":"2024-09-20T11:52:24","slug":"seminar-abt","status":"publish","type":"page","link":"https:\/\/www.hsu-hh.de\/steuerlehre\/lehre\/masterstudium\/seminar-abt","title":{"rendered":"Masterseminar: &#8222;Accounting and Business Taxation&#8220;"},"content":{"rendered":"<p>Turnus: Fr\u00fchjarstrimester \/ Herbsttrimester<\/p>\n<hr \/>\n<div id=\"category_content_XATJJZ6L\" class=\"hsu_category archive-page\"><div class=\"clearfix\"><\/div>\t<header class=\"entry-header\">\t\t<h2 class=\"entry-title\">       <a href=\"https:\/\/www.hsu-hh.de\/steuerlehre\/masterseminar-ht-2025\" title=\"Masterseminar HT 2025\" >Masterseminar HT 2025<\/a>\t\t<\/h2>\t<\/header><div class=\"entry-content\">\n<p>Die Themenliste f\u00fcr das Masterseminar &#8222;Accounting and Business Taxation&#8220; (Modulnr. WS-23-B-39) steht ab sofort im ILIAS-Bereich des Lehrstuhls zur Ansicht bereit. <\/p>\n\n\n\n<p>Interessierte sind dazu aufgefordert bis zum 30.08.2025 Ihren Themenwunsch an kaminski-team@hsu-hh.de zu senden. Es erfolgt zeitnah eine R\u00fcckmeldung, ob das gew\u00fcnschte Thema noch verf\u00fcgbar ist, da wir jedes Thema nur einmal vergeben.<\/p>\n<\/div><\/div>\n<h2>Herbsttrimester 2024<\/h2>\n<p>N\u00e4here Informationen zum Seminarablauf, zur Themenvergabe und Unterlagen finden Sie in ILIAS.<\/p>\n<p><em><strong>Neue Plagiatspr\u00fcfungssoftware und neue Leitlinien (10.01.2022)<\/strong><\/em><\/p>\n<p>Aufgrund einer neuen Plagiatspr\u00fcfungssoftware m\u00fcssen Seminar-, Bachelor- und Masterarbeiten ab sofort in zwei verschiedenen digitalen Varianten abgegeben werden:<\/p>\n<ol>\n<li>Identische Fassung zur gedruckten Version gem\u00e4\u00df Leitlinien zur Gestaltung von Seminar- Bachelor- und Masterarbeiten<\/li>\n<li>Gek\u00fcrzte Version ohne Deckblatt und ohne weitere Namensnennung des Verfassers (anonymisierte Version). Die gek\u00fcrzte Version muss ansonsten inhaltsgleich mit der gedruckten Version sein.<br \/>\nAufgrund von datenschutzrechtlichen Regelungen d\u00fcrfen wird zuk\u00fcnftig nur noch diese anonymisierte Versionen zur Plagiatspr\u00fcfung nutzen.<\/li>\n<\/ol>\n<p>Die Leitlinien wurden nun dementsprechend \u00fcberarbeitet und stehen Ihnen ab sofort aktualisiert zur Verf\u00fcgung.<\/p>\n","protected":false},"excerpt":{"rendered":"<p>Turnus: Fr\u00fchjarstrimester \/ Herbsttrimester Herbsttrimester 2024 N\u00e4here Informationen zum Seminarablauf, zur Themenvergabe und Unterlagen finden Sie in ILIAS. Neue Plagiatspr\u00fcfungssoftware und neue Leitlinien (10.01.2022) Aufgrund einer neuen Plagiatspr\u00fcfungssoftware m\u00fcssen Seminar-, [&hellip;]<\/p>\n","protected":false},"author":171,"featured_media":0,"parent":791,"menu_order":0,"comment_status":"closed","ping_status":"closed","template":"","meta":{"footnotes":""},"categories":[60],"tags":[],"class_list":["post-803","page","type-page","status-publish","hentry","category-lehre"],"_links":{"self":[{"href":"https:\/\/www.hsu-hh.de\/steuerlehre\/wp-json\/wp\/v2\/pages\/803","targetHints":{"allow":["GET"]}}],"collection":[{"href":"https:\/\/www.hsu-hh.de\/steuerlehre\/wp-json\/wp\/v2\/pages"}],"about":[{"href":"https:\/\/www.hsu-hh.de\/steuerlehre\/wp-json\/wp\/v2\/types\/page"}],"author":[{"embeddable":true,"href":"https:\/\/www.hsu-hh.de\/steuerlehre\/wp-json\/wp\/v2\/users\/171"}],"replies":[{"embeddable":true,"href":"https:\/\/www.hsu-hh.de\/steuerlehre\/wp-json\/wp\/v2\/comments?post=803"}],"version-history":[{"count":15,"href":"https:\/\/www.hsu-hh.de\/steuerlehre\/wp-json\/wp\/v2\/pages\/803\/revisions"}],"predecessor-version":[{"id":2392,"href":"https:\/\/www.hsu-hh.de\/steuerlehre\/wp-json\/wp\/v2\/pages\/803\/revisions\/2392"}],"up":[{"embeddable":true,"href":"https:\/\/www.hsu-hh.de\/steuerlehre\/wp-json\/wp\/v2\/pages\/791"}],"wp:attachment":[{"href":"https:\/\/www.hsu-hh.de\/steuerlehre\/wp-json\/wp\/v2\/media?parent=803"}],"wp:term":[{"taxonomy":"category","embeddable":true,"href":"https:\/\/www.hsu-hh.de\/steuerlehre\/wp-json\/wp\/v2\/categories?post=803"},{"taxonomy":"post_tag","embeddable":true,"href":"https:\/\/www.hsu-hh.de\/steuerlehre\/wp-json\/wp\/v2\/tags?post=803"}],"curies":[{"name":"wp","href":"https:\/\/api.w.org\/{rel}","templated":true}]}}