{"id":799,"date":"2017-11-20T16:23:53","date_gmt":"2017-11-20T15:23:53","guid":{"rendered":"https:\/\/www.hsu-hh.de\/steuerlehre\/?page_id=799"},"modified":"2024-03-28T09:39:49","modified_gmt":"2024-03-28T08:39:49","slug":"seminar","status":"publish","type":"page","link":"https:\/\/www.hsu-hh.de\/steuerlehre\/lehre\/bachelorstudium\/seminar","title":{"rendered":"Bachelorseminar: &#8222;Finanzwirtschaft, Steuerlehre und Unternehmensrechnung&#8220;"},"content":{"rendered":"<p>Turnus: Fr\u00fchjahrstrimester<\/p>\n<hr \/>\n<div id=\"category_content_qDYA6fCE\" class=\"hsu_category archive-page\"><\/div>\n<h2>Fr\u00fchjahrstrimester 2024<\/h2>\n<p><strong>Die Veranstaltung findet in Pr\u00e4senz statt.<\/strong><\/p>\n<p><strong>N\u00e4here Informationen zum Seminarablauf, zur Themenvergabe und Unterlagen finden Sie im ILIAS-Portal.<\/strong><\/p>\n<p><em><strong>Neue Plagiatspr\u00fcfungssoftware und neue Leitlinien (21.01.2021)<\/strong><\/em><\/p>\n<p>Aufgrund einer neuen Plagiatspr\u00fcfungssoftware m\u00fcssen Seminar-, Bachelor- und Masterarbeiten ab sofort in zwei verschiedenen digitalen Varianten abgegeben werden:<\/p>\n<ol>\n<li>Identische Fassung zur gedruckten Version gem\u00e4\u00df Leitlinien zur Gestaltung von Seminar- Bachelor- und Masterarbeiten<\/li>\n<li>Gek\u00fcrzte Version ohne Deckblatt und ohne weitere Namensnennung des Verfassers (anonymisierte Version). Die gek\u00fcrzte Version muss ansonsten inhaltsgleich mit der gedruckten Version sein.<br \/>Aufgrund von datenschutzrechtlichen Regelungen d\u00fcrfen wird zuk\u00fcnftig nur noch diese anonymisierte Versionen zur Plagiatspr\u00fcfung nutzen.<\/li>\n<\/ol>\n<p>Die Leitlinien wurden nun dementsprechend \u00fcberarbeitet und stehen Ihnen ab sofort aktualisiert zur Verf\u00fcgung.<\/p>\n\n\n<p><\/p>\n","protected":false},"excerpt":{"rendered":"<p>Turnus: Fr\u00fchjahrstrimester Fr\u00fchjahrstrimester 2024 Die Veranstaltung findet in Pr\u00e4senz statt. N\u00e4here Informationen zum Seminarablauf, zur Themenvergabe und Unterlagen finden Sie im ILIAS-Portal. Neue Plagiatspr\u00fcfungssoftware und neue Leitlinien (21.01.2021) Aufgrund einer [&hellip;]<\/p>\n","protected":false},"author":171,"featured_media":0,"parent":789,"menu_order":0,"comment_status":"closed","ping_status":"closed","template":"","meta":{"footnotes":""},"categories":[60],"tags":[],"class_list":["post-799","page","type-page","status-publish","hentry","category-lehre"],"_links":{"self":[{"href":"https:\/\/www.hsu-hh.de\/steuerlehre\/wp-json\/wp\/v2\/pages\/799","targetHints":{"allow":["GET"]}}],"collection":[{"href":"https:\/\/www.hsu-hh.de\/steuerlehre\/wp-json\/wp\/v2\/pages"}],"about":[{"href":"https:\/\/www.hsu-hh.de\/steuerlehre\/wp-json\/wp\/v2\/types\/page"}],"author":[{"embeddable":true,"href":"https:\/\/www.hsu-hh.de\/steuerlehre\/wp-json\/wp\/v2\/users\/171"}],"replies":[{"embeddable":true,"href":"https:\/\/www.hsu-hh.de\/steuerlehre\/wp-json\/wp\/v2\/comments?post=799"}],"version-history":[{"count":23,"href":"https:\/\/www.hsu-hh.de\/steuerlehre\/wp-json\/wp\/v2\/pages\/799\/revisions"}],"predecessor-version":[{"id":2375,"href":"https:\/\/www.hsu-hh.de\/steuerlehre\/wp-json\/wp\/v2\/pages\/799\/revisions\/2375"}],"up":[{"embeddable":true,"href":"https:\/\/www.hsu-hh.de\/steuerlehre\/wp-json\/wp\/v2\/pages\/789"}],"wp:attachment":[{"href":"https:\/\/www.hsu-hh.de\/steuerlehre\/wp-json\/wp\/v2\/media?parent=799"}],"wp:term":[{"taxonomy":"category","embeddable":true,"href":"https:\/\/www.hsu-hh.de\/steuerlehre\/wp-json\/wp\/v2\/categories?post=799"},{"taxonomy":"post_tag","embeddable":true,"href":"https:\/\/www.hsu-hh.de\/steuerlehre\/wp-json\/wp\/v2\/tags?post=799"}],"curies":[{"name":"wp","href":"https:\/\/api.w.org\/{rel}","templated":true}]}}