{"id":797,"date":"2024-01-03T10:53:19","date_gmt":"2024-01-03T09:53:19","guid":{"rendered":"https:\/\/www.hsu-hh.de\/steuerlehre\/?page_id=797"},"modified":"2024-12-18T11:36:15","modified_gmt":"2024-12-18T10:36:15","slug":"kosten-und-leistungsrechnung-rechnungswesen-ii","status":"publish","type":"page","link":"https:\/\/www.hsu-hh.de\/steuerlehre\/lehre\/bachelorstudium\/kosten-und-leistungsrechnung-rechnungswesen-ii","title":{"rendered":"Kosten- und Leistungsrechnung (Rechnungswesen II)"},"content":{"rendered":"<div id=\"category_content_XHwcf26C\" class=\"hsu_category archive-page\"><div class=\"clearfix\"><\/div>\t<header class=\"entry-header\">\t\t<h2 class=\"entry-title\">       <a href=\"https:\/\/www.hsu-hh.de\/steuerlehre\/klr-klausureinsicht\" title=\"KLR-Klausureinsicht\" >KLR-Klausureinsicht<\/a>\t\t<\/h2>\t<\/header><div class=\"entry-content\">\n<p>Die Teilklausuren aus dem Modul Rechnungswesen &#8211; Kosten- und Leistungsrechnung befinden sich nach Abschluss der Korrekturarbeiten im Pr\u00fcfungsamt. Sollten Sie eine Einsichtnahme vornehmen wollen, so kontaktieren Sie bitte das Pr\u00fcfungsamt.<\/p>\n<\/div><\/div>\n<p>Turnus: Wintertrimester<\/p>\n<p>Teilmodul des Hauptmoduls: Rechnungswesen<\/p>\n<p>In der Vorlesung Kosten- und Leistungsrechnung werden ausgehend von den kostentheoretischen Grundlagen die Anforderungen und Ausgestaltungen von Kosten- und Leistungsrechnungssystemen dargestellt und diskutiert.<\/p>\n<h2>Wintertrimester 2025<\/h2>\n<p><strong>Modulnummer<\/strong>: WS-12-B-01<\/p>\n<h3>Vorlesung<\/h3>\n<p><strong>Dozent<\/strong>: <a href=\"https:\/\/www.hsu-hh.de\/steuerlehre\/team\/lehrstuhlinhaber\"><abbr title=\"Professor\">Prof.<\/abbr> <abbr title=\"Doktor\">Dr.<\/abbr> Bert Kaminski<\/a><\/p>\n<p><strong>Veranstaltungsnummer<\/strong>: 23.208<\/p>\n<p><strong>Termin<\/strong>: Montags, 08:00 &#8211; 09:30 Uhr<\/p>\n<p><strong>Veranstaltungsbeginn<\/strong>: 06.01.2025<\/p>\n<p><strong>Veranstaltungsende<\/strong>: 17.03.2025<\/p>\n<p><strong>Ort<\/strong>: Geb\u00e4ude H 1, H\u00f6rsaal 5<\/p>\n<p><strong>Unterlagen werden ausschlie\u00dflich \u00fcber das ILIAS-Portal verteilt.<\/strong><\/p>\n<h3>\u00dcbung<\/h3>\n<p><strong>Dozent<\/strong>: <a href=\"https:\/\/www.hsu-hh.de\/steuerlehre\/team\/wissenschaftliche-mitarbeiter\">Felix Schneider<\/a><\/p>\n<p><strong>Veranstaltungsnummer<\/strong>: 23.218<\/p>\n<p><strong>Termine<\/strong>:<\/p>\n<p>Freitags, 15:45 Uhr &#8211; 17:15 Uhr, w\u00f6chentlich<\/p>\n<p><strong>Veranstaltungsbeginn<\/strong>: 14.02.2025<\/p>\n<p><strong>Veranstaltungsende<\/strong>: 21.03.2025<\/p>\n<p><strong>Ort<\/strong>: Geb\u00e4ude H 1, H\u00f6rsaal 1<\/p>\n<p><strong>Hinweise zur \u00dcbung: <\/strong>Es wird an dieser Stelle nochmals darauf hingewiesen, dass die angebotene <strong>\u00dcbung<\/strong> ein freiwilliges Angebot des Lehrstuhls ist und eine <strong>eigene Vorbereitung<\/strong>, die \u00fcber das blo\u00dfe Ausdrucken hinausgeht, von Ihnen <strong>verlangt wird<\/strong>.<\/p>\n<p><strong>Unterlagen werden ausschlie\u00dflich \u00fcber das ILIAS-Portal verteilt.<\/strong><\/p>\n<p>Ankn\u00fcpfend an die Vorlesung zu Buchf\u00fchrung und Bilanzierung wird die Kosten- und Leistungsrechnung (KLR) zun\u00e4chst als weitere Repr\u00e4sentationsform von Unternehmen und als zweite S\u00e4ule des Rechnungswesens thematisiert. Ausgehend von einer Bestimmung der unterschiedlichen Informationsadressaten werden \u00fcberblicksm\u00e4\u00dfig die unterschiedlichen Aufgaben der KLR diskutiert. Dabei soll insbesondere deutlich werden, dass die Kostenrechnung im Gegensatz zur Finanzbuchhaltung und zum externen Rechnungswesen nicht durch gesetzliche Regelungen normiert ist, sondern vielmehr durch Entscheidungstr\u00e4ger nach den verfolgten Zwecken sowie den zu l\u00f6senden Planungs- und Kontrollproblemen festgelegt wird, was als Kosten und Leistungen zu erfassen ist. Sodann erfolgt eine Differenzierung der wesentlichen Methoden der KLR. Die Studierenden lernen, wie die durch den Leistungserstellungsprozess bedingten Wertverzehre als Kosten und die einhergehende Wertentstehung als Leistung erfasst, aufbereitet und gegen\u00fcbergestellt werden. Besondere Ber\u00fccksichtigung erf\u00e4hrt dabei die Frage, welche wertm\u00e4\u00dfigen Informationen f\u00fcr Planungs-, Entscheidungs- und Kontrollaufgaben f\u00fcr die Beantwortung unterschiedlicher betriebswirtschaftlicher Fragestellungen genutzt werden k\u00f6nnen und welche produktions- und kostentheoretischen aber auch organisations- und verhaltenstheoretischen Erkenntnisse dabei relevant sind. Anhand von Fallstudien und \u00dcbungen sollen die Studierenden F\u00e4higkeiten darin entwickeln, die g\u00e4ngigsten Planungs-, Entscheidungs- und Kontrollprobleme auf der Basis von Informationen aus der KLR einer L\u00f6sung zuzuf\u00fchren.<\/p>\n","protected":false},"excerpt":{"rendered":"<p>Turnus: Wintertrimester Teilmodul des Hauptmoduls: Rechnungswesen In der Vorlesung Kosten- und Leistungsrechnung werden ausgehend von den kostentheoretischen Grundlagen die Anforderungen und Ausgestaltungen von Kosten- und Leistungsrechnungssystemen dargestellt und diskutiert. Wintertrimester [&hellip;]<\/p>\n","protected":false},"author":2212,"featured_media":0,"parent":789,"menu_order":0,"comment_status":"closed","ping_status":"closed","template":"","meta":{"footnotes":""},"categories":[60],"tags":[],"class_list":["post-797","page","type-page","status-publish","hentry","category-lehre"],"_links":{"self":[{"href":"https:\/\/www.hsu-hh.de\/steuerlehre\/wp-json\/wp\/v2\/pages\/797","targetHints":{"allow":["GET"]}}],"collection":[{"href":"https:\/\/www.hsu-hh.de\/steuerlehre\/wp-json\/wp\/v2\/pages"}],"about":[{"href":"https:\/\/www.hsu-hh.de\/steuerlehre\/wp-json\/wp\/v2\/types\/page"}],"author":[{"embeddable":true,"href":"https:\/\/www.hsu-hh.de\/steuerlehre\/wp-json\/wp\/v2\/users\/2212"}],"replies":[{"embeddable":true,"href":"https:\/\/www.hsu-hh.de\/steuerlehre\/wp-json\/wp\/v2\/comments?post=797"}],"version-history":[{"count":51,"href":"https:\/\/www.hsu-hh.de\/steuerlehre\/wp-json\/wp\/v2\/pages\/797\/revisions"}],"predecessor-version":[{"id":2405,"href":"https:\/\/www.hsu-hh.de\/steuerlehre\/wp-json\/wp\/v2\/pages\/797\/revisions\/2405"}],"up":[{"embeddable":true,"href":"https:\/\/www.hsu-hh.de\/steuerlehre\/wp-json\/wp\/v2\/pages\/789"}],"wp:attachment":[{"href":"https:\/\/www.hsu-hh.de\/steuerlehre\/wp-json\/wp\/v2\/media?parent=797"}],"wp:term":[{"taxonomy":"category","embeddable":true,"href":"https:\/\/www.hsu-hh.de\/steuerlehre\/wp-json\/wp\/v2\/categories?post=797"},{"taxonomy":"post_tag","embeddable":true,"href":"https:\/\/www.hsu-hh.de\/steuerlehre\/wp-json\/wp\/v2\/tags?post=797"}],"curies":[{"name":"wp","href":"https:\/\/api.w.org\/{rel}","templated":true}]}}