{"id":793,"date":"2017-11-20T16:21:33","date_gmt":"2017-11-20T15:21:33","guid":{"rendered":"https:\/\/www.hsu-hh.de\/steuerlehre\/?page_id=793"},"modified":"2025-09-26T09:00:10","modified_gmt":"2025-09-26T07:00:10","slug":"investition","status":"publish","type":"page","link":"https:\/\/www.hsu-hh.de\/steuerlehre\/lehre\/bachelorstudium\/investition","title":{"rendered":"Investition"},"content":{"rendered":"<div id=\"category_content_iKKxUjC6\" class=\"hsu_category archive-page\"><\/div>\n<p>Turnus: Herbstrimester<\/p>\n<h2>Herbsttrimester 2025<\/h2>\n<p><strong>Modulnummer<\/strong>: WS-14-B-05<\/p>\n<h3>Vorlesung<\/h3>\n<p><strong>Dozent<\/strong>: <a href=\"https:\/\/www.hsu-hh.de\/steuerlehre\/team\/lehrstuhlinhaber\"><abbr title=\"Professor\">Prof.<\/abbr> <abbr title=\"Doktor\">Dr.<\/abbr> Bert Kaminski<\/a><\/p>\n<p><strong>Veranstaltungsnummer<\/strong>: 23.402<\/p>\n<p><strong>Termin<\/strong>: Dienstags, 08:00 bis 09:30 Uhr (<strong>beginnt<\/strong> am 30.09.2025, <strong>endet<\/strong> am 09.12.2025)<\/p>\n<p><strong><em>Die Veranstaltung findet in Pr\u00e4senz statt. Weitere Informationen und Unterlagen finden Sie in ILIAS.<\/em><\/strong><\/p>\n<p><strong>Ort<\/strong>: H1, H\u00f6rsaal 1<\/p>\n<h3>\u00dcbung<\/h3>\n<p><strong>Dozent<\/strong>: <a href=\"https:\/\/www.hsu-hh.de\/steuerlehre\/team\/wissenschaftliche-mitarbeiter\">Nicolai Syska, <abbr title=\"Master of Science\">M.Sc.<\/abbr>, M.I.Tax<\/a><\/p>\n<p><strong>Veranstaltungsnummer<\/strong>: 23.414<\/p>\n<p><b>Termine<\/b>: <span style=\"font-size: revert;color: initial\">siehe ILIAS.<\/span><\/p>\n<p><strong>Ort:<\/strong> siehe ILIAS.<\/p>\n<p>Die Veranstaltung &#8222;Investition&#8220; behandelt neben Grundlagen und Zielen der Investitionstheorie die Modellsituation des vollkommenen und unvollkommenen Kapitalmarkts unter Sicherheit und leitet in die Investitionsentscheidungen unter Unsicherheit ein. Nach einer Einf\u00fchrung in die begrifflichen und finanzmathematischen Grundlagen werden ausgew\u00e4hlte Bewertungskriterien und -methoden (statische und dynamische Verfahren) zur Identifikation wirtschaftlich sinnvoller Investitionen vorgestellt und einer theoretischen W\u00fcrdigung unterzogen. \u00dcber die reinen Vorteilhaftigkeitsentscheidungen hinaus beinhaltet die Vorlesung auch Wahlprobleme zwischen sich gegenseitig ausschlie\u00dfenden Zahlungsstr\u00f6men (z. B. Nutzungsdauer- und Ersatzproblem) sowie ausgew\u00e4hlte Programmentscheidungen.<\/p>\n","protected":false},"excerpt":{"rendered":"<p>Turnus: Herbstrimester Herbsttrimester 2025 Modulnummer: WS-14-B-05 Vorlesung Dozent: Prof. Dr. Bert Kaminski Veranstaltungsnummer: 23.402 Termin: Dienstags, 08:00 bis 09:30 Uhr (beginnt am 30.09.2025, endet am 09.12.2025) Die Veranstaltung findet in [&hellip;]<\/p>\n","protected":false},"author":171,"featured_media":0,"parent":789,"menu_order":0,"comment_status":"closed","ping_status":"closed","template":"","meta":{"footnotes":""},"categories":[60],"tags":[],"class_list":["post-793","page","type-page","status-publish","hentry","category-lehre"],"_links":{"self":[{"href":"https:\/\/www.hsu-hh.de\/steuerlehre\/wp-json\/wp\/v2\/pages\/793","targetHints":{"allow":["GET"]}}],"collection":[{"href":"https:\/\/www.hsu-hh.de\/steuerlehre\/wp-json\/wp\/v2\/pages"}],"about":[{"href":"https:\/\/www.hsu-hh.de\/steuerlehre\/wp-json\/wp\/v2\/types\/page"}],"author":[{"embeddable":true,"href":"https:\/\/www.hsu-hh.de\/steuerlehre\/wp-json\/wp\/v2\/users\/171"}],"replies":[{"embeddable":true,"href":"https:\/\/www.hsu-hh.de\/steuerlehre\/wp-json\/wp\/v2\/comments?post=793"}],"version-history":[{"count":41,"href":"https:\/\/www.hsu-hh.de\/steuerlehre\/wp-json\/wp\/v2\/pages\/793\/revisions"}],"predecessor-version":[{"id":2451,"href":"https:\/\/www.hsu-hh.de\/steuerlehre\/wp-json\/wp\/v2\/pages\/793\/revisions\/2451"}],"up":[{"embeddable":true,"href":"https:\/\/www.hsu-hh.de\/steuerlehre\/wp-json\/wp\/v2\/pages\/789"}],"wp:attachment":[{"href":"https:\/\/www.hsu-hh.de\/steuerlehre\/wp-json\/wp\/v2\/media?parent=793"}],"wp:term":[{"taxonomy":"category","embeddable":true,"href":"https:\/\/www.hsu-hh.de\/steuerlehre\/wp-json\/wp\/v2\/categories?post=793"},{"taxonomy":"post_tag","embeddable":true,"href":"https:\/\/www.hsu-hh.de\/steuerlehre\/wp-json\/wp\/v2\/tags?post=793"}],"curies":[{"name":"wp","href":"https:\/\/api.w.org\/{rel}","templated":true}]}}