{"id":789,"date":"2017-11-20T16:20:25","date_gmt":"2017-11-20T15:20:25","guid":{"rendered":"https:\/\/www.hsu-hh.de\/steuerlehre\/?page_id=789"},"modified":"2022-03-03T13:08:47","modified_gmt":"2022-03-03T12:08:47","slug":"bachelorstudium","status":"publish","type":"page","link":"https:\/\/www.hsu-hh.de\/steuerlehre\/lehre\/bachelorstudium","title":{"rendered":"Bachelorstudium"},"content":{"rendered":"<p><a href=\"https:\/\/www.hsu-hh.de\/steuerlehre\/lehre\/bachelorstudium\/kosten-und-leistungsrechnung-rechnungswesen-ii\">Kosten- und Leistungsrechnung (Rechnungswesen II)<\/a><\/p>\n<p><a href=\"https:\/\/www.hsu-hh.de\/steuerlehre\/lehre\/bachelorstudium\/investition\">Investition<\/a><\/p>\n<p><a href=\"https:\/\/www.hsu-hh.de\/steuerlehre\/lehre\/bachelorstudium\/steuern-grundlagen\">Grundlagen der Besteuerung von Unternehmen<\/a><\/p>\n<p><a href=\"https:\/\/www.hsu-hh.de\/steuerlehre\/lehre\/bachelorstudium\/aktuelle-entwicklungen-in-rechnungslegung-und-besteuerung\">Aktuelle Entwicklungen in Rechnungslegung und Besteuerung<\/a><\/p>\n<p><a href=\"https:\/\/www.hsu-hh.de\/steuerlehre\/lehre\/bachelorstudium\/seminar\">Bachelorseminar: &#8222;Finanzwirtschaft, Steuerlehre und Unternehmensrechnung&#8220;<\/a><\/p>\n<p>Bachelorarbeit<\/p>\n<div id=\"category_content_Zyeff7y5\" class=\"hsu_category archive-page\"><div class=\"clearfix\"><\/div>\t<header class=\"entry-header\">\t\t<h2 class=\"entry-title\">       <a href=\"https:\/\/www.hsu-hh.de\/steuerlehre\/hinweise-fuer-die-klausur-rechnungslegung-am-23-06-2025\" title=\"Hinweise f\u00fcr die Klausur Rechnungslegung und Steuern am 23.06.2025\" >Hinweise f\u00fcr die Klausur Rechnungslegung und Steuern am 23.06.2025<\/a>\t\t<\/h2>\t<\/header><div class=\"entry-content\">\n<p>Sehr geehrte Studenten,<\/p>\n\n\n\n<p>die Klausur \u201eRechnungslegung und Steuern\u201c findet am <strong>23.06.2025<\/strong> um <strong>10:00 Uhr<\/strong> statt.<\/p>\n\n\n\n<p>Die Klausur wird in den R\u00e4umen 1002 und 1006 geschrieben.<\/p>\n\n\n\n<p>Personen, deren <strong>Nachname<\/strong> mit <strong>A-H<\/strong> beginnt, schreiben im <strong>Raum 1002<\/strong>.<\/p>\n\n\n\n<p>Personen, deren <strong>Nachname<\/strong> mit <strong>I-Z<\/strong> beginnt, schreiben im <strong>Raum 1006<\/strong>.<\/p>\n\n\n\n<p>Bitte erscheinen Sie rechtzeitig vor Klausurbeginn, so dass ein p\u00fcnktlicher Beginn nach Belehrung m\u00f6glich ist.<\/p>\n\n\n\n<p>Bringen Sie bitte auch Ihren Studentenausweis\/Truppenausweis sowie die f\u00fcr die Klausur erlaubten Hilfsmittel mit:<\/p>\n\n\n\n<p>Rechnungslegung:&nbsp;&nbsp;&nbsp; Taschenrechner (nicht programmierbar und nicht grafikf\u00e4hig) + unkommentierte Gesetztes-\/Erlasstexte<\/p>\n\n\n\n<p>Steuern: &nbsp;&nbsp;&nbsp;&nbsp;&nbsp;&nbsp;&nbsp;&nbsp;&nbsp; Taschenrechner (nicht programmierbar und nicht grafikf\u00e4hig) + unkommentierte Steuergesetze<\/p>\n\n\n\n<p>Hinsichtlich der Auslegung unkommentierter Gesetzestexte verweisen wir Sie hiermit ausdr\u00fccklich auf die f\u00fcr dieses Modul relevanten Vorgaben unter <a href=\"https:\/\/www.hsu-hh.de\/steuerlehre\/hilfsmittel\">https:\/\/www.hsu-hh.de\/steuerlehre\/hilfsmittel<\/a>. Bei Abweichungen von den Regelungen werden diese als m\u00f6glicher T\u00e4uschungsversuch dem Pr\u00fcfungsausschuss <abbr title=\"Wirtschafts- und Sozialwissenschaften\">WiSo<\/abbr> angezeigt.<\/p>\n\n\n\n<p>Weiterf\u00fchrende Informationen rund um die Pr\u00fcfungen finden Sie hier: <a href=\"https:\/\/ilias.hsu-hh.de\/goto.php?target=cat_536120&amp;client_id=unibw\" rel='nofollow'>https:\/\/ilias.hsu-hh.de\/goto.php?target=cat_536120&amp;client_id=unibw<\/a> Unter der Rubrik Pr\u00fcfungen\/Klausuren finden Sie unter anderem die Datei \u201eBelehrung_Verhalten_Klausuren_Stand_2023-12-07\u201c.<\/p>\n\n\n\n<p>Mit freundlichen Gr\u00fc\u00dfen<\/p>\n\n\n\n<p>Felix Schneider<\/p>\n<\/div><div class=\"clearfix\"><\/div>\t<header class=\"entry-header\">\t\t<h2 class=\"entry-title\">       <a href=\"https:\/\/www.hsu-hh.de\/steuerlehre\/klr-klausureinsicht\" title=\"KLR-Klausureinsicht\" >KLR-Klausureinsicht<\/a>\t\t<\/h2>\t<\/header><div class=\"entry-content\">\n<p>Die Teilklausuren aus dem Modul Rechnungswesen &#8211; Kosten- und Leistungsrechnung befinden sich nach Abschluss der Korrekturarbeiten im Pr\u00fcfungsamt. Sollten Sie eine Einsichtnahme vornehmen wollen, so kontaktieren Sie bitte das Pr\u00fcfungsamt.<\/p>\n<\/div><\/div>\n\n\n<p><\/p>\n","protected":false},"excerpt":{"rendered":"<p>Kosten- und Leistungsrechnung (Rechnungswesen II) Investition Grundlagen der Besteuerung von Unternehmen Aktuelle Entwicklungen in Rechnungslegung und Besteuerung Bachelorseminar: &#8222;Finanzwirtschaft, Steuerlehre und Unternehmensrechnung&#8220; Bachelorarbeit<\/p>\n","protected":false},"author":171,"featured_media":0,"parent":541,"menu_order":1,"comment_status":"closed","ping_status":"closed","template":"","meta":{"footnotes":""},"categories":[60],"tags":[],"class_list":["post-789","page","type-page","status-publish","hentry","category-lehre"],"_links":{"self":[{"href":"https:\/\/www.hsu-hh.de\/steuerlehre\/wp-json\/wp\/v2\/pages\/789","targetHints":{"allow":["GET"]}}],"collection":[{"href":"https:\/\/www.hsu-hh.de\/steuerlehre\/wp-json\/wp\/v2\/pages"}],"about":[{"href":"https:\/\/www.hsu-hh.de\/steuerlehre\/wp-json\/wp\/v2\/types\/page"}],"author":[{"embeddable":true,"href":"https:\/\/www.hsu-hh.de\/steuerlehre\/wp-json\/wp\/v2\/users\/171"}],"replies":[{"embeddable":true,"href":"https:\/\/www.hsu-hh.de\/steuerlehre\/wp-json\/wp\/v2\/comments?post=789"}],"version-history":[{"count":16,"href":"https:\/\/www.hsu-hh.de\/steuerlehre\/wp-json\/wp\/v2\/pages\/789\/revisions"}],"predecessor-version":[{"id":2204,"href":"https:\/\/www.hsu-hh.de\/steuerlehre\/wp-json\/wp\/v2\/pages\/789\/revisions\/2204"}],"up":[{"embeddable":true,"href":"https:\/\/www.hsu-hh.de\/steuerlehre\/wp-json\/wp\/v2\/pages\/541"}],"wp:attachment":[{"href":"https:\/\/www.hsu-hh.de\/steuerlehre\/wp-json\/wp\/v2\/media?parent=789"}],"wp:term":[{"taxonomy":"category","embeddable":true,"href":"https:\/\/www.hsu-hh.de\/steuerlehre\/wp-json\/wp\/v2\/categories?post=789"},{"taxonomy":"post_tag","embeddable":true,"href":"https:\/\/www.hsu-hh.de\/steuerlehre\/wp-json\/wp\/v2\/tags?post=789"}],"curies":[{"name":"wp","href":"https:\/\/api.w.org\/{rel}","templated":true}]}}