{"id":756,"date":"2017-11-20T15:38:13","date_gmt":"2017-11-20T14:38:13","guid":{"rendered":"https:\/\/www.hsu-hh.de\/steuerlehre\/?page_id=756"},"modified":"2022-11-02T19:41:50","modified_gmt":"2022-11-02T18:41:50","slug":"ueber-uns","status":"publish","type":"page","link":"https:\/\/www.hsu-hh.de\/steuerlehre\/startseite\/ueber-uns","title":{"rendered":"\u00dcber Uns"},"content":{"rendered":"<h2>Forschung<\/h2>\n<ul>\n<li>Konzernverrechnungspreise aus Sicht der Betriebswirtschaftlichen Steuerlehre<\/li>\n<li>Steuerliche Konsequenzen von Gesch\u00e4ften im Internet<\/li>\n<li>Auswirkungen aktueller Rechts\u00e4nderungen auf die Besteuerung von in Deutschland t\u00e4tigen Unternehmen<\/li>\n<li>Besteuerung von Betriebsst\u00e4tten und deren betriebswirtschaftlichen Implikationen<br \/>\nBilanzierung und Bilanzpolitik im Spannungsfeld zwischen handelsrechtlichen und steuerlichen Anforderungen<\/li>\n<li>Auswirkungen von Steuern auf unternehmerische Entscheidungen<\/li>\n<li>Normative Betriebswirtschaftliche Steuerlehre<\/li>\n<\/ul>\n<h3>Kontakt<\/h3>\n<p>E-Mail: steuerlehre (at) hsu-hh.de<br \/>\nRaum: 2125, 2229 &#8211; 2231 (Geb\u00e4ude H1)<br \/>\nTelefon: (040) 6541 3366<\/p>\n","protected":false},"excerpt":{"rendered":"<p>Forschung Konzernverrechnungspreise aus Sicht der Betriebswirtschaftlichen Steuerlehre Steuerliche Konsequenzen von Gesch\u00e4ften im Internet Auswirkungen aktueller Rechts\u00e4nderungen auf die Besteuerung von in Deutschland t\u00e4tigen Unternehmen Besteuerung von Betriebsst\u00e4tten und deren betriebswirtschaftlichen [&hellip;]<\/p>\n","protected":false},"author":171,"featured_media":0,"parent":73,"menu_order":3,"comment_status":"closed","ping_status":"closed","template":"","meta":{"footnotes":""},"categories":[4],"tags":[],"class_list":["post-756","page","type-page","status-publish","hentry","category-forschung"],"_links":{"self":[{"href":"https:\/\/www.hsu-hh.de\/steuerlehre\/wp-json\/wp\/v2\/pages\/756","targetHints":{"allow":["GET"]}}],"collection":[{"href":"https:\/\/www.hsu-hh.de\/steuerlehre\/wp-json\/wp\/v2\/pages"}],"about":[{"href":"https:\/\/www.hsu-hh.de\/steuerlehre\/wp-json\/wp\/v2\/types\/page"}],"author":[{"embeddable":true,"href":"https:\/\/www.hsu-hh.de\/steuerlehre\/wp-json\/wp\/v2\/users\/171"}],"replies":[{"embeddable":true,"href":"https:\/\/www.hsu-hh.de\/steuerlehre\/wp-json\/wp\/v2\/comments?post=756"}],"version-history":[{"count":7,"href":"https:\/\/www.hsu-hh.de\/steuerlehre\/wp-json\/wp\/v2\/pages\/756\/revisions"}],"predecessor-version":[{"id":2269,"href":"https:\/\/www.hsu-hh.de\/steuerlehre\/wp-json\/wp\/v2\/pages\/756\/revisions\/2269"}],"up":[{"embeddable":true,"href":"https:\/\/www.hsu-hh.de\/steuerlehre\/wp-json\/wp\/v2\/pages\/73"}],"wp:attachment":[{"href":"https:\/\/www.hsu-hh.de\/steuerlehre\/wp-json\/wp\/v2\/media?parent=756"}],"wp:term":[{"taxonomy":"category","embeddable":true,"href":"https:\/\/www.hsu-hh.de\/steuerlehre\/wp-json\/wp\/v2\/categories?post=756"},{"taxonomy":"post_tag","embeddable":true,"href":"https:\/\/www.hsu-hh.de\/steuerlehre\/wp-json\/wp\/v2\/tags?post=756"}],"curies":[{"name":"wp","href":"https:\/\/api.w.org\/{rel}","templated":true}]}}