{"id":2154,"date":"2021-02-03T11:31:52","date_gmt":"2021-02-03T10:31:52","guid":{"rendered":"https:\/\/www.hsu-hh.de\/steuerlehre\/?page_id=2154"},"modified":"2024-03-28T09:39:30","modified_gmt":"2024-03-28T08:39:30","slug":"aktuelle-entwicklungen-in-rechnungslegung-und-besteuerung","status":"publish","type":"page","link":"https:\/\/www.hsu-hh.de\/steuerlehre\/lehre\/bachelorstudium\/aktuelle-entwicklungen-in-rechnungslegung-und-besteuerung","title":{"rendered":"Aktuelle Entwicklungen in Rechnungslegung und Besteuerung"},"content":{"rendered":"<p>Turnus: Fr\u00fchjahrstrimester<\/p>\n<div id=\"category_content_S4MY67pK\" class=\"hsu_category archive-page\"><\/div>\n<h2>Fr\u00fchjahrstrimester 2024<\/h2>\n<p><strong>Die Veranstaltung findet in Pr\u00e4senz statt. Die Teilnahme an allen Terminen ist verpflichtend.<\/strong><\/p>\n<p><strong>N\u00e4here Informationen zu Ablauf, Themenvergabe und Unterlagen finden Sie zu gegebener Zeit im ILIAS-Portal.<\/strong><\/p>\n<p><em><strong>Modulbeschreibung:<\/strong><\/em><\/p>\n<p>Im ersten Teil der Vorlesung erfolgt eine theoretische Einf\u00fchrung in die betriebliche Steuerplanung, die den Studenten methodische Anhaltspunkte f\u00fcr die Bearbeitung der im zweiten Teil vorgestellten, von den Studierenden selbstst\u00e4ndig zu bearbeitenden Fallstudien gibt. Der dritte Teil der Vorlesung vertieft und erweitert das in den Vorlesungen Steuerlehre I, II und III sowie Internationale Unternehmensbesteuerung erlangte Wissen bez\u00fcglich ausgew\u00e4hlter Aspekte. Hierbei liegt ein Schwerpunkt auf aktuellen steuerlichen Fragestellungen. Im vierten Teil pr\u00e4sentieren die Studierenden schlie\u00dflich die Ergebnisse ihrer Bearbeitungen der Fallstudie.<\/p>\n<p>Grobgliederung der Veranstaltung:<\/p>\n<p>1. Teil: Grundlagen der Steuerplanung<\/p>\n<p>2. Teil: Vorstellung der Fallstudie<\/p>\n<p>3. Teil: Ausgew\u00e4hlte Aktuelle Entwicklungen in der Betriebswirtschaftlichen Steuerlehre<\/p>\n<p>4. Teil: Pr\u00e4sentation der Ergebnisse der Fallstudie<\/p>\n<p><em><strong>Neue Plagiatspr\u00fcfungssoftware und neue Leitlinien (21.01.2021)<\/strong><\/em><\/p>\n<p>Aufgrund einer neuen Plagiatspr\u00fcfungssoftware m\u00fcssen Seminar-, Bachelor- und Masterarbeiten ab sofort in zwei verschiedenen digitalen Varianten abgegeben werden:<\/p>\n<ol>\n<li>Identische Fassung zur gedruckten Version gem\u00e4\u00df Leitlinien zur Gestaltung von Seminar- Bachelor- und Masterarbeiten<\/li>\n<li>Gek\u00fcrzte Version ohne Deckblatt und ohne weitere Namensnennung des Verfassers (anonymisierte Version). Die gek\u00fcrzte Version muss ansonsten inhaltsgleich mit der gedruckten Version sein.<br \/>Aufgrund von datenschutzrechtlichen Regelungen d\u00fcrfen wird zuk\u00fcnftig nur noch diese anonymisierte Versionen zur Plagiatspr\u00fcfung nutzen.<\/li>\n<\/ol>\n<p>Die Leitlinien wurden nun dementsprechend \u00fcberarbeitet und stehen Ihnen ab sofort aktualisiert zur Verf\u00fcgung.<\/p>\n\n\n<p><\/p>\n","protected":false},"excerpt":{"rendered":"<p>Turnus: Fr\u00fchjahrstrimester Fr\u00fchjahrstrimester 2024 Die Veranstaltung findet in Pr\u00e4senz statt. Die Teilnahme an allen Terminen ist verpflichtend. N\u00e4here Informationen zu Ablauf, Themenvergabe und Unterlagen finden Sie zu gegebener Zeit im [&hellip;]<\/p>\n","protected":false},"author":92,"featured_media":0,"parent":789,"menu_order":0,"comment_status":"closed","ping_status":"closed","template":"faculty.php","meta":{"footnotes":""},"categories":[60],"tags":[],"class_list":["post-2154","page","type-page","status-publish","hentry","category-lehre"],"_links":{"self":[{"href":"https:\/\/www.hsu-hh.de\/steuerlehre\/wp-json\/wp\/v2\/pages\/2154","targetHints":{"allow":["GET"]}}],"collection":[{"href":"https:\/\/www.hsu-hh.de\/steuerlehre\/wp-json\/wp\/v2\/pages"}],"about":[{"href":"https:\/\/www.hsu-hh.de\/steuerlehre\/wp-json\/wp\/v2\/types\/page"}],"author":[{"embeddable":true,"href":"https:\/\/www.hsu-hh.de\/steuerlehre\/wp-json\/wp\/v2\/users\/92"}],"replies":[{"embeddable":true,"href":"https:\/\/www.hsu-hh.de\/steuerlehre\/wp-json\/wp\/v2\/comments?post=2154"}],"version-history":[{"count":10,"href":"https:\/\/www.hsu-hh.de\/steuerlehre\/wp-json\/wp\/v2\/pages\/2154\/revisions"}],"predecessor-version":[{"id":2374,"href":"https:\/\/www.hsu-hh.de\/steuerlehre\/wp-json\/wp\/v2\/pages\/2154\/revisions\/2374"}],"up":[{"embeddable":true,"href":"https:\/\/www.hsu-hh.de\/steuerlehre\/wp-json\/wp\/v2\/pages\/789"}],"wp:attachment":[{"href":"https:\/\/www.hsu-hh.de\/steuerlehre\/wp-json\/wp\/v2\/media?parent=2154"}],"wp:term":[{"taxonomy":"category","embeddable":true,"href":"https:\/\/www.hsu-hh.de\/steuerlehre\/wp-json\/wp\/v2\/categories?post=2154"},{"taxonomy":"post_tag","embeddable":true,"href":"https:\/\/www.hsu-hh.de\/steuerlehre\/wp-json\/wp\/v2\/tags?post=2154"}],"curies":[{"name":"wp","href":"https:\/\/api.w.org\/{rel}","templated":true}]}}