{"id":2130,"date":"2022-02-17T12:36:21","date_gmt":"2022-02-17T11:36:21","guid":{"rendered":"https:\/\/www.hsu-hh.de\/steuerlehre\/?page_id=2130"},"modified":"2022-02-17T12:56:44","modified_gmt":"2022-02-17T11:56:44","slug":"hilfsmittel","status":"publish","type":"page","link":"https:\/\/www.hsu-hh.de\/steuerlehre\/hilfsmittel","title":{"rendered":"Hilfsmittel"},"content":{"rendered":"\n<p>Die jeweiligen Hilfsmittel (Gesetze, Richtlinien, Erlasse und BMF-Schreiben) werden f\u00fcr jedes Modul in der Vorlesung bekannt gegeben. <\/p>\n\n\n\n<p><\/p>\n\n\n\n<p>Grunds\u00e4tzlich m\u00fcssen <strong>alle Hilfsmittel unkommentiert<\/strong> sein.<\/p>\n\n\n\n<p>Als Kommen\u00adtier\u00adun\u00adgen gelten alle Hin\u00adzu\u00adf\u00fc\u00adgun\u00adgen inhaltlicher Art, die \u00fcber den Re\u00adgelungstext hin\u00adaus\u00adgehen. Damit sind insbesondere<\/p>\n\n\n\n<ul class=\"wp-block-list\"><li>Querverweise auf andere Vor\u00adschrif\u00adten,<\/li><li>Querverweise auf andere Stellen\/Paragraphen derselben Vorschrift, <\/li><li>Pr\u00fcfungsschemata,<\/li><li>Stichworte, die nicht Teil des Hilfsmittels sind und<\/li><li>Durchnummerierungen zur Erstellung von Reihenfolgen<\/li><\/ul>\n\n\n\n<p>gemeint.<\/p>\n\n\n\n<p><\/p>\n\n\n\n<p>Hingegen sind <\/p>\n\n\n\n<ul class=\"wp-block-list\"><li>Markierungen, die lediglich dem schnelleren Auffinden die\u00adnen (z. B. ein Mar\u00adkierungszettel zur Kenn\u00adzeichnung eines bestimmten Ge\u00adset\u00adzes auch mit Beschriftung des Gesetzes bzw. des Paragraphen),<\/li><li>Hervorhebungen (z.B. mit einem Textmarker) und<\/li><li>Unterstreichungen<\/li><\/ul>\n\n\n\n<p>zul\u00e4ssig.<\/p>\n\n\n\n<p><\/p>\n","protected":false},"excerpt":{"rendered":"<p>Die jeweiligen Hilfsmittel (Gesetze, Richtlinien, Erlasse und BMF-Schreiben) werden f\u00fcr jedes Modul in der Vorlesung bekannt gegeben. Grunds\u00e4tzlich m\u00fcssen alle Hilfsmittel unkommentiert sein. Als Kommen\u00adtier\u00adun\u00adgen gelten alle Hin\u00adzu\u00adf\u00fc\u00adgun\u00adgen inhaltlicher Art, [&hellip;]<\/p>\n","protected":false},"author":2212,"featured_media":0,"parent":0,"menu_order":0,"comment_status":"closed","ping_status":"closed","template":"","meta":{"footnotes":""},"categories":[4,60],"tags":[],"class_list":["post-2130","page","type-page","status-publish","hentry","category-forschung","category-lehre"],"_links":{"self":[{"href":"https:\/\/www.hsu-hh.de\/steuerlehre\/wp-json\/wp\/v2\/pages\/2130","targetHints":{"allow":["GET"]}}],"collection":[{"href":"https:\/\/www.hsu-hh.de\/steuerlehre\/wp-json\/wp\/v2\/pages"}],"about":[{"href":"https:\/\/www.hsu-hh.de\/steuerlehre\/wp-json\/wp\/v2\/types\/page"}],"author":[{"embeddable":true,"href":"https:\/\/www.hsu-hh.de\/steuerlehre\/wp-json\/wp\/v2\/users\/2212"}],"replies":[{"embeddable":true,"href":"https:\/\/www.hsu-hh.de\/steuerlehre\/wp-json\/wp\/v2\/comments?post=2130"}],"version-history":[{"count":2,"href":"https:\/\/www.hsu-hh.de\/steuerlehre\/wp-json\/wp\/v2\/pages\/2130\/revisions"}],"predecessor-version":[{"id":2137,"href":"https:\/\/www.hsu-hh.de\/steuerlehre\/wp-json\/wp\/v2\/pages\/2130\/revisions\/2137"}],"wp:attachment":[{"href":"https:\/\/www.hsu-hh.de\/steuerlehre\/wp-json\/wp\/v2\/media?parent=2130"}],"wp:term":[{"taxonomy":"category","embeddable":true,"href":"https:\/\/www.hsu-hh.de\/steuerlehre\/wp-json\/wp\/v2\/categories?post=2130"},{"taxonomy":"post_tag","embeddable":true,"href":"https:\/\/www.hsu-hh.de\/steuerlehre\/wp-json\/wp\/v2\/tags?post=2130"}],"curies":[{"name":"wp","href":"https:\/\/api.w.org\/{rel}","templated":true}]}}