{"id":1357,"date":"2018-06-26T10:17:30","date_gmt":"2018-06-26T08:17:30","guid":{"rendered":"https:\/\/www.hsu-hh.de\/steuerlehre\/?page_id=1357"},"modified":"2018-06-26T10:17:30","modified_gmt":"2018-06-26T08:17:30","slug":"nachruf-professor-dr-hans-jochen-kleineidam","status":"publish","type":"page","link":"https:\/\/www.hsu-hh.de\/steuerlehre\/team\/lehrstuhlinhaber\/nachruf-professor-dr-hans-jochen-kleineidam","title":{"rendered":"Nachruf Professor Dr. Hans-Jochen Kleineidam"},"content":{"rendered":"<p><img loading=\"lazy\" decoding=\"async\" class=\"size-thumbnail wp-image-1240 aligncenter\" src=\"https:\/\/www.hsu-hh.de\/steuerlehre\/wp-content\/uploads\/sites\/738\/2018\/03\/Kleineidam1_OX-e1511250635219-150x150.jpg\" alt=\"Prof. Dr. Hans-Jochen Kleineidam\" width=\"150\" height=\"150\" srcset=\"https:\/\/www.hsu-hh.de\/steuerlehre\/wp-content\/uploads\/sites\/738\/2018\/03\/Kleineidam1_OX-e1511250635219-150x150.jpg 150w, https:\/\/www.hsu-hh.de\/steuerlehre\/wp-content\/uploads\/sites\/738\/2018\/03\/Kleineidam1_OX-e1511250635219-100x100.jpg 100w, https:\/\/www.hsu-hh.de\/steuerlehre\/wp-content\/uploads\/sites\/738\/2018\/03\/Kleineidam1_OX-e1511250635219.jpg 259w\" sizes=\"auto, (max-width: 150px) 100vw, 150px\" \/><\/p>\n<p>&nbsp;<\/p>\n<p>Es ist meine traurige Pflicht Ihnen mitteilen zu m\u00fcssen, dass Herr <abbr title=\"Universit\u00e4tsprofessor\">Univ.-Prof.<\/abbr> <abbr title=\"Doktor\">Dr.<\/abbr> oec. publ. Hans-Jochen Kleineidam in den Abendstunden des 28. Februar 2018 f\u00fcr immer von uns gegangen ist. Er erlag einer schweren Erkrankung.<\/p>\n<p>&nbsp;<\/p>\n<p>Hans-Jochen Kleineidam wurde am 26. M\u00e4rz 1943 im niederschlesischen Mittelwalde geboren. Er studierte Betriebswirtschaftslehre an den Universit\u00e4ten T\u00fcbingen und M\u00fcnchen und promovierte an letzterer mit dem Thema \u201eDie internationale betriebswirtschaftliche Steuerlehre: ein Vorschlag zur Weiterentwicklung der betriebswirtschaftlichen Steuerlehre\u201c.\u00a0 Nach zweij\u00e4hriger Assistenzzeit in M\u00fcnchen ging er im Jahre 1970 als Assistenzprofessor an die Freie Universit\u00e4t Berlin. Im Jahr 1971 wurde er Lehrbeauftragter f\u00fcr Betriebswirtschaftslehre an der Universit\u00e4t Hamburg und habilitierte sich 1973 mit der Schrift \u201eZum Wesen und zur Berechtigung von \u00dcberlegungen de lege ferenda auf dem Gebiet des Steuerrechts durch die betriebswirtschaftliche Steuerlehre\u201c. Im Jahr 1974 folgte der Ruf auf den Lehrstuhl f\u00fcr Betriebswirtschaftslehre, insbesondere Investition, Finanzierung und Betriebswirtschaftliche Steuerlehre an der damals neu gegr\u00fcndeten Universit\u00e4t der Bundeswehr Hamburg als seinerzeit j\u00fcngstem deutschen Hochschulprofessor f\u00fcr Betriebswirtschaftslehre. Er erhielt Rufe an die Wirtschaftsuniversit\u00e4t Wien, die Universit\u00e4t Bremen und die Katholische Universit\u00e4t Eichst\u00e4tt\/Ingolstadt. Jedoch blieb er unserer Universit\u00e4t treu.<\/p>\n<p>&nbsp;<\/p>\n<p>W\u00e4hrend seiner Zeit an der Helmut-Schmidt-Universit\u00e4t entstanden eine Vielzahl von Ver\u00f6ffentlichungen sowie eine Reihe von Promotionen. Er war im Diplom-Studiengang Betriebswirtschaftslehre nicht nur im Vertiefungsfach Betriebswirtschaftliche Steuerlehre vertreten, sondern auch im Grundstudium mit mehreren Vorlesungen zur Allgemeinen Betriebswirtschaftslehre. Mit dem Ende des Studiums der letzten Studenten im Diplom-Studiengang beendete Hans-Jochen Kleineidam seine T\u00e4tigkeit an unserer Universit\u00e4t. Er hat die Helmut-Schmidt-Universit\u00e4t \u00fcber Jahre hinweg auch nach au\u00dfen hin vertreten, wie etwa durch sein Mitwirken im Rahmen der Berufsorganisationen etwa beim Wirtschaftspr\u00fcferexamen oder auf Fachtagungen. Dar\u00fcber hinaus engagierte er sich intensiv in der akademischen Selbstverwaltung.<\/p>\n<p>&nbsp;<\/p>\n<p>Wir werden Herrn Kleineidam sehr vermissen, insbesondere seinen scharfen Verstand, seine Lebensfreude, seine Tatkraft, seine Lebenserfahrung, seine Hilfsbereitschaft, seine Kollegialit\u00e4t und sein stets offenes Ohr f\u00fcr Andere. Sein viel zu fr\u00fcher Tod wird eine bleibende L\u00fccke hinterlassen.<\/p>\n<p>&nbsp;<\/p>\n<p>In stiller Trauer<\/p>\n<p>&nbsp;<\/p>\n<p>Ihr<\/p>\n<p>&nbsp;<\/p>\n<p>B. Kaminski<\/p>\n","protected":false},"excerpt":{"rendered":"<p>&nbsp; Es ist meine traurige Pflicht Ihnen mitteilen zu m\u00fcssen, dass Herr Univ.-Prof. Dr. oec. publ. Hans-Jochen Kleineidam in den Abendstunden des 28. Februar 2018 f\u00fcr immer von uns gegangen [&hellip;]<\/p>\n","protected":false},"author":171,"featured_media":0,"parent":724,"menu_order":0,"comment_status":"closed","ping_status":"closed","template":"","meta":{"footnotes":""},"categories":[89],"tags":[],"class_list":["post-1357","page","type-page","status-publish","hentry","category-personen"],"_links":{"self":[{"href":"https:\/\/www.hsu-hh.de\/steuerlehre\/wp-json\/wp\/v2\/pages\/1357","targetHints":{"allow":["GET"]}}],"collection":[{"href":"https:\/\/www.hsu-hh.de\/steuerlehre\/wp-json\/wp\/v2\/pages"}],"about":[{"href":"https:\/\/www.hsu-hh.de\/steuerlehre\/wp-json\/wp\/v2\/types\/page"}],"author":[{"embeddable":true,"href":"https:\/\/www.hsu-hh.de\/steuerlehre\/wp-json\/wp\/v2\/users\/171"}],"replies":[{"embeddable":true,"href":"https:\/\/www.hsu-hh.de\/steuerlehre\/wp-json\/wp\/v2\/comments?post=1357"}],"version-history":[{"count":2,"href":"https:\/\/www.hsu-hh.de\/steuerlehre\/wp-json\/wp\/v2\/pages\/1357\/revisions"}],"predecessor-version":[{"id":1360,"href":"https:\/\/www.hsu-hh.de\/steuerlehre\/wp-json\/wp\/v2\/pages\/1357\/revisions\/1360"}],"up":[{"embeddable":true,"href":"https:\/\/www.hsu-hh.de\/steuerlehre\/wp-json\/wp\/v2\/pages\/724"}],"wp:attachment":[{"href":"https:\/\/www.hsu-hh.de\/steuerlehre\/wp-json\/wp\/v2\/media?parent=1357"}],"wp:term":[{"taxonomy":"category","embeddable":true,"href":"https:\/\/www.hsu-hh.de\/steuerlehre\/wp-json\/wp\/v2\/categories?post=1357"},{"taxonomy":"post_tag","embeddable":true,"href":"https:\/\/www.hsu-hh.de\/steuerlehre\/wp-json\/wp\/v2\/tags?post=1357"}],"curies":[{"name":"wp","href":"https:\/\/api.w.org\/{rel}","templated":true}]}}