{"id":814,"date":"2019-12-13T14:52:09","date_gmt":"2019-12-13T13:52:09","guid":{"rendered":"https:\/\/www.hsu-hh.de\/statistik\/?page_id=814"},"modified":"2026-02-17T18:15:47","modified_gmt":"2026-02-17T17:15:47","slug":"statistik-gruppe-hamburg","status":"publish","type":"page","link":"https:\/\/www.hsu-hh.de\/statistik\/statistik-gruppe-hamburg","title":{"rendered":"Statistik-Gruppe Hamburg"},"content":{"rendered":"\n<p>Am 27.02.2020 fand der 1. Workshop der Statistik-Gruppe Hamburg im Universit\u00e4tsklinikum Hamburg-Eppendorf statt. Beginn<br>der Veranstaltung war um 09:00 Uhr (Geb\u00e4ude N45, Rothe-Geussenhainer-Haus, Seminarraum 3). Es fanden folgende Vortr\u00e4ge statt:<\/p>\n\n\n\n<h3 class=\"wp-block-heading\">Zeit: Referent, Titel<\/h3>\n\n\n\n<ul class=\"wp-block-list\">\n<li>10:00 &#8211; 10:40 Uhr: <a href=\"https:\/\/www.math.uni-hamburg.de\/personen\/wimi.html\" rel='nofollow'>Maximilian Fritz Steffen<\/a> (AG Trabs, Uni Hamburg), High dimensional multi-index models<\/li>\n\n\n\n<li>11:10 &#8211; 11:50 Uhr: <a href=\"https:\/\/www.math.uni-hamburg.de\/home\/selk\/\" rel='nofollow'>Leonie Selk<\/a> (AG Neumeyer, Uni Hamburg), Boundary regression models and nonparametric estimation<\/li>\n\n\n\n<li>11:50 &#8211; 12:30 Uhr: <a href=\"https:\/\/www.psy.uni-hamburg.de\/arbeitsbereiche\/psychologische-methoden-und-statistik\/personen\/pascal-jordan.html\" rel='nofollow'>Pascal Jordan<\/a> (AG Spie\u00df, Uni Hamburg), Paradoxical effects in item response models<\/li>\n\n\n\n<li>13:30 &#8211; 14:10 Uhr: <a href=\"https:\/\/www.uke.de\/allgemein\/arztprofile-und-wissenschaftlerprofile\/wissenschaftlerprofilseite_justine_nasejje.html\" rel='nofollow'>Justine Nasejje<\/a> (AG Zapf, Uni Hamburg), Analysis of competing risks in survival analysis<\/li>\n\n\n\n<li>14:10 &#8211; 14:50 Uhr: <a href=\"https:\/\/www.hsu-hh.de\/mathstat\/mitarbeiter\/moellert\">Tobias M\u00f6ller<\/a> (AG Wei\u00df, <abbr title=\"Helmut Schmidt Universit\u00e4t\">HSU<\/abbr>), Models for time series of bounded counts and their applications<\/li>\n\n\n\n<li>15:20 &#8211; 16:00 Uhr: <a href=\"https:\/\/www.hsu-hh.de\/compstat\/en\/pwittenberg\">Philipp Wittenberg<\/a> (AG Knoth, <abbr title=\"Helmut Schmidt Universit\u00e4t\">HSU<\/abbr>), Modeling the patient mix of risk-adjusted CUSUM charts<\/li>\n\n\n\n<li>15:20 &#8211; 16:00 Uhr: <a href=\"https:\/\/www.hsu-hh.de\/stochastik\/m-sc-sebastian-ottenstreuer\">Sebastian Ottenstreuer<\/a> (AG Frahm, <abbr title=\"Helmut Schmidt Universit\u00e4t\">HSU<\/abbr>), On statistical detection of abrupt changes in count data time series<\/li>\n<\/ul>\n\n\n\n<h3 class=\"wp-block-heading\">Die teilnehmenden Universit\u00e4ten und Fakult\u00e4ten der Statistik-Gruppe sind:<\/h3>\n\n\n\n<ul class=\"wp-block-list\">\n<li><a href=\"https:\/\/www.uni-hamburg.de\/\" rel='nofollow'>Universit\u00e4t Hamburg<\/a>: <a href=\"https:\/\/www.psy.uni-hamburg.de\/arbeitsbereiche\/psychologische-methoden-und-statistik\/gastvortraege.html\" rel='nofollow'>Institut f\u00fcr Psychologie<\/a><\/li>\n\n\n\n<li><a href=\"https:\/\/www.uni-hamburg.de\/\" rel='nofollow'>Universit\u00e4t Hamburg<\/a>: <a href=\"https:\/\/www.math.uni-hamburg.de\/\" rel='nofollow'>Fachbereich Mathematik<\/a><\/li>\n\n\n\n<li><a href=\"https:\/\/www.uni-hamburg.de\/\" rel='nofollow'>Universit\u00e4t Hamburg<\/a>: <a href=\"https:\/\/www.bwl.uni-hamburg.de\/\" rel='nofollow'>Fachbereich Betriebswirtschaftslehre<\/a><\/li>\n\n\n\n<li><a href=\"https:\/\/www.hsu-hh.de\">Helmut-Schmidt-Universit\u00e4t Hamburg<\/a>: <a href=\"https:\/\/www.hsu-hh.de\/statistik\/\">F\u00e4chergruppe Mathematik und Statistik<\/a><\/li>\n\n\n\n<li><a href=\"https:\/\/www.hsu-hh.de\/statistik\/\">UKE Hamburg<\/a>: <a href=\"https:\/\/www.uke.de\/kliniken-institute\/institute\/medizinische-biometrie-und-epidemiologie\/veranstaltungen\/index.html\" rel='nofollow'>Seminarreihe Epidemiologie und Biostatistik<\/a><\/li>\n<\/ul>\n","protected":false},"excerpt":{"rendered":"<p>Am 27.02.2020 fand der 1. Workshop der Statistik-Gruppe Hamburg im Universit\u00e4tsklinikum Hamburg-Eppendorf statt. Beginnder Veranstaltung war um 09:00 Uhr (Geb\u00e4ude N45, Rothe-Geussenhainer-Haus, Seminarraum 3). Es fanden folgende Vortr\u00e4ge statt: Zeit: [&hellip;]<\/p>\n","protected":false},"author":335,"featured_media":0,"parent":0,"menu_order":0,"comment_status":"closed","ping_status":"closed","template":"","meta":{"footnotes":""},"categories":[4],"tags":[],"class_list":["post-814","page","type-page","status-publish","hentry","category-forschung"],"_links":{"self":[{"href":"https:\/\/www.hsu-hh.de\/statistik\/wp-json\/wp\/v2\/pages\/814","targetHints":{"allow":["GET"]}}],"collection":[{"href":"https:\/\/www.hsu-hh.de\/statistik\/wp-json\/wp\/v2\/pages"}],"about":[{"href":"https:\/\/www.hsu-hh.de\/statistik\/wp-json\/wp\/v2\/types\/page"}],"author":[{"embeddable":true,"href":"https:\/\/www.hsu-hh.de\/statistik\/wp-json\/wp\/v2\/users\/335"}],"replies":[{"embeddable":true,"href":"https:\/\/www.hsu-hh.de\/statistik\/wp-json\/wp\/v2\/comments?post=814"}],"version-history":[{"count":84,"href":"https:\/\/www.hsu-hh.de\/statistik\/wp-json\/wp\/v2\/pages\/814\/revisions"}],"predecessor-version":[{"id":1300,"href":"https:\/\/www.hsu-hh.de\/statistik\/wp-json\/wp\/v2\/pages\/814\/revisions\/1300"}],"wp:attachment":[{"href":"https:\/\/www.hsu-hh.de\/statistik\/wp-json\/wp\/v2\/media?parent=814"}],"wp:term":[{"taxonomy":"category","embeddable":true,"href":"https:\/\/www.hsu-hh.de\/statistik\/wp-json\/wp\/v2\/categories?post=814"},{"taxonomy":"post_tag","embeddable":true,"href":"https:\/\/www.hsu-hh.de\/statistik\/wp-json\/wp\/v2\/tags?post=814"}],"curies":[{"name":"wp","href":"https:\/\/api.w.org\/{rel}","templated":true}]}}